{"id":3188,"date":"2026-02-17T15:28:57","date_gmt":"2026-02-17T15:28:57","guid":{"rendered":"https:\/\/audiobook-24.com\/?post_type=product&#038;p=3188"},"modified":"2026-02-17T15:28:58","modified_gmt":"2026-02-17T15:28:58","slug":"%f0%9f%8e%ac-video-london-calling-2025-deutsch","status":"publish","type":"product","link":"https:\/\/audiobook-24.com\/en\/product\/%f0%9f%8e%ac-video-london-calling-2025-deutsch\/","title":{"rendered":"\ud83c\udfac Video London Calling (2025) \u2013 Deutsch"},"content":{"rendered":"<p data-start=\"0\" data-end=\"44\"><img decoding=\"async\" class=\"emoji\" role=\"img\" draggable=\"false\" src=\"https:\/\/s.w.org\/images\/core\/emoji\/17.0.2\/svg\/1f3ac.svg\" alt=\"\ud83c\udfac\" \/>\u00a0<strong data-start=\"3\" data-end=\"44\">Video London Calling (2025) \u2013 Deutsch<\/strong><\/p>\n<p data-start=\"46\" data-end=\"339\">\u201eLondon Calling (2025)\u201c ist ein spannungsgeladener Thriller, der die dunklen Seiten der Metropole London beleuchtet.<br data-start=\"162\" data-end=\"165\" \/>Im Zentrum steht ein Protagonist, der in ein gef\u00e4hrliches Netz aus Kriminalit\u00e4t, Macht und Verrat ger\u00e4t \u2013 und pl\u00f6tzlich um weit mehr k\u00e4mpft als nur um sein eigenes \u00dcberleben.<\/p>\n<p data-start=\"341\" data-end=\"574\">Zwischen d\u00fcsteren Stra\u00dfen, illegalen Gesch\u00e4ften und pers\u00f6nlichen Verstrickungen eskaliert die Situation Schritt f\u00fcr Schritt.<br data-start=\"465\" data-end=\"468\" \/>Vergangenheit und Gegenwart prallen aufeinander, w\u00e4hrend jede Entscheidung fatale Konsequenzen haben kann.<\/p>\n<p data-start=\"576\" data-end=\"772\">Der Film \u00fcberzeugt mit urbaner Atmosph\u00e4re, hohem Tempo und intensiven Figuren.<br data-start=\"654\" data-end=\"657\" \/>Er zeigt London als pulsierende, aber gnadenlose Stadt, in der Loyalit\u00e4t selten und Vertrauen lebensgef\u00e4hrlich ist.<\/p>\n<p data-start=\"774\" data-end=\"946\"><strong data-start=\"774\" data-end=\"794\">Erwartet werden:<\/strong><br data-start=\"794\" data-end=\"797\" \/><img decoding=\"async\" class=\"emoji\" role=\"img\" draggable=\"false\" src=\"https:\/\/s.w.org\/images\/core\/emoji\/17.0.2\/svg\/1f3d9.svg\" alt=\"\ud83c\udfd9\ufe0f\" \/>\u00a0D\u00fcsteres Gro\u00dfstadtflair<br data-start=\"824\" data-end=\"827\" \/><img decoding=\"async\" class=\"emoji\" role=\"img\" draggable=\"false\" src=\"https:\/\/s.w.org\/images\/core\/emoji\/17.0.2\/svg\/1f52b.svg\" alt=\"\ud83d\udd2b\" \/>\u00a0Krimi- &amp; Thriller-Spannung<br data-start=\"856\" data-end=\"859\" \/><img decoding=\"async\" class=\"emoji\" role=\"img\" draggable=\"false\" src=\"https:\/\/s.w.org\/images\/core\/emoji\/17.0.2\/svg\/1f5a4.svg\" alt=\"\ud83d\udda4\" \/>\u00a0Verrat, Macht &amp; moralische Grauzonen<br data-start=\"898\" data-end=\"901\" \/><img decoding=\"async\" class=\"emoji\" role=\"img\" draggable=\"false\" src=\"https:\/\/s.w.org\/images\/core\/emoji\/17.0.2\/svg\/1f525.svg\" alt=\"\ud83d\udd25\" \/>\u00a0Rasantes Tempo &amp; \u00fcberraschende Wendungen<\/p>\n<p data-start=\"948\" data-end=\"1045\">Ein intensiver Thriller, der fesselt und die Schattenseiten der Metropole schonungslos offenlegt.<\/p>\n<p data-start=\"1047\" data-end=\"1092\"><img decoding=\"async\" class=\"emoji\" role=\"img\" draggable=\"false\" src=\"https:\/\/s.w.org\/images\/core\/emoji\/17.0.2\/svg\/1f50a.svg\" alt=\"\ud83d\udd0a\" \/>\u00a0<strong data-start=\"1050\" data-end=\"1061\">Format:<\/strong>\u00a0Video \/ Thriller \/ Krimi (MP4)<\/p>\n<p data-start=\"1094\" data-end=\"1243\"><img decoding=\"async\" class=\"emoji\" role=\"img\" draggable=\"false\" src=\"https:\/\/s.w.org\/images\/core\/emoji\/17.0.2\/svg\/2b07.svg\" alt=\"\u2b07\ufe0f\" \/>\u00a0Sofortiger Download f\u00fcr Handy<br data-start=\"1126\" data-end=\"1129\" \/><img decoding=\"async\" class=\"emoji\" role=\"img\" draggable=\"false\" src=\"https:\/\/s.w.org\/images\/core\/emoji\/17.0.2\/svg\/2b07.svg\" alt=\"\u2b07\ufe0f\" \/>\u00a0Sofortiger Download f\u00fcr PC<br data-start=\"1158\" data-end=\"1161\" \/><img decoding=\"async\" class=\"emoji\" role=\"img\" draggable=\"false\" src=\"https:\/\/s.w.org\/images\/core\/emoji\/17.0.2\/svg\/2b07.svg\" alt=\"\u2b07\ufe0f\" \/>\u00a0Sofortiger Download f\u00fcrs Tablet<br data-start=\"1195\" data-end=\"1198\" \/><img decoding=\"async\" class=\"emoji\" role=\"img\" draggable=\"false\" src=\"https:\/\/s.w.org\/images\/core\/emoji\/17.0.2\/svg\/2b07.svg\" alt=\"\u2b07\ufe0f\" \/>\u00a0Kompatibel mit allen MP4-f\u00e4higen Ger\u00e4ten<\/p>\n<p data-start=\"1245\" data-end=\"1303\" data-is-last-node=\"\" data-is-only-node=\"\"><img decoding=\"async\" class=\"emoji\" role=\"img\" draggable=\"false\" src=\"https:\/\/s.w.org\/images\/core\/emoji\/17.0.2\/svg\/1f449.svg\" alt=\"\ud83d\udc49\" \/>\u00a0<strong data-start=\"1248\" data-end=\"1303\" data-is-last-node=\"\">Einmal gekauft \u2013 jederzeit und unbegrenzt abrufbar!<\/strong><\/p>","protected":false},"excerpt":{"rendered":"<p>\u00a0Video London Calling (2025) \u2013 Deutsch \u201eLondon Calling (2025)\u201c ist ein spannungsgeladener Thriller, der die dunklen Seiten der Metropole London beleuchtet.Im Zentrum steht ein Protagonist, der in ein gef\u00e4hrliches Netz aus Kriminalit\u00e4t, Macht und Verrat ger\u00e4t \u2013 und pl\u00f6tzlich um weit mehr k\u00e4mpft als nur um sein eigenes \u00dcberleben. Zwischen d\u00fcsteren Stra\u00dfen, illegalen Gesch\u00e4ften und [&hellip;]<\/p>\n","protected":false},"featured_media":3191,"comment_status":"open","ping_status":"closed","template":"","meta":[],"product_brand":[],"product_cat":[54,50,55],"product_tag":[],"class_list":{"0":"post-3188","1":"product","2":"type-product","3":"status-publish","4":"has-post-thumbnail","6":"product_cat-action","7":"product_cat-aktuelle-filme-2025","8":"product_cat-thriller","10":"first","11":"instock","12":"sale","13":"virtual","14":"purchasable","15":"product-type-simple"},"jetpack_sharing_enabled":true,"_links":{"self":[{"href":"https:\/\/audiobook-24.com\/en\/wp-json\/wp\/v2\/product\/3188","targetHints":{"allow":["GET"]}}],"collection":[{"href":"https:\/\/audiobook-24.com\/en\/wp-json\/wp\/v2\/product"}],"about":[{"href":"https:\/\/audiobook-24.com\/en\/wp-json\/wp\/v2\/types\/product"}],"replies":[{"embeddable":true,"href":"https:\/\/audiobook-24.com\/en\/wp-json\/wp\/v2\/comments?post=3188"}],"wp:featuredmedia":[{"embeddable":true,"href":"https:\/\/audiobook-24.com\/en\/wp-json\/wp\/v2\/media\/3191"}],"wp:attachment":[{"href":"https:\/\/audiobook-24.com\/en\/wp-json\/wp\/v2\/media?parent=3188"}],"wp:term":[{"taxonomy":"product_brand","embeddable":true,"href":"https:\/\/audiobook-24.com\/en\/wp-json\/wp\/v2\/product_brand?post=3188"},{"taxonomy":"product_cat","embeddable":true,"href":"https:\/\/audiobook-24.com\/en\/wp-json\/wp\/v2\/product_cat?post=3188"},{"taxonomy":"product_tag","embeddable":true,"href":"https:\/\/audiobook-24.com\/en\/wp-json\/wp\/v2\/product_tag?post=3188"}],"curies":[{"name":"wp","href":"https:\/\/api.w.org\/{rel}","templated":true}]}}