{"id":3187,"date":"2026-02-17T15:32:16","date_gmt":"2026-02-17T15:32:16","guid":{"rendered":"https:\/\/audiobook-24.com\/?post_type=product&#038;p=3187"},"modified":"2026-02-17T15:32:18","modified_gmt":"2026-02-17T15:32:18","slug":"sisu-2-road-to-revenge-2025","status":"publish","type":"product","link":"https:\/\/audiobook-24.com\/en\/product\/sisu-2-road-to-revenge-2025\/","title":{"rendered":"Sisu 2 \u2013 Road to Revenge (2025)"},"content":{"rendered":"<h2 data-start=\"0\" data-end=\"43\"><img decoding=\"async\" class=\"emoji\" role=\"img\" draggable=\"false\" src=\"https:\/\/s.w.org\/images\/core\/emoji\/17.0.2\/svg\/1f3ac.svg\" alt=\"\ud83c\udfac\" \/>\u00a0Video Sisu 2 \u2013 Road to Revenge (2025)<\/h2>\n<p data-start=\"45\" data-end=\"297\"><strong data-start=\"45\" data-end=\"82\">\u201eSisu 2 \u2013 Road to Revenge (2025)\u201c<\/strong>\u00a0setzt die kompromisslose Gewalt und den gnadenlosen \u00dcberlebenswillen des ersten Teils fort.<br data-start=\"174\" data-end=\"177\" \/>Der unaufhaltsame Einzelg\u00e4nger kehrt zur\u00fcck \u2013 gezeichnet vom Krieg, getrieben von Rache und ohne jede Angst vor dem Tod.<\/p>\n<p data-start=\"299\" data-end=\"558\">Auf einer brutalen Reise durch feindliches Gebiet stellt er sich neuen Gegnern, noch skrupelloser und zahlreicher als zuvor.<br data-start=\"423\" data-end=\"426\" \/>Was folgt, ist ein erbarmungsloser Kampf Mann gegen Armee, bei dem rohe Gewalt, eiserner Wille und pure Entschlossenheit dominieren.<\/p>\n<p data-start=\"560\" data-end=\"754\">Erwartet werden:<br data-start=\"576\" data-end=\"579\" \/><img decoding=\"async\" class=\"emoji\" role=\"img\" draggable=\"false\" src=\"https:\/\/s.w.org\/images\/core\/emoji\/17.0.2\/svg\/1f4a5.svg\" alt=\"\ud83d\udca5\" \/>\u00a0Extrem harte Action &amp; kompromisslose Gewalt<br data-start=\"625\" data-end=\"628\" \/><img decoding=\"async\" class=\"emoji\" role=\"img\" draggable=\"false\" src=\"https:\/\/s.w.org\/images\/core\/emoji\/17.0.2\/svg\/1f525.svg\" alt=\"\ud83d\udd25\" \/>\u00a0Brutale Nahk\u00e4mpfe &amp; explosive Szenen<br data-start=\"667\" data-end=\"670\" \/><img decoding=\"async\" class=\"emoji\" role=\"img\" draggable=\"false\" src=\"https:\/\/s.w.org\/images\/core\/emoji\/17.0.2\/svg\/1f3cd.svg\" alt=\"\ud83c\udfcd\ufe0f\" \/>\u00a0Rasanter Rachefeldzug ohne Gnade<br data-start=\"706\" data-end=\"709\" \/><img decoding=\"async\" class=\"emoji\" role=\"img\" draggable=\"false\" src=\"https:\/\/s.w.org\/images\/core\/emoji\/17.0.2\/svg\/1fa78.svg\" alt=\"\ud83e\ude78\" \/>\u00a0D\u00fcsterer Ton &amp; kompromisslose Atmosph\u00e4re<\/p>\n<p data-start=\"756\" data-end=\"850\">Ein gnadenloser Actionfilm \u00fcber \u00dcberleben, Vergeltung und den unbeugsamen menschlichen Willen.<\/p>\n<p data-start=\"852\" data-end=\"894\"><img decoding=\"async\" class=\"emoji\" role=\"img\" draggable=\"false\" src=\"https:\/\/s.w.org\/images\/core\/emoji\/17.0.2\/svg\/1f50a.svg\" alt=\"\ud83d\udd0a\" \/>\u00a0<strong data-start=\"855\" data-end=\"866\">Format:<\/strong>\u00a0Video\/Action\/Thriller (MP4)<\/p>\n<p data-start=\"896\" data-end=\"1045\"><img decoding=\"async\" class=\"emoji\" role=\"img\" draggable=\"false\" src=\"https:\/\/s.w.org\/images\/core\/emoji\/17.0.2\/svg\/2b07.svg\" alt=\"\u2b07\ufe0f\" \/>\u00a0Sofortiger Download f\u00fcr Handy<br data-start=\"928\" data-end=\"931\" \/><img decoding=\"async\" class=\"emoji\" role=\"img\" draggable=\"false\" src=\"https:\/\/s.w.org\/images\/core\/emoji\/17.0.2\/svg\/2b07.svg\" alt=\"\u2b07\ufe0f\" \/>\u00a0Sofortiger Download f\u00fcr PC<br data-start=\"960\" data-end=\"963\" \/><img decoding=\"async\" class=\"emoji\" role=\"img\" draggable=\"false\" src=\"https:\/\/s.w.org\/images\/core\/emoji\/17.0.2\/svg\/2b07.svg\" alt=\"\u2b07\ufe0f\" \/>\u00a0Sofortiger Download f\u00fcrs Tablet<br data-start=\"997\" data-end=\"1000\" \/><img decoding=\"async\" class=\"emoji\" role=\"img\" draggable=\"false\" src=\"https:\/\/s.w.org\/images\/core\/emoji\/17.0.2\/svg\/2b07.svg\" alt=\"\u2b07\ufe0f\" \/>\u00a0Kompatibel mit allen MP4-f\u00e4higen Ger\u00e4ten<\/p>\n<p data-start=\"1047\" data-end=\"1105\" data-is-last-node=\"\" data-is-only-node=\"\"><strong data-start=\"1047\" data-end=\"1105\" data-is-last-node=\"\"><img decoding=\"async\" class=\"emoji\" role=\"img\" draggable=\"false\" src=\"https:\/\/s.w.org\/images\/core\/emoji\/17.0.2\/svg\/1f449.svg\" alt=\"\ud83d\udc49\" \/>\u00a0Einmal gekauft \u2013 jederzeit und unbegrenzt abrufbar!<\/strong><\/p>","protected":false},"excerpt":{"rendered":"<p>\u00a0Video Sisu 2 \u2013 Road to Revenge (2025) \u201eSisu 2 \u2013 Road to Revenge (2025)\u201c\u00a0setzt die kompromisslose Gewalt und den gnadenlosen \u00dcberlebenswillen des ersten Teils fort.Der unaufhaltsame Einzelg\u00e4nger kehrt zur\u00fcck \u2013 gezeichnet vom Krieg, getrieben von Rache und ohne jede Angst vor dem Tod. Auf einer brutalen Reise durch feindliches Gebiet stellt er sich neuen [&hellip;]<\/p>\n","protected":false},"featured_media":3192,"comment_status":"open","ping_status":"closed","template":"","meta":[],"product_brand":[],"product_cat":[48],"product_tag":[],"class_list":{"0":"post-3187","1":"product","2":"type-product","3":"status-publish","4":"has-post-thumbnail","6":"product_cat-grusel-geschichten","8":"first","9":"instock","10":"shipping-taxable","11":"product-type-simple"},"jetpack_sharing_enabled":true,"_links":{"self":[{"href":"https:\/\/audiobook-24.com\/en\/wp-json\/wp\/v2\/product\/3187","targetHints":{"allow":["GET"]}}],"collection":[{"href":"https:\/\/audiobook-24.com\/en\/wp-json\/wp\/v2\/product"}],"about":[{"href":"https:\/\/audiobook-24.com\/en\/wp-json\/wp\/v2\/types\/product"}],"replies":[{"embeddable":true,"href":"https:\/\/audiobook-24.com\/en\/wp-json\/wp\/v2\/comments?post=3187"}],"wp:featuredmedia":[{"embeddable":true,"href":"https:\/\/audiobook-24.com\/en\/wp-json\/wp\/v2\/media\/3192"}],"wp:attachment":[{"href":"https:\/\/audiobook-24.com\/en\/wp-json\/wp\/v2\/media?parent=3187"}],"wp:term":[{"taxonomy":"product_brand","embeddable":true,"href":"https:\/\/audiobook-24.com\/en\/wp-json\/wp\/v2\/product_brand?post=3187"},{"taxonomy":"product_cat","embeddable":true,"href":"https:\/\/audiobook-24.com\/en\/wp-json\/wp\/v2\/product_cat?post=3187"},{"taxonomy":"product_tag","embeddable":true,"href":"https:\/\/audiobook-24.com\/en\/wp-json\/wp\/v2\/product_tag?post=3187"}],"curies":[{"name":"wp","href":"https:\/\/api.w.org\/{rel}","templated":true}]}}