{"id":3186,"date":"2026-02-17T15:34:14","date_gmt":"2026-02-17T15:34:14","guid":{"rendered":"https:\/\/audiobook-24.com\/?post_type=product&#038;p=3186"},"modified":"2026-02-17T15:34:16","modified_gmt":"2026-02-17T15:34:16","slug":"%f0%9f%8e%ac-video-the-great-flood-2025","status":"publish","type":"product","link":"https:\/\/audiobook-24.com\/en\/product\/%f0%9f%8e%ac-video-the-great-flood-2025\/","title":{"rendered":"\ud83c\udfac Video The Great Flood (2025)"},"content":{"rendered":"<p data-start=\"0\" data-end=\"35\"><img decoding=\"async\" class=\"emoji\" role=\"img\" draggable=\"false\" src=\"https:\/\/s.w.org\/images\/core\/emoji\/17.0.2\/svg\/1f3ac.svg\" alt=\"\ud83c\udfac\" \/>\u00a0<strong data-start=\"3\" data-end=\"35\">Video The Great Flood (2025)<\/strong><\/p>\n<p data-start=\"37\" data-end=\"311\">\u201eThe Great Flood (2025)\u201c ist ein intensiver Katastrophen-Actionthriller \u00fcber das \u00dcberleben in einer Welt, die von den Naturgewalten gnadenlos \u00fcberrollt wird.<br data-start=\"194\" data-end=\"197\" \/>Als sintflutartige Regenf\u00e4lle ganze Regionen verw\u00fcsten, bricht die Zivilisation innerhalb k\u00fcrzester Zeit zusammen.<\/p>\n<p data-start=\"313\" data-end=\"561\">Mit steigenden Wassermassen, zerst\u00f6rten St\u00e4dten und wachsender Panik k\u00e4mpfen Menschen nicht nur gegen die Natur, sondern auch gegeneinander.<br data-start=\"453\" data-end=\"456\" \/>W\u00e4hrend Hoffnung und Ordnung versinken, beginnt ein brutaler Wettlauf gegen die Zeit \u2013 und gegen den Tod.<\/p>\n<p data-start=\"563\" data-end=\"709\">Was folgt, ist ein schonungsloser \u00dcberlebenskampf in einer untergehenden Welt, gepr\u00e4gt von Angst, Mut und dem unb\u00e4ndigen Willen, nicht aufzugeben.<\/p>\n<p data-start=\"711\" data-end=\"970\"><strong data-start=\"711\" data-end=\"731\">Erwartet werden:<\/strong><br \/>\n<img decoding=\"async\" class=\"emoji\" role=\"img\" draggable=\"false\" src=\"https:\/\/s.w.org\/images\/core\/emoji\/17.0.2\/svg\/1f30a.svg\" alt=\"\ud83c\udf0a\" \/>\u00a0Gewaltige Flutkatastrophen &amp; zerst\u00f6rerische Naturgewalten<br data-start=\"792\" data-end=\"795\" \/><img decoding=\"async\" class=\"emoji\" role=\"img\" draggable=\"false\" src=\"https:\/\/s.w.org\/images\/core\/emoji\/17.0.2\/svg\/1f525.svg\" alt=\"\ud83d\udd25\" \/>\u00a0Hochspannende Action &amp; dramatische Rettungsszenen<br data-start=\"847\" data-end=\"850\" \/><img decoding=\"async\" class=\"emoji\" role=\"img\" draggable=\"false\" src=\"https:\/\/s.w.org\/images\/core\/emoji\/17.0.2\/svg\/1f681.svg\" alt=\"\ud83d\ude81\" \/>\u00a0Kampf ums \u00dcberleben in einer kollabierenden Gesellschaft<br data-start=\"909\" data-end=\"912\" \/><img decoding=\"async\" class=\"emoji\" role=\"img\" draggable=\"false\" src=\"https:\/\/s.w.org\/images\/core\/emoji\/17.0.2\/svg\/1fa78.svg\" alt=\"\ud83e\ude78\" \/>\u00a0D\u00fcsterer, realistischer Ton mit intensiver Atmosph\u00e4re<\/p>\n<p data-start=\"972\" data-end=\"1060\">Ein packender Katastrophenfilm \u00fcber Hoffnung, Verzweiflung und den Preis des \u00dcberlebens.<\/p>\n<p data-start=\"1062\" data-end=\"1122\"><img decoding=\"async\" class=\"emoji\" role=\"img\" draggable=\"false\" src=\"https:\/\/s.w.org\/images\/core\/emoji\/17.0.2\/svg\/1f50a.svg\" alt=\"\ud83d\udd0a\" \/>\u00a0<strong data-start=\"1065\" data-end=\"1076\">Format:<\/strong>\u00a0Video \/ Action \/ Thriller \/ Katastrophe (MP4)<\/p>\n<p data-start=\"1124\" data-end=\"1273\"><img decoding=\"async\" class=\"emoji\" role=\"img\" draggable=\"false\" src=\"https:\/\/s.w.org\/images\/core\/emoji\/17.0.2\/svg\/2b07.svg\" alt=\"\u2b07\ufe0f\" \/>\u00a0Sofortiger Download f\u00fcr Handy<br data-start=\"1156\" data-end=\"1159\" \/><img decoding=\"async\" class=\"emoji\" role=\"img\" draggable=\"false\" src=\"https:\/\/s.w.org\/images\/core\/emoji\/17.0.2\/svg\/2b07.svg\" alt=\"\u2b07\ufe0f\" \/>\u00a0Sofortiger Download f\u00fcr PC<br data-start=\"1188\" data-end=\"1191\" \/><img decoding=\"async\" class=\"emoji\" role=\"img\" draggable=\"false\" src=\"https:\/\/s.w.org\/images\/core\/emoji\/17.0.2\/svg\/2b07.svg\" alt=\"\u2b07\ufe0f\" \/>\u00a0Sofortiger Download f\u00fcrs Tablet<br data-start=\"1225\" data-end=\"1228\" \/><img decoding=\"async\" class=\"emoji\" role=\"img\" draggable=\"false\" src=\"https:\/\/s.w.org\/images\/core\/emoji\/17.0.2\/svg\/2b07.svg\" alt=\"\u2b07\ufe0f\" \/>\u00a0Kompatibel mit allen MP4-f\u00e4higen Ger\u00e4ten<\/p>\n<p data-start=\"1275\" data-end=\"1333\" data-is-last-node=\"\" data-is-only-node=\"\"><img decoding=\"async\" class=\"emoji\" role=\"img\" draggable=\"false\" src=\"https:\/\/s.w.org\/images\/core\/emoji\/17.0.2\/svg\/1f449.svg\" alt=\"\ud83d\udc49\" \/>\u00a0<strong data-start=\"1278\" data-end=\"1333\" data-is-last-node=\"\">Einmal gekauft \u2013 jederzeit und unbegrenzt abrufbar!<\/strong><\/p>","protected":false},"excerpt":{"rendered":"<p>\u00a0Video The Great Flood (2025) \u201eThe Great Flood (2025)\u201c ist ein intensiver Katastrophen-Actionthriller \u00fcber das \u00dcberleben in einer Welt, die von den Naturgewalten gnadenlos \u00fcberrollt wird.Als sintflutartige Regenf\u00e4lle ganze Regionen verw\u00fcsten, bricht die Zivilisation innerhalb k\u00fcrzester Zeit zusammen. Mit steigenden Wassermassen, zerst\u00f6rten St\u00e4dten und wachsender Panik k\u00e4mpfen Menschen nicht nur gegen die Natur, sondern auch [&hellip;]<\/p>\n","protected":false},"featured_media":3193,"comment_status":"open","ping_status":"closed","template":"","meta":[],"product_brand":[],"product_cat":[54,50,55],"product_tag":[],"class_list":{"0":"post-3186","1":"product","2":"type-product","3":"status-publish","4":"has-post-thumbnail","6":"product_cat-action","7":"product_cat-aktuelle-filme-2025","8":"product_cat-thriller","10":"first","11":"instock","12":"sale","13":"virtual","14":"purchasable","15":"product-type-simple"},"jetpack_sharing_enabled":true,"_links":{"self":[{"href":"https:\/\/audiobook-24.com\/en\/wp-json\/wp\/v2\/product\/3186","targetHints":{"allow":["GET"]}}],"collection":[{"href":"https:\/\/audiobook-24.com\/en\/wp-json\/wp\/v2\/product"}],"about":[{"href":"https:\/\/audiobook-24.com\/en\/wp-json\/wp\/v2\/types\/product"}],"replies":[{"embeddable":true,"href":"https:\/\/audiobook-24.com\/en\/wp-json\/wp\/v2\/comments?post=3186"}],"wp:featuredmedia":[{"embeddable":true,"href":"https:\/\/audiobook-24.com\/en\/wp-json\/wp\/v2\/media\/3193"}],"wp:attachment":[{"href":"https:\/\/audiobook-24.com\/en\/wp-json\/wp\/v2\/media?parent=3186"}],"wp:term":[{"taxonomy":"product_brand","embeddable":true,"href":"https:\/\/audiobook-24.com\/en\/wp-json\/wp\/v2\/product_brand?post=3186"},{"taxonomy":"product_cat","embeddable":true,"href":"https:\/\/audiobook-24.com\/en\/wp-json\/wp\/v2\/product_cat?post=3186"},{"taxonomy":"product_tag","embeddable":true,"href":"https:\/\/audiobook-24.com\/en\/wp-json\/wp\/v2\/product_tag?post=3186"}],"curies":[{"name":"wp","href":"https:\/\/api.w.org\/{rel}","templated":true}]}}