{"id":3185,"date":"2026-02-17T15:35:55","date_gmt":"2026-02-17T15:35:55","guid":{"rendered":"https:\/\/audiobook-24.com\/?post_type=product&#038;p=3185"},"modified":"2026-02-17T15:35:57","modified_gmt":"2026-02-17T15:35:57","slug":"%f0%9f%8e%ac-video-plankton-der-film-2025-2","status":"publish","type":"product","link":"https:\/\/audiobook-24.com\/en\/product\/%f0%9f%8e%ac-video-plankton-der-film-2025-2\/","title":{"rendered":"\ud83c\udfac Video Plankton \u2013 Der Film (2025)"},"content":{"rendered":"<p data-start=\"0\" data-end=\"39\"><img decoding=\"async\" class=\"emoji\" role=\"img\" draggable=\"false\" src=\"https:\/\/s.w.org\/images\/core\/emoji\/17.0.2\/svg\/1f3ac.svg\" alt=\"\ud83c\udfac\" \/>\u00a0<strong data-start=\"3\" data-end=\"39\">Video Plankton \u2013 Der Film (2025)<\/strong><\/p>\n<p data-start=\"41\" data-end=\"290\">\u201ePlankton \u2013 Der Film (2025)\u201c bringt den kultigen Mini-Schurken erstmals ins gro\u00dfe Abenteuer.<br data-start=\"133\" data-end=\"136\" \/>Klein an Gr\u00f6\u00dfe, aber riesig im Ego, schmiedet Plankton den wohl k\u00fchnsten Plan seines Lebens \u2013 doch dieses Mal steht mehr auf dem Spiel als nur ein Rezept.<\/p>\n<p data-start=\"292\" data-end=\"542\">Zwischen genialen Ideen, totalem Chaos und unerwarteten Gef\u00fchlen ger\u00e4t alles au\u00dfer Kontrolle.<br data-start=\"385\" data-end=\"388\" \/>Als sein Plan droht, die ganze Unterwasserwelt ins Chaos zu st\u00fcrzen, muss Plankton sich entscheiden: Macht um jeden Preis \u2013 oder Verantwortung \u00fcbernehmen?<\/p>\n<p data-start=\"544\" data-end=\"650\">Ein turbulentes Animationsabenteuer voller Humor, Herz und \u00fcberraschender Wendungen f\u00fcr die ganze Familie.<\/p>\n<p data-start=\"652\" data-end=\"850\"><strong data-start=\"652\" data-end=\"672\">Erwartet werden:<\/strong><br \/>\n<img decoding=\"async\" class=\"emoji\" role=\"img\" draggable=\"false\" src=\"https:\/\/s.w.org\/images\/core\/emoji\/17.0.2\/svg\/1f602.svg\" alt=\"\ud83d\ude02\" \/>\u00a0Jede Menge Humor &amp; kultige Spr\u00fcche<br data-start=\"710\" data-end=\"713\" \/><img decoding=\"async\" class=\"emoji\" role=\"img\" draggable=\"false\" src=\"https:\/\/s.w.org\/images\/core\/emoji\/17.0.2\/svg\/1f30a.svg\" alt=\"\ud83c\udf0a\" \/>\u00a0Bunte Unterwasserwelt &amp; rasante Animation<br data-start=\"757\" data-end=\"760\" \/><img decoding=\"async\" class=\"emoji\" role=\"img\" draggable=\"false\" src=\"https:\/\/s.w.org\/images\/core\/emoji\/17.0.2\/svg\/1f9e0.svg\" alt=\"\ud83e\udde0\" \/>\u00a0Schr\u00e4ge Erfindungen &amp; chaotische Pl\u00e4ne<br data-start=\"801\" data-end=\"804\" \/><img decoding=\"async\" class=\"emoji\" role=\"img\" draggable=\"false\" src=\"https:\/\/s.w.org\/images\/core\/emoji\/17.0.2\/svg\/2764.svg\" alt=\"\u2764\ufe0f\" \/>\u00a0Unerwartete Emotionen &amp; echte Botschaften<\/p>\n<p data-start=\"852\" data-end=\"945\">Ein mitrei\u00dfender Animationsfilm \u00fcber Ehrgeiz, Freundschaft und die Frage, was wirklich z\u00e4hlt.<\/p>\n<p data-start=\"947\" data-end=\"1005\"><img decoding=\"async\" class=\"emoji\" role=\"img\" draggable=\"false\" src=\"https:\/\/s.w.org\/images\/core\/emoji\/17.0.2\/svg\/1f50a.svg\" alt=\"\ud83d\udd0a\" \/>\u00a0<strong data-start=\"950\" data-end=\"961\">Format:<\/strong>\u00a0Video \/ Animation \/ Familie \/ Kom\u00f6die (MP4)<\/p>\n<p data-start=\"1007\" data-end=\"1156\"><img decoding=\"async\" class=\"emoji\" role=\"img\" draggable=\"false\" src=\"https:\/\/s.w.org\/images\/core\/emoji\/17.0.2\/svg\/2b07.svg\" alt=\"\u2b07\ufe0f\" \/>\u00a0Sofortiger Download f\u00fcr Handy<br data-start=\"1039\" data-end=\"1042\" \/><img decoding=\"async\" class=\"emoji\" role=\"img\" draggable=\"false\" src=\"https:\/\/s.w.org\/images\/core\/emoji\/17.0.2\/svg\/2b07.svg\" alt=\"\u2b07\ufe0f\" \/>\u00a0Sofortiger Download f\u00fcr PC<br data-start=\"1071\" data-end=\"1074\" \/><img decoding=\"async\" class=\"emoji\" role=\"img\" draggable=\"false\" src=\"https:\/\/s.w.org\/images\/core\/emoji\/17.0.2\/svg\/2b07.svg\" alt=\"\u2b07\ufe0f\" \/>\u00a0Sofortiger Download f\u00fcrs Tablet<br data-start=\"1108\" data-end=\"1111\" \/><img decoding=\"async\" class=\"emoji\" role=\"img\" draggable=\"false\" src=\"https:\/\/s.w.org\/images\/core\/emoji\/17.0.2\/svg\/2b07.svg\" alt=\"\u2b07\ufe0f\" \/>\u00a0Kompatibel mit allen MP4-f\u00e4higen Ger\u00e4ten<\/p>\n<p data-start=\"1158\" data-end=\"1216\" data-is-last-node=\"\" data-is-only-node=\"\"><img decoding=\"async\" class=\"emoji\" role=\"img\" draggable=\"false\" src=\"https:\/\/s.w.org\/images\/core\/emoji\/17.0.2\/svg\/1f449.svg\" alt=\"\ud83d\udc49\" \/>\u00a0<strong data-start=\"1161\" data-end=\"1216\" data-is-last-node=\"\">Einmal gekauft \u2013 jederzeit und unbegrenzt abrufbar!<\/strong><\/p>","protected":false},"excerpt":{"rendered":"<p>\u00a0Video Plankton \u2013 Der Film (2025) \u201ePlankton \u2013 Der Film (2025)\u201c bringt den kultigen Mini-Schurken erstmals ins gro\u00dfe Abenteuer.Klein an Gr\u00f6\u00dfe, aber riesig im Ego, schmiedet Plankton den wohl k\u00fchnsten Plan seines Lebens \u2013 doch dieses Mal steht mehr auf dem Spiel als nur ein Rezept. Zwischen genialen Ideen, totalem Chaos und unerwarteten Gef\u00fchlen ger\u00e4t [&hellip;]<\/p>\n","protected":false},"featured_media":3194,"comment_status":"open","ping_status":"closed","template":"","meta":[],"product_brand":[],"product_cat":[48],"product_tag":[],"class_list":{"0":"post-3185","1":"product","2":"type-product","3":"status-publish","4":"has-post-thumbnail","6":"product_cat-grusel-geschichten","8":"first","9":"instock","10":"shipping-taxable","11":"product-type-simple"},"jetpack_sharing_enabled":true,"_links":{"self":[{"href":"https:\/\/audiobook-24.com\/en\/wp-json\/wp\/v2\/product\/3185","targetHints":{"allow":["GET"]}}],"collection":[{"href":"https:\/\/audiobook-24.com\/en\/wp-json\/wp\/v2\/product"}],"about":[{"href":"https:\/\/audiobook-24.com\/en\/wp-json\/wp\/v2\/types\/product"}],"replies":[{"embeddable":true,"href":"https:\/\/audiobook-24.com\/en\/wp-json\/wp\/v2\/comments?post=3185"}],"wp:featuredmedia":[{"embeddable":true,"href":"https:\/\/audiobook-24.com\/en\/wp-json\/wp\/v2\/media\/3194"}],"wp:attachment":[{"href":"https:\/\/audiobook-24.com\/en\/wp-json\/wp\/v2\/media?parent=3185"}],"wp:term":[{"taxonomy":"product_brand","embeddable":true,"href":"https:\/\/audiobook-24.com\/en\/wp-json\/wp\/v2\/product_brand?post=3185"},{"taxonomy":"product_cat","embeddable":true,"href":"https:\/\/audiobook-24.com\/en\/wp-json\/wp\/v2\/product_cat?post=3185"},{"taxonomy":"product_tag","embeddable":true,"href":"https:\/\/audiobook-24.com\/en\/wp-json\/wp\/v2\/product_tag?post=3185"}],"curies":[{"name":"wp","href":"https:\/\/api.w.org\/{rel}","templated":true}]}}