{"id":3184,"date":"2026-02-17T15:38:02","date_gmt":"2026-02-17T15:38:02","guid":{"rendered":"https:\/\/audiobook-24.com\/?post_type=product&#038;p=3184"},"modified":"2026-02-17T15:38:03","modified_gmt":"2026-02-17T15:38:03","slug":"%f0%9f%8e%ac-video-play-dirty-2025","status":"publish","type":"product","link":"https:\/\/audiobook-24.com\/en\/product\/%f0%9f%8e%ac-video-play-dirty-2025\/","title":{"rendered":"\ud83c\udfac Video Play Dirty (2025)"},"content":{"rendered":"<p data-start=\"0\" data-end=\"30\"><img decoding=\"async\" class=\"emoji\" role=\"img\" draggable=\"false\" src=\"https:\/\/s.w.org\/images\/core\/emoji\/17.0.2\/svg\/1f3ac.svg\" alt=\"\ud83c\udfac\" \/>\u00a0<strong data-start=\"3\" data-end=\"30\">Video Play Dirty (2025)<\/strong><\/p>\n<p data-start=\"32\" data-end=\"307\">\u201ePlay Dirty (2025)\u201c ist ein kompromissloser Action-Crime-Thriller \u00fcber Macht, Verrat und Regeln, die nur gelten, solange man sie einh\u00e4lt.<br data-start=\"169\" data-end=\"172\" \/>In einer Welt aus Korruption, illegalen Deals und falschen Loyalit\u00e4ten z\u00e4hlt nur eines: Wer bereit ist, schmutzig zu spielen, \u00fcberlebt.<\/p>\n<p data-start=\"309\" data-end=\"542\">Als ein erfahrener Einzelg\u00e4nger zwischen rivalisierenden Syndikaten ger\u00e4t, beginnt ein gnadenloses Spiel aus T\u00e4uschung, Gewalt und Rache.<br data-start=\"446\" data-end=\"449\" \/>Jeder Zug kann der letzte sein \u2013 und Moral ist ein Luxus, den sich hier niemand leisten kann.<\/p>\n<p data-start=\"544\" data-end=\"666\">Was folgt, ist ein harter Abstieg in die dunklen Seiten der Unterwelt, wo Vertrauen t\u00f6dlich und Fehler unverzeihlich sind.<\/p>\n<p data-start=\"668\" data-end=\"868\"><strong data-start=\"668\" data-end=\"688\">Erwartet werden:<\/strong><br \/>\n<img decoding=\"async\" class=\"emoji\" role=\"img\" draggable=\"false\" src=\"https:\/\/s.w.org\/images\/core\/emoji\/17.0.2\/svg\/1f4a5.svg\" alt=\"\ud83d\udca5\" \/>\u00a0Harte Action &amp; brutale Konfrontationen<br data-start=\"730\" data-end=\"733\" \/><img decoding=\"async\" class=\"emoji\" role=\"img\" draggable=\"false\" src=\"https:\/\/s.w.org\/images\/core\/emoji\/17.0.2\/svg\/1f525.svg\" alt=\"\ud83d\udd25\" \/>\u00a0Spannungsgeladene Unterwelt-Atmosph\u00e4re<br data-start=\"774\" data-end=\"777\" \/><img decoding=\"async\" class=\"emoji\" role=\"img\" draggable=\"false\" src=\"https:\/\/s.w.org\/images\/core\/emoji\/17.0.2\/svg\/1f52b.svg\" alt=\"\ud83d\udd2b\" \/>\u00a0Verrat, Machtspiele &amp; skrupellose Gegner<br data-start=\"820\" data-end=\"823\" \/><img decoding=\"async\" class=\"emoji\" role=\"img\" draggable=\"false\" src=\"https:\/\/s.w.org\/images\/core\/emoji\/17.0.2\/svg\/1fa78.svg\" alt=\"\ud83e\ude78\" \/>\u00a0D\u00fcsterer Ton &amp; kompromissloser Realismus<\/p>\n<p data-start=\"870\" data-end=\"957\">Ein intensiver Thriller \u00fcber Entscheidungen, Konsequenzen und den Preis des \u00dcberlebens.<\/p>\n<p data-start=\"959\" data-end=\"1013\"><img decoding=\"async\" class=\"emoji\" role=\"img\" draggable=\"false\" src=\"https:\/\/s.w.org\/images\/core\/emoji\/17.0.2\/svg\/1f50a.svg\" alt=\"\ud83d\udd0a\" \/>\u00a0<strong data-start=\"962\" data-end=\"973\">Format:<\/strong>\u00a0Video \/ Action \/ Crime \/ Thriller (MP4)<\/p>\n<p data-start=\"1015\" data-end=\"1164\"><img decoding=\"async\" class=\"emoji\" role=\"img\" draggable=\"false\" src=\"https:\/\/s.w.org\/images\/core\/emoji\/17.0.2\/svg\/2b07.svg\" alt=\"\u2b07\ufe0f\" \/>\u00a0Sofortiger Download f\u00fcr Handy<br data-start=\"1047\" data-end=\"1050\" \/><img decoding=\"async\" class=\"emoji\" role=\"img\" draggable=\"false\" src=\"https:\/\/s.w.org\/images\/core\/emoji\/17.0.2\/svg\/2b07.svg\" alt=\"\u2b07\ufe0f\" \/>\u00a0Sofortiger Download f\u00fcr PC<br data-start=\"1079\" data-end=\"1082\" \/><img decoding=\"async\" class=\"emoji\" role=\"img\" draggable=\"false\" src=\"https:\/\/s.w.org\/images\/core\/emoji\/17.0.2\/svg\/2b07.svg\" alt=\"\u2b07\ufe0f\" \/>\u00a0Sofortiger Download f\u00fcrs Tablet<br data-start=\"1116\" data-end=\"1119\" \/><img decoding=\"async\" class=\"emoji\" role=\"img\" draggable=\"false\" src=\"https:\/\/s.w.org\/images\/core\/emoji\/17.0.2\/svg\/2b07.svg\" alt=\"\u2b07\ufe0f\" \/>\u00a0Kompatibel mit allen MP4-f\u00e4higen Ger\u00e4ten<\/p>\n<p data-start=\"1166\" data-end=\"1224\" data-is-last-node=\"\" data-is-only-node=\"\"><img decoding=\"async\" class=\"emoji\" role=\"img\" draggable=\"false\" src=\"https:\/\/s.w.org\/images\/core\/emoji\/17.0.2\/svg\/1f449.svg\" alt=\"\ud83d\udc49\" \/>\u00a0<strong data-start=\"1169\" data-end=\"1224\" data-is-last-node=\"\">Einmal gekauft \u2013 jederzeit und unbegrenzt abrufbar!<\/strong><\/p>","protected":false},"excerpt":{"rendered":"<p>\u00a0Video Play Dirty (2025) \u201ePlay Dirty (2025)\u201c ist ein kompromissloser Action-Crime-Thriller \u00fcber Macht, Verrat und Regeln, die nur gelten, solange man sie einh\u00e4lt.In einer Welt aus Korruption, illegalen Deals und falschen Loyalit\u00e4ten z\u00e4hlt nur eines: Wer bereit ist, schmutzig zu spielen, \u00fcberlebt. Als ein erfahrener Einzelg\u00e4nger zwischen rivalisierenden Syndikaten ger\u00e4t, beginnt ein gnadenloses Spiel aus [&hellip;]<\/p>\n","protected":false},"featured_media":3195,"comment_status":"open","ping_status":"closed","template":"","meta":[],"product_brand":[],"product_cat":[54,50,55],"product_tag":[],"class_list":{"0":"post-3184","1":"product","2":"type-product","3":"status-publish","4":"has-post-thumbnail","6":"product_cat-action","7":"product_cat-aktuelle-filme-2025","8":"product_cat-thriller","10":"first","11":"instock","12":"sale","13":"virtual","14":"purchasable","15":"product-type-simple"},"jetpack_sharing_enabled":true,"_links":{"self":[{"href":"https:\/\/audiobook-24.com\/en\/wp-json\/wp\/v2\/product\/3184","targetHints":{"allow":["GET"]}}],"collection":[{"href":"https:\/\/audiobook-24.com\/en\/wp-json\/wp\/v2\/product"}],"about":[{"href":"https:\/\/audiobook-24.com\/en\/wp-json\/wp\/v2\/types\/product"}],"replies":[{"embeddable":true,"href":"https:\/\/audiobook-24.com\/en\/wp-json\/wp\/v2\/comments?post=3184"}],"wp:featuredmedia":[{"embeddable":true,"href":"https:\/\/audiobook-24.com\/en\/wp-json\/wp\/v2\/media\/3195"}],"wp:attachment":[{"href":"https:\/\/audiobook-24.com\/en\/wp-json\/wp\/v2\/media?parent=3184"}],"wp:term":[{"taxonomy":"product_brand","embeddable":true,"href":"https:\/\/audiobook-24.com\/en\/wp-json\/wp\/v2\/product_brand?post=3184"},{"taxonomy":"product_cat","embeddable":true,"href":"https:\/\/audiobook-24.com\/en\/wp-json\/wp\/v2\/product_cat?post=3184"},{"taxonomy":"product_tag","embeddable":true,"href":"https:\/\/audiobook-24.com\/en\/wp-json\/wp\/v2\/product_tag?post=3184"}],"curies":[{"name":"wp","href":"https:\/\/api.w.org\/{rel}","templated":true}]}}