{"id":3182,"date":"2026-02-17T15:44:04","date_gmt":"2026-02-17T15:44:04","guid":{"rendered":"https:\/\/audiobook-24.com\/?post_type=product&#038;p=3182"},"modified":"2026-02-17T15:44:04","modified_gmt":"2026-02-17T15:44:04","slug":"%f0%9f%8e%ac-video-him-der-groesste-aller-zeiten-2025","status":"publish","type":"product","link":"https:\/\/audiobook-24.com\/en\/product\/%f0%9f%8e%ac-video-him-der-groesste-aller-zeiten-2025\/","title":{"rendered":"\ud83c\udfac Video HIM \u2013 Der gr\u00f6\u00dfte aller Zeiten (2025)"},"content":{"rendered":"<p data-start=\"0\" data-end=\"49\"><img decoding=\"async\" class=\"emoji\" role=\"img\" draggable=\"false\" src=\"https:\/\/s.w.org\/images\/core\/emoji\/17.0.2\/svg\/1f3ac.svg\" alt=\"\ud83c\udfac\" \/>\u00a0<strong data-start=\"3\" data-end=\"49\">Video HIM \u2013 Der gr\u00f6\u00dfte aller Zeiten (2025)<\/strong><\/p>\n<p data-start=\"51\" data-end=\"339\">\u201eHIM \u2013 Der gr\u00f6\u00dfte aller Zeiten (2025)\u201c ist ein mitrei\u00dfendes Sport-Drama \u00fcber Ehrgeiz, Opfer und den unb\u00e4ndigen Willen zur Legende zu werden.<br data-start=\"191\" data-end=\"194\" \/>Vom unscheinbaren Talent bis zur weltweiten Ikone erz\u00e4hlt der Film den kompromisslosen Weg eines Ausnahmetalents, das bereit ist, alles zu geben.<\/p>\n<p data-start=\"341\" data-end=\"590\">Zwischen Triumph und Niederlage, Ruhm und Einsamkeit wird deutlich, was es wirklich kostet, an der Spitze zu stehen.<br data-start=\"457\" data-end=\"460\" \/>Mentale St\u00e4rke, k\u00f6rperliche Grenzen und der Druck der \u00d6ffentlichkeit werden zur gr\u00f6\u00dften Herausforderung \u2013 gr\u00f6\u00dfer als jeder Gegner.<\/p>\n<p data-start=\"592\" data-end=\"692\">Ein emotionaler und kraftvoller Film \u00fcber Gr\u00f6\u00dfe, Selbstzweifel und den Traum, unsterblich zu werden.<\/p>\n<p data-start=\"694\" data-end=\"902\"><strong data-start=\"694\" data-end=\"714\">Erwartet werden:<\/strong><br \/>\n<img decoding=\"async\" class=\"emoji\" role=\"img\" draggable=\"false\" src=\"https:\/\/s.w.org\/images\/core\/emoji\/17.0.2\/svg\/1f3c6.svg\" alt=\"\ud83c\udfc6\" \/>\u00a0Packende Sportmomente &amp; intensive Wettk\u00e4mpfe<br data-start=\"762\" data-end=\"765\" \/><img decoding=\"async\" class=\"emoji\" role=\"img\" draggable=\"false\" src=\"https:\/\/s.w.org\/images\/core\/emoji\/17.0.2\/svg\/1f525.svg\" alt=\"\ud83d\udd25\" \/>\u00a0Emotionale H\u00f6hen &amp; schmerzhafte R\u00fcckschl\u00e4ge<br data-start=\"811\" data-end=\"814\" \/><img decoding=\"async\" class=\"emoji\" role=\"img\" draggable=\"false\" src=\"https:\/\/s.w.org\/images\/core\/emoji\/17.0.2\/svg\/1f4aa.svg\" alt=\"\ud83d\udcaa\" \/>\u00a0Disziplin, Ehrgeiz &amp; eiserner Wille<br data-start=\"852\" data-end=\"855\" \/><img decoding=\"async\" class=\"emoji\" role=\"img\" draggable=\"false\" src=\"https:\/\/s.w.org\/images\/core\/emoji\/17.0.2\/svg\/1f3ad.svg\" alt=\"\ud83c\udfad\" \/>\u00a0Inspirierende Charakterentwicklung &amp; Drama<\/p>\n<p data-start=\"904\" data-end=\"993\">Ein motivierender Film \u00fcber Durchhalteverm\u00f6gen, Legendenstatus und den Preis des Erfolgs.<\/p>\n<p data-start=\"995\" data-end=\"1037\"><img decoding=\"async\" class=\"emoji\" role=\"img\" draggable=\"false\" src=\"https:\/\/s.w.org\/images\/core\/emoji\/17.0.2\/svg\/1f50a.svg\" alt=\"\ud83d\udd0a\" \/>\u00a0<strong data-start=\"998\" data-end=\"1009\">Format:<\/strong>\u00a0Video \/ Drama \/ Sport (MP4)<\/p>\n<p data-start=\"1039\" data-end=\"1188\"><img decoding=\"async\" class=\"emoji\" role=\"img\" draggable=\"false\" src=\"https:\/\/s.w.org\/images\/core\/emoji\/17.0.2\/svg\/2b07.svg\" alt=\"\u2b07\ufe0f\" \/>\u00a0Sofortiger Download f\u00fcr Handy<br data-start=\"1071\" data-end=\"1074\" \/><img decoding=\"async\" class=\"emoji\" role=\"img\" draggable=\"false\" src=\"https:\/\/s.w.org\/images\/core\/emoji\/17.0.2\/svg\/2b07.svg\" alt=\"\u2b07\ufe0f\" \/>\u00a0Sofortiger Download f\u00fcr PC<br data-start=\"1103\" data-end=\"1106\" \/><img decoding=\"async\" class=\"emoji\" role=\"img\" draggable=\"false\" src=\"https:\/\/s.w.org\/images\/core\/emoji\/17.0.2\/svg\/2b07.svg\" alt=\"\u2b07\ufe0f\" \/>\u00a0Sofortiger Download f\u00fcrs Tablet<br data-start=\"1140\" data-end=\"1143\" \/><img decoding=\"async\" class=\"emoji\" role=\"img\" draggable=\"false\" src=\"https:\/\/s.w.org\/images\/core\/emoji\/17.0.2\/svg\/2b07.svg\" alt=\"\u2b07\ufe0f\" \/>\u00a0Kompatibel mit allen MP4-f\u00e4higen Ger\u00e4ten<\/p>\n<p data-start=\"1190\" data-end=\"1248\" data-is-last-node=\"\" data-is-only-node=\"\"><img decoding=\"async\" class=\"emoji\" role=\"img\" draggable=\"false\" src=\"https:\/\/s.w.org\/images\/core\/emoji\/17.0.2\/svg\/1f449.svg\" alt=\"\ud83d\udc49\" \/>\u00a0<strong data-start=\"1193\" data-end=\"1248\" data-is-last-node=\"\">Einmal gekauft \u2013 jederzeit und unbegrenzt abrufbar!<\/strong><\/p>","protected":false},"excerpt":{"rendered":"<p>\u00a0Video HIM \u2013 Der gr\u00f6\u00dfte aller Zeiten (2025) \u201eHIM \u2013 Der gr\u00f6\u00dfte aller Zeiten (2025)\u201c ist ein mitrei\u00dfendes Sport-Drama \u00fcber Ehrgeiz, Opfer und den unb\u00e4ndigen Willen zur Legende zu werden.Vom unscheinbaren Talent bis zur weltweiten Ikone erz\u00e4hlt der Film den kompromisslosen Weg eines Ausnahmetalents, das bereit ist, alles zu geben. Zwischen Triumph und Niederlage, Ruhm [&hellip;]<\/p>\n","protected":false},"featured_media":3197,"comment_status":"open","ping_status":"closed","template":"","meta":[],"product_brand":[],"product_cat":[54,50],"product_tag":[],"class_list":{"0":"post-3182","1":"product","2":"type-product","3":"status-publish","4":"has-post-thumbnail","6":"product_cat-action","7":"product_cat-aktuelle-filme-2025","9":"first","10":"instock","11":"sale","12":"virtual","13":"purchasable","14":"product-type-simple"},"jetpack_sharing_enabled":true,"_links":{"self":[{"href":"https:\/\/audiobook-24.com\/en\/wp-json\/wp\/v2\/product\/3182","targetHints":{"allow":["GET"]}}],"collection":[{"href":"https:\/\/audiobook-24.com\/en\/wp-json\/wp\/v2\/product"}],"about":[{"href":"https:\/\/audiobook-24.com\/en\/wp-json\/wp\/v2\/types\/product"}],"replies":[{"embeddable":true,"href":"https:\/\/audiobook-24.com\/en\/wp-json\/wp\/v2\/comments?post=3182"}],"wp:featuredmedia":[{"embeddable":true,"href":"https:\/\/audiobook-24.com\/en\/wp-json\/wp\/v2\/media\/3197"}],"wp:attachment":[{"href":"https:\/\/audiobook-24.com\/en\/wp-json\/wp\/v2\/media?parent=3182"}],"wp:term":[{"taxonomy":"product_brand","embeddable":true,"href":"https:\/\/audiobook-24.com\/en\/wp-json\/wp\/v2\/product_brand?post=3182"},{"taxonomy":"product_cat","embeddable":true,"href":"https:\/\/audiobook-24.com\/en\/wp-json\/wp\/v2\/product_cat?post=3182"},{"taxonomy":"product_tag","embeddable":true,"href":"https:\/\/audiobook-24.com\/en\/wp-json\/wp\/v2\/product_tag?post=3182"}],"curies":[{"name":"wp","href":"https:\/\/api.w.org\/{rel}","templated":true}]}}