{"id":3181,"date":"2026-02-17T15:46:28","date_gmt":"2026-02-17T15:46:28","guid":{"rendered":"https:\/\/audiobook-24.com\/?post_type=product&#038;p=3181"},"modified":"2026-02-17T15:46:30","modified_gmt":"2026-02-17T15:46:30","slug":"%f0%9f%8e%ac-video-die-stunde-der-mutigen-2025","status":"publish","type":"product","link":"https:\/\/audiobook-24.com\/en\/product\/%f0%9f%8e%ac-video-die-stunde-der-mutigen-2025\/","title":{"rendered":"\ud83c\udfac Video Die Stunde der Mutigen (2025)"},"content":{"rendered":"<p data-start=\"0\" data-end=\"42\"><img decoding=\"async\" class=\"emoji\" role=\"img\" draggable=\"false\" src=\"https:\/\/s.w.org\/images\/core\/emoji\/17.0.2\/svg\/1f3ac.svg\" alt=\"\ud83c\udfac\" \/>\u00a0<strong data-start=\"3\" data-end=\"42\">Video Die Stunde der Mutigen (2025)<\/strong><\/p>\n<p data-start=\"44\" data-end=\"332\">\u201eDie Stunde der Mutigen (2025)\u201c ist ein kraftvolles Kriegs- und Actiondrama \u00fcber Opferbereitschaft, Zusammenhalt und Entscheidungen, die \u00fcber Leben und Tod entscheiden.<br data-start=\"212\" data-end=\"215\" \/>Inmitten eines eskalierenden Konflikts stehen gew\u00f6hnliche Menschen pl\u00f6tzlich vor au\u00dfergew\u00f6hnlichen Herausforderungen.<\/p>\n<p data-start=\"334\" data-end=\"550\">Als eine aussichtslose Mission zur letzten Hoffnung wird, w\u00e4chst eine kleine Einheit \u00fcber sich hinaus.<br data-start=\"436\" data-end=\"439\" \/>Unter extremem Druck, zwischen Angst, Pflicht und Menschlichkeit, zeigt sich, was wahrer Mut wirklich bedeutet.<\/p>\n<p data-start=\"552\" data-end=\"679\">Was folgt, ist ein intensiver \u00dcberlebenskampf, gepr\u00e4gt von Kameradschaft, Verlust und dem unbeugsamen Willen, nicht aufzugeben.<\/p>\n<p data-start=\"681\" data-end=\"902\"><strong data-start=\"681\" data-end=\"701\">Erwartet werden:<\/strong><br \/>\n<img decoding=\"async\" class=\"emoji\" role=\"img\" draggable=\"false\" src=\"https:\/\/s.w.org\/images\/core\/emoji\/17.0.2\/svg\/1f4a5.svg\" alt=\"\ud83d\udca5\" \/>\u00a0Explosive Gefechte &amp; realistische Kriegsszenen<br data-start=\"751\" data-end=\"754\" \/><img decoding=\"async\" class=\"emoji\" role=\"img\" draggable=\"false\" src=\"https:\/\/s.w.org\/images\/core\/emoji\/17.0.2\/svg\/1f525.svg\" alt=\"\ud83d\udd25\" \/>\u00a0Spannungsgeladene Action &amp; emotionale Dramatik<br data-start=\"803\" data-end=\"806\" \/><img decoding=\"async\" class=\"emoji\" role=\"img\" draggable=\"false\" src=\"https:\/\/s.w.org\/images\/core\/emoji\/17.0.2\/svg\/1fa96.svg\" alt=\"\ud83e\ude96\" \/>\u00a0Kameradschaft, Opfer &amp; echte Heldenmomente<br data-start=\"851\" data-end=\"854\" \/><img decoding=\"async\" class=\"emoji\" role=\"img\" draggable=\"false\" src=\"https:\/\/s.w.org\/images\/core\/emoji\/17.0.2\/svg\/1fa78.svg\" alt=\"\ud83e\ude78\" \/>\u00a0Ernsthafter Ton &amp; kompromisslose Atmosph\u00e4re<\/p>\n<p data-start=\"904\" data-end=\"1011\">Ein bewegender Film \u00fcber Mut, Verantwortung und die entscheidende Stunde, in der alles auf dem Spiel steht.<\/p>\n<p data-start=\"1013\" data-end=\"1064\"><img decoding=\"async\" class=\"emoji\" role=\"img\" draggable=\"false\" src=\"https:\/\/s.w.org\/images\/core\/emoji\/17.0.2\/svg\/1f50a.svg\" alt=\"\ud83d\udd0a\" \/>\u00a0<strong data-start=\"1016\" data-end=\"1027\">Format:<\/strong>\u00a0Video \/ Action \/ Drama \/ Krieg (MP4)<\/p>\n<p data-start=\"1066\" data-end=\"1215\"><img decoding=\"async\" class=\"emoji\" role=\"img\" draggable=\"false\" src=\"https:\/\/s.w.org\/images\/core\/emoji\/17.0.2\/svg\/2b07.svg\" alt=\"\u2b07\ufe0f\" \/>\u00a0Sofortiger Download f\u00fcr Handy<br data-start=\"1098\" data-end=\"1101\" \/><img decoding=\"async\" class=\"emoji\" role=\"img\" draggable=\"false\" src=\"https:\/\/s.w.org\/images\/core\/emoji\/17.0.2\/svg\/2b07.svg\" alt=\"\u2b07\ufe0f\" \/>\u00a0Sofortiger Download f\u00fcr PC<br data-start=\"1130\" data-end=\"1133\" \/><img decoding=\"async\" class=\"emoji\" role=\"img\" draggable=\"false\" src=\"https:\/\/s.w.org\/images\/core\/emoji\/17.0.2\/svg\/2b07.svg\" alt=\"\u2b07\ufe0f\" \/>\u00a0Sofortiger Download f\u00fcrs Tablet<br data-start=\"1167\" data-end=\"1170\" \/><img decoding=\"async\" class=\"emoji\" role=\"img\" draggable=\"false\" src=\"https:\/\/s.w.org\/images\/core\/emoji\/17.0.2\/svg\/2b07.svg\" alt=\"\u2b07\ufe0f\" \/>\u00a0Kompatibel mit allen MP4-f\u00e4higen Ger\u00e4ten<\/p>\n<p data-start=\"1217\" data-end=\"1275\" data-is-last-node=\"\" data-is-only-node=\"\"><img decoding=\"async\" class=\"emoji\" role=\"img\" draggable=\"false\" src=\"https:\/\/s.w.org\/images\/core\/emoji\/17.0.2\/svg\/1f449.svg\" alt=\"\ud83d\udc49\" \/>\u00a0<strong data-start=\"1220\" data-end=\"1275\" data-is-last-node=\"\">Einmal gekauft \u2013 jederzeit und unbegrenzt abrufbar!<\/strong><\/p>","protected":false},"excerpt":{"rendered":"<p>\u00a0Video Die Stunde der Mutigen (2025) \u201eDie Stunde der Mutigen (2025)\u201c ist ein kraftvolles Kriegs- und Actiondrama \u00fcber Opferbereitschaft, Zusammenhalt und Entscheidungen, die \u00fcber Leben und Tod entscheiden.Inmitten eines eskalierenden Konflikts stehen gew\u00f6hnliche Menschen pl\u00f6tzlich vor au\u00dfergew\u00f6hnlichen Herausforderungen. Als eine aussichtslose Mission zur letzten Hoffnung wird, w\u00e4chst eine kleine Einheit \u00fcber sich hinaus.Unter extremem Druck, [&hellip;]<\/p>\n","protected":false},"featured_media":3198,"comment_status":"open","ping_status":"closed","template":"","meta":[],"product_brand":[],"product_cat":[54,50,55],"product_tag":[],"class_list":{"0":"post-3181","1":"product","2":"type-product","3":"status-publish","4":"has-post-thumbnail","6":"product_cat-action","7":"product_cat-aktuelle-filme-2025","8":"product_cat-thriller","10":"first","11":"instock","12":"sale","13":"virtual","14":"purchasable","15":"product-type-simple"},"jetpack_sharing_enabled":true,"_links":{"self":[{"href":"https:\/\/audiobook-24.com\/en\/wp-json\/wp\/v2\/product\/3181","targetHints":{"allow":["GET"]}}],"collection":[{"href":"https:\/\/audiobook-24.com\/en\/wp-json\/wp\/v2\/product"}],"about":[{"href":"https:\/\/audiobook-24.com\/en\/wp-json\/wp\/v2\/types\/product"}],"replies":[{"embeddable":true,"href":"https:\/\/audiobook-24.com\/en\/wp-json\/wp\/v2\/comments?post=3181"}],"wp:featuredmedia":[{"embeddable":true,"href":"https:\/\/audiobook-24.com\/en\/wp-json\/wp\/v2\/media\/3198"}],"wp:attachment":[{"href":"https:\/\/audiobook-24.com\/en\/wp-json\/wp\/v2\/media?parent=3181"}],"wp:term":[{"taxonomy":"product_brand","embeddable":true,"href":"https:\/\/audiobook-24.com\/en\/wp-json\/wp\/v2\/product_brand?post=3181"},{"taxonomy":"product_cat","embeddable":true,"href":"https:\/\/audiobook-24.com\/en\/wp-json\/wp\/v2\/product_cat?post=3181"},{"taxonomy":"product_tag","embeddable":true,"href":"https:\/\/audiobook-24.com\/en\/wp-json\/wp\/v2\/product_tag?post=3181"}],"curies":[{"name":"wp","href":"https:\/\/api.w.org\/{rel}","templated":true}]}}