{"id":3179,"date":"2026-02-17T16:05:33","date_gmt":"2026-02-17T16:05:33","guid":{"rendered":"https:\/\/audiobook-24.com\/?post_type=product&#038;p=3179"},"modified":"2026-02-17T16:05:34","modified_gmt":"2026-02-17T16:05:34","slug":"%f0%9f%8e%ac-video-avatar-3-fire-and-ash-2025","status":"publish","type":"product","link":"https:\/\/audiobook-24.com\/en\/product\/%f0%9f%8e%ac-video-avatar-3-fire-and-ash-2025\/","title":{"rendered":"\ud83c\udfac Video Avatar 3: Fire and Ash (2025)"},"content":{"rendered":"<p data-start=\"308\" data-end=\"582\">Avatar 3 \u2013 Fire and Ash (2025)\u201c f\u00fchrt die epische Saga von Pandora in eine neue, d\u00fcstere Richtung.<br data-start=\"407\" data-end=\"410\" \/>Nach den Ereignissen der Vorg\u00e4nger wird die Welt der Na\u2019vi mit einer bisher unbekannten Bedrohung konfrontiert \u2013 m\u00e4chtiger, zerst\u00f6rerischer und gnadenloser als alles zuvor.<\/p>\n<p data-start=\"584\" data-end=\"822\">Neue Clans, feurige Landschaften und moralische Konflikte stellen Jake Sully und seine Familie vor unm\u00f6gliche Entscheidungen.<br data-start=\"709\" data-end=\"712\" \/>Zwischen Asche, Feuer und Krieg steht nicht nur Pandora, sondern das Gleichgewicht aller Welten auf dem Spiel.<\/p>\n<p data-start=\"824\" data-end=\"922\">Ein visuell \u00fcberw\u00e4ltigendes Science-Fiction-Epos \u00fcber Macht, Verlust und den Preis des \u00dcberlebens.<\/p>\n<p data-start=\"924\" data-end=\"1140\"><strong data-start=\"924\" data-end=\"944\">Erwartet werden:<\/strong><br \/>\n<img decoding=\"async\" class=\"emoji\" role=\"img\" draggable=\"false\" src=\"https:\/\/s.w.org\/images\/core\/emoji\/17.0.2\/svg\/1f525.svg\" alt=\"\ud83d\udd25\" \/>\u00a0Spektakul\u00e4re Action &amp; epische Schlachten<br data-start=\"988\" data-end=\"991\" \/><img decoding=\"async\" class=\"emoji\" role=\"img\" draggable=\"false\" src=\"https:\/\/s.w.org\/images\/core\/emoji\/17.0.2\/svg\/1f30b.svg\" alt=\"\ud83c\udf0b\" \/>\u00a0Neue Welten, Feuer-Clans &amp; extreme Landschaften<br data-start=\"1041\" data-end=\"1044\" \/><img decoding=\"async\" class=\"emoji\" role=\"img\" draggable=\"false\" src=\"https:\/\/s.w.org\/images\/core\/emoji\/17.0.2\/svg\/1f300.svg\" alt=\"\ud83c\udf00\" \/>\u00a0Emotionale Konflikte &amp; gro\u00dfe Entscheidungen<br data-start=\"1090\" data-end=\"1093\" \/><img decoding=\"async\" class=\"emoji\" role=\"img\" draggable=\"false\" src=\"https:\/\/s.w.org\/images\/core\/emoji\/17.0.2\/svg\/1f30c.svg\" alt=\"\ud83c\udf0c\" \/>\u00a0Atemberaubende Effekte &amp; dichte Atmosph\u00e4re<\/p>\n<p data-start=\"1142\" data-end=\"1222\">Ein monumentaler Blockbuster \u00fcber Krieg, Hoffnung und das Schicksal von Pandora.<\/p>\n<p data-start=\"1224\" data-end=\"1291\"><img decoding=\"async\" class=\"emoji\" role=\"img\" draggable=\"false\" src=\"https:\/\/s.w.org\/images\/core\/emoji\/17.0.2\/svg\/1f50a.svg\" alt=\"\ud83d\udd0a\" \/>\u00a0<strong data-start=\"1227\" data-end=\"1238\">Format:<\/strong>\u00a0Video \/ Science-Fiction \/ Action \/ Abenteuer (MP4)<\/p>\n<p data-start=\"1293\" data-end=\"1442\"><img decoding=\"async\" class=\"emoji\" role=\"img\" draggable=\"false\" src=\"https:\/\/s.w.org\/images\/core\/emoji\/17.0.2\/svg\/2b07.svg\" alt=\"\u2b07\ufe0f\" \/>\u00a0Sofortiger Download f\u00fcr Handy<br data-start=\"1325\" data-end=\"1328\" \/><img decoding=\"async\" class=\"emoji\" role=\"img\" draggable=\"false\" src=\"https:\/\/s.w.org\/images\/core\/emoji\/17.0.2\/svg\/2b07.svg\" alt=\"\u2b07\ufe0f\" \/>\u00a0Sofortiger Download f\u00fcr PC<br data-start=\"1357\" data-end=\"1360\" \/><img decoding=\"async\" class=\"emoji\" role=\"img\" draggable=\"false\" src=\"https:\/\/s.w.org\/images\/core\/emoji\/17.0.2\/svg\/2b07.svg\" alt=\"\u2b07\ufe0f\" \/>\u00a0Sofortiger Download f\u00fcrs Tablet<br data-start=\"1394\" data-end=\"1397\" \/><img decoding=\"async\" class=\"emoji\" role=\"img\" draggable=\"false\" src=\"https:\/\/s.w.org\/images\/core\/emoji\/17.0.2\/svg\/2b07.svg\" alt=\"\u2b07\ufe0f\" \/>\u00a0Kompatibel mit allen MP4-f\u00e4higen Ger\u00e4ten<\/p>\n<p data-start=\"1444\" data-end=\"1502\" data-is-last-node=\"\" data-is-only-node=\"\"><img decoding=\"async\" class=\"emoji\" role=\"img\" draggable=\"false\" src=\"https:\/\/s.w.org\/images\/core\/emoji\/17.0.2\/svg\/1f449.svg\" alt=\"\ud83d\udc49\" \/>\u00a0<strong data-start=\"1447\" data-end=\"1502\" data-is-last-node=\"\">Einmal gekauft \u2013 jederzeit und unbegrenzt abrufbar!<\/strong><\/p>","protected":false},"excerpt":{"rendered":"<p>Avatar 3 \u2013 Fire and Ash (2025)\u201c f\u00fchrt die epische Saga von Pandora in eine neue, d\u00fcstere Richtung.Nach den Ereignissen der Vorg\u00e4nger wird die Welt der Na\u2019vi mit einer bisher unbekannten Bedrohung konfrontiert \u2013 m\u00e4chtiger, zerst\u00f6rerischer und gnadenloser als alles zuvor. Neue Clans, feurige Landschaften und moralische Konflikte stellen Jake Sully und seine Familie vor [&hellip;]<\/p>\n","protected":false},"featured_media":3200,"comment_status":"open","ping_status":"closed","template":"","meta":[],"product_brand":[],"product_cat":[54,50,55],"product_tag":[],"class_list":{"0":"post-3179","1":"product","2":"type-product","3":"status-publish","4":"has-post-thumbnail","6":"product_cat-action","7":"product_cat-aktuelle-filme-2025","8":"product_cat-thriller","10":"first","11":"instock","12":"sale","13":"virtual","14":"purchasable","15":"product-type-simple"},"jetpack_sharing_enabled":true,"_links":{"self":[{"href":"https:\/\/audiobook-24.com\/en\/wp-json\/wp\/v2\/product\/3179","targetHints":{"allow":["GET"]}}],"collection":[{"href":"https:\/\/audiobook-24.com\/en\/wp-json\/wp\/v2\/product"}],"about":[{"href":"https:\/\/audiobook-24.com\/en\/wp-json\/wp\/v2\/types\/product"}],"replies":[{"embeddable":true,"href":"https:\/\/audiobook-24.com\/en\/wp-json\/wp\/v2\/comments?post=3179"}],"wp:featuredmedia":[{"embeddable":true,"href":"https:\/\/audiobook-24.com\/en\/wp-json\/wp\/v2\/media\/3200"}],"wp:attachment":[{"href":"https:\/\/audiobook-24.com\/en\/wp-json\/wp\/v2\/media?parent=3179"}],"wp:term":[{"taxonomy":"product_brand","embeddable":true,"href":"https:\/\/audiobook-24.com\/en\/wp-json\/wp\/v2\/product_brand?post=3179"},{"taxonomy":"product_cat","embeddable":true,"href":"https:\/\/audiobook-24.com\/en\/wp-json\/wp\/v2\/product_cat?post=3179"},{"taxonomy":"product_tag","embeddable":true,"href":"https:\/\/audiobook-24.com\/en\/wp-json\/wp\/v2\/product_tag?post=3179"}],"curies":[{"name":"wp","href":"https:\/\/api.w.org\/{rel}","templated":true}]}}