{"id":3173,"date":"2026-02-17T15:14:28","date_gmt":"2026-02-17T15:14:28","guid":{"rendered":"https:\/\/audiobook-24.com\/?post_type=product&#038;p=3173"},"modified":"2026-02-17T15:14:30","modified_gmt":"2026-02-17T15:14:30","slug":"%f0%9f%8e%ac-video-the-accountant-2-2025-deutsch","status":"publish","type":"product","link":"https:\/\/audiobook-24.com\/en\/product\/%f0%9f%8e%ac-video-the-accountant-2-2025-deutsch\/","title":{"rendered":"\ud83c\udfac Video The Accountant 2 (2025) \u2013 Deutsch"},"content":{"rendered":"<p data-start=\"0\" data-end=\"46\"><img decoding=\"async\" class=\"emoji\" role=\"img\" draggable=\"false\" src=\"https:\/\/s.w.org\/images\/core\/emoji\/17.0.2\/svg\/1f3ac.svg\" alt=\"\ud83c\udfac\" \/>\u00a0<strong data-start=\"3\" data-end=\"46\">Video The Accountant 2 (2025) \u2013 Deutsch<\/strong><\/p>\n<p data-start=\"48\" data-end=\"348\">\u201eThe Accountant 2 (2025)\u201c setzt den d\u00fcsteren Action-Thriller um den hochbegabten Buchhalter Christian Wolff fort.<br data-start=\"161\" data-end=\"164\" \/>Zwischen Zahlen, Waffen und illegalen Gesch\u00e4ften ger\u00e4t Wolff erneut ins Visier m\u00e4chtiger Gegner, als eine neue Verschw\u00f6rung aus der Schattenwelt der Finanzkriminalit\u00e4t ans Licht kommt.<\/p>\n<p data-start=\"350\" data-end=\"621\">W\u00e4hrend alte Rechnungen beglichen werden m\u00fcssen, wird er in einen gef\u00e4hrlichen Konflikt gezogen, der Pr\u00e4zision, Intelligenz und kompromisslose Entschlossenheit erfordert.<br data-start=\"520\" data-end=\"523\" \/>Vergangenheit und Gegenwart prallen aufeinander \u2013 und jede falsche Kalkulation kann t\u00f6dlich enden.<\/p>\n<p data-start=\"623\" data-end=\"820\">Der Film kombiniert intelligente Thriller-Elemente mit harter Action und psychologischer Tiefe.<br data-start=\"718\" data-end=\"721\" \/>Ein kompromissloser Blick auf Moral, Gerechtigkeit und die Grauzonen zwischen Recht und Verbrechen.<\/p>\n<p data-start=\"822\" data-end=\"995\"><strong data-start=\"822\" data-end=\"842\">Erwartet werden:<\/strong><br data-start=\"842\" data-end=\"845\" \/><img decoding=\"async\" class=\"emoji\" role=\"img\" draggable=\"false\" src=\"https:\/\/s.w.org\/images\/core\/emoji\/17.0.2\/svg\/1f9ee.svg\" alt=\"\ud83e\uddee\" \/>\u00a0Intelligenter Action-Thriller<br data-start=\"877\" data-end=\"880\" \/><img decoding=\"async\" class=\"emoji\" role=\"img\" draggable=\"false\" src=\"https:\/\/s.w.org\/images\/core\/emoji\/17.0.2\/svg\/1f4a5.svg\" alt=\"\ud83d\udca5\" \/>\u00a0Harte, pr\u00e4zise Actionsequenzen<br data-start=\"913\" data-end=\"916\" \/><img decoding=\"async\" class=\"emoji\" role=\"img\" draggable=\"false\" src=\"https:\/\/s.w.org\/images\/core\/emoji\/17.0.2\/svg\/1f5a4.svg\" alt=\"\ud83d\udda4\" \/>\u00a0D\u00fcsterer Ton &amp; moralische Grauzonen<br data-start=\"954\" data-end=\"957\" \/><img decoding=\"async\" class=\"emoji\" role=\"img\" draggable=\"false\" src=\"https:\/\/s.w.org\/images\/core\/emoji\/17.0.2\/svg\/1f525.svg\" alt=\"\ud83d\udd25\" \/>\u00a0Spannende Wendungen &amp; hoher Druck<\/p>\n<p data-start=\"997\" data-end=\"1072\">Eine packende Fortsetzung, die Spannung, Action und Charaktertiefe vereint.<\/p>\n<p data-start=\"1074\" data-end=\"1120\"><img decoding=\"async\" class=\"emoji\" role=\"img\" draggable=\"false\" src=\"https:\/\/s.w.org\/images\/core\/emoji\/17.0.2\/svg\/1f50a.svg\" alt=\"\ud83d\udd0a\" \/>\u00a0<strong data-start=\"1077\" data-end=\"1088\">Format:<\/strong>\u00a0Video \/ Action \/ Thriller (MP4)<\/p>\n<p data-start=\"1122\" data-end=\"1271\"><img decoding=\"async\" class=\"emoji\" role=\"img\" draggable=\"false\" src=\"https:\/\/s.w.org\/images\/core\/emoji\/17.0.2\/svg\/2b07.svg\" alt=\"\u2b07\ufe0f\" \/>\u00a0Sofortiger Download f\u00fcr Handy<br data-start=\"1154\" data-end=\"1157\" \/><img decoding=\"async\" class=\"emoji\" role=\"img\" draggable=\"false\" src=\"https:\/\/s.w.org\/images\/core\/emoji\/17.0.2\/svg\/2b07.svg\" alt=\"\u2b07\ufe0f\" \/>\u00a0Sofortiger Download f\u00fcr PC<br data-start=\"1186\" data-end=\"1189\" \/><img decoding=\"async\" class=\"emoji\" role=\"img\" draggable=\"false\" src=\"https:\/\/s.w.org\/images\/core\/emoji\/17.0.2\/svg\/2b07.svg\" alt=\"\u2b07\ufe0f\" \/>\u00a0Sofortiger Download f\u00fcrs Tablet<br data-start=\"1223\" data-end=\"1226\" \/><img decoding=\"async\" class=\"emoji\" role=\"img\" draggable=\"false\" src=\"https:\/\/s.w.org\/images\/core\/emoji\/17.0.2\/svg\/2b07.svg\" alt=\"\u2b07\ufe0f\" \/>\u00a0Kompatibel mit allen MP4-f\u00e4higen Ger\u00e4ten<\/p>\n<p data-start=\"1273\" data-end=\"1331\" data-is-last-node=\"\" data-is-only-node=\"\"><img decoding=\"async\" class=\"emoji\" role=\"img\" draggable=\"false\" src=\"https:\/\/s.w.org\/images\/core\/emoji\/17.0.2\/svg\/1f449.svg\" alt=\"\ud83d\udc49\" \/>\u00a0<strong data-start=\"1276\" data-end=\"1331\" data-is-last-node=\"\">Einmal gekauft \u2013 jederzeit und unbegrenzt abrufbar!<\/strong><\/p>","protected":false},"excerpt":{"rendered":"<p>\u00a0Video The Accountant 2 (2025) \u2013 Deutsch \u201eThe Accountant 2 (2025)\u201c setzt den d\u00fcsteren Action-Thriller um den hochbegabten Buchhalter Christian Wolff fort.Zwischen Zahlen, Waffen und illegalen Gesch\u00e4ften ger\u00e4t Wolff erneut ins Visier m\u00e4chtiger Gegner, als eine neue Verschw\u00f6rung aus der Schattenwelt der Finanzkriminalit\u00e4t ans Licht kommt. W\u00e4hrend alte Rechnungen beglichen werden m\u00fcssen, wird er in [&hellip;]<\/p>\n","protected":false},"featured_media":3178,"comment_status":"open","ping_status":"closed","template":"","meta":[],"product_brand":[],"product_cat":[54,50,55],"product_tag":[],"class_list":{"0":"post-3173","1":"product","2":"type-product","3":"status-publish","4":"has-post-thumbnail","6":"product_cat-action","7":"product_cat-aktuelle-filme-2025","8":"product_cat-thriller","10":"first","11":"instock","12":"sale","13":"virtual","14":"purchasable","15":"product-type-simple"},"jetpack_sharing_enabled":true,"_links":{"self":[{"href":"https:\/\/audiobook-24.com\/en\/wp-json\/wp\/v2\/product\/3173","targetHints":{"allow":["GET"]}}],"collection":[{"href":"https:\/\/audiobook-24.com\/en\/wp-json\/wp\/v2\/product"}],"about":[{"href":"https:\/\/audiobook-24.com\/en\/wp-json\/wp\/v2\/types\/product"}],"replies":[{"embeddable":true,"href":"https:\/\/audiobook-24.com\/en\/wp-json\/wp\/v2\/comments?post=3173"}],"wp:featuredmedia":[{"embeddable":true,"href":"https:\/\/audiobook-24.com\/en\/wp-json\/wp\/v2\/media\/3178"}],"wp:attachment":[{"href":"https:\/\/audiobook-24.com\/en\/wp-json\/wp\/v2\/media?parent=3173"}],"wp:term":[{"taxonomy":"product_brand","embeddable":true,"href":"https:\/\/audiobook-24.com\/en\/wp-json\/wp\/v2\/product_brand?post=3173"},{"taxonomy":"product_cat","embeddable":true,"href":"https:\/\/audiobook-24.com\/en\/wp-json\/wp\/v2\/product_cat?post=3173"},{"taxonomy":"product_tag","embeddable":true,"href":"https:\/\/audiobook-24.com\/en\/wp-json\/wp\/v2\/product_tag?post=3173"}],"curies":[{"name":"wp","href":"https:\/\/api.w.org\/{rel}","templated":true}]}}