{"id":3172,"date":"2026-02-17T16:11:44","date_gmt":"2026-02-17T16:11:44","guid":{"rendered":"https:\/\/audiobook-24.com\/?post_type=product&#038;p=3172"},"modified":"2026-02-17T16:11:45","modified_gmt":"2026-02-17T16:11:45","slug":"%f0%9f%8e%ac-video-border-hunters-2025","status":"publish","type":"product","link":"https:\/\/audiobook-24.com\/en\/product\/%f0%9f%8e%ac-video-border-hunters-2025\/","title":{"rendered":"\ud83c\udfac Video Border Hunters (2025)"},"content":{"rendered":"<p data-start=\"0\" data-end=\"36\"><img decoding=\"async\" class=\"emoji\" role=\"img\" draggable=\"false\" src=\"https:\/\/s.w.org\/images\/core\/emoji\/17.0.2\/svg\/1f3ac.svg\" alt=\"\ud83c\udfac\" \/>\u00a0<strong data-start=\"3\" data-end=\"34\">Video Border Hunters (2025)<\/strong><\/p>\n<p data-start=\"38\" data-end=\"293\">\u201eBorder Hunters (2025)\u201c ist ein harter Action-Thriller \u00fcber Gesetzlose, Grenzgebiete und M\u00e4nner, die jenseits jeder Regel jagen.<br data-start=\"166\" data-end=\"169\" \/>In einer gnadenlosen Grenzregion, in der Recht und Ordnung l\u00e4ngst zerfallen sind, beginnt ein t\u00f6dliches Katz-und-Maus-Spiel.<\/p>\n<p data-start=\"295\" data-end=\"492\">Als eine brutale Jagd auf Schmuggler und Verbrecher eskaliert, verschwimmen die Grenzen zwischen J\u00e4ger und Gejagtem.<br data-start=\"411\" data-end=\"414\" \/>Moral z\u00e4hlt hier nichts \u2013 nur Instinkt, Feuerkraft und der Wille zu \u00fcberleben.<\/p>\n<p data-start=\"494\" data-end=\"582\">Ein kompromissloser Actionfilm voller Spannung, Gewalt und staubiger Western-Atmosph\u00e4re.<\/p>\n<p data-start=\"584\" data-end=\"788\"><strong data-start=\"584\" data-end=\"604\">Erwartet werden:<\/strong><br \/>\n<img decoding=\"async\" class=\"emoji\" role=\"img\" draggable=\"false\" src=\"https:\/\/s.w.org\/images\/core\/emoji\/17.0.2\/svg\/1f4a5.svg\" alt=\"\ud83d\udca5\" \/>\u00a0Harte Action &amp; explosive Feuergefechte<br data-start=\"646\" data-end=\"649\" \/><img decoding=\"async\" class=\"emoji\" role=\"img\" draggable=\"false\" src=\"https:\/\/s.w.org\/images\/core\/emoji\/17.0.2\/svg\/1f525.svg\" alt=\"\ud83d\udd25\" \/>\u00a0Gnadenlose Jagd &amp; t\u00f6dliche Konfrontationen<br data-start=\"694\" data-end=\"697\" \/><img decoding=\"async\" class=\"emoji\" role=\"img\" draggable=\"false\" src=\"https:\/\/s.w.org\/images\/core\/emoji\/17.0.2\/svg\/1f694.svg\" alt=\"\ud83d\ude94\" \/>\u00a0Gesetzlose Grenzregion &amp; d\u00fcstere Stimmung<br data-start=\"741\" data-end=\"744\" \/><img decoding=\"async\" class=\"emoji\" role=\"img\" draggable=\"false\" src=\"https:\/\/s.w.org\/images\/core\/emoji\/17.0.2\/svg\/1fa78.svg\" alt=\"\ud83e\ude78\" \/>\u00a0Roher Realismus &amp; kompromisslose Gewalt<\/p>\n<p data-start=\"790\" data-end=\"879\">Ein intensiver Thriller \u00fcber Macht, Gerechtigkeit und das Leben am Rand der Zivilisation.<\/p>\n<p data-start=\"881\" data-end=\"929\"><img decoding=\"async\" class=\"emoji\" role=\"img\" draggable=\"false\" src=\"https:\/\/s.w.org\/images\/core\/emoji\/17.0.2\/svg\/1f50a.svg\" alt=\"\ud83d\udd0a\" \/>\u00a0<strong data-start=\"884\" data-end=\"895\">Format:<\/strong>\u00a0Video \/ Action \/ Thriller (MP4)<\/p>\n<p data-start=\"931\" data-end=\"1080\"><img decoding=\"async\" class=\"emoji\" role=\"img\" draggable=\"false\" src=\"https:\/\/s.w.org\/images\/core\/emoji\/17.0.2\/svg\/2b07.svg\" alt=\"\u2b07\ufe0f\" \/>\u00a0Sofortiger Download f\u00fcr Handy<br data-start=\"963\" data-end=\"966\" \/><img decoding=\"async\" class=\"emoji\" role=\"img\" draggable=\"false\" src=\"https:\/\/s.w.org\/images\/core\/emoji\/17.0.2\/svg\/2b07.svg\" alt=\"\u2b07\ufe0f\" \/>\u00a0Sofortiger Download f\u00fcr PC<br data-start=\"995\" data-end=\"998\" \/><img decoding=\"async\" class=\"emoji\" role=\"img\" draggable=\"false\" src=\"https:\/\/s.w.org\/images\/core\/emoji\/17.0.2\/svg\/2b07.svg\" alt=\"\u2b07\ufe0f\" \/>\u00a0Sofortiger Download f\u00fcrs Tablet<br data-start=\"1032\" data-end=\"1035\" \/><img decoding=\"async\" class=\"emoji\" role=\"img\" draggable=\"false\" src=\"https:\/\/s.w.org\/images\/core\/emoji\/17.0.2\/svg\/2b07.svg\" alt=\"\u2b07\ufe0f\" \/>\u00a0Kompatibel mit allen MP4-f\u00e4higen Ger\u00e4ten<\/p>\n<p data-start=\"1082\" data-end=\"1140\" data-is-last-node=\"\" data-is-only-node=\"\"><img decoding=\"async\" class=\"emoji\" role=\"img\" draggable=\"false\" src=\"https:\/\/s.w.org\/images\/core\/emoji\/17.0.2\/svg\/1f449.svg\" alt=\"\ud83d\udc49\" \/>\u00a0<strong data-start=\"1085\" data-end=\"1140\" data-is-last-node=\"\">Einmal gekauft \u2013 jederzeit und unbegrenzt abrufbar!<\/strong><\/p>","protected":false},"excerpt":{"rendered":"<p>\u00a0Video Border Hunters (2025) \u201eBorder Hunters (2025)\u201c ist ein harter Action-Thriller \u00fcber Gesetzlose, Grenzgebiete und M\u00e4nner, die jenseits jeder Regel jagen.In einer gnadenlosen Grenzregion, in der Recht und Ordnung l\u00e4ngst zerfallen sind, beginnt ein t\u00f6dliches Katz-und-Maus-Spiel. Als eine brutale Jagd auf Schmuggler und Verbrecher eskaliert, verschwimmen die Grenzen zwischen J\u00e4ger und Gejagtem.Moral z\u00e4hlt hier nichts [&hellip;]<\/p>\n","protected":false},"featured_media":3208,"comment_status":"open","ping_status":"closed","template":"","meta":[],"product_brand":[],"product_cat":[54,50,55],"product_tag":[],"class_list":{"0":"post-3172","1":"product","2":"type-product","3":"status-publish","4":"has-post-thumbnail","6":"product_cat-action","7":"product_cat-aktuelle-filme-2025","8":"product_cat-thriller","10":"first","11":"instock","12":"sale","13":"virtual","14":"purchasable","15":"product-type-simple"},"jetpack_sharing_enabled":true,"_links":{"self":[{"href":"https:\/\/audiobook-24.com\/en\/wp-json\/wp\/v2\/product\/3172","targetHints":{"allow":["GET"]}}],"collection":[{"href":"https:\/\/audiobook-24.com\/en\/wp-json\/wp\/v2\/product"}],"about":[{"href":"https:\/\/audiobook-24.com\/en\/wp-json\/wp\/v2\/types\/product"}],"replies":[{"embeddable":true,"href":"https:\/\/audiobook-24.com\/en\/wp-json\/wp\/v2\/comments?post=3172"}],"wp:featuredmedia":[{"embeddable":true,"href":"https:\/\/audiobook-24.com\/en\/wp-json\/wp\/v2\/media\/3208"}],"wp:attachment":[{"href":"https:\/\/audiobook-24.com\/en\/wp-json\/wp\/v2\/media?parent=3172"}],"wp:term":[{"taxonomy":"product_brand","embeddable":true,"href":"https:\/\/audiobook-24.com\/en\/wp-json\/wp\/v2\/product_brand?post=3172"},{"taxonomy":"product_cat","embeddable":true,"href":"https:\/\/audiobook-24.com\/en\/wp-json\/wp\/v2\/product_cat?post=3172"},{"taxonomy":"product_tag","embeddable":true,"href":"https:\/\/audiobook-24.com\/en\/wp-json\/wp\/v2\/product_tag?post=3172"}],"curies":[{"name":"wp","href":"https:\/\/api.w.org\/{rel}","templated":true}]}}