{"id":317,"date":"2025-11-15T16:08:58","date_gmt":"2025-11-15T16:08:58","guid":{"rendered":"https:\/\/audiobook-24.com\/?post_type=product&#038;p=317"},"modified":"2025-11-15T16:08:58","modified_gmt":"2025-11-15T16:08:58","slug":"ebook-magazin-playboy-mai-no-05-2025","status":"publish","type":"product","link":"https:\/\/audiobook-24.com\/en\/product\/ebook-magazin-playboy-mai-no-05-2025\/","title":{"rendered":"Ebook Magazin: Playboy \u2013 Mai No. 05 \/ 2025"},"content":{"rendered":"<p><strong><span style=\"font-size: x-large;\">Ebook Magazin: Playboy \u2013 Mai No. 05 \/ 2025<\/span><\/strong><\/p>\n<p><span style=\"font-size: x-large;\"><b><br \/>\n<\/b><\/span><span style=\"font-size: large;\"><strong>Inhalt:<\/strong>\u00a0Die\u00a0<strong>Mai-Ausgabe 2025<\/strong>\u00a0des Playboy vereint\u00a0<strong>exklusive Fotostrecken, spannende Reportagen und Interviews<\/strong>\u00a0mit inspirierenden Lifestyle- und Kulturthemen. Der\u00a0<strong>Playboy No. 05\/2025<\/strong>\u00a0begeistert mit Eleganz, Glamour und einer Vielfalt an modernen Trends \u2013 perfekt f\u00fcr alle, die Stil und Unterhaltung auf h\u00f6chstem Niveau genie\u00dfen wollen.<\/span><\/p>\n<p><span style=\"font-size: large;\">\u2705\u00a0<strong>Nach der Bezahlung<\/strong>\u00a0erhalten Sie sofort den pers\u00f6nlichen Downloadlink f\u00fcr:<br \/>\n\ud83d\udcf1\u00a0<strong>Handy<\/strong>\u2003|\u2003\ud83d\udcbb\u00a0<strong>Tablet<\/strong>\u2003|\u2003\ud83c\udfa7\u00a0<strong>MP3-Player<\/strong>\u2003|\u2003\ud83d\udda5\ufe0f\u00a0<strong>PC<\/strong><\/span><\/p>\n<p><span style=\"font-size: large;\">Ein\u00a0<strong>Ebook Magazin<\/strong>\u00a0voller Inspiration, Stil und Exklusivit\u00e4t \u2013 genie\u00dfen Sie den\u00a0<strong>Playboy Mai 2025<\/strong>\u00a0jederzeit und so oft Sie wollen!<\/span><\/p>","protected":false},"excerpt":{"rendered":"<p>Ebook Magazin: Playboy \u2013 Mai No. 05 \/ 2025 Inhalt:\u00a0Die\u00a0Mai-Ausgabe 2025\u00a0des Playboy vereint\u00a0exklusive Fotostrecken, spannende Reportagen und Interviews\u00a0mit inspirierenden Lifestyle- und Kulturthemen. Der\u00a0Playboy No. 05\/2025\u00a0begeistert mit Eleganz, Glamour und einer Vielfalt an modernen Trends \u2013 perfekt f\u00fcr alle, die Stil und Unterhaltung auf h\u00f6chstem Niveau genie\u00dfen wollen. \u2705\u00a0Nach der Bezahlung\u00a0erhalten Sie sofort den pers\u00f6nlichen Downloadlink [&hellip;]<\/p>\n","protected":false},"featured_media":318,"comment_status":"open","ping_status":"closed","template":"","meta":[],"product_brand":[],"product_cat":[29,27],"product_tag":[],"class_list":{"0":"post-317","1":"product","2":"type-product","3":"status-publish","4":"has-post-thumbnail","6":"product_cat-erotik","7":"product_cat-playboy-penthouse","9":"first","10":"instock","11":"sale","12":"virtual","13":"purchasable","14":"product-type-simple"},"jetpack_sharing_enabled":true,"_links":{"self":[{"href":"https:\/\/audiobook-24.com\/en\/wp-json\/wp\/v2\/product\/317","targetHints":{"allow":["GET"]}}],"collection":[{"href":"https:\/\/audiobook-24.com\/en\/wp-json\/wp\/v2\/product"}],"about":[{"href":"https:\/\/audiobook-24.com\/en\/wp-json\/wp\/v2\/types\/product"}],"replies":[{"embeddable":true,"href":"https:\/\/audiobook-24.com\/en\/wp-json\/wp\/v2\/comments?post=317"}],"wp:featuredmedia":[{"embeddable":true,"href":"https:\/\/audiobook-24.com\/en\/wp-json\/wp\/v2\/media\/318"}],"wp:attachment":[{"href":"https:\/\/audiobook-24.com\/en\/wp-json\/wp\/v2\/media?parent=317"}],"wp:term":[{"taxonomy":"product_brand","embeddable":true,"href":"https:\/\/audiobook-24.com\/en\/wp-json\/wp\/v2\/product_brand?post=317"},{"taxonomy":"product_cat","embeddable":true,"href":"https:\/\/audiobook-24.com\/en\/wp-json\/wp\/v2\/product_cat?post=317"},{"taxonomy":"product_tag","embeddable":true,"href":"https:\/\/audiobook-24.com\/en\/wp-json\/wp\/v2\/product_tag?post=317"}],"curies":[{"name":"wp","href":"https:\/\/api.w.org\/{rel}","templated":true}]}}