{"id":3158,"date":"2026-02-17T11:13:53","date_gmt":"2026-02-17T11:13:53","guid":{"rendered":"https:\/\/audiobook-24.com\/?post_type=product&#038;p=3158"},"modified":"2026-02-17T11:13:55","modified_gmt":"2026-02-17T11:13:55","slug":"%f0%9f%8e%ac-video-jurassic-world-die-wiedergeburt-2025-deutsch","status":"publish","type":"product","link":"https:\/\/audiobook-24.com\/en\/product\/%f0%9f%8e%ac-video-jurassic-world-die-wiedergeburt-2025-deutsch\/","title":{"rendered":"\ud83c\udfac Video Jurassic World: Die Wiedergeburt (2025) \u2013 Deutsch"},"content":{"rendered":"<p data-start=\"0\" data-end=\"64\"><img decoding=\"async\" class=\"emoji\" role=\"img\" draggable=\"false\" src=\"https:\/\/s.w.org\/images\/core\/emoji\/17.0.2\/svg\/1f3ac.svg\" alt=\"\ud83c\udfac\" \/>\u00a0<strong data-start=\"3\" data-end=\"62\">Video Jurassic World: Die Wiedergeburt (2025) \u2013 Deutsch<\/strong><\/p>\n<p data-start=\"66\" data-end=\"394\">\u201eJurassic World: Die Wiedergeburt (2025)\u201c bringt die epische Dinosaurier-Saga zur\u00fcck auf die gro\u00dfe Leinwand.<br data-start=\"174\" data-end=\"177\" \/>Nach den katastrophalen Ereignissen der Vorg\u00e4nger versuchen Wissenschaftler und Abenteurer, die gef\u00e4hrlichen Kreaturen unter Kontrolle zu bringen \u2013 doch eine neue Bedrohung l\u00e4sst die Insel erneut in Chaos versinken.<\/p>\n<p data-start=\"396\" data-end=\"666\">Die Protagonisten m\u00fcssen sich sowohl gegen die wachsende Gefahr der Dinos als auch gegen menschliche Konflikte behaupten.<br data-start=\"517\" data-end=\"520\" \/>Der Film vereint spektakul\u00e4re Action, atemberaubende Effekte und packende Spannung mit dramatischen Entscheidungen und \u00fcberraschenden Wendungen.<\/p>\n<p data-start=\"668\" data-end=\"861\"><strong data-start=\"668\" data-end=\"688\">Erwartet werden:<\/strong><br data-start=\"688\" data-end=\"691\" \/><img decoding=\"async\" class=\"emoji\" role=\"img\" draggable=\"false\" src=\"https:\/\/s.w.org\/images\/core\/emoji\/17.0.2\/svg\/1f996.svg\" alt=\"\ud83e\udd96\" \/>\u00a0Atemberaubende Dinosaurier-Action<br data-start=\"727\" data-end=\"730\" \/><img decoding=\"async\" class=\"emoji\" role=\"img\" draggable=\"false\" src=\"https:\/\/s.w.org\/images\/core\/emoji\/17.0.2\/svg\/1f334.svg\" alt=\"\ud83c\udf34\" \/>\u00a0Spannende Abenteuer auf der Insel<br data-start=\"766\" data-end=\"769\" \/><img decoding=\"async\" class=\"emoji\" role=\"img\" draggable=\"false\" src=\"https:\/\/s.w.org\/images\/core\/emoji\/17.0.2\/svg\/1f525.svg\" alt=\"\ud83d\udd25\" \/>\u00a0Nervenkitzel &amp; dramatische Wendungen<br data-start=\"808\" data-end=\"811\" \/><img decoding=\"async\" class=\"emoji\" role=\"img\" draggable=\"false\" src=\"https:\/\/s.w.org\/images\/core\/emoji\/17.0.2\/svg\/1f4a5.svg\" alt=\"\ud83d\udca5\" \/>\u00a0Spektakul\u00e4re Spezialeffekte &amp; packende Szenen<\/p>\n<p data-start=\"863\" data-end=\"988\">Ein aufregender Action-Blockbuster, der Fans der Reihe alles bietet, was sie lieben: Spannung, Chaos und gigantische Dinos.<\/p>\n<p data-start=\"990\" data-end=\"1048\"><img decoding=\"async\" class=\"emoji\" role=\"img\" draggable=\"false\" src=\"https:\/\/s.w.org\/images\/core\/emoji\/17.0.2\/svg\/1f50a.svg\" alt=\"\ud83d\udd0a\" \/>\u00a0<strong data-start=\"993\" data-end=\"1004\">Format:<\/strong>\u00a0Video \/ Action \/ Abenteuer \/ Sci-Fi (MP4)<\/p>\n<p data-start=\"1050\" data-end=\"1199\"><img decoding=\"async\" class=\"emoji\" role=\"img\" draggable=\"false\" src=\"https:\/\/s.w.org\/images\/core\/emoji\/17.0.2\/svg\/2b07.svg\" alt=\"\u2b07\ufe0f\" \/>\u00a0Sofortiger Download f\u00fcr Handy<br data-start=\"1082\" data-end=\"1085\" \/><img decoding=\"async\" class=\"emoji\" role=\"img\" draggable=\"false\" src=\"https:\/\/s.w.org\/images\/core\/emoji\/17.0.2\/svg\/2b07.svg\" alt=\"\u2b07\ufe0f\" \/>\u00a0Sofortiger Download f\u00fcr PC<br data-start=\"1114\" data-end=\"1117\" \/><img decoding=\"async\" class=\"emoji\" role=\"img\" draggable=\"false\" src=\"https:\/\/s.w.org\/images\/core\/emoji\/17.0.2\/svg\/2b07.svg\" alt=\"\u2b07\ufe0f\" \/>\u00a0Sofortiger Download f\u00fcrs Tablet<br data-start=\"1151\" data-end=\"1154\" \/><img decoding=\"async\" class=\"emoji\" role=\"img\" draggable=\"false\" src=\"https:\/\/s.w.org\/images\/core\/emoji\/17.0.2\/svg\/2b07.svg\" alt=\"\u2b07\ufe0f\" \/>\u00a0Kompatibel mit allen MP4-f\u00e4higen Ger\u00e4ten<\/p>\n<p data-start=\"1201\" data-end=\"1259\" data-is-last-node=\"\" data-is-only-node=\"\"><img decoding=\"async\" class=\"emoji\" role=\"img\" draggable=\"false\" src=\"https:\/\/s.w.org\/images\/core\/emoji\/17.0.2\/svg\/1f449.svg\" alt=\"\ud83d\udc49\" \/>\u00a0<strong data-start=\"1204\" data-end=\"1259\" data-is-last-node=\"\">Einmal gekauft \u2013 jederzeit und unbegrenzt abrufbar!<\/strong><\/p>","protected":false},"excerpt":{"rendered":"<p>\u00a0Video Jurassic World: Die Wiedergeburt (2025) \u2013 Deutsch \u201eJurassic World: Die Wiedergeburt (2025)\u201c bringt die epische Dinosaurier-Saga zur\u00fcck auf die gro\u00dfe Leinwand.Nach den katastrophalen Ereignissen der Vorg\u00e4nger versuchen Wissenschaftler und Abenteurer, die gef\u00e4hrlichen Kreaturen unter Kontrolle zu bringen \u2013 doch eine neue Bedrohung l\u00e4sst die Insel erneut in Chaos versinken. Die Protagonisten m\u00fcssen sich sowohl [&hellip;]<\/p>\n","protected":false},"featured_media":3162,"comment_status":"open","ping_status":"closed","template":"","meta":[],"product_brand":[],"product_cat":[54,50,57],"product_tag":[],"class_list":{"0":"post-3158","1":"product","2":"type-product","3":"status-publish","4":"has-post-thumbnail","6":"product_cat-action","7":"product_cat-aktuelle-filme-2025","8":"product_cat-science-fiction","10":"first","11":"instock","12":"sale","13":"virtual","14":"purchasable","15":"product-type-simple"},"jetpack_sharing_enabled":true,"_links":{"self":[{"href":"https:\/\/audiobook-24.com\/en\/wp-json\/wp\/v2\/product\/3158","targetHints":{"allow":["GET"]}}],"collection":[{"href":"https:\/\/audiobook-24.com\/en\/wp-json\/wp\/v2\/product"}],"about":[{"href":"https:\/\/audiobook-24.com\/en\/wp-json\/wp\/v2\/types\/product"}],"replies":[{"embeddable":true,"href":"https:\/\/audiobook-24.com\/en\/wp-json\/wp\/v2\/comments?post=3158"}],"wp:featuredmedia":[{"embeddable":true,"href":"https:\/\/audiobook-24.com\/en\/wp-json\/wp\/v2\/media\/3162"}],"wp:attachment":[{"href":"https:\/\/audiobook-24.com\/en\/wp-json\/wp\/v2\/media?parent=3158"}],"wp:term":[{"taxonomy":"product_brand","embeddable":true,"href":"https:\/\/audiobook-24.com\/en\/wp-json\/wp\/v2\/product_brand?post=3158"},{"taxonomy":"product_cat","embeddable":true,"href":"https:\/\/audiobook-24.com\/en\/wp-json\/wp\/v2\/product_cat?post=3158"},{"taxonomy":"product_tag","embeddable":true,"href":"https:\/\/audiobook-24.com\/en\/wp-json\/wp\/v2\/product_tag?post=3158"}],"curies":[{"name":"wp","href":"https:\/\/api.w.org\/{rel}","templated":true}]}}