{"id":3157,"date":"2026-02-17T11:11:20","date_gmt":"2026-02-17T11:11:20","guid":{"rendered":"https:\/\/audiobook-24.com\/?post_type=product&#038;p=3157"},"modified":"2026-02-17T11:11:22","modified_gmt":"2026-02-17T11:11:22","slug":"video-conjuring-4-das-letzte-kapitel-2025-deutsch","status":"publish","type":"product","link":"https:\/\/audiobook-24.com\/en\/product\/video-conjuring-4-das-letzte-kapitel-2025-deutsch\/","title":{"rendered":"\u00a0Video Conjuring 4: Das Letzte Kapitel (2025) \u2013 Deutsch"},"content":{"rendered":"<p data-start=\"0\" data-end=\"63\"><img decoding=\"async\" class=\"emoji\" role=\"img\" draggable=\"false\" src=\"https:\/\/s.w.org\/images\/core\/emoji\/17.0.2\/svg\/1f3ac.svg\" alt=\"\ud83c\udfac\" \/>\u00a0<strong data-start=\"3\" data-end=\"61\">Video Conjuring 4: Das Letzte Kapitel (2025) \u2013 Deutsch<\/strong><\/p>\n<p data-start=\"65\" data-end=\"378\">\u201eConjuring 4: Das Letzte Kapitel (2025)\u201c f\u00fchrt die legend\u00e4re Horrorreihe in ein finales, packendes Kapitel voller \u00fcbernat\u00fcrlicher Schrecken.<br data-start=\"205\" data-end=\"208\" \/>Die erfahrenen Ermittler Ed und Lorraine Warren stehen erneut vor einer unheimlichen Bedrohung, die st\u00e4rker und gef\u00e4hrlicher ist als alles, was sie bisher erlebt haben.<\/p>\n<p data-start=\"380\" data-end=\"636\">Zwischen d\u00e4monischen Erscheinungen, d\u00fcsteren Ritualen und schaurigen Orten steigt die Angst ins Unermessliche.<br data-start=\"490\" data-end=\"493\" \/>Der Film verbindet klassische Geistergeschichten mit moderner Schockeffekt-Technik, tiefgr\u00fcndiger Spannung und nervenaufreibender Atmosph\u00e4re.<\/p>\n<p data-start=\"638\" data-end=\"840\"><strong data-start=\"638\" data-end=\"658\">Erwartet werden:<\/strong><br data-start=\"658\" data-end=\"661\" \/><img decoding=\"async\" class=\"emoji\" role=\"img\" draggable=\"false\" src=\"https:\/\/s.w.org\/images\/core\/emoji\/17.0.2\/svg\/1f47b.svg\" alt=\"\ud83d\udc7b\" \/>\u00a0\u00dcbernat\u00fcrlicher Horror &amp; Geistererscheinungen<br data-start=\"709\" data-end=\"712\" \/><img decoding=\"async\" class=\"emoji\" role=\"img\" draggable=\"false\" src=\"https:\/\/s.w.org\/images\/core\/emoji\/17.0.2\/svg\/1f5a4.svg\" alt=\"\ud83d\udda4\" \/>\u00a0D\u00fcster-gruselige Stimmung<br data-start=\"740\" data-end=\"743\" \/><img decoding=\"async\" class=\"emoji\" role=\"img\" draggable=\"false\" src=\"https:\/\/s.w.org\/images\/core\/emoji\/17.0.2\/svg\/1f628.svg\" alt=\"\ud83d\ude28\" \/>\u00a0Schockmomente &amp; nervenaufreibende Spannung<br data-start=\"788\" data-end=\"791\" \/><img decoding=\"async\" class=\"emoji\" role=\"img\" draggable=\"false\" src=\"https:\/\/s.w.org\/images\/core\/emoji\/17.0.2\/svg\/1f525.svg\" alt=\"\ud83d\udd25\" \/>\u00a0Finales Kapitel mit \u00fcberraschenden Wendungen<\/p>\n<p data-start=\"842\" data-end=\"943\">Ein intensiver Horrorfilm, der Fans der Reihe das F\u00fcrchten lehrt und das Kapitel w\u00fcrdig abschlie\u00dft.<\/p>\n<p data-start=\"945\" data-end=\"993\"><img decoding=\"async\" class=\"emoji\" role=\"img\" draggable=\"false\" src=\"https:\/\/s.w.org\/images\/core\/emoji\/17.0.2\/svg\/1f50a.svg\" alt=\"\ud83d\udd0a\" \/>\u00a0<strong data-start=\"948\" data-end=\"959\">Format:<\/strong>\u00a0Video \/ Horror \/ Thriller (MP4)<\/p>\n<p data-start=\"995\" data-end=\"1144\"><img decoding=\"async\" class=\"emoji\" role=\"img\" draggable=\"false\" src=\"https:\/\/s.w.org\/images\/core\/emoji\/17.0.2\/svg\/2b07.svg\" alt=\"\u2b07\ufe0f\" \/>\u00a0Sofortiger Download f\u00fcr Handy<br data-start=\"1027\" data-end=\"1030\" \/><img decoding=\"async\" class=\"emoji\" role=\"img\" draggable=\"false\" src=\"https:\/\/s.w.org\/images\/core\/emoji\/17.0.2\/svg\/2b07.svg\" alt=\"\u2b07\ufe0f\" \/>\u00a0Sofortiger Download f\u00fcr PC<br data-start=\"1059\" data-end=\"1062\" \/><img decoding=\"async\" class=\"emoji\" role=\"img\" draggable=\"false\" src=\"https:\/\/s.w.org\/images\/core\/emoji\/17.0.2\/svg\/2b07.svg\" alt=\"\u2b07\ufe0f\" \/>\u00a0Sofortiger Download f\u00fcrs Tablet<br data-start=\"1096\" data-end=\"1099\" \/><img decoding=\"async\" class=\"emoji\" role=\"img\" draggable=\"false\" src=\"https:\/\/s.w.org\/images\/core\/emoji\/17.0.2\/svg\/2b07.svg\" alt=\"\u2b07\ufe0f\" \/>\u00a0Kompatibel mit allen MP4-f\u00e4higen Ger\u00e4ten<\/p>\n<p data-start=\"1146\" data-end=\"1204\" data-is-last-node=\"\" data-is-only-node=\"\"><img decoding=\"async\" class=\"emoji\" role=\"img\" draggable=\"false\" src=\"https:\/\/s.w.org\/images\/core\/emoji\/17.0.2\/svg\/1f449.svg\" alt=\"\ud83d\udc49\" \/>\u00a0<strong data-start=\"1149\" data-end=\"1204\" data-is-last-node=\"\">Einmal gekauft \u2013 jederzeit und unbegrenzt abrufbar!<\/strong><\/p>","protected":false},"excerpt":{"rendered":"<p>\u00a0Video Conjuring 4: Das Letzte Kapitel (2025) \u2013 Deutsch \u201eConjuring 4: Das Letzte Kapitel (2025)\u201c f\u00fchrt die legend\u00e4re Horrorreihe in ein finales, packendes Kapitel voller \u00fcbernat\u00fcrlicher Schrecken.Die erfahrenen Ermittler Ed und Lorraine Warren stehen erneut vor einer unheimlichen Bedrohung, die st\u00e4rker und gef\u00e4hrlicher ist als alles, was sie bisher erlebt haben. Zwischen d\u00e4monischen Erscheinungen, d\u00fcsteren [&hellip;]<\/p>\n","protected":false},"featured_media":3161,"comment_status":"open","ping_status":"closed","template":"","meta":[],"product_brand":[],"product_cat":[50,56,55],"product_tag":[],"class_list":{"0":"post-3157","1":"product","2":"type-product","3":"status-publish","4":"has-post-thumbnail","6":"product_cat-aktuelle-filme-2025","7":"product_cat-grusel-horror","8":"product_cat-thriller","10":"first","11":"instock","12":"sale","13":"virtual","14":"purchasable","15":"product-type-simple"},"jetpack_sharing_enabled":true,"_links":{"self":[{"href":"https:\/\/audiobook-24.com\/en\/wp-json\/wp\/v2\/product\/3157","targetHints":{"allow":["GET"]}}],"collection":[{"href":"https:\/\/audiobook-24.com\/en\/wp-json\/wp\/v2\/product"}],"about":[{"href":"https:\/\/audiobook-24.com\/en\/wp-json\/wp\/v2\/types\/product"}],"replies":[{"embeddable":true,"href":"https:\/\/audiobook-24.com\/en\/wp-json\/wp\/v2\/comments?post=3157"}],"wp:featuredmedia":[{"embeddable":true,"href":"https:\/\/audiobook-24.com\/en\/wp-json\/wp\/v2\/media\/3161"}],"wp:attachment":[{"href":"https:\/\/audiobook-24.com\/en\/wp-json\/wp\/v2\/media?parent=3157"}],"wp:term":[{"taxonomy":"product_brand","embeddable":true,"href":"https:\/\/audiobook-24.com\/en\/wp-json\/wp\/v2\/product_brand?post=3157"},{"taxonomy":"product_cat","embeddable":true,"href":"https:\/\/audiobook-24.com\/en\/wp-json\/wp\/v2\/product_cat?post=3157"},{"taxonomy":"product_tag","embeddable":true,"href":"https:\/\/audiobook-24.com\/en\/wp-json\/wp\/v2\/product_tag?post=3157"}],"curies":[{"name":"wp","href":"https:\/\/api.w.org\/{rel}","templated":true}]}}