{"id":3152,"date":"2026-02-17T11:02:01","date_gmt":"2026-02-17T11:02:01","guid":{"rendered":"https:\/\/audiobook-24.com\/?post_type=product&#038;p=3152"},"modified":"2026-02-17T11:05:01","modified_gmt":"2026-02-17T11:05:01","slug":"avatar-2-the-way-of-water-2022-deutsch","status":"publish","type":"product","link":"https:\/\/audiobook-24.com\/en\/product\/avatar-2-the-way-of-water-2022-deutsch\/","title":{"rendered":"\u00a0Avatar 2: The Way of Water (2022) \u2013 Deutsch"},"content":{"rendered":"<h2 data-start=\"0\" data-end=\"50\"><img decoding=\"async\" class=\"emoji\" role=\"img\" draggable=\"false\" src=\"https:\/\/s.w.org\/images\/core\/emoji\/17.0.2\/svg\/1f3ac.svg\" alt=\"\ud83c\udfac\" \/>\u00a0<strong data-start=\"3\" data-end=\"50\">Avatar 2: The Way of Water (2022) \u2013 Deutsch<\/strong><\/h2>\n<p data-start=\"52\" data-end=\"340\">\u201eAvatar 2: The Way of Water (2022)\u201c entf\u00fchrt zur\u00fcck nach Pandora und erweitert James Camerons episches Sci-Fi-Universum um atemberaubende Ozeanwelten.<br data-start=\"202\" data-end=\"205\" \/>Jake Sully und Neytiri haben sich ein neues Leben aufgebaut \u2013 doch eine alte Bedrohung kehrt zur\u00fcck und zwingt ihre Familie zur Flucht.<\/p>\n<p data-start=\"342\" data-end=\"601\">Auf der Suche nach Schutz schlie\u00dfen sie sich dem Meeresvolk der Metkayina an.<br data-start=\"419\" data-end=\"422\" \/>Inmitten fremder Kulturen, gewaltiger Unterwasserlandschaften und neuer Gefahren steht nicht nur das \u00dcberleben Pandoras auf dem Spiel, sondern auch der Zusammenhalt einer Familie.<\/p>\n<p data-start=\"603\" data-end=\"833\">Der Film verbindet spektakul\u00e4re Action mit emotionaler Tiefe und einer klaren Botschaft \u00fcber Natur, Verantwortung und Zugeh\u00f6rigkeit.<br data-start=\"735\" data-end=\"738\" \/>Visuell wie technisch setzt er neue Ma\u00dfst\u00e4be und zieht den Zuschauer vollst\u00e4ndig in seine Welt.<\/p>\n<p data-start=\"835\" data-end=\"1037\"><strong data-start=\"835\" data-end=\"855\">Erwartet werden:<\/strong><br \/>\n<img decoding=\"async\" class=\"emoji\" role=\"img\" draggable=\"false\" src=\"https:\/\/s.w.org\/images\/core\/emoji\/17.0.2\/svg\/1f30a.svg\" alt=\"\ud83c\udf0a\" \/>\u00a0Atemberaubende Unterwasserwelten<br data-start=\"891\" data-end=\"894\" \/><img decoding=\"async\" class=\"emoji\" role=\"img\" draggable=\"false\" src=\"https:\/\/s.w.org\/images\/core\/emoji\/17.0.2\/svg\/1f468-200d-1f469-200d-1f467-200d-1f466.svg\" alt=\"\ud83d\udc68\u200d\ud83d\udc69\u200d\ud83d\udc67\u200d\ud83d\udc66\" \/>\u00a0Familiendrama &amp; emotionale Entwicklung<br data-start=\"944\" data-end=\"947\" \/><img decoding=\"async\" class=\"emoji\" role=\"img\" draggable=\"false\" src=\"https:\/\/s.w.org\/images\/core\/emoji\/17.0.2\/svg\/1f680.svg\" alt=\"\ud83d\ude80\" \/>\u00a0Epische Sci-Fi-Action &amp; moderne Effekte<br data-start=\"989\" data-end=\"992\" \/><img decoding=\"async\" class=\"emoji\" role=\"img\" draggable=\"false\" src=\"https:\/\/s.w.org\/images\/core\/emoji\/17.0.2\/svg\/1f499.svg\" alt=\"\ud83d\udc99\" \/>\u00a0Umweltbotschaft &amp; fantastische Kreaturen<\/p>\n<p data-start=\"1039\" data-end=\"1137\">Ein monumentales Kinoerlebnis, das Technik, Emotion und Fantasie auf eindrucksvolle Weise vereint.<\/p>\n<p data-start=\"1139\" data-end=\"1186\"><img decoding=\"async\" class=\"emoji\" role=\"img\" draggable=\"false\" src=\"https:\/\/s.w.org\/images\/core\/emoji\/17.0.2\/svg\/1f50a.svg\" alt=\"\ud83d\udd0a\" \/>\u00a0<strong data-start=\"1142\" data-end=\"1153\">Format:<\/strong>\u00a0Video \/ Sci-Fi \/ Abenteuer (MP4)<\/p>\n<p data-start=\"1188\" data-end=\"1337\"><img decoding=\"async\" class=\"emoji\" role=\"img\" draggable=\"false\" src=\"https:\/\/s.w.org\/images\/core\/emoji\/17.0.2\/svg\/2b07.svg\" alt=\"\u2b07\ufe0f\" \/>\u00a0Sofortiger Download f\u00fcr Handy<br data-start=\"1220\" data-end=\"1223\" \/><img decoding=\"async\" class=\"emoji\" role=\"img\" draggable=\"false\" src=\"https:\/\/s.w.org\/images\/core\/emoji\/17.0.2\/svg\/2b07.svg\" alt=\"\u2b07\ufe0f\" \/>\u00a0Sofortiger Download f\u00fcr PC<br data-start=\"1252\" data-end=\"1255\" \/><img decoding=\"async\" class=\"emoji\" role=\"img\" draggable=\"false\" src=\"https:\/\/s.w.org\/images\/core\/emoji\/17.0.2\/svg\/2b07.svg\" alt=\"\u2b07\ufe0f\" \/>\u00a0Sofortiger Download f\u00fcrs Tablet<br data-start=\"1289\" data-end=\"1292\" \/><img decoding=\"async\" class=\"emoji\" role=\"img\" draggable=\"false\" src=\"https:\/\/s.w.org\/images\/core\/emoji\/17.0.2\/svg\/2b07.svg\" alt=\"\u2b07\ufe0f\" \/>\u00a0Kompatibel mit allen MP4-f\u00e4higen Ger\u00e4ten<\/p>\n<p data-start=\"1339\" data-end=\"1397\" data-is-last-node=\"\" data-is-only-node=\"\"><img decoding=\"async\" class=\"emoji\" role=\"img\" draggable=\"false\" src=\"https:\/\/s.w.org\/images\/core\/emoji\/17.0.2\/svg\/1f449.svg\" alt=\"\ud83d\udc49\" \/>\u00a0<strong data-start=\"1342\" data-end=\"1397\" data-is-last-node=\"\">Einmal gekauft \u2013 jederzeit und unbegrenzt abrufbar!<\/strong><\/p>","protected":false},"excerpt":{"rendered":"<p>\u00a0Avatar 2: The Way of Water (2022) \u2013 Deutsch \u201eAvatar 2: The Way of Water (2022)\u201c entf\u00fchrt zur\u00fcck nach Pandora und erweitert James Camerons episches Sci-Fi-Universum um atemberaubende Ozeanwelten.Jake Sully und Neytiri haben sich ein neues Leben aufgebaut \u2013 doch eine alte Bedrohung kehrt zur\u00fcck und zwingt ihre Familie zur Flucht. Auf der Suche nach [&hellip;]<\/p>\n","protected":false},"featured_media":3155,"comment_status":"open","ping_status":"closed","template":"","meta":[],"product_brand":[],"product_cat":[54,59],"product_tag":[],"class_list":{"0":"post-3152","1":"product","2":"type-product","3":"status-publish","4":"has-post-thumbnail","6":"product_cat-action","7":"product_cat-filme","9":"first","10":"instock","11":"sale","12":"virtual","13":"purchasable","14":"product-type-simple"},"jetpack_sharing_enabled":true,"_links":{"self":[{"href":"https:\/\/audiobook-24.com\/en\/wp-json\/wp\/v2\/product\/3152","targetHints":{"allow":["GET"]}}],"collection":[{"href":"https:\/\/audiobook-24.com\/en\/wp-json\/wp\/v2\/product"}],"about":[{"href":"https:\/\/audiobook-24.com\/en\/wp-json\/wp\/v2\/types\/product"}],"replies":[{"embeddable":true,"href":"https:\/\/audiobook-24.com\/en\/wp-json\/wp\/v2\/comments?post=3152"}],"wp:featuredmedia":[{"embeddable":true,"href":"https:\/\/audiobook-24.com\/en\/wp-json\/wp\/v2\/media\/3155"}],"wp:attachment":[{"href":"https:\/\/audiobook-24.com\/en\/wp-json\/wp\/v2\/media?parent=3152"}],"wp:term":[{"taxonomy":"product_brand","embeddable":true,"href":"https:\/\/audiobook-24.com\/en\/wp-json\/wp\/v2\/product_brand?post=3152"},{"taxonomy":"product_cat","embeddable":true,"href":"https:\/\/audiobook-24.com\/en\/wp-json\/wp\/v2\/product_cat?post=3152"},{"taxonomy":"product_tag","embeddable":true,"href":"https:\/\/audiobook-24.com\/en\/wp-json\/wp\/v2\/product_tag?post=3152"}],"curies":[{"name":"wp","href":"https:\/\/api.w.org\/{rel}","templated":true}]}}