{"id":3148,"date":"2026-02-17T09:03:52","date_gmt":"2026-02-17T09:03:52","guid":{"rendered":"https:\/\/audiobook-24.com\/?post_type=product&#038;p=3148"},"modified":"2026-02-17T09:03:53","modified_gmt":"2026-02-17T09:03:53","slug":"%f0%9f%8e%ac-video-zoomania-2-2025","status":"publish","type":"product","link":"https:\/\/audiobook-24.com\/en\/product\/%f0%9f%8e%ac-video-zoomania-2-2025\/","title":{"rendered":"\ud83c\udfac Video Zoomania 2 (2025)"},"content":{"rendered":"<h2 data-start=\"0\" data-end=\"29\"><img decoding=\"async\" class=\"emoji\" role=\"img\" draggable=\"false\" src=\"https:\/\/s.w.org\/images\/core\/emoji\/17.0.2\/svg\/1f3ac.svg\" alt=\"\ud83c\udfac\" \/>\u00a0Video Zoomania 2 (2025)<\/h2>\n<p data-start=\"31\" data-end=\"269\"><strong data-start=\"31\" data-end=\"54\">\u201eZoomania 2 (2025)\u201c<\/strong>\u00a0f\u00fchrt zur\u00fcck in die tierischste Metropole der Welt.<br data-start=\"106\" data-end=\"109\" \/>Nach den Ereignissen des ersten Films stehen\u00a0<strong data-start=\"154\" data-end=\"168\">Judy Hopps<\/strong>\u00a0und\u00a0<strong data-start=\"173\" data-end=\"187\">Nick Wilde<\/strong>\u00a0vor einem neuen, brisanten Fall, der die Harmonie zwischen den Tierarten bedroht.<\/p>\n<p data-start=\"271\" data-end=\"521\">Ein mysteri\u00f6ses Verbrechen legt Spannungen offen, die l\u00e4ngst \u00fcberwunden schienen.<br data-start=\"352\" data-end=\"355\" \/>W\u00e4hrend Judy mit ihrem unersch\u00fctterlichen Idealismus k\u00e4mpft und Nick seine Vergangenheit einholt, sto\u00dfen beide auf ein Komplott, das ganz Zoomania ersch\u00fcttern k\u00f6nnte.<\/p>\n<p data-start=\"523\" data-end=\"721\">Erwartet werden:<br data-start=\"539\" data-end=\"542\" \/><img decoding=\"async\" class=\"emoji\" role=\"img\" draggable=\"false\" src=\"https:\/\/s.w.org\/images\/core\/emoji\/17.0.2\/svg\/1f98a.svg\" alt=\"\ud83e\udd8a\" \/><img decoding=\"async\" class=\"emoji\" role=\"img\" draggable=\"false\" src=\"https:\/\/s.w.org\/images\/core\/emoji\/17.0.2\/svg\/1f981.svg\" alt=\"\ud83e\udd81\" \/>\u00a0Wiedersehen mit beliebten Charakteren<br data-start=\"584\" data-end=\"587\" \/><img decoding=\"async\" class=\"emoji\" role=\"img\" draggable=\"false\" src=\"https:\/\/s.w.org\/images\/core\/emoji\/17.0.2\/svg\/1f575.svg\" alt=\"\ud83d\udd75\ufe0f\" \/>\u00a0Spannender Kriminalfall mit Tiefgang<br data-start=\"627\" data-end=\"630\" \/><img decoding=\"async\" class=\"emoji\" role=\"img\" draggable=\"false\" src=\"https:\/\/s.w.org\/images\/core\/emoji\/17.0.2\/svg\/1f306.svg\" alt=\"\ud83c\udf06\" \/>\u00a0Neue Stadtviertel &amp; beeindruckende Animationen<br data-start=\"679\" data-end=\"682\" \/><img decoding=\"async\" class=\"emoji\" role=\"img\" draggable=\"false\" src=\"https:\/\/s.w.org\/images\/core\/emoji\/17.0.2\/svg\/2764.svg\" alt=\"\u2764\ufe0f\" \/>\u00a0Humor, Herz &amp; wichtige Botschaften<\/p>\n<p data-start=\"723\" data-end=\"843\">Ein cleveres, unterhaltsames Animationsabenteuer f\u00fcr die ganze Familie \u2013 witzig, spannend und gesellschaftlich relevant.<\/p>\n<p data-start=\"845\" data-end=\"889\"><img decoding=\"async\" class=\"emoji\" role=\"img\" draggable=\"false\" src=\"https:\/\/s.w.org\/images\/core\/emoji\/17.0.2\/svg\/1f50a.svg\" alt=\"\ud83d\udd0a\" \/>\u00a0<strong data-start=\"848\" data-end=\"859\">Format:<\/strong>\u00a0Video\/Animation\/Familie (MP4)<\/p>\n<p data-start=\"891\" data-end=\"1040\"><img decoding=\"async\" class=\"emoji\" role=\"img\" draggable=\"false\" src=\"https:\/\/s.w.org\/images\/core\/emoji\/17.0.2\/svg\/2b07.svg\" alt=\"\u2b07\ufe0f\" \/>\u00a0Sofortiger Download f\u00fcr Handy<br data-start=\"923\" data-end=\"926\" \/><img decoding=\"async\" class=\"emoji\" role=\"img\" draggable=\"false\" src=\"https:\/\/s.w.org\/images\/core\/emoji\/17.0.2\/svg\/2b07.svg\" alt=\"\u2b07\ufe0f\" \/>\u00a0Sofortiger Download f\u00fcr PC<br data-start=\"955\" data-end=\"958\" \/><img decoding=\"async\" class=\"emoji\" role=\"img\" draggable=\"false\" src=\"https:\/\/s.w.org\/images\/core\/emoji\/17.0.2\/svg\/2b07.svg\" alt=\"\u2b07\ufe0f\" \/>\u00a0Sofortiger Download f\u00fcrs Tablet<br data-start=\"992\" data-end=\"995\" \/><img decoding=\"async\" class=\"emoji\" role=\"img\" draggable=\"false\" src=\"https:\/\/s.w.org\/images\/core\/emoji\/17.0.2\/svg\/2b07.svg\" alt=\"\u2b07\ufe0f\" \/>\u00a0Kompatibel mit allen MP4-f\u00e4higen Ger\u00e4ten<\/p>\n<p data-start=\"1042\" data-end=\"1100\" data-is-last-node=\"\" data-is-only-node=\"\"><strong data-start=\"1042\" data-end=\"1100\" data-is-last-node=\"\"><img decoding=\"async\" class=\"emoji\" role=\"img\" draggable=\"false\" src=\"https:\/\/s.w.org\/images\/core\/emoji\/17.0.2\/svg\/1f449.svg\" alt=\"\ud83d\udc49\" \/>\u00a0Einmal gekauft \u2013 jederzeit und unbegrenzt abrufbar!<\/strong><\/p>","protected":false},"excerpt":{"rendered":"<p>\u00a0Video Zoomania 2 (2025) \u201eZoomania 2 (2025)\u201c\u00a0f\u00fchrt zur\u00fcck in die tierischste Metropole der Welt.Nach den Ereignissen des ersten Films stehen\u00a0Judy Hopps\u00a0und\u00a0Nick Wilde\u00a0vor einem neuen, brisanten Fall, der die Harmonie zwischen den Tierarten bedroht. Ein mysteri\u00f6ses Verbrechen legt Spannungen offen, die l\u00e4ngst \u00fcberwunden schienen.W\u00e4hrend Judy mit ihrem unersch\u00fctterlichen Idealismus k\u00e4mpft und Nick seine Vergangenheit einholt, sto\u00dfen [&hellip;]<\/p>\n","protected":false},"featured_media":3149,"comment_status":"open","ping_status":"closed","template":"","meta":[],"product_brand":[],"product_cat":[50,52],"product_tag":[],"class_list":{"0":"post-3148","1":"product","2":"type-product","3":"status-publish","4":"has-post-thumbnail","6":"product_cat-aktuelle-filme-2025","7":"product_cat-comic","9":"first","10":"instock","11":"sale","12":"virtual","13":"purchasable","14":"product-type-simple"},"jetpack_sharing_enabled":true,"_links":{"self":[{"href":"https:\/\/audiobook-24.com\/en\/wp-json\/wp\/v2\/product\/3148","targetHints":{"allow":["GET"]}}],"collection":[{"href":"https:\/\/audiobook-24.com\/en\/wp-json\/wp\/v2\/product"}],"about":[{"href":"https:\/\/audiobook-24.com\/en\/wp-json\/wp\/v2\/types\/product"}],"replies":[{"embeddable":true,"href":"https:\/\/audiobook-24.com\/en\/wp-json\/wp\/v2\/comments?post=3148"}],"wp:featuredmedia":[{"embeddable":true,"href":"https:\/\/audiobook-24.com\/en\/wp-json\/wp\/v2\/media\/3149"}],"wp:attachment":[{"href":"https:\/\/audiobook-24.com\/en\/wp-json\/wp\/v2\/media?parent=3148"}],"wp:term":[{"taxonomy":"product_brand","embeddable":true,"href":"https:\/\/audiobook-24.com\/en\/wp-json\/wp\/v2\/product_brand?post=3148"},{"taxonomy":"product_cat","embeddable":true,"href":"https:\/\/audiobook-24.com\/en\/wp-json\/wp\/v2\/product_cat?post=3148"},{"taxonomy":"product_tag","embeddable":true,"href":"https:\/\/audiobook-24.com\/en\/wp-json\/wp\/v2\/product_tag?post=3148"}],"curies":[{"name":"wp","href":"https:\/\/api.w.org\/{rel}","templated":true}]}}