{"id":3133,"date":"2026-02-17T02:56:25","date_gmt":"2026-02-17T02:56:25","guid":{"rendered":"https:\/\/audiobook-24.com\/?post_type=product&#038;p=3133"},"modified":"2026-02-17T02:56:25","modified_gmt":"2026-02-17T02:56:25","slug":"%f0%9f%8e%ac-video-champagne-problems-2025","status":"publish","type":"product","link":"https:\/\/audiobook-24.com\/en\/product\/%f0%9f%8e%ac-video-champagne-problems-2025\/","title":{"rendered":"\ud83c\udfac Video Champagne Problems (2025)"},"content":{"rendered":"<h2 data-start=\"0\" data-end=\"39\"><img decoding=\"async\" class=\"emoji\" role=\"img\" draggable=\"false\" src=\"https:\/\/s.w.org\/images\/core\/emoji\/17.0.2\/svg\/1f3ac.svg\" alt=\"\ud83c\udfac\" \/>\u00a0Video Champagne Problems (2025)<\/h2>\n<p data-start=\"41\" data-end=\"337\"><strong data-start=\"41\" data-end=\"72\">\u201eChampagne Problems (2025)\u201c<\/strong>\u00a0ist ein eleganter, schwarzhumoriger Thriller \u00fcber Macht, T\u00e4uschung und gesellschaftliche Intrigen.<br data-start=\"171\" data-end=\"174\" \/>Im Mittelpunkt steht eine glamour\u00f6se Partygesellschaft, deren gl\u00e4nzende Fassade bald br\u00f6ckelt, als dunkle Geheimnisse und pers\u00f6nliche Konflikte ans Licht kommen.<\/p>\n<p data-start=\"339\" data-end=\"598\">Ein verh\u00e4ngnisvoller Vorfall setzt eine Kette von Ereignissen in Gang, die Freundschaften zerst\u00f6ren, Allianzen testen und das luxuri\u00f6se Umfeld in Chaos st\u00fcrzen.<br data-start=\"499\" data-end=\"502\" \/>Jeder ist verd\u00e4chtig, jeder hat etwas zu verbergen \u2013 und niemand verl\u00e4sst die Party unbeschadet.<\/p>\n<p data-start=\"600\" data-end=\"806\">Erwartet werden:<br data-start=\"616\" data-end=\"619\" \/><img decoding=\"async\" class=\"emoji\" role=\"img\" draggable=\"false\" src=\"https:\/\/s.w.org\/images\/core\/emoji\/17.0.2\/svg\/1f942.svg\" alt=\"\ud83e\udd42\" \/>\u00a0Glamour &amp; Hochspannung<br data-start=\"644\" data-end=\"647\" \/><img decoding=\"async\" class=\"emoji\" role=\"img\" draggable=\"false\" src=\"https:\/\/s.w.org\/images\/core\/emoji\/17.0.2\/svg\/1f575.svg\" alt=\"\ud83d\udd75\ufe0f\" \/>\u00a0Intrigen, Verrat &amp; psychologisches Spiel<br data-start=\"691\" data-end=\"694\" \/><img decoding=\"async\" class=\"emoji\" role=\"img\" draggable=\"false\" src=\"https:\/\/s.w.org\/images\/core\/emoji\/17.0.2\/svg\/1f494.svg\" alt=\"\ud83d\udc94\" \/>\u00a0Zwischenmenschliche Konflikte und dunkle Geheimnisse<br data-start=\"749\" data-end=\"752\" \/><img decoding=\"async\" class=\"emoji\" role=\"img\" draggable=\"false\" src=\"https:\/\/s.w.org\/images\/core\/emoji\/17.0.2\/svg\/1f525.svg\" alt=\"\ud83d\udd25\" \/>\u00a0Ein spannungsgeladener, schwarzhumoriger Thriller<\/p>\n<p data-start=\"808\" data-end=\"897\">Ein stilvoller Thriller, der geschickt Spannung, Drama und Gesellschaftskritik verbindet.<\/p>\n<p data-start=\"899\" data-end=\"942\"><img decoding=\"async\" class=\"emoji\" role=\"img\" draggable=\"false\" src=\"https:\/\/s.w.org\/images\/core\/emoji\/17.0.2\/svg\/1f50a.svg\" alt=\"\ud83d\udd0a\" \/>\u00a0<strong data-start=\"902\" data-end=\"913\">Format:<\/strong>\u00a0Video\/Thriller\/Drama (MP4)<\/p>\n<p data-start=\"944\" data-end=\"1093\"><img decoding=\"async\" class=\"emoji\" role=\"img\" draggable=\"false\" src=\"https:\/\/s.w.org\/images\/core\/emoji\/17.0.2\/svg\/2b07.svg\" alt=\"\u2b07\ufe0f\" \/>\u00a0Sofortiger Download f\u00fcr Handy<br data-start=\"976\" data-end=\"979\" \/><img decoding=\"async\" class=\"emoji\" role=\"img\" draggable=\"false\" src=\"https:\/\/s.w.org\/images\/core\/emoji\/17.0.2\/svg\/2b07.svg\" alt=\"\u2b07\ufe0f\" \/>\u00a0Sofortiger Download f\u00fcr PC<br data-start=\"1008\" data-end=\"1011\" \/><img decoding=\"async\" class=\"emoji\" role=\"img\" draggable=\"false\" src=\"https:\/\/s.w.org\/images\/core\/emoji\/17.0.2\/svg\/2b07.svg\" alt=\"\u2b07\ufe0f\" \/>\u00a0Sofortiger Download f\u00fcrs Tablet<br data-start=\"1045\" data-end=\"1048\" \/><img decoding=\"async\" class=\"emoji\" role=\"img\" draggable=\"false\" src=\"https:\/\/s.w.org\/images\/core\/emoji\/17.0.2\/svg\/2b07.svg\" alt=\"\u2b07\ufe0f\" \/>\u00a0Kompatibel mit allen MP4-f\u00e4higen Ger\u00e4ten<\/p>\n<p data-start=\"1095\" data-end=\"1153\" data-is-last-node=\"\" data-is-only-node=\"\"><strong data-start=\"1095\" data-end=\"1153\" data-is-last-node=\"\"><img decoding=\"async\" class=\"emoji\" role=\"img\" draggable=\"false\" src=\"https:\/\/s.w.org\/images\/core\/emoji\/17.0.2\/svg\/1f449.svg\" alt=\"\ud83d\udc49\" \/>\u00a0Einmal gekauft \u2013 jederzeit und unbegrenzt abrufbar!<\/strong><\/p>","protected":false},"excerpt":{"rendered":"<p>\u00a0Video Champagne Problems (2025) \u201eChampagne Problems (2025)\u201c\u00a0ist ein eleganter, schwarzhumoriger Thriller \u00fcber Macht, T\u00e4uschung und gesellschaftliche Intrigen.Im Mittelpunkt steht eine glamour\u00f6se Partygesellschaft, deren gl\u00e4nzende Fassade bald br\u00f6ckelt, als dunkle Geheimnisse und pers\u00f6nliche Konflikte ans Licht kommen. Ein verh\u00e4ngnisvoller Vorfall setzt eine Kette von Ereignissen in Gang, die Freundschaften zerst\u00f6ren, Allianzen testen und das luxuri\u00f6se Umfeld [&hellip;]<\/p>\n","protected":false},"featured_media":3135,"comment_status":"open","ping_status":"closed","template":"","meta":[],"product_brand":[],"product_cat":[54,50,55],"product_tag":[],"class_list":{"0":"post-3133","1":"product","2":"type-product","3":"status-publish","4":"has-post-thumbnail","6":"product_cat-action","7":"product_cat-aktuelle-filme-2025","8":"product_cat-thriller","10":"first","11":"instock","12":"sale","13":"virtual","14":"purchasable","15":"product-type-simple"},"jetpack_sharing_enabled":true,"_links":{"self":[{"href":"https:\/\/audiobook-24.com\/en\/wp-json\/wp\/v2\/product\/3133","targetHints":{"allow":["GET"]}}],"collection":[{"href":"https:\/\/audiobook-24.com\/en\/wp-json\/wp\/v2\/product"}],"about":[{"href":"https:\/\/audiobook-24.com\/en\/wp-json\/wp\/v2\/types\/product"}],"replies":[{"embeddable":true,"href":"https:\/\/audiobook-24.com\/en\/wp-json\/wp\/v2\/comments?post=3133"}],"wp:featuredmedia":[{"embeddable":true,"href":"https:\/\/audiobook-24.com\/en\/wp-json\/wp\/v2\/media\/3135"}],"wp:attachment":[{"href":"https:\/\/audiobook-24.com\/en\/wp-json\/wp\/v2\/media?parent=3133"}],"wp:term":[{"taxonomy":"product_brand","embeddable":true,"href":"https:\/\/audiobook-24.com\/en\/wp-json\/wp\/v2\/product_brand?post=3133"},{"taxonomy":"product_cat","embeddable":true,"href":"https:\/\/audiobook-24.com\/en\/wp-json\/wp\/v2\/product_cat?post=3133"},{"taxonomy":"product_tag","embeddable":true,"href":"https:\/\/audiobook-24.com\/en\/wp-json\/wp\/v2\/product_tag?post=3133"}],"curies":[{"name":"wp","href":"https:\/\/api.w.org\/{rel}","templated":true}]}}