{"id":3131,"date":"2026-02-17T02:59:30","date_gmt":"2026-02-17T02:59:30","guid":{"rendered":"https:\/\/audiobook-24.com\/?post_type=product&#038;p=3131"},"modified":"2026-02-17T02:59:31","modified_gmt":"2026-02-17T02:59:31","slug":"%f0%9f%8e%ac-video-furioza-2-2025","status":"publish","type":"product","link":"https:\/\/audiobook-24.com\/en\/product\/%f0%9f%8e%ac-video-furioza-2-2025\/","title":{"rendered":"\ud83c\udfac Video Furioza 2 (2025)"},"content":{"rendered":"<h2 data-start=\"0\" data-end=\"30\"><img decoding=\"async\" class=\"emoji\" role=\"img\" draggable=\"false\" src=\"https:\/\/s.w.org\/images\/core\/emoji\/17.0.2\/svg\/1f3ac.svg\" alt=\"\ud83c\udfac\" \/>\u00a0Video Furioza 2 (2025)<\/h2>\n<p data-start=\"32\" data-end=\"364\"><strong data-start=\"32\" data-end=\"54\">\u201eFurioza 2 (2025)\u201c<\/strong>\u00a0setzt die gnadenlose Action und den m\u00f6rderischen Thriller der ersten Folge fort.<br data-start=\"135\" data-end=\"138\" \/>Der ehemalige Polizist, nun gejagt von alten Feinden und neuen Rivalen, muss sich erneut in das Herz der kriminellen Unterwelt wagen.<br data-start=\"271\" data-end=\"274\" \/>Mit jeder Mission steigt das Risiko, und jede Entscheidung k\u00f6nnte sein letztes Spiel sein.<\/p>\n<p data-start=\"366\" data-end=\"532\">Die Geschichte verbindet brutale K\u00e4mpfe, gef\u00e4hrliche Verfolgungsjagden und unerwartete Wendungen, w\u00e4hrend Loyalit\u00e4t, Verrat und Rache die treibenden Kr\u00e4fte bleiben.<\/p>\n<p data-start=\"534\" data-end=\"736\">Erwartet werden:<br data-start=\"550\" data-end=\"553\" \/><img decoding=\"async\" class=\"emoji\" role=\"img\" draggable=\"false\" src=\"https:\/\/s.w.org\/images\/core\/emoji\/17.0.2\/svg\/1f4a5.svg\" alt=\"\ud83d\udca5\" \/>\u00a0Noch intensivere Action &amp; Kampfsequenzen<br data-start=\"596\" data-end=\"599\" \/><img decoding=\"async\" class=\"emoji\" role=\"img\" draggable=\"false\" src=\"https:\/\/s.w.org\/images\/core\/emoji\/17.0.2\/svg\/1f575.svg\" alt=\"\ud83d\udd75\ufe0f\" \/>\u00a0Spannende Intrigen &amp; Machtspiele<br data-start=\"635\" data-end=\"638\" \/><img decoding=\"async\" class=\"emoji\" role=\"img\" draggable=\"false\" src=\"https:\/\/s.w.org\/images\/core\/emoji\/17.0.2\/svg\/1f303.svg\" alt=\"\ud83c\udf03\" \/>\u00a0D\u00fcstere Gro\u00dfstadt-Atmosph\u00e4re<br data-start=\"669\" data-end=\"672\" \/><img decoding=\"async\" class=\"emoji\" role=\"img\" draggable=\"false\" src=\"https:\/\/s.w.org\/images\/core\/emoji\/17.0.2\/svg\/1f525.svg\" alt=\"\ud83d\udd25\" \/>\u00a0Adrenalinreiche Verfolgungsjagden &amp; \u00fcberraschende Wendungen<\/p>\n<p data-start=\"738\" data-end=\"824\">Ein kompromissloser Actionthriller \u00fcber \u00dcberleben, Gerechtigkeit und gnadenlose Rache.<\/p>\n<p data-start=\"826\" data-end=\"870\"><img decoding=\"async\" class=\"emoji\" role=\"img\" draggable=\"false\" src=\"https:\/\/s.w.org\/images\/core\/emoji\/17.0.2\/svg\/1f50a.svg\" alt=\"\ud83d\udd0a\" \/>\u00a0<strong data-start=\"829\" data-end=\"840\">Format:<\/strong>\u00a0Video\/Action\/Thriller (MP4)<\/p>\n<p data-start=\"872\" data-end=\"1021\"><img decoding=\"async\" class=\"emoji\" role=\"img\" draggable=\"false\" src=\"https:\/\/s.w.org\/images\/core\/emoji\/17.0.2\/svg\/2b07.svg\" alt=\"\u2b07\ufe0f\" \/>\u00a0Sofortiger Download f\u00fcr Handy<br data-start=\"904\" data-end=\"907\" \/><img decoding=\"async\" class=\"emoji\" role=\"img\" draggable=\"false\" src=\"https:\/\/s.w.org\/images\/core\/emoji\/17.0.2\/svg\/2b07.svg\" alt=\"\u2b07\ufe0f\" \/>\u00a0Sofortiger Download f\u00fcr PC<br data-start=\"936\" data-end=\"939\" \/><img decoding=\"async\" class=\"emoji\" role=\"img\" draggable=\"false\" src=\"https:\/\/s.w.org\/images\/core\/emoji\/17.0.2\/svg\/2b07.svg\" alt=\"\u2b07\ufe0f\" \/>\u00a0Sofortiger Download f\u00fcrs Tablet<br data-start=\"973\" data-end=\"976\" \/><img decoding=\"async\" class=\"emoji\" role=\"img\" draggable=\"false\" src=\"https:\/\/s.w.org\/images\/core\/emoji\/17.0.2\/svg\/2b07.svg\" alt=\"\u2b07\ufe0f\" \/>\u00a0Kompatibel mit allen MP4-f\u00e4higen Ger\u00e4ten<\/p>\n<p data-start=\"1023\" data-end=\"1081\" data-is-last-node=\"\" data-is-only-node=\"\"><strong data-start=\"1023\" data-end=\"1081\" data-is-last-node=\"\"><img decoding=\"async\" class=\"emoji\" role=\"img\" draggable=\"false\" src=\"https:\/\/s.w.org\/images\/core\/emoji\/17.0.2\/svg\/1f449.svg\" alt=\"\ud83d\udc49\" \/>\u00a0Einmal gekauft \u2013 jederzeit und unbegrenzt abrufbar!<\/strong><\/p>","protected":false},"excerpt":{"rendered":"<p>\u00a0Video Furioza 2 (2025) \u201eFurioza 2 (2025)\u201c\u00a0setzt die gnadenlose Action und den m\u00f6rderischen Thriller der ersten Folge fort.Der ehemalige Polizist, nun gejagt von alten Feinden und neuen Rivalen, muss sich erneut in das Herz der kriminellen Unterwelt wagen.Mit jeder Mission steigt das Risiko, und jede Entscheidung k\u00f6nnte sein letztes Spiel sein. Die Geschichte verbindet brutale [&hellip;]<\/p>\n","protected":false},"featured_media":3137,"comment_status":"open","ping_status":"closed","template":"","meta":[],"product_brand":[],"product_cat":[54,50,55],"product_tag":[],"class_list":{"0":"post-3131","1":"product","2":"type-product","3":"status-publish","4":"has-post-thumbnail","6":"product_cat-action","7":"product_cat-aktuelle-filme-2025","8":"product_cat-thriller","10":"first","11":"instock","12":"sale","13":"virtual","14":"purchasable","15":"product-type-simple"},"jetpack_sharing_enabled":true,"_links":{"self":[{"href":"https:\/\/audiobook-24.com\/en\/wp-json\/wp\/v2\/product\/3131","targetHints":{"allow":["GET"]}}],"collection":[{"href":"https:\/\/audiobook-24.com\/en\/wp-json\/wp\/v2\/product"}],"about":[{"href":"https:\/\/audiobook-24.com\/en\/wp-json\/wp\/v2\/types\/product"}],"replies":[{"embeddable":true,"href":"https:\/\/audiobook-24.com\/en\/wp-json\/wp\/v2\/comments?post=3131"}],"wp:featuredmedia":[{"embeddable":true,"href":"https:\/\/audiobook-24.com\/en\/wp-json\/wp\/v2\/media\/3137"}],"wp:attachment":[{"href":"https:\/\/audiobook-24.com\/en\/wp-json\/wp\/v2\/media?parent=3131"}],"wp:term":[{"taxonomy":"product_brand","embeddable":true,"href":"https:\/\/audiobook-24.com\/en\/wp-json\/wp\/v2\/product_brand?post=3131"},{"taxonomy":"product_cat","embeddable":true,"href":"https:\/\/audiobook-24.com\/en\/wp-json\/wp\/v2\/product_cat?post=3131"},{"taxonomy":"product_tag","embeddable":true,"href":"https:\/\/audiobook-24.com\/en\/wp-json\/wp\/v2\/product_tag?post=3131"}],"curies":[{"name":"wp","href":"https:\/\/api.w.org\/{rel}","templated":true}]}}