{"id":3130,"date":"2026-02-17T03:01:57","date_gmt":"2026-02-17T03:01:57","guid":{"rendered":"https:\/\/audiobook-24.com\/?post_type=product&#038;p=3130"},"modified":"2026-02-17T03:01:59","modified_gmt":"2026-02-17T03:01:59","slug":"%f0%9f%8e%ac-video-diablo-2025","status":"publish","type":"product","link":"https:\/\/audiobook-24.com\/en\/product\/%f0%9f%8e%ac-video-diablo-2025\/","title":{"rendered":"\ud83c\udfac Video Diablo (2025)"},"content":{"rendered":"<h2 data-start=\"0\" data-end=\"27\"><img decoding=\"async\" class=\"emoji\" role=\"img\" draggable=\"false\" src=\"https:\/\/s.w.org\/images\/core\/emoji\/17.0.2\/svg\/1f3ac.svg\" alt=\"\ud83c\udfac\" \/>\u00a0Video Diablo (2025)<\/h2>\n<p data-start=\"29\" data-end=\"382\"><strong data-start=\"29\" data-end=\"48\">\u201eDiablo (2025)\u201c<\/strong>\u00a0ist ein packender Action-Thriller \u00fcber Rache, Macht und gnadenlose Gewalt.<br data-start=\"123\" data-end=\"126\" \/>Ein ehemaliger Elite-Soldat, von Verrat und Verlust gezeichnet, wird in eine Welt des Verbrechens und der Korruption hineingezogen, als seine Familie bedroht wird.<br data-start=\"289\" data-end=\"292\" \/>Um zu \u00fcberleben und seine Lieben zu sch\u00fctzen, muss er sich den brutalsten Gegnern stellen.<\/p>\n<p data-start=\"384\" data-end=\"543\">Die Geschichte vereint explosive Action, intensive K\u00e4mpfe und eine dunkle, spannungsgeladene Atmosph\u00e4re, in der jeder Schritt \u00fcber Leben und Tod entscheidet.<\/p>\n<p data-start=\"545\" data-end=\"729\">Erwartet werden:<br data-start=\"561\" data-end=\"564\" \/><img decoding=\"async\" class=\"emoji\" role=\"img\" draggable=\"false\" src=\"https:\/\/s.w.org\/images\/core\/emoji\/17.0.2\/svg\/1f4a5.svg\" alt=\"\ud83d\udca5\" \/>\u00a0Explosive Action &amp; spektakul\u00e4re K\u00e4mpfe<br data-start=\"605\" data-end=\"608\" \/><img decoding=\"async\" class=\"emoji\" role=\"img\" draggable=\"false\" src=\"https:\/\/s.w.org\/images\/core\/emoji\/17.0.2\/svg\/1f575.svg\" alt=\"\ud83d\udd75\ufe0f\" \/>\u00a0Intrigen, Verrat &amp; gef\u00e4hrliche Feinde<br data-start=\"649\" data-end=\"652\" \/><img decoding=\"async\" class=\"emoji\" role=\"img\" draggable=\"false\" src=\"https:\/\/s.w.org\/images\/core\/emoji\/17.0.2\/svg\/1f303.svg\" alt=\"\ud83c\udf03\" \/>\u00a0D\u00fcstere Gro\u00dfstadt-Atmosph\u00e4re<br data-start=\"683\" data-end=\"686\" \/><img decoding=\"async\" class=\"emoji\" role=\"img\" draggable=\"false\" src=\"https:\/\/s.w.org\/images\/core\/emoji\/17.0.2\/svg\/1f525.svg\" alt=\"\ud83d\udd25\" \/>\u00a0Hochspannung und dramatische Wendungen<\/p>\n<p data-start=\"731\" data-end=\"816\">Ein kompromissloser Thriller \u00fcber Mut, Rache und \u00dcberleben in einer gnadenlosen Welt.<\/p>\n<p data-start=\"818\" data-end=\"862\"><img decoding=\"async\" class=\"emoji\" role=\"img\" draggable=\"false\" src=\"https:\/\/s.w.org\/images\/core\/emoji\/17.0.2\/svg\/1f50a.svg\" alt=\"\ud83d\udd0a\" \/>\u00a0<strong data-start=\"821\" data-end=\"832\">Format:<\/strong>\u00a0Video\/Action\/Thriller (MP4)<\/p>\n<p data-start=\"864\" data-end=\"1013\"><img decoding=\"async\" class=\"emoji\" role=\"img\" draggable=\"false\" src=\"https:\/\/s.w.org\/images\/core\/emoji\/17.0.2\/svg\/2b07.svg\" alt=\"\u2b07\ufe0f\" \/>\u00a0Sofortiger Download f\u00fcr Handy<br data-start=\"896\" data-end=\"899\" \/><img decoding=\"async\" class=\"emoji\" role=\"img\" draggable=\"false\" src=\"https:\/\/s.w.org\/images\/core\/emoji\/17.0.2\/svg\/2b07.svg\" alt=\"\u2b07\ufe0f\" \/>\u00a0Sofortiger Download f\u00fcr PC<br data-start=\"928\" data-end=\"931\" \/><img decoding=\"async\" class=\"emoji\" role=\"img\" draggable=\"false\" src=\"https:\/\/s.w.org\/images\/core\/emoji\/17.0.2\/svg\/2b07.svg\" alt=\"\u2b07\ufe0f\" \/>\u00a0Sofortiger Download f\u00fcrs Tablet<br data-start=\"965\" data-end=\"968\" \/><img decoding=\"async\" class=\"emoji\" role=\"img\" draggable=\"false\" src=\"https:\/\/s.w.org\/images\/core\/emoji\/17.0.2\/svg\/2b07.svg\" alt=\"\u2b07\ufe0f\" \/>\u00a0Kompatibel mit allen MP4-f\u00e4higen Ger\u00e4ten<\/p>\n<p data-start=\"1015\" data-end=\"1073\" data-is-last-node=\"\" data-is-only-node=\"\"><strong data-start=\"1015\" data-end=\"1073\" data-is-last-node=\"\"><img decoding=\"async\" class=\"emoji\" role=\"img\" draggable=\"false\" src=\"https:\/\/s.w.org\/images\/core\/emoji\/17.0.2\/svg\/1f449.svg\" alt=\"\ud83d\udc49\" \/>\u00a0Einmal gekauft \u2013 jederzeit und unbegrenzt abrufbar!<\/strong><\/p>","protected":false},"excerpt":{"rendered":"<p>\u00a0Video Diablo (2025) \u201eDiablo (2025)\u201c\u00a0ist ein packender Action-Thriller \u00fcber Rache, Macht und gnadenlose Gewalt.Ein ehemaliger Elite-Soldat, von Verrat und Verlust gezeichnet, wird in eine Welt des Verbrechens und der Korruption hineingezogen, als seine Familie bedroht wird.Um zu \u00fcberleben und seine Lieben zu sch\u00fctzen, muss er sich den brutalsten Gegnern stellen. Die Geschichte vereint explosive Action, [&hellip;]<\/p>\n","protected":false},"featured_media":3138,"comment_status":"open","ping_status":"closed","template":"","meta":[],"product_brand":[],"product_cat":[54,50,55],"product_tag":[],"class_list":{"0":"post-3130","1":"product","2":"type-product","3":"status-publish","4":"has-post-thumbnail","6":"product_cat-action","7":"product_cat-aktuelle-filme-2025","8":"product_cat-thriller","10":"first","11":"instock","12":"sale","13":"virtual","14":"purchasable","15":"product-type-simple"},"jetpack_sharing_enabled":true,"_links":{"self":[{"href":"https:\/\/audiobook-24.com\/en\/wp-json\/wp\/v2\/product\/3130","targetHints":{"allow":["GET"]}}],"collection":[{"href":"https:\/\/audiobook-24.com\/en\/wp-json\/wp\/v2\/product"}],"about":[{"href":"https:\/\/audiobook-24.com\/en\/wp-json\/wp\/v2\/types\/product"}],"replies":[{"embeddable":true,"href":"https:\/\/audiobook-24.com\/en\/wp-json\/wp\/v2\/comments?post=3130"}],"wp:featuredmedia":[{"embeddable":true,"href":"https:\/\/audiobook-24.com\/en\/wp-json\/wp\/v2\/media\/3138"}],"wp:attachment":[{"href":"https:\/\/audiobook-24.com\/en\/wp-json\/wp\/v2\/media?parent=3130"}],"wp:term":[{"taxonomy":"product_brand","embeddable":true,"href":"https:\/\/audiobook-24.com\/en\/wp-json\/wp\/v2\/product_brand?post=3130"},{"taxonomy":"product_cat","embeddable":true,"href":"https:\/\/audiobook-24.com\/en\/wp-json\/wp\/v2\/product_cat?post=3130"},{"taxonomy":"product_tag","embeddable":true,"href":"https:\/\/audiobook-24.com\/en\/wp-json\/wp\/v2\/product_tag?post=3130"}],"curies":[{"name":"wp","href":"https:\/\/api.w.org\/{rel}","templated":true}]}}