{"id":3127,"date":"2026-02-17T03:07:28","date_gmt":"2026-02-17T03:07:28","guid":{"rendered":"https:\/\/audiobook-24.com\/?post_type=product&#038;p=3127"},"modified":"2026-02-17T03:07:28","modified_gmt":"2026-02-17T03:07:28","slug":"%f0%9f%8e%ac-video-beast-of-war-2025","status":"publish","type":"product","link":"https:\/\/audiobook-24.com\/en\/product\/%f0%9f%8e%ac-video-beast-of-war-2025\/","title":{"rendered":"\ud83c\udfac Video Beast of War (2025)"},"content":{"rendered":"<h2><strong><img decoding=\"async\" class=\"emoji\" role=\"img\" draggable=\"false\" src=\"https:\/\/s.w.org\/images\/core\/emoji\/17.0.2\/svg\/1f3ac.svg\" alt=\"\ud83c\udfac\" \/>\u00a0Video Beast of War (2025)<\/strong><\/h2>\n<p>1942: Im Zweiten Weltkrieg versenken japanische Bomber ein australisches Kriegsschiff im Timor-Meer. Die \u00dcberlebenden klammern sich an ein Flo\u00df aus Wrackteilen \u2013 doch im blutgetr\u00e4nkten Wasser lauert ein gewaltiger Wei\u00dfer Hai. Ein brutaler \u00dcberlebenskampf beginnt, in dem Mut, Kameradschaft und nackter \u00dcberlebenswille \u00fcber Leben und Tod entscheiden.<\/p>\n<p>&nbsp;<\/p>\n<p data-start=\"758\" data-end=\"845\">Ein kompromissloser Action-Thriller \u00fcber Mut, \u00dcberleben und die Schatten des Krieges.<\/p>\n<p data-start=\"847\" data-end=\"891\"><img decoding=\"async\" class=\"emoji\" role=\"img\" draggable=\"false\" src=\"https:\/\/s.w.org\/images\/core\/emoji\/17.0.2\/svg\/1f50a.svg\" alt=\"\ud83d\udd0a\" \/>\u00a0<strong data-start=\"850\" data-end=\"861\">Format:<\/strong>\u00a0Video\/Action\/Thriller (MP4)<\/p>\n<p data-start=\"893\" data-end=\"1042\"><img decoding=\"async\" class=\"emoji\" role=\"img\" draggable=\"false\" src=\"https:\/\/s.w.org\/images\/core\/emoji\/17.0.2\/svg\/2b07.svg\" alt=\"\u2b07\ufe0f\" \/>\u00a0Sofortiger Download f\u00fcr Handy<br data-start=\"925\" data-end=\"928\" \/><img decoding=\"async\" class=\"emoji\" role=\"img\" draggable=\"false\" src=\"https:\/\/s.w.org\/images\/core\/emoji\/17.0.2\/svg\/2b07.svg\" alt=\"\u2b07\ufe0f\" \/>\u00a0Sofortiger Download f\u00fcr PC<br data-start=\"957\" data-end=\"960\" \/><img decoding=\"async\" class=\"emoji\" role=\"img\" draggable=\"false\" src=\"https:\/\/s.w.org\/images\/core\/emoji\/17.0.2\/svg\/2b07.svg\" alt=\"\u2b07\ufe0f\" \/>\u00a0Sofortiger Download f\u00fcrs Tablet<br data-start=\"994\" data-end=\"997\" \/><img decoding=\"async\" class=\"emoji\" role=\"img\" draggable=\"false\" src=\"https:\/\/s.w.org\/images\/core\/emoji\/17.0.2\/svg\/2b07.svg\" alt=\"\u2b07\ufe0f\" \/>\u00a0Kompatibel mit allen MP4-f\u00e4higen Ger\u00e4ten<\/p>\n<p data-start=\"1044\" data-end=\"1102\" data-is-last-node=\"\" data-is-only-node=\"\"><strong data-start=\"1044\" data-end=\"1102\" data-is-last-node=\"\"><img decoding=\"async\" class=\"emoji\" role=\"img\" draggable=\"false\" src=\"https:\/\/s.w.org\/images\/core\/emoji\/17.0.2\/svg\/1f449.svg\" alt=\"\ud83d\udc49\" \/>\u00a0Einmal gekauft \u2013 jederzeit und unbegrenzt abrufbar!<\/strong><\/p>","protected":false},"excerpt":{"rendered":"<p>\u00a0Video Beast of War (2025) 1942: Im Zweiten Weltkrieg versenken japanische Bomber ein australisches Kriegsschiff im Timor-Meer. Die \u00dcberlebenden klammern sich an ein Flo\u00df aus Wrackteilen \u2013 doch im blutgetr\u00e4nkten Wasser lauert ein gewaltiger Wei\u00dfer Hai. Ein brutaler \u00dcberlebenskampf beginnt, in dem Mut, Kameradschaft und nackter \u00dcberlebenswille \u00fcber Leben und Tod entscheiden. &nbsp; Ein kompromissloser [&hellip;]<\/p>\n","protected":false},"featured_media":3142,"comment_status":"open","ping_status":"closed","template":"","meta":[],"product_brand":[],"product_cat":[54,50,55],"product_tag":[],"class_list":{"0":"post-3127","1":"product","2":"type-product","3":"status-publish","4":"has-post-thumbnail","6":"product_cat-action","7":"product_cat-aktuelle-filme-2025","8":"product_cat-thriller","10":"first","11":"instock","12":"sale","13":"virtual","14":"purchasable","15":"product-type-simple"},"jetpack_sharing_enabled":true,"_links":{"self":[{"href":"https:\/\/audiobook-24.com\/en\/wp-json\/wp\/v2\/product\/3127","targetHints":{"allow":["GET"]}}],"collection":[{"href":"https:\/\/audiobook-24.com\/en\/wp-json\/wp\/v2\/product"}],"about":[{"href":"https:\/\/audiobook-24.com\/en\/wp-json\/wp\/v2\/types\/product"}],"replies":[{"embeddable":true,"href":"https:\/\/audiobook-24.com\/en\/wp-json\/wp\/v2\/comments?post=3127"}],"wp:featuredmedia":[{"embeddable":true,"href":"https:\/\/audiobook-24.com\/en\/wp-json\/wp\/v2\/media\/3142"}],"wp:attachment":[{"href":"https:\/\/audiobook-24.com\/en\/wp-json\/wp\/v2\/media?parent=3127"}],"wp:term":[{"taxonomy":"product_brand","embeddable":true,"href":"https:\/\/audiobook-24.com\/en\/wp-json\/wp\/v2\/product_brand?post=3127"},{"taxonomy":"product_cat","embeddable":true,"href":"https:\/\/audiobook-24.com\/en\/wp-json\/wp\/v2\/product_cat?post=3127"},{"taxonomy":"product_tag","embeddable":true,"href":"https:\/\/audiobook-24.com\/en\/wp-json\/wp\/v2\/product_tag?post=3127"}],"curies":[{"name":"wp","href":"https:\/\/api.w.org\/{rel}","templated":true}]}}