{"id":3125,"date":"2026-02-17T03:11:29","date_gmt":"2026-02-17T03:11:29","guid":{"rendered":"https:\/\/audiobook-24.com\/?post_type=product&#038;p=3125"},"modified":"2026-02-17T03:11:31","modified_gmt":"2026-02-17T03:11:31","slug":"%f0%9f%8e%ac-video-after-the-hunt-2025","status":"publish","type":"product","link":"https:\/\/audiobook-24.com\/en\/product\/%f0%9f%8e%ac-video-after-the-hunt-2025\/","title":{"rendered":"\ud83c\udfac Video After the Hunt (2025)"},"content":{"rendered":"<h2 data-start=\"0\" data-end=\"35\"><img decoding=\"async\" class=\"emoji\" role=\"img\" draggable=\"false\" src=\"https:\/\/s.w.org\/images\/core\/emoji\/17.0.2\/svg\/1f3ac.svg\" alt=\"\ud83c\udfac\" \/>\u00a0Video After the Hunt (2025)<\/h2>\n<p data-start=\"37\" data-end=\"397\"><strong data-start=\"37\" data-end=\"64\">\u201eAfter the Hunt (2025)\u201c<\/strong>\u00a0ist ein intensiver Thriller \u00fcber \u00dcberleben, Rache und die Jagd nach Gerechtigkeit.<br data-start=\"147\" data-end=\"150\" \/>Nach einem brutalen \u00dcberfall auf ihre Familie wird eine Frau zur Gejagten \u2013 und beschlie\u00dft, den Spie\u00df umzudrehen.<br data-start=\"263\" data-end=\"266\" \/>Mit Mut, Intelligenz und Entschlossenheit verfolgt sie die T\u00e4ter durch ein gef\u00e4hrliches Spiel voller Intrigen und t\u00f6dlicher Fallen.<\/p>\n<p data-start=\"399\" data-end=\"535\">W\u00e4hrend die Spannung eskaliert, wird klar: Jeder Schritt kann t\u00f6dlich sein, und Vertrauen ist ein Luxus, den niemand hier genie\u00dfen kann.<\/p>\n<p data-start=\"537\" data-end=\"729\">Erwartet werden:<br data-start=\"553\" data-end=\"556\" \/><img decoding=\"async\" class=\"emoji\" role=\"img\" draggable=\"false\" src=\"https:\/\/s.w.org\/images\/core\/emoji\/17.0.2\/svg\/1f52b.svg\" alt=\"\ud83d\udd2b\" \/>\u00a0Adrenalingeladene Action &amp; Verfolgungsjagden<br data-start=\"603\" data-end=\"606\" \/><img decoding=\"async\" class=\"emoji\" role=\"img\" draggable=\"false\" src=\"https:\/\/s.w.org\/images\/core\/emoji\/17.0.2\/svg\/1f575.svg\" alt=\"\ud83d\udd75\ufe0f\" \/>\u00a0Spannende Psychospiele &amp; Intrigen<br data-start=\"643\" data-end=\"646\" \/><img decoding=\"async\" class=\"emoji\" role=\"img\" draggable=\"false\" src=\"https:\/\/s.w.org\/images\/core\/emoji\/17.0.2\/svg\/1f332.svg\" alt=\"\ud83c\udf32\" \/>\u00a0D\u00fcstere, bedrohliche Settings<br data-start=\"678\" data-end=\"681\" \/><img decoding=\"async\" class=\"emoji\" role=\"img\" draggable=\"false\" src=\"https:\/\/s.w.org\/images\/core\/emoji\/17.0.2\/svg\/1f525.svg\" alt=\"\ud83d\udd25\" \/>\u00a0Unerwartete Wendungen und packende Dramatik<\/p>\n<p data-start=\"731\" data-end=\"812\">Ein fesselnder Thriller \u00fcber Mut, Rache und das \u00dcberleben in Extremsituationen.<\/p>\n<p data-start=\"814\" data-end=\"858\"><img decoding=\"async\" class=\"emoji\" role=\"img\" draggable=\"false\" src=\"https:\/\/s.w.org\/images\/core\/emoji\/17.0.2\/svg\/1f50a.svg\" alt=\"\ud83d\udd0a\" \/>\u00a0<strong data-start=\"817\" data-end=\"828\">Format:<\/strong>\u00a0Video\/Thriller\/Action (MP4)<\/p>\n<p data-start=\"860\" data-end=\"1009\"><img decoding=\"async\" class=\"emoji\" role=\"img\" draggable=\"false\" src=\"https:\/\/s.w.org\/images\/core\/emoji\/17.0.2\/svg\/2b07.svg\" alt=\"\u2b07\ufe0f\" \/>\u00a0Sofortiger Download f\u00fcr Handy<br data-start=\"892\" data-end=\"895\" \/><img decoding=\"async\" class=\"emoji\" role=\"img\" draggable=\"false\" src=\"https:\/\/s.w.org\/images\/core\/emoji\/17.0.2\/svg\/2b07.svg\" alt=\"\u2b07\ufe0f\" \/>\u00a0Sofortiger Download f\u00fcr PC<br data-start=\"924\" data-end=\"927\" \/><img decoding=\"async\" class=\"emoji\" role=\"img\" draggable=\"false\" src=\"https:\/\/s.w.org\/images\/core\/emoji\/17.0.2\/svg\/2b07.svg\" alt=\"\u2b07\ufe0f\" \/>\u00a0Sofortiger Download f\u00fcrs Tablet<br data-start=\"961\" data-end=\"964\" \/><img decoding=\"async\" class=\"emoji\" role=\"img\" draggable=\"false\" src=\"https:\/\/s.w.org\/images\/core\/emoji\/17.0.2\/svg\/2b07.svg\" alt=\"\u2b07\ufe0f\" \/>\u00a0Kompatibel mit allen MP4-f\u00e4higen Ger\u00e4ten<\/p>\n<p data-start=\"1011\" data-end=\"1069\" data-is-last-node=\"\" data-is-only-node=\"\"><strong data-start=\"1011\" data-end=\"1069\" data-is-last-node=\"\"><img decoding=\"async\" class=\"emoji\" role=\"img\" draggable=\"false\" src=\"https:\/\/s.w.org\/images\/core\/emoji\/17.0.2\/svg\/1f449.svg\" alt=\"\ud83d\udc49\" \/>\u00a0Einmal gekauft \u2013 jederzeit und unbegrenzt abrufbar!<\/strong><\/p>","protected":false},"excerpt":{"rendered":"<p>\u00a0Video After the Hunt (2025) \u201eAfter the Hunt (2025)\u201c\u00a0ist ein intensiver Thriller \u00fcber \u00dcberleben, Rache und die Jagd nach Gerechtigkeit.Nach einem brutalen \u00dcberfall auf ihre Familie wird eine Frau zur Gejagten \u2013 und beschlie\u00dft, den Spie\u00df umzudrehen.Mit Mut, Intelligenz und Entschlossenheit verfolgt sie die T\u00e4ter durch ein gef\u00e4hrliches Spiel voller Intrigen und t\u00f6dlicher Fallen. W\u00e4hrend [&hellip;]<\/p>\n","protected":false},"featured_media":3144,"comment_status":"open","ping_status":"closed","template":"","meta":[],"product_brand":[],"product_cat":[54,50,55],"product_tag":[],"class_list":{"0":"post-3125","1":"product","2":"type-product","3":"status-publish","4":"has-post-thumbnail","6":"product_cat-action","7":"product_cat-aktuelle-filme-2025","8":"product_cat-thriller","10":"first","11":"instock","12":"sale","13":"virtual","14":"purchasable","15":"product-type-simple"},"jetpack_sharing_enabled":true,"_links":{"self":[{"href":"https:\/\/audiobook-24.com\/en\/wp-json\/wp\/v2\/product\/3125","targetHints":{"allow":["GET"]}}],"collection":[{"href":"https:\/\/audiobook-24.com\/en\/wp-json\/wp\/v2\/product"}],"about":[{"href":"https:\/\/audiobook-24.com\/en\/wp-json\/wp\/v2\/types\/product"}],"replies":[{"embeddable":true,"href":"https:\/\/audiobook-24.com\/en\/wp-json\/wp\/v2\/comments?post=3125"}],"wp:featuredmedia":[{"embeddable":true,"href":"https:\/\/audiobook-24.com\/en\/wp-json\/wp\/v2\/media\/3144"}],"wp:attachment":[{"href":"https:\/\/audiobook-24.com\/en\/wp-json\/wp\/v2\/media?parent=3125"}],"wp:term":[{"taxonomy":"product_brand","embeddable":true,"href":"https:\/\/audiobook-24.com\/en\/wp-json\/wp\/v2\/product_brand?post=3125"},{"taxonomy":"product_cat","embeddable":true,"href":"https:\/\/audiobook-24.com\/en\/wp-json\/wp\/v2\/product_cat?post=3125"},{"taxonomy":"product_tag","embeddable":true,"href":"https:\/\/audiobook-24.com\/en\/wp-json\/wp\/v2\/product_tag?post=3125"}],"curies":[{"name":"wp","href":"https:\/\/api.w.org\/{rel}","templated":true}]}}