{"id":3123,"date":"2026-02-17T03:20:06","date_gmt":"2026-02-17T03:20:06","guid":{"rendered":"https:\/\/audiobook-24.com\/?post_type=product&#038;p=3123"},"modified":"2026-02-17T03:20:06","modified_gmt":"2026-02-17T03:20:06","slug":"%f0%9f%8e%ac-video-forbidden-floor-the-home-2025","status":"publish","type":"product","link":"https:\/\/audiobook-24.com\/en\/product\/%f0%9f%8e%ac-video-forbidden-floor-the-home-2025\/","title":{"rendered":"\ud83c\udfac Video Forbidden Floor \u2013 The Home (2025)"},"content":{"rendered":"<h2 data-start=\"0\" data-end=\"45\"><img decoding=\"async\" class=\"emoji\" role=\"img\" draggable=\"false\" src=\"https:\/\/s.w.org\/images\/core\/emoji\/17.0.2\/svg\/1f3ac.svg\" alt=\"\ud83c\udfac\" \/>\u00a0Video Forbidden Floor \u2013 The Home (2025)<\/h2>\n<p data-start=\"47\" data-end=\"333\"><strong data-start=\"47\" data-end=\"86\">\u201eForbidden Floor \u2013 The Home (2025)\u201c<\/strong>\u00a0ist ein beklemmender Horror-Thriller, der Angst dort entstehen l\u00e4sst, wo man sich eigentlich sicher f\u00fchlen sollte.<br data-start=\"201\" data-end=\"204\" \/>Ein altes Wohnhaus verbirgt ein streng verschlossenes Stockwerk, \u00fcber das niemand spricht \u2013 doch genau dort beginnt der Albtraum.<\/p>\n<p data-start=\"335\" data-end=\"582\">Als neue Bewohner dem Geheimnis des verbotenen Stockwerks auf die Spur kommen, h\u00e4ufen sich unheimliche Ereignisse, verschwundene Personen und verst\u00f6rende Visionen.<br data-start=\"498\" data-end=\"501\" \/>Was sich hinter der T\u00fcr verbirgt, ist \u00e4lter, b\u00f6ser und gef\u00e4hrlicher als erwartet.<\/p>\n<p data-start=\"584\" data-end=\"797\">Erwartet werden:<br data-start=\"600\" data-end=\"603\" \/><img decoding=\"async\" class=\"emoji\" role=\"img\" draggable=\"false\" src=\"https:\/\/s.w.org\/images\/core\/emoji\/17.0.2\/svg\/1f3da.svg\" alt=\"\ud83c\udfda\ufe0f\" \/>\u00a0D\u00fcsteres Haunted-House-Setting<br data-start=\"637\" data-end=\"640\" \/><img decoding=\"async\" class=\"emoji\" role=\"img\" draggable=\"false\" src=\"https:\/\/s.w.org\/images\/core\/emoji\/17.0.2\/svg\/1f441.svg\" alt=\"\ud83d\udc41\ufe0f\" \/>\u00a0Psychologischer Horror &amp; schleichender Terror<br data-start=\"689\" data-end=\"692\" \/><img decoding=\"async\" class=\"emoji\" role=\"img\" draggable=\"false\" src=\"https:\/\/s.w.org\/images\/core\/emoji\/17.0.2\/svg\/1fa78.svg\" alt=\"\ud83e\ude78\" \/>\u00a0Unheimliche Enth\u00fcllungen &amp; dunkle Geheimnisse<br data-start=\"740\" data-end=\"743\" \/><img decoding=\"async\" class=\"emoji\" role=\"img\" draggable=\"false\" src=\"https:\/\/s.w.org\/images\/core\/emoji\/17.0.2\/svg\/1f525.svg\" alt=\"\ud83d\udd25\" \/>\u00a0Spannungsaufbau bis zum nervenzerrei\u00dfenden Finale<\/p>\n<p data-start=\"799\" data-end=\"893\">Ein atmosph\u00e4rischer Horrorfilm, der mit G\u00e4nsehaut, Mystery und konstantem Unbehagen \u00fcberzeugt.<\/p>\n<p data-start=\"895\" data-end=\"937\"><img decoding=\"async\" class=\"emoji\" role=\"img\" draggable=\"false\" src=\"https:\/\/s.w.org\/images\/core\/emoji\/17.0.2\/svg\/1f50a.svg\" alt=\"\ud83d\udd0a\" \/>\u00a0<strong data-start=\"898\" data-end=\"909\">Format:<\/strong>\u00a0Video\/Horror\/Thriller (MP4)<\/p>\n<p data-start=\"939\" data-end=\"1088\"><img decoding=\"async\" class=\"emoji\" role=\"img\" draggable=\"false\" src=\"https:\/\/s.w.org\/images\/core\/emoji\/17.0.2\/svg\/2b07.svg\" alt=\"\u2b07\ufe0f\" \/>\u00a0Sofortiger Download f\u00fcr Handy<br data-start=\"971\" data-end=\"974\" \/><img decoding=\"async\" class=\"emoji\" role=\"img\" draggable=\"false\" src=\"https:\/\/s.w.org\/images\/core\/emoji\/17.0.2\/svg\/2b07.svg\" alt=\"\u2b07\ufe0f\" \/>\u00a0Sofortiger Download f\u00fcr PC<br data-start=\"1003\" data-end=\"1006\" \/><img decoding=\"async\" class=\"emoji\" role=\"img\" draggable=\"false\" src=\"https:\/\/s.w.org\/images\/core\/emoji\/17.0.2\/svg\/2b07.svg\" alt=\"\u2b07\ufe0f\" \/>\u00a0Sofortiger Download f\u00fcrs Tablet<br data-start=\"1040\" data-end=\"1043\" \/><img decoding=\"async\" class=\"emoji\" role=\"img\" draggable=\"false\" src=\"https:\/\/s.w.org\/images\/core\/emoji\/17.0.2\/svg\/2b07.svg\" alt=\"\u2b07\ufe0f\" \/>\u00a0Kompatibel mit allen MP4-f\u00e4higen Ger\u00e4ten<\/p>\n<p data-start=\"1090\" data-end=\"1148\" data-is-last-node=\"\" data-is-only-node=\"\"><strong data-start=\"1090\" data-end=\"1148\" data-is-last-node=\"\"><img decoding=\"async\" class=\"emoji\" role=\"img\" draggable=\"false\" src=\"https:\/\/s.w.org\/images\/core\/emoji\/17.0.2\/svg\/1f449.svg\" alt=\"\ud83d\udc49\" \/>\u00a0Einmal gekauft \u2013 jederzeit und unbegrenzt abrufbar!<\/strong><\/p>","protected":false},"excerpt":{"rendered":"<p>\u00a0Video Forbidden Floor \u2013 The Home (2025) \u201eForbidden Floor \u2013 The Home (2025)\u201c\u00a0ist ein beklemmender Horror-Thriller, der Angst dort entstehen l\u00e4sst, wo man sich eigentlich sicher f\u00fchlen sollte.Ein altes Wohnhaus verbirgt ein streng verschlossenes Stockwerk, \u00fcber das niemand spricht \u2013 doch genau dort beginnt der Albtraum. Als neue Bewohner dem Geheimnis des verbotenen Stockwerks auf [&hellip;]<\/p>\n","protected":false},"featured_media":3146,"comment_status":"open","ping_status":"closed","template":"","meta":[],"product_brand":[],"product_cat":[50,56,55],"product_tag":[],"class_list":{"0":"post-3123","1":"product","2":"type-product","3":"status-publish","4":"has-post-thumbnail","6":"product_cat-aktuelle-filme-2025","7":"product_cat-grusel-horror","8":"product_cat-thriller","10":"first","11":"instock","12":"sale","13":"virtual","14":"purchasable","15":"product-type-simple"},"jetpack_sharing_enabled":true,"_links":{"self":[{"href":"https:\/\/audiobook-24.com\/en\/wp-json\/wp\/v2\/product\/3123","targetHints":{"allow":["GET"]}}],"collection":[{"href":"https:\/\/audiobook-24.com\/en\/wp-json\/wp\/v2\/product"}],"about":[{"href":"https:\/\/audiobook-24.com\/en\/wp-json\/wp\/v2\/types\/product"}],"replies":[{"embeddable":true,"href":"https:\/\/audiobook-24.com\/en\/wp-json\/wp\/v2\/comments?post=3123"}],"wp:featuredmedia":[{"embeddable":true,"href":"https:\/\/audiobook-24.com\/en\/wp-json\/wp\/v2\/media\/3146"}],"wp:attachment":[{"href":"https:\/\/audiobook-24.com\/en\/wp-json\/wp\/v2\/media?parent=3123"}],"wp:term":[{"taxonomy":"product_brand","embeddable":true,"href":"https:\/\/audiobook-24.com\/en\/wp-json\/wp\/v2\/product_brand?post=3123"},{"taxonomy":"product_cat","embeddable":true,"href":"https:\/\/audiobook-24.com\/en\/wp-json\/wp\/v2\/product_cat?post=3123"},{"taxonomy":"product_tag","embeddable":true,"href":"https:\/\/audiobook-24.com\/en\/wp-json\/wp\/v2\/product_tag?post=3123"}],"curies":[{"name":"wp","href":"https:\/\/api.w.org\/{rel}","templated":true}]}}