{"id":3099,"date":"2026-02-17T02:00:21","date_gmt":"2026-02-17T02:00:21","guid":{"rendered":"https:\/\/audiobook-24.com\/?post_type=product&#038;p=3099"},"modified":"2026-02-17T02:00:44","modified_gmt":"2026-02-17T02:00:44","slug":"%f0%9f%8e%ac-video-she-rides-shotgun-2025","status":"publish","type":"product","link":"https:\/\/audiobook-24.com\/en\/product\/%f0%9f%8e%ac-video-she-rides-shotgun-2025\/","title":{"rendered":"\ud83c\udfac Video She Rides Shotgun (2025)"},"content":{"rendered":"<h2 class=\"sr-only\"><img decoding=\"async\" class=\"emoji\" role=\"img\" draggable=\"false\" src=\"https:\/\/s.w.org\/images\/core\/emoji\/17.0.2\/svg\/1f3ac.svg\" alt=\"\ud83c\udfac\" \/>\u00a0Video She Rides Shotgun (2025)<\/h2>\n<div class=\"text-base my-auto mx-auto pb-10 [--thread-content-margin:--spacing(4)] @w-sm\/main:[--thread-content-margin:--spacing(6)] @w-lg\/main:[--thread-content-margin:--spacing(16)] px-(--thread-content-margin)\">\n<div class=\"[--thread-content-max-width:40rem] @w-lg\/main:[--thread-content-max-width:48rem] mx-auto max-w-(--thread-content-max-width) flex-1 group\/turn-messages focus-visible:outline-hidden relative flex w-full min-w-0 flex-col agent-turn\" tabindex=\"-1\">\n<div class=\"flex max-w-full flex-col grow\">\n<div class=\"min-h-8 text-message relative flex w-full flex-col items-end gap-2 text-start break-words whitespace-normal [.text-message+&amp;]:mt-1\" dir=\"auto\" data-message-author-role=\"assistant\" data-message-id=\"5c2799c5-7a00-410c-8a7b-8b6fc9729b6d\" data-message-model-slug=\"gpt-5-mini\">\n<div class=\"flex w-full flex-col gap-1 empty:hidden first:pt-[1px]\">\n<div class=\"markdown prose dark:prose-invert w-full break-words light markdown-new-styling\">\n<p data-start=\"38\" data-end=\"384\"><strong data-start=\"38\" data-end=\"68\">\u201eShe Rides Shotgun (2025)\u201c<\/strong>\u00a0ist ein packender Thriller \u00fcber Mut, \u00dcberleben und Rache.<br data-start=\"126\" data-end=\"129\" \/>Eine junge Frau wird Zeugin eines brutalen Verbrechens und ger\u00e4t dadurch ins Visier eines skrupellosen Verbrechersyndikats.<br data-start=\"252\" data-end=\"255\" \/>Um zu \u00fcberleben, schnappt sie sich die Waffe und k\u00e4mpft sich entschlossen durch ein Netz aus Gefahr, Verrat und t\u00f6dlichen Fallen.<\/p>\n<p data-start=\"386\" data-end=\"585\">Erwartet werden:<br data-start=\"402\" data-end=\"405\" \/><img decoding=\"async\" class=\"emoji\" role=\"img\" draggable=\"false\" src=\"https:\/\/s.w.org\/images\/core\/emoji\/17.0.2\/svg\/1f52b.svg\" alt=\"\ud83d\udd2b\" \/>\u00a0Rasante Action &amp; Feuergefechte<br data-start=\"438\" data-end=\"441\" \/><img decoding=\"async\" class=\"emoji\" role=\"img\" draggable=\"false\" src=\"https:\/\/s.w.org\/images\/core\/emoji\/17.0.2\/svg\/1f3cd.svg\" alt=\"\ud83c\udfcd\ufe0f\" \/>\u00a0Spannende Verfolgungsjagden<br data-start=\"472\" data-end=\"475\" \/><img decoding=\"async\" class=\"emoji\" role=\"img\" draggable=\"false\" src=\"https:\/\/s.w.org\/images\/core\/emoji\/17.0.2\/svg\/1f575.svg\" alt=\"\ud83d\udd75\ufe0f\" \/>\u00a0Eine starke Heldin gegen alle Widrigkeiten<br data-start=\"521\" data-end=\"524\" \/><img decoding=\"async\" class=\"emoji\" role=\"img\" draggable=\"false\" src=\"https:\/\/s.w.org\/images\/core\/emoji\/17.0.2\/svg\/1f525.svg\" alt=\"\ud83d\udd25\" \/>\u00a0Intensive Spannung von der ersten bis zur letzten Minute<\/p>\n<p data-start=\"587\" data-end=\"681\">Ein adrenalingeladener Thriller \u00fcber Entschlossenheit, Selbstschutz und gnadenlose Vergeltung.<\/p>\n<p data-start=\"683\" data-end=\"725\"><img decoding=\"async\" class=\"emoji\" role=\"img\" draggable=\"false\" src=\"https:\/\/s.w.org\/images\/core\/emoji\/17.0.2\/svg\/1f50a.svg\" alt=\"\ud83d\udd0a\" \/>\u00a0<strong data-start=\"686\" data-end=\"697\">Format:<\/strong>\u00a0Video\/Action\/Thriller (MP4)<\/p>\n<p data-start=\"727\" data-end=\"876\"><img decoding=\"async\" class=\"emoji\" role=\"img\" draggable=\"false\" src=\"https:\/\/s.w.org\/images\/core\/emoji\/17.0.2\/svg\/2b07.svg\" alt=\"\u2b07\ufe0f\" \/>\u00a0Sofortiger Download f\u00fcr Handy<br data-start=\"759\" data-end=\"762\" \/><img decoding=\"async\" class=\"emoji\" role=\"img\" draggable=\"false\" src=\"https:\/\/s.w.org\/images\/core\/emoji\/17.0.2\/svg\/2b07.svg\" alt=\"\u2b07\ufe0f\" \/>\u00a0Sofortiger Download f\u00fcr PC<br data-start=\"791\" data-end=\"794\" \/><img decoding=\"async\" class=\"emoji\" role=\"img\" draggable=\"false\" src=\"https:\/\/s.w.org\/images\/core\/emoji\/17.0.2\/svg\/2b07.svg\" alt=\"\u2b07\ufe0f\" \/>\u00a0Sofortiger Download f\u00fcrs Tablet<br data-start=\"828\" data-end=\"831\" \/><img decoding=\"async\" class=\"emoji\" role=\"img\" draggable=\"false\" src=\"https:\/\/s.w.org\/images\/core\/emoji\/17.0.2\/svg\/2b07.svg\" alt=\"\u2b07\ufe0f\" \/>\u00a0Kompatibel mit allen MP4-f\u00e4higen Ger\u00e4ten<\/p>\n<p data-start=\"878\" data-end=\"936\" data-is-last-node=\"\" data-is-only-node=\"\"><strong data-start=\"878\" data-end=\"936\" data-is-last-node=\"\"><img decoding=\"async\" class=\"emoji\" role=\"img\" draggable=\"false\" src=\"https:\/\/s.w.org\/images\/core\/emoji\/17.0.2\/svg\/1f449.svg\" alt=\"\ud83d\udc49\" \/>\u00a0Einmal gekauft \u2013 jederzeit und unbegrenzt abrufbar!<\/strong><\/p>\n<\/div>\n<\/div>\n<\/div>\n<\/div>\n<\/div>\n<\/div>\n","protected":false},"excerpt":{"rendered":"<p>\u00a0Video She Rides Shotgun (2025) \u201eShe Rides Shotgun (2025)\u201c\u00a0ist ein packender Thriller \u00fcber Mut, \u00dcberleben und Rache.Eine junge Frau wird Zeugin eines brutalen Verbrechens und ger\u00e4t dadurch ins Visier eines skrupellosen Verbrechersyndikats.Um zu \u00fcberleben, schnappt sie sich die Waffe und k\u00e4mpft sich entschlossen durch ein Netz aus Gefahr, Verrat und t\u00f6dlichen Fallen. Erwartet werden:\u00a0Rasante Action [&hellip;]<\/p>\n","protected":false},"featured_media":3102,"comment_status":"open","ping_status":"closed","template":"","meta":[],"product_brand":[],"product_cat":[54,50,55],"product_tag":[],"class_list":{"0":"post-3099","1":"product","2":"type-product","3":"status-publish","4":"has-post-thumbnail","6":"product_cat-action","7":"product_cat-aktuelle-filme-2025","8":"product_cat-thriller","10":"first","11":"instock","12":"sale","13":"virtual","14":"purchasable","15":"product-type-simple"},"jetpack_sharing_enabled":true,"_links":{"self":[{"href":"https:\/\/audiobook-24.com\/en\/wp-json\/wp\/v2\/product\/3099","targetHints":{"allow":["GET"]}}],"collection":[{"href":"https:\/\/audiobook-24.com\/en\/wp-json\/wp\/v2\/product"}],"about":[{"href":"https:\/\/audiobook-24.com\/en\/wp-json\/wp\/v2\/types\/product"}],"replies":[{"embeddable":true,"href":"https:\/\/audiobook-24.com\/en\/wp-json\/wp\/v2\/comments?post=3099"}],"wp:featuredmedia":[{"embeddable":true,"href":"https:\/\/audiobook-24.com\/en\/wp-json\/wp\/v2\/media\/3102"}],"wp:attachment":[{"href":"https:\/\/audiobook-24.com\/en\/wp-json\/wp\/v2\/media?parent=3099"}],"wp:term":[{"taxonomy":"product_brand","embeddable":true,"href":"https:\/\/audiobook-24.com\/en\/wp-json\/wp\/v2\/product_brand?post=3099"},{"taxonomy":"product_cat","embeddable":true,"href":"https:\/\/audiobook-24.com\/en\/wp-json\/wp\/v2\/product_cat?post=3099"},{"taxonomy":"product_tag","embeddable":true,"href":"https:\/\/audiobook-24.com\/en\/wp-json\/wp\/v2\/product_tag?post=3099"}],"curies":[{"name":"wp","href":"https:\/\/api.w.org\/{rel}","templated":true}]}}