{"id":3097,"date":"2026-02-17T02:14:45","date_gmt":"2026-02-17T02:14:45","guid":{"rendered":"https:\/\/audiobook-24.com\/?post_type=product&#038;p=3097"},"modified":"2026-02-17T02:14:59","modified_gmt":"2026-02-17T02:14:59","slug":"%f0%9f%8e%ac-video-one-battle-after-another-2025","status":"publish","type":"product","link":"https:\/\/audiobook-24.com\/en\/product\/%f0%9f%8e%ac-video-one-battle-after-another-2025\/","title":{"rendered":"\ud83c\udfac Video One Battle After Another (2025)"},"content":{"rendered":"<h6 class=\"sr-only\"><img decoding=\"async\" class=\"emoji\" role=\"img\" draggable=\"false\" src=\"https:\/\/s.w.org\/images\/core\/emoji\/17.0.2\/svg\/1f3ac.svg\" alt=\"\ud83c\udfac\" \/>\u00a0Video One Battle After Another (2025)<\/h6>\n<div class=\"text-base my-auto mx-auto pb-10 [--thread-content-margin:--spacing(4)] @w-sm\/main:[--thread-content-margin:--spacing(6)] @w-lg\/main:[--thread-content-margin:--spacing(16)] px-(--thread-content-margin)\">\n<div class=\"[--thread-content-max-width:40rem] @w-lg\/main:[--thread-content-max-width:48rem] mx-auto max-w-(--thread-content-max-width) flex-1 group\/turn-messages focus-visible:outline-hidden relative flex w-full min-w-0 flex-col agent-turn\" tabindex=\"-1\">\n<div class=\"flex max-w-full flex-col grow\">\n<div class=\"min-h-8 text-message relative flex w-full flex-col items-end gap-2 text-start break-words whitespace-normal [.text-message+&amp;]:mt-1\" dir=\"auto\" data-message-author-role=\"assistant\" data-message-id=\"8624812f-315a-4e65-b6b8-b94b86f9bd7d\" data-message-model-slug=\"gpt-5-mini\">\n<div class=\"flex w-full flex-col gap-1 empty:hidden first:pt-[1px]\">\n<div class=\"markdown prose dark:prose-invert w-full break-words light markdown-new-styling\">\n<p data-start=\"47\" data-end=\"373\"><strong data-start=\"47\" data-end=\"84\">\u201eOne Battle After Another (2025)\u201c<\/strong>\u00a0ist ein intensiver Kriegs-Actionfilm, der das Leben einer Spezialeinheit inmitten gef\u00e4hrlicher Eins\u00e4tze beleuchtet.<br data-start=\"200\" data-end=\"203\" \/>Von den ersten Trainingsmissionen bis zu t\u00f6dlichen Gefechten an verschiedenen Fronten erleben die Soldaten\u00a0<strong data-start=\"310\" data-end=\"362\">Kameradschaft, Verrat und die H\u00e4rten des Krieges<\/strong>\u00a0hautnah.<\/p>\n<p data-start=\"375\" data-end=\"538\">Der Film zeigt nicht nur explosive Schlachten, sondern auch die menschlichen Konflikte hinter der Uniform \u2013 Loyalit\u00e4t, Mut und pers\u00f6nliche Opfer stehen im Fokus.<\/p>\n<p data-start=\"540\" data-end=\"757\">Erwartet werden:<br data-start=\"556\" data-end=\"559\" \/><img decoding=\"async\" class=\"emoji\" role=\"img\" draggable=\"false\" src=\"https:\/\/s.w.org\/images\/core\/emoji\/17.0.2\/svg\/2694.svg\" alt=\"\u2694\ufe0f\" \/>\u00a0Atemberaubende Action &amp; Kampfsequenzen<br data-start=\"600\" data-end=\"603\" \/><img decoding=\"async\" class=\"emoji\" role=\"img\" draggable=\"false\" src=\"https:\/\/s.w.org\/images\/core\/emoji\/17.0.2\/svg\/1f396.svg\" alt=\"\ud83c\udf96\ufe0f\" \/>\u00a0Tiefe Einblicke in Soldatenleben &amp; Teamgeist<br data-start=\"651\" data-end=\"654\" \/><img decoding=\"async\" class=\"emoji\" role=\"img\" draggable=\"false\" src=\"https:\/\/s.w.org\/images\/core\/emoji\/17.0.2\/svg\/1f30d.svg\" alt=\"\ud83c\udf0d\" \/>\u00a0Realistische Schaupl\u00e4tze &amp; milit\u00e4rische Strategien<br data-start=\"707\" data-end=\"710\" \/><img decoding=\"async\" class=\"emoji\" role=\"img\" draggable=\"false\" src=\"https:\/\/s.w.org\/images\/core\/emoji\/17.0.2\/svg\/1f525.svg\" alt=\"\ud83d\udd25\" \/>\u00a0Spannende Wendungen und emotionale Momente<\/p>\n<p data-start=\"759\" data-end=\"823\">Ein packender Kriegsfilm voller Action, Dramatik und Intensit\u00e4t.<\/p>\n<p data-start=\"825\" data-end=\"866\"><img decoding=\"async\" class=\"emoji\" role=\"img\" draggable=\"false\" src=\"https:\/\/s.w.org\/images\/core\/emoji\/17.0.2\/svg\/1f50a.svg\" alt=\"\ud83d\udd0a\" \/>\u00a0<strong data-start=\"828\" data-end=\"839\">Format:<\/strong>\u00a0Video\/Action\/Krieg (MP4)<\/p>\n<p data-start=\"868\" data-end=\"1017\"><img decoding=\"async\" class=\"emoji\" role=\"img\" draggable=\"false\" src=\"https:\/\/s.w.org\/images\/core\/emoji\/17.0.2\/svg\/2b07.svg\" alt=\"\u2b07\ufe0f\" \/>\u00a0Sofortiger Download f\u00fcr Handy<br data-start=\"900\" data-end=\"903\" \/><img decoding=\"async\" class=\"emoji\" role=\"img\" draggable=\"false\" src=\"https:\/\/s.w.org\/images\/core\/emoji\/17.0.2\/svg\/2b07.svg\" alt=\"\u2b07\ufe0f\" \/>\u00a0Sofortiger Download f\u00fcr PC<br data-start=\"932\" data-end=\"935\" \/><img decoding=\"async\" class=\"emoji\" role=\"img\" draggable=\"false\" src=\"https:\/\/s.w.org\/images\/core\/emoji\/17.0.2\/svg\/2b07.svg\" alt=\"\u2b07\ufe0f\" \/>\u00a0Sofortiger Download f\u00fcrs Tablet<br data-start=\"969\" data-end=\"972\" \/><img decoding=\"async\" class=\"emoji\" role=\"img\" draggable=\"false\" src=\"https:\/\/s.w.org\/images\/core\/emoji\/17.0.2\/svg\/2b07.svg\" alt=\"\u2b07\ufe0f\" \/>\u00a0Kompatibel mit allen MP4-f\u00e4higen Ger\u00e4ten<\/p>\n<p data-start=\"1019\" data-end=\"1077\" data-is-last-node=\"\" data-is-only-node=\"\"><strong data-start=\"1019\" data-end=\"1077\" data-is-last-node=\"\"><img decoding=\"async\" class=\"emoji\" role=\"img\" draggable=\"false\" src=\"https:\/\/s.w.org\/images\/core\/emoji\/17.0.2\/svg\/1f449.svg\" alt=\"\ud83d\udc49\" \/>\u00a0Einmal gekauft \u2013 jederzeit und unbegrenzt abrufbar!<\/strong><\/p>\n<\/div>\n<\/div>\n<\/div>\n<\/div>\n<\/div>\n<\/div>\n","protected":false},"excerpt":{"rendered":"<p>\u00a0Video One Battle After Another (2025) \u201eOne Battle After Another (2025)\u201c\u00a0ist ein intensiver Kriegs-Actionfilm, der das Leben einer Spezialeinheit inmitten gef\u00e4hrlicher Eins\u00e4tze beleuchtet.Von den ersten Trainingsmissionen bis zu t\u00f6dlichen Gefechten an verschiedenen Fronten erleben die Soldaten\u00a0Kameradschaft, Verrat und die H\u00e4rten des Krieges\u00a0hautnah. Der Film zeigt nicht nur explosive Schlachten, sondern auch die menschlichen Konflikte hinter [&hellip;]<\/p>\n","protected":false},"featured_media":3104,"comment_status":"open","ping_status":"closed","template":"","meta":[],"product_brand":[],"product_cat":[54,50,55],"product_tag":[],"class_list":{"0":"post-3097","1":"product","2":"type-product","3":"status-publish","4":"has-post-thumbnail","6":"product_cat-action","7":"product_cat-aktuelle-filme-2025","8":"product_cat-thriller","10":"first","11":"instock","12":"sale","13":"virtual","14":"purchasable","15":"product-type-simple"},"jetpack_sharing_enabled":true,"_links":{"self":[{"href":"https:\/\/audiobook-24.com\/en\/wp-json\/wp\/v2\/product\/3097","targetHints":{"allow":["GET"]}}],"collection":[{"href":"https:\/\/audiobook-24.com\/en\/wp-json\/wp\/v2\/product"}],"about":[{"href":"https:\/\/audiobook-24.com\/en\/wp-json\/wp\/v2\/types\/product"}],"replies":[{"embeddable":true,"href":"https:\/\/audiobook-24.com\/en\/wp-json\/wp\/v2\/comments?post=3097"}],"wp:featuredmedia":[{"embeddable":true,"href":"https:\/\/audiobook-24.com\/en\/wp-json\/wp\/v2\/media\/3104"}],"wp:attachment":[{"href":"https:\/\/audiobook-24.com\/en\/wp-json\/wp\/v2\/media?parent=3097"}],"wp:term":[{"taxonomy":"product_brand","embeddable":true,"href":"https:\/\/audiobook-24.com\/en\/wp-json\/wp\/v2\/product_brand?post=3097"},{"taxonomy":"product_cat","embeddable":true,"href":"https:\/\/audiobook-24.com\/en\/wp-json\/wp\/v2\/product_cat?post=3097"},{"taxonomy":"product_tag","embeddable":true,"href":"https:\/\/audiobook-24.com\/en\/wp-json\/wp\/v2\/product_tag?post=3097"}],"curies":[{"name":"wp","href":"https:\/\/api.w.org\/{rel}","templated":true}]}}