{"id":3095,"date":"2026-02-17T02:24:44","date_gmt":"2026-02-17T02:24:44","guid":{"rendered":"https:\/\/audiobook-24.com\/?post_type=product&#038;p=3095"},"modified":"2026-02-17T02:24:45","modified_gmt":"2026-02-17T02:24:45","slug":"%f0%9f%8e%ac-video-icefall-bis-das-eis-bricht-2025","status":"publish","type":"product","link":"https:\/\/audiobook-24.com\/en\/product\/%f0%9f%8e%ac-video-icefall-bis-das-eis-bricht-2025\/","title":{"rendered":"\ud83c\udfac Video Icefall \u2013 Bis das Eis bricht (2025)"},"content":{"rendered":"<h2 data-start=\"0\" data-end=\"49\"><img decoding=\"async\" class=\"emoji\" role=\"img\" draggable=\"false\" src=\"https:\/\/s.w.org\/images\/core\/emoji\/17.0.2\/svg\/1f3ac.svg\" alt=\"\ud83c\udfac\" \/>\u00a0Video Icefall \u2013 Bis das Eis bricht (2025)<\/h2>\n<p data-start=\"51\" data-end=\"427\"><strong data-start=\"51\" data-end=\"92\">\u201eIcefall \u2013 Bis das Eis bricht (2025)\u201c<\/strong>\u00a0ist ein spannender Survival-Thriller in eisiger Wildnis.<br data-start=\"149\" data-end=\"152\" \/>Ein Team von Forschern ger\u00e4t in einem abgelegenen Gletschergebiet in eine lebensbedrohliche Lage, als eine Serie unerwarteter Naturkatastrophen einsetzt.<br data-start=\"305\" data-end=\"308\" \/>St\u00fcrme, einst\u00fcrzende Eisformationen und unvorhersehbare Lawinen zwingen sie zu einem verzweifelten Kampf ums \u00dcberleben.<\/p>\n<p data-start=\"429\" data-end=\"639\">Doch nicht nur die Natur stellt eine Gefahr dar: Misstrauen, alte Konflikte und Geheimnisse innerhalb der Gruppe versch\u00e4rfen die Lage dramatisch.<br data-start=\"574\" data-end=\"577\" \/>Ein Wettlauf gegen Zeit, Eis und menschliche Abgr\u00fcnde beginnt.<\/p>\n<p data-start=\"641\" data-end=\"864\">Erwartet werden:<br data-start=\"657\" data-end=\"660\" \/><img decoding=\"async\" class=\"emoji\" role=\"img\" draggable=\"false\" src=\"https:\/\/s.w.org\/images\/core\/emoji\/17.0.2\/svg\/2744.svg\" alt=\"\u2744\ufe0f\" \/>\u00a0Atemberaubende Naturaufnahmen &amp; eisige Spannung<br data-start=\"710\" data-end=\"713\" \/><img decoding=\"async\" class=\"emoji\" role=\"img\" draggable=\"false\" src=\"https:\/\/s.w.org\/images\/core\/emoji\/17.0.2\/svg\/26a1.svg\" alt=\"\u26a1\" \/>\u00a0Rasante Survival-Szenen &amp; Nervenkitzel<br data-start=\"753\" data-end=\"756\" \/><img decoding=\"async\" class=\"emoji\" role=\"img\" draggable=\"false\" src=\"https:\/\/s.w.org\/images\/core\/emoji\/17.0.2\/svg\/1f465.svg\" alt=\"\ud83d\udc65\" \/>\u00a0Zwischenmenschliche Konflikte unter Extrembedingungen<br data-start=\"812\" data-end=\"815\" \/><img decoding=\"async\" class=\"emoji\" role=\"img\" draggable=\"false\" src=\"https:\/\/s.w.org\/images\/core\/emoji\/17.0.2\/svg\/1f525.svg\" alt=\"\ud83d\udd25\" \/>\u00a0Dramatische Wendungen bis zur letzten Minute<\/p>\n<p data-start=\"866\" data-end=\"954\">Ein packender Thriller \u00fcber Mut, \u00dcberlebenswillen und die unbarmherzige Kraft der Natur.<\/p>\n<p data-start=\"956\" data-end=\"1002\"><img decoding=\"async\" class=\"emoji\" role=\"img\" draggable=\"false\" src=\"https:\/\/s.w.org\/images\/core\/emoji\/17.0.2\/svg\/1f50a.svg\" alt=\"\ud83d\udd0a\" \/>\u00a0<strong data-start=\"959\" data-end=\"970\">Format:<\/strong>\u00a0Video\/Thriller\/Survival (MP4)<\/p>\n<p data-start=\"1004\" data-end=\"1153\"><img decoding=\"async\" class=\"emoji\" role=\"img\" draggable=\"false\" src=\"https:\/\/s.w.org\/images\/core\/emoji\/17.0.2\/svg\/2b07.svg\" alt=\"\u2b07\ufe0f\" \/>\u00a0Sofortiger Download f\u00fcr Handy<br data-start=\"1036\" data-end=\"1039\" \/><img decoding=\"async\" class=\"emoji\" role=\"img\" draggable=\"false\" src=\"https:\/\/s.w.org\/images\/core\/emoji\/17.0.2\/svg\/2b07.svg\" alt=\"\u2b07\ufe0f\" \/>\u00a0Sofortiger Download f\u00fcr PC<br data-start=\"1068\" data-end=\"1071\" \/><img decoding=\"async\" class=\"emoji\" role=\"img\" draggable=\"false\" src=\"https:\/\/s.w.org\/images\/core\/emoji\/17.0.2\/svg\/2b07.svg\" alt=\"\u2b07\ufe0f\" \/>\u00a0Sofortiger Download f\u00fcrs Tablet<br data-start=\"1105\" data-end=\"1108\" \/><img decoding=\"async\" class=\"emoji\" role=\"img\" draggable=\"false\" src=\"https:\/\/s.w.org\/images\/core\/emoji\/17.0.2\/svg\/2b07.svg\" alt=\"\u2b07\ufe0f\" \/>\u00a0Kompatibel mit allen MP4-f\u00e4higen Ger\u00e4ten<\/p>\n<p data-start=\"1155\" data-end=\"1213\" data-is-last-node=\"\" data-is-only-node=\"\"><strong data-start=\"1155\" data-end=\"1213\" data-is-last-node=\"\"><img decoding=\"async\" class=\"emoji\" role=\"img\" draggable=\"false\" src=\"https:\/\/s.w.org\/images\/core\/emoji\/17.0.2\/svg\/1f449.svg\" alt=\"\ud83d\udc49\" \/>\u00a0Einmal gekauft \u2013 jederzeit und unbegrenzt abrufbar!<\/strong><\/p>","protected":false},"excerpt":{"rendered":"<p>\u00a0Video Icefall \u2013 Bis das Eis bricht (2025) \u201eIcefall \u2013 Bis das Eis bricht (2025)\u201c\u00a0ist ein spannender Survival-Thriller in eisiger Wildnis.Ein Team von Forschern ger\u00e4t in einem abgelegenen Gletschergebiet in eine lebensbedrohliche Lage, als eine Serie unerwarteter Naturkatastrophen einsetzt.St\u00fcrme, einst\u00fcrzende Eisformationen und unvorhersehbare Lawinen zwingen sie zu einem verzweifelten Kampf ums \u00dcberleben. Doch nicht nur [&hellip;]<\/p>\n","protected":false},"featured_media":3107,"comment_status":"open","ping_status":"closed","template":"","meta":[],"product_brand":[],"product_cat":[54,50,55],"product_tag":[],"class_list":{"0":"post-3095","1":"product","2":"type-product","3":"status-publish","4":"has-post-thumbnail","6":"product_cat-action","7":"product_cat-aktuelle-filme-2025","8":"product_cat-thriller","10":"first","11":"instock","12":"sale","13":"virtual","14":"purchasable","15":"product-type-simple"},"jetpack_sharing_enabled":true,"_links":{"self":[{"href":"https:\/\/audiobook-24.com\/en\/wp-json\/wp\/v2\/product\/3095","targetHints":{"allow":["GET"]}}],"collection":[{"href":"https:\/\/audiobook-24.com\/en\/wp-json\/wp\/v2\/product"}],"about":[{"href":"https:\/\/audiobook-24.com\/en\/wp-json\/wp\/v2\/types\/product"}],"replies":[{"embeddable":true,"href":"https:\/\/audiobook-24.com\/en\/wp-json\/wp\/v2\/comments?post=3095"}],"wp:featuredmedia":[{"embeddable":true,"href":"https:\/\/audiobook-24.com\/en\/wp-json\/wp\/v2\/media\/3107"}],"wp:attachment":[{"href":"https:\/\/audiobook-24.com\/en\/wp-json\/wp\/v2\/media?parent=3095"}],"wp:term":[{"taxonomy":"product_brand","embeddable":true,"href":"https:\/\/audiobook-24.com\/en\/wp-json\/wp\/v2\/product_brand?post=3095"},{"taxonomy":"product_cat","embeddable":true,"href":"https:\/\/audiobook-24.com\/en\/wp-json\/wp\/v2\/product_cat?post=3095"},{"taxonomy":"product_tag","embeddable":true,"href":"https:\/\/audiobook-24.com\/en\/wp-json\/wp\/v2\/product_tag?post=3095"}],"curies":[{"name":"wp","href":"https:\/\/api.w.org\/{rel}","templated":true}]}}