{"id":3092,"date":"2026-02-17T02:32:36","date_gmt":"2026-02-17T02:32:36","guid":{"rendered":"https:\/\/audiobook-24.com\/?post_type=product&#038;p=3092"},"modified":"2026-02-17T02:36:54","modified_gmt":"2026-02-17T02:36:54","slug":"%f0%9f%8e%ac-video-robin-hood-2025-staffel-01-%c2%b7-folge-03","status":"publish","type":"product","link":"https:\/\/audiobook-24.com\/en\/product\/%f0%9f%8e%ac-video-robin-hood-2025-staffel-01-%c2%b7-folge-03\/","title":{"rendered":"\ud83c\udfac Video Robin Hood (2025) \u2013 Staffel 01 \u00b7 Folge 03"},"content":{"rendered":"<h2 data-start=\"0\" data-end=\"53\"><img decoding=\"async\" class=\"emoji\" role=\"img\" draggable=\"false\" src=\"https:\/\/s.w.org\/images\/core\/emoji\/17.0.2\/svg\/1f3ac.svg\" alt=\"\ud83c\udfac\" \/>\u00a0Video Robin Hood (2025) \u2013 Staffel 01 \u00b7 Folge 03<\/h2>\n<p data-start=\"55\" data-end=\"330\">In\u00a0<strong data-start=\"58\" data-end=\"90\">\u201eRobin Hood (2025) \u2013 S01E03\u201c<\/strong>\u00a0eskaliert der Konflikt zwischen den Gesetzlosen und der Obrigkeit.<br data-start=\"157\" data-end=\"160\" \/>Robin und seine Gef\u00e4hrten wagen einen waghalsigen Schlag mitten ins Herz von Nottinghams Machtapparat. Der Coup bringt dringend ben\u00f6tigte Vorr\u00e4te \u2013 aber auch neue Feinde.<\/p>\n<p data-start=\"332\" data-end=\"562\">W\u00e4hrend der Sheriff seine Jagd weiter versch\u00e4rft, tritt eine geheimnisvolle Verb\u00fcndete auf den Plan, deren Loyalit\u00e4t unklar ist.<br data-start=\"460\" data-end=\"463\" \/>Gleichzeitig wird Robin klar: F\u00fchrung bedeutet Opfer \u2013 und nicht jeder wird diesen Kampf \u00fcberleben.<\/p>\n<p data-start=\"564\" data-end=\"766\">Erwartet werden:<br data-start=\"580\" data-end=\"583\" \/><img decoding=\"async\" class=\"emoji\" role=\"img\" draggable=\"false\" src=\"https:\/\/s.w.org\/images\/core\/emoji\/17.0.2\/svg\/1f3f9.svg\" alt=\"\ud83c\udff9\" \/>\u00a0Spektakul\u00e4re \u00dcberf\u00e4lle &amp; taktische Raffinesse<br data-start=\"631\" data-end=\"634\" \/><img decoding=\"async\" class=\"emoji\" role=\"img\" draggable=\"false\" src=\"https:\/\/s.w.org\/images\/core\/emoji\/17.0.2\/svg\/1f332.svg\" alt=\"\ud83c\udf32\" \/>\u00a0Zerrei\u00dfproben innerhalb der Gruppe<br data-start=\"671\" data-end=\"674\" \/><img decoding=\"async\" class=\"emoji\" role=\"img\" draggable=\"false\" src=\"https:\/\/s.w.org\/images\/core\/emoji\/17.0.2\/svg\/2694.svg\" alt=\"\u2694\ufe0f\" \/>\u00a0Ein gef\u00e4hrlicher Gegenspieler r\u00fcckt n\u00e4her<br data-start=\"718\" data-end=\"721\" \/><img decoding=\"async\" class=\"emoji\" role=\"img\" draggable=\"false\" src=\"https:\/\/s.w.org\/images\/core\/emoji\/17.0.2\/svg\/1f525.svg\" alt=\"\ud83d\udd25\" \/>\u00a0Entscheidungen mit weitreichenden Folgen<\/p>\n<p data-start=\"768\" data-end=\"848\">Die Legende beginnt Gestalt anzunehmen \u2013 doch der Weg ist blutig und gef\u00e4hrlich.<\/p>\n<p data-start=\"850\" data-end=\"892\"><img decoding=\"async\" class=\"emoji\" role=\"img\" draggable=\"false\" src=\"https:\/\/s.w.org\/images\/core\/emoji\/17.0.2\/svg\/1f50a.svg\" alt=\"\ud83d\udd0a\" \/>\u00a0<strong data-start=\"853\" data-end=\"864\">Format:<\/strong>\u00a0Video\/Serie\/Abenteuer (MP4)<\/p>\n<p data-start=\"894\" data-end=\"1043\"><img decoding=\"async\" class=\"emoji\" role=\"img\" draggable=\"false\" src=\"https:\/\/s.w.org\/images\/core\/emoji\/17.0.2\/svg\/2b07.svg\" alt=\"\u2b07\ufe0f\" \/>\u00a0Sofortiger Download f\u00fcr Handy<br data-start=\"926\" data-end=\"929\" \/><img decoding=\"async\" class=\"emoji\" role=\"img\" draggable=\"false\" src=\"https:\/\/s.w.org\/images\/core\/emoji\/17.0.2\/svg\/2b07.svg\" alt=\"\u2b07\ufe0f\" \/>\u00a0Sofortiger Download f\u00fcr PC<br data-start=\"958\" data-end=\"961\" \/><img decoding=\"async\" class=\"emoji\" role=\"img\" draggable=\"false\" src=\"https:\/\/s.w.org\/images\/core\/emoji\/17.0.2\/svg\/2b07.svg\" alt=\"\u2b07\ufe0f\" \/>\u00a0Sofortiger Download f\u00fcrs Tablet<br data-start=\"995\" data-end=\"998\" \/><img decoding=\"async\" class=\"emoji\" role=\"img\" draggable=\"false\" src=\"https:\/\/s.w.org\/images\/core\/emoji\/17.0.2\/svg\/2b07.svg\" alt=\"\u2b07\ufe0f\" \/>\u00a0Kompatibel mit allen MP4-f\u00e4higen Ger\u00e4ten<\/p>\n<p data-start=\"1045\" data-end=\"1103\" data-is-last-node=\"\" data-is-only-node=\"\"><strong data-start=\"1045\" data-end=\"1103\" data-is-last-node=\"\"><img decoding=\"async\" class=\"emoji\" role=\"img\" draggable=\"false\" src=\"https:\/\/s.w.org\/images\/core\/emoji\/17.0.2\/svg\/1f449.svg\" alt=\"\ud83d\udc49\" \/>\u00a0Einmal gekauft \u2013 jederzeit und unbegrenzt abrufbar!<\/strong><\/p>","protected":false},"excerpt":{"rendered":"<p>\u00a0Video Robin Hood (2025) \u2013 Staffel 01 \u00b7 Folge 03 In\u00a0\u201eRobin Hood (2025) \u2013 S01E03\u201c\u00a0eskaliert der Konflikt zwischen den Gesetzlosen und der Obrigkeit.Robin und seine Gef\u00e4hrten wagen einen waghalsigen Schlag mitten ins Herz von Nottinghams Machtapparat. Der Coup bringt dringend ben\u00f6tigte Vorr\u00e4te \u2013 aber auch neue Feinde. W\u00e4hrend der Sheriff seine Jagd weiter versch\u00e4rft, tritt [&hellip;]<\/p>\n","protected":false},"featured_media":3110,"comment_status":"open","ping_status":"closed","template":"","meta":[],"product_brand":[],"product_cat":[51],"product_tag":[],"class_list":{"0":"post-3092","1":"product","2":"type-product","3":"status-publish","4":"has-post-thumbnail","6":"product_cat-serien","8":"first","9":"instock","10":"sale","11":"shipping-taxable","12":"purchasable","13":"product-type-simple"},"jetpack_sharing_enabled":true,"_links":{"self":[{"href":"https:\/\/audiobook-24.com\/en\/wp-json\/wp\/v2\/product\/3092","targetHints":{"allow":["GET"]}}],"collection":[{"href":"https:\/\/audiobook-24.com\/en\/wp-json\/wp\/v2\/product"}],"about":[{"href":"https:\/\/audiobook-24.com\/en\/wp-json\/wp\/v2\/types\/product"}],"replies":[{"embeddable":true,"href":"https:\/\/audiobook-24.com\/en\/wp-json\/wp\/v2\/comments?post=3092"}],"wp:featuredmedia":[{"embeddable":true,"href":"https:\/\/audiobook-24.com\/en\/wp-json\/wp\/v2\/media\/3110"}],"wp:attachment":[{"href":"https:\/\/audiobook-24.com\/en\/wp-json\/wp\/v2\/media?parent=3092"}],"wp:term":[{"taxonomy":"product_brand","embeddable":true,"href":"https:\/\/audiobook-24.com\/en\/wp-json\/wp\/v2\/product_brand?post=3092"},{"taxonomy":"product_cat","embeddable":true,"href":"https:\/\/audiobook-24.com\/en\/wp-json\/wp\/v2\/product_cat?post=3092"},{"taxonomy":"product_tag","embeddable":true,"href":"https:\/\/audiobook-24.com\/en\/wp-json\/wp\/v2\/product_tag?post=3092"}],"curies":[{"name":"wp","href":"https:\/\/api.w.org\/{rel}","templated":true}]}}