{"id":3091,"date":"2026-02-17T02:34:10","date_gmt":"2026-02-17T02:34:10","guid":{"rendered":"https:\/\/audiobook-24.com\/?post_type=product&#038;p=3091"},"modified":"2026-02-17T02:34:10","modified_gmt":"2026-02-17T02:34:10","slug":"%f0%9f%8e%ac-video-robin-hood-2025-staffel-01-%c2%b7-folge-04","status":"publish","type":"product","link":"https:\/\/audiobook-24.com\/en\/product\/%f0%9f%8e%ac-video-robin-hood-2025-staffel-01-%c2%b7-folge-04\/","title":{"rendered":"\ud83c\udfac Video Robin Hood (2025) \u2013 Staffel 01 \u00b7 Folge 04"},"content":{"rendered":"<h2 class=\"sr-only\"><img decoding=\"async\" class=\"emoji\" role=\"img\" draggable=\"false\" src=\"https:\/\/s.w.org\/images\/core\/emoji\/17.0.2\/svg\/1f3ac.svg\" alt=\"\ud83c\udfac\" \/>\u00a0Video Robin Hood (2025) \u2013 Staffel 01 \u00b7 Folge 04<\/h2>\n<div class=\"text-base my-auto mx-auto pb-10 [--thread-content-margin:--spacing(4)] @w-sm\/main:[--thread-content-margin:--spacing(6)] @w-lg\/main:[--thread-content-margin:--spacing(16)] px-(--thread-content-margin)\">\n<div class=\"[--thread-content-max-width:40rem] @w-lg\/main:[--thread-content-max-width:48rem] mx-auto max-w-(--thread-content-max-width) flex-1 group\/turn-messages focus-visible:outline-hidden relative flex w-full min-w-0 flex-col agent-turn\" tabindex=\"-1\">\n<div class=\"flex max-w-full flex-col grow\">\n<div class=\"min-h-8 text-message relative flex w-full flex-col items-end gap-2 text-start break-words whitespace-normal [.text-message+&amp;]:mt-1\" dir=\"auto\" data-message-author-role=\"assistant\" data-message-id=\"82959f95-b3d8-4fc9-a9ed-28f9c917f054\" data-message-model-slug=\"gpt-5-2\">\n<div class=\"flex w-full flex-col gap-1 empty:hidden first:pt-[1px]\">\n<div class=\"markdown prose dark:prose-invert w-full break-words light markdown-new-styling\">\n<p data-start=\"55\" data-end=\"341\">In\u00a0<strong data-start=\"58\" data-end=\"90\">\u201eRobin Hood (2025) \u2013 S01E04\u201c<\/strong>\u00a0r\u00fcckt der Sheriff von Nottingham n\u00e4her an die Wahrheit heran.<br data-start=\"152\" data-end=\"155\" \/>Ein Verr\u00e4ter innerhalb der Stadt liefert entscheidende Hinweise, die den Sherwood Forest in akute Gefahr bringen.<br data-start=\"268\" data-end=\"271\" \/>Robin steht vor einer schweren Entscheidung: angreifen \u2013 oder fliehen.<\/p>\n<p data-start=\"343\" data-end=\"599\">W\u00e4hrend Maid Marian zunehmend zwischen Loyalit\u00e4t und Gefahr zerrieben wird, plant der Sheriff eine \u00f6ffentliche Machtdemonstration, um das Volk endg\u00fcltig zu brechen.<br data-start=\"507\" data-end=\"510\" \/>Doch Robin und seine Gef\u00e4hrten sind bereit, alles zu riskieren, um ein Zeichen zu setzen.<\/p>\n<p data-start=\"601\" data-end=\"775\">Erwartet werden:<br data-start=\"617\" data-end=\"620\" \/><img decoding=\"async\" class=\"emoji\" role=\"img\" draggable=\"false\" src=\"https:\/\/s.w.org\/images\/core\/emoji\/17.0.2\/svg\/1f3f9.svg\" alt=\"\ud83c\udff9\" \/>\u00a0Mutige Aktionen mit hohem Risiko<br data-start=\"655\" data-end=\"658\" \/><img decoding=\"async\" class=\"emoji\" role=\"img\" draggable=\"false\" src=\"https:\/\/s.w.org\/images\/core\/emoji\/17.0.2\/svg\/1f332.svg\" alt=\"\ud83c\udf32\" \/>\u00a0Bedrohung f\u00fcr den Sherwood Forest<br data-start=\"694\" data-end=\"697\" \/><img decoding=\"async\" class=\"emoji\" role=\"img\" draggable=\"false\" src=\"https:\/\/s.w.org\/images\/core\/emoji\/17.0.2\/svg\/2694.svg\" alt=\"\u2694\ufe0f\" \/>\u00a0Psychologisches Katz-und-Maus-Spiel<br data-start=\"735\" data-end=\"738\" \/><img decoding=\"async\" class=\"emoji\" role=\"img\" draggable=\"false\" src=\"https:\/\/s.w.org\/images\/core\/emoji\/17.0.2\/svg\/1f525.svg\" alt=\"\ud83d\udd25\" \/>\u00a0Ein Wendepunkt f\u00fcr die Rebellion<\/p>\n<p data-start=\"777\" data-end=\"845\">Die Fronten verh\u00e4rten sich \u2013 und der Krieg um Gerechtigkeit beginnt.<\/p>\n<p data-start=\"847\" data-end=\"889\"><img decoding=\"async\" class=\"emoji\" role=\"img\" draggable=\"false\" src=\"https:\/\/s.w.org\/images\/core\/emoji\/17.0.2\/svg\/1f50a.svg\" alt=\"\ud83d\udd0a\" \/>\u00a0<strong data-start=\"850\" data-end=\"861\">Format:<\/strong>\u00a0Video\/Serie\/Abenteuer (MP4)<\/p>\n<p data-start=\"891\" data-end=\"1040\"><img decoding=\"async\" class=\"emoji\" role=\"img\" draggable=\"false\" src=\"https:\/\/s.w.org\/images\/core\/emoji\/17.0.2\/svg\/2b07.svg\" alt=\"\u2b07\ufe0f\" \/>\u00a0Sofortiger Download f\u00fcr Handy<br data-start=\"923\" data-end=\"926\" \/><img decoding=\"async\" class=\"emoji\" role=\"img\" draggable=\"false\" src=\"https:\/\/s.w.org\/images\/core\/emoji\/17.0.2\/svg\/2b07.svg\" alt=\"\u2b07\ufe0f\" \/>\u00a0Sofortiger Download f\u00fcr PC<br data-start=\"955\" data-end=\"958\" \/><img decoding=\"async\" class=\"emoji\" role=\"img\" draggable=\"false\" src=\"https:\/\/s.w.org\/images\/core\/emoji\/17.0.2\/svg\/2b07.svg\" alt=\"\u2b07\ufe0f\" \/>\u00a0Sofortiger Download f\u00fcrs Tablet<br data-start=\"992\" data-end=\"995\" \/><img decoding=\"async\" class=\"emoji\" role=\"img\" draggable=\"false\" src=\"https:\/\/s.w.org\/images\/core\/emoji\/17.0.2\/svg\/2b07.svg\" alt=\"\u2b07\ufe0f\" \/>\u00a0Kompatibel mit allen MP4-f\u00e4higen Ger\u00e4ten<\/p>\n<p data-start=\"1042\" data-end=\"1100\" data-is-last-node=\"\" data-is-only-node=\"\"><strong data-start=\"1042\" data-end=\"1100\" data-is-last-node=\"\"><img decoding=\"async\" class=\"emoji\" role=\"img\" draggable=\"false\" src=\"https:\/\/s.w.org\/images\/core\/emoji\/17.0.2\/svg\/1f449.svg\" alt=\"\ud83d\udc49\" \/>\u00a0Einmal gekauft \u2013 jederzeit und unbegrenzt abrufbar!<\/strong><\/p>\n<\/div>\n<\/div>\n<\/div>\n<\/div>\n<\/div>\n<\/div>\n","protected":false},"excerpt":{"rendered":"<p>\u00a0Video Robin Hood (2025) \u2013 Staffel 01 \u00b7 Folge 04 In\u00a0\u201eRobin Hood (2025) \u2013 S01E04\u201c\u00a0r\u00fcckt der Sheriff von Nottingham n\u00e4her an die Wahrheit heran.Ein Verr\u00e4ter innerhalb der Stadt liefert entscheidende Hinweise, die den Sherwood Forest in akute Gefahr bringen.Robin steht vor einer schweren Entscheidung: angreifen \u2013 oder fliehen. W\u00e4hrend Maid Marian zunehmend zwischen Loyalit\u00e4t und [&hellip;]<\/p>\n","protected":false},"featured_media":3108,"comment_status":"open","ping_status":"closed","template":"","meta":[],"product_brand":[],"product_cat":[51],"product_tag":[],"class_list":{"0":"post-3091","1":"product","2":"type-product","3":"status-publish","4":"has-post-thumbnail","6":"product_cat-serien","8":"first","9":"instock","10":"sale","11":"virtual","12":"purchasable","13":"product-type-simple"},"jetpack_sharing_enabled":true,"_links":{"self":[{"href":"https:\/\/audiobook-24.com\/en\/wp-json\/wp\/v2\/product\/3091","targetHints":{"allow":["GET"]}}],"collection":[{"href":"https:\/\/audiobook-24.com\/en\/wp-json\/wp\/v2\/product"}],"about":[{"href":"https:\/\/audiobook-24.com\/en\/wp-json\/wp\/v2\/types\/product"}],"replies":[{"embeddable":true,"href":"https:\/\/audiobook-24.com\/en\/wp-json\/wp\/v2\/comments?post=3091"}],"wp:featuredmedia":[{"embeddable":true,"href":"https:\/\/audiobook-24.com\/en\/wp-json\/wp\/v2\/media\/3108"}],"wp:attachment":[{"href":"https:\/\/audiobook-24.com\/en\/wp-json\/wp\/v2\/media?parent=3091"}],"wp:term":[{"taxonomy":"product_brand","embeddable":true,"href":"https:\/\/audiobook-24.com\/en\/wp-json\/wp\/v2\/product_brand?post=3091"},{"taxonomy":"product_cat","embeddable":true,"href":"https:\/\/audiobook-24.com\/en\/wp-json\/wp\/v2\/product_cat?post=3091"},{"taxonomy":"product_tag","embeddable":true,"href":"https:\/\/audiobook-24.com\/en\/wp-json\/wp\/v2\/product_tag?post=3091"}],"curies":[{"name":"wp","href":"https:\/\/api.w.org\/{rel}","templated":true}]}}