{"id":3090,"date":"2026-02-17T02:35:45","date_gmt":"2026-02-17T02:35:45","guid":{"rendered":"https:\/\/audiobook-24.com\/?post_type=product&#038;p=3090"},"modified":"2026-02-17T02:35:47","modified_gmt":"2026-02-17T02:35:47","slug":"%f0%9f%8e%ac-video-robin-hood-2025-staffel-01-%c2%b7-folge-05","status":"publish","type":"product","link":"https:\/\/audiobook-24.com\/en\/product\/%f0%9f%8e%ac-video-robin-hood-2025-staffel-01-%c2%b7-folge-05\/","title":{"rendered":"\ud83c\udfac Video Robin Hood (2025) \u2013 Staffel 01 \u00b7 Folge 05"},"content":{"rendered":"<h2 class=\"sr-only\"><img decoding=\"async\" class=\"emoji\" role=\"img\" draggable=\"false\" src=\"https:\/\/s.w.org\/images\/core\/emoji\/17.0.2\/svg\/1f3ac.svg\" alt=\"\ud83c\udfac\" \/>\u00a0Video Robin Hood (2025) \u2013 Staffel 01 \u00b7 Folge 05<\/h2>\n<div class=\"text-base my-auto mx-auto pb-10 [--thread-content-margin:--spacing(4)] @w-sm\/main:[--thread-content-margin:--spacing(6)] @w-lg\/main:[--thread-content-margin:--spacing(16)] px-(--thread-content-margin)\">\n<div class=\"[--thread-content-max-width:40rem] @w-lg\/main:[--thread-content-max-width:48rem] mx-auto max-w-(--thread-content-max-width) flex-1 group\/turn-messages focus-visible:outline-hidden relative flex w-full min-w-0 flex-col agent-turn\" tabindex=\"-1\">\n<div class=\"flex max-w-full flex-col grow\">\n<div class=\"min-h-8 text-message relative flex w-full flex-col items-end gap-2 text-start break-words whitespace-normal [.text-message+&amp;]:mt-1\" dir=\"auto\" data-message-author-role=\"assistant\" data-message-id=\"18e375dc-5785-4bd4-9d01-2e9370095971\" data-message-model-slug=\"gpt-5-2\">\n<div class=\"flex w-full flex-col gap-1 empty:hidden first:pt-[1px]\">\n<div class=\"markdown prose dark:prose-invert w-full break-words light markdown-new-styling\">\n<p data-start=\"55\" data-end=\"348\">In\u00a0<strong data-start=\"58\" data-end=\"90\">\u201eRobin Hood (2025) \u2013 S01E05\u201c<\/strong>\u00a0erreicht der Konflikt einen neuen H\u00f6hepunkt.<br data-start=\"135\" data-end=\"138\" \/>Nach den j\u00fcngsten Angriffen schl\u00e4gt der Sheriff von Nottingham gnadenlos zur\u00fcck und nimmt Unschuldige als Druckmittel.<br data-start=\"256\" data-end=\"259\" \/>Robin muss erkennen, dass jeder Schlag gegen die Obrigkeit Konsequenzen f\u00fcr das Volk hat.<\/p>\n<p data-start=\"350\" data-end=\"615\">W\u00e4hrend der Zusammenhalt der Gesetzlosen auf die Probe gestellt wird, plant Robin einen riskanten Befreiungsschlag, der alles ver\u00e4ndern k\u00f6nnte.<br data-start=\"493\" data-end=\"496\" \/>Vertrauen, Opferbereitschaft und Loyalit\u00e4t entscheiden dar\u00fcber, ob die Rebellion \u00fcberlebt \u2013 oder im Keim erstickt wird.<\/p>\n<p data-start=\"617\" data-end=\"798\">Erwartet werden:<br data-start=\"633\" data-end=\"636\" \/><img decoding=\"async\" class=\"emoji\" role=\"img\" draggable=\"false\" src=\"https:\/\/s.w.org\/images\/core\/emoji\/17.0.2\/svg\/1f3f9.svg\" alt=\"\ud83c\udff9\" \/>\u00a0Dramatische Rettungsaktionen<br data-start=\"667\" data-end=\"670\" \/><img decoding=\"async\" class=\"emoji\" role=\"img\" draggable=\"false\" src=\"https:\/\/s.w.org\/images\/core\/emoji\/17.0.2\/svg\/1f332.svg\" alt=\"\ud83c\udf32\" \/>\u00a0Innere Konflikte bei den Outlaws<br data-start=\"705\" data-end=\"708\" \/><img decoding=\"async\" class=\"emoji\" role=\"img\" draggable=\"false\" src=\"https:\/\/s.w.org\/images\/core\/emoji\/17.0.2\/svg\/2694.svg\" alt=\"\u2694\ufe0f\" \/>\u00a0Brutale Machtdemonstrationen des Sheriffs<br data-start=\"752\" data-end=\"755\" \/><img decoding=\"async\" class=\"emoji\" role=\"img\" draggable=\"false\" src=\"https:\/\/s.w.org\/images\/core\/emoji\/17.0.2\/svg\/1f525.svg\" alt=\"\ud83d\udd25\" \/>\u00a0Ein emotionaler Wendepunkt der Staffel<\/p>\n<p data-start=\"800\" data-end=\"866\">Die Legende w\u00e4chst \u2013 doch der Preis f\u00fcr Freiheit wird immer h\u00f6her.<\/p>\n<p data-start=\"868\" data-end=\"910\"><img decoding=\"async\" class=\"emoji\" role=\"img\" draggable=\"false\" src=\"https:\/\/s.w.org\/images\/core\/emoji\/17.0.2\/svg\/1f50a.svg\" alt=\"\ud83d\udd0a\" \/>\u00a0<strong data-start=\"871\" data-end=\"882\">Format:<\/strong>\u00a0Video\/Serie\/Abenteuer (MP4)<\/p>\n<p data-start=\"912\" data-end=\"1061\"><img decoding=\"async\" class=\"emoji\" role=\"img\" draggable=\"false\" src=\"https:\/\/s.w.org\/images\/core\/emoji\/17.0.2\/svg\/2b07.svg\" alt=\"\u2b07\ufe0f\" \/>\u00a0Sofortiger Download f\u00fcr Handy<br data-start=\"944\" data-end=\"947\" \/><img decoding=\"async\" class=\"emoji\" role=\"img\" draggable=\"false\" src=\"https:\/\/s.w.org\/images\/core\/emoji\/17.0.2\/svg\/2b07.svg\" alt=\"\u2b07\ufe0f\" \/>\u00a0Sofortiger Download f\u00fcr PC<br data-start=\"976\" data-end=\"979\" \/><img decoding=\"async\" class=\"emoji\" role=\"img\" draggable=\"false\" src=\"https:\/\/s.w.org\/images\/core\/emoji\/17.0.2\/svg\/2b07.svg\" alt=\"\u2b07\ufe0f\" \/>\u00a0Sofortiger Download f\u00fcrs Tablet<br data-start=\"1013\" data-end=\"1016\" \/><img decoding=\"async\" class=\"emoji\" role=\"img\" draggable=\"false\" src=\"https:\/\/s.w.org\/images\/core\/emoji\/17.0.2\/svg\/2b07.svg\" alt=\"\u2b07\ufe0f\" \/>\u00a0Kompatibel mit allen MP4-f\u00e4higen Ger\u00e4ten<\/p>\n<p data-start=\"1063\" data-end=\"1121\" data-is-last-node=\"\" data-is-only-node=\"\"><strong data-start=\"1063\" data-end=\"1121\" data-is-last-node=\"\"><img decoding=\"async\" class=\"emoji\" role=\"img\" draggable=\"false\" src=\"https:\/\/s.w.org\/images\/core\/emoji\/17.0.2\/svg\/1f449.svg\" alt=\"\ud83d\udc49\" \/>\u00a0Einmal gekauft \u2013 jederzeit und unbegrenzt abrufbar!<\/strong><\/p>\n<\/div>\n<\/div>\n<\/div>\n<\/div>\n<\/div>\n<\/div>\n","protected":false},"excerpt":{"rendered":"<p>\u00a0Video Robin Hood (2025) \u2013 Staffel 01 \u00b7 Folge 05 In\u00a0\u201eRobin Hood (2025) \u2013 S01E05\u201c\u00a0erreicht der Konflikt einen neuen H\u00f6hepunkt.Nach den j\u00fcngsten Angriffen schl\u00e4gt der Sheriff von Nottingham gnadenlos zur\u00fcck und nimmt Unschuldige als Druckmittel.Robin muss erkennen, dass jeder Schlag gegen die Obrigkeit Konsequenzen f\u00fcr das Volk hat. W\u00e4hrend der Zusammenhalt der Gesetzlosen auf die [&hellip;]<\/p>\n","protected":false},"featured_media":3109,"comment_status":"open","ping_status":"closed","template":"","meta":[],"product_brand":[],"product_cat":[51],"product_tag":[],"class_list":{"0":"post-3090","1":"product","2":"type-product","3":"status-publish","4":"has-post-thumbnail","6":"product_cat-serien","8":"first","9":"instock","10":"sale","11":"virtual","12":"purchasable","13":"product-type-simple"},"jetpack_sharing_enabled":true,"_links":{"self":[{"href":"https:\/\/audiobook-24.com\/en\/wp-json\/wp\/v2\/product\/3090","targetHints":{"allow":["GET"]}}],"collection":[{"href":"https:\/\/audiobook-24.com\/en\/wp-json\/wp\/v2\/product"}],"about":[{"href":"https:\/\/audiobook-24.com\/en\/wp-json\/wp\/v2\/types\/product"}],"replies":[{"embeddable":true,"href":"https:\/\/audiobook-24.com\/en\/wp-json\/wp\/v2\/comments?post=3090"}],"wp:featuredmedia":[{"embeddable":true,"href":"https:\/\/audiobook-24.com\/en\/wp-json\/wp\/v2\/media\/3109"}],"wp:attachment":[{"href":"https:\/\/audiobook-24.com\/en\/wp-json\/wp\/v2\/media?parent=3090"}],"wp:term":[{"taxonomy":"product_brand","embeddable":true,"href":"https:\/\/audiobook-24.com\/en\/wp-json\/wp\/v2\/product_brand?post=3090"},{"taxonomy":"product_cat","embeddable":true,"href":"https:\/\/audiobook-24.com\/en\/wp-json\/wp\/v2\/product_cat?post=3090"},{"taxonomy":"product_tag","embeddable":true,"href":"https:\/\/audiobook-24.com\/en\/wp-json\/wp\/v2\/product_tag?post=3090"}],"curies":[{"name":"wp","href":"https:\/\/api.w.org\/{rel}","templated":true}]}}