{"id":3087,"date":"2026-02-17T02:47:16","date_gmt":"2026-02-17T02:47:16","guid":{"rendered":"https:\/\/audiobook-24.com\/?post_type=product&#038;p=3087"},"modified":"2026-02-17T02:47:16","modified_gmt":"2026-02-17T02:47:16","slug":"%f0%9f%8e%ac-video-die-gangster-gang-2-2025","status":"publish","type":"product","link":"https:\/\/audiobook-24.com\/en\/product\/%f0%9f%8e%ac-video-die-gangster-gang-2-2025\/","title":{"rendered":"\ud83c\udfac Video Die Gangster Gang 2 (2025)"},"content":{"rendered":"<h2 data-start=\"0\" data-end=\"38\"><img decoding=\"async\" class=\"emoji\" role=\"img\" draggable=\"false\" src=\"https:\/\/s.w.org\/images\/core\/emoji\/17.0.2\/svg\/1f3ac.svg\" alt=\"\ud83c\udfac\" \/>\u00a0Video Die Gangster Gang 2 (2025)<\/h2>\n<p data-start=\"40\" data-end=\"348\">In\u00a0<strong data-start=\"43\" data-end=\"75\">\u201eDie Gangster Gang 2 (2025)\u201c<\/strong>\u00a0kehren Mr. Wolf, Mr. Snake, Mr. Shark, Mr. Piranha und Ms. Tarantel zur\u00fcck \u2013 doch diesmal ist alles noch chaotischer.<br data-start=\"193\" data-end=\"196\" \/>Gerade als die ehemalige Verbrecherbande versucht, endg\u00fcltig ein ehrliches Leben zu f\u00fchren, werden sie in einen neuen, spektakul\u00e4ren Coup hineingezogen.<\/p>\n<p data-start=\"350\" data-end=\"630\">Eine mysteri\u00f6se neue Gang zwingt die Truppe zu einer unm\u00f6glichen Entscheidung:<br data-start=\"428\" data-end=\"431\" \/>Noch einmal b\u00f6se sein \u2013 oder alles verlieren.<br data-start=\"476\" data-end=\"479\" \/>Zwischen witzigen Wortgefechten, rasanten Verfolgungsjagden und cleveren Tricks zeigt sich, dass echte Freundschaft manchmal die gr\u00f6\u00dfte Superkraft ist.<\/p>\n<p data-start=\"632\" data-end=\"797\">Erwartet werden:<br data-start=\"648\" data-end=\"651\" \/><img decoding=\"async\" class=\"emoji\" role=\"img\" draggable=\"false\" src=\"https:\/\/s.w.org\/images\/core\/emoji\/17.0.2\/svg\/1f98a.svg\" alt=\"\ud83e\udd8a\" \/>\u00a0Freche Dialoge &amp; schr\u00e4ger Humor<br data-start=\"685\" data-end=\"688\" \/><img decoding=\"async\" class=\"emoji\" role=\"img\" draggable=\"false\" src=\"https:\/\/s.w.org\/images\/core\/emoji\/17.0.2\/svg\/1f4a5.svg\" alt=\"\ud83d\udca5\" \/>\u00a0Actionreiche Heist-Momente<br data-start=\"717\" data-end=\"720\" \/><img decoding=\"async\" class=\"emoji\" role=\"img\" draggable=\"false\" src=\"https:\/\/s.w.org\/images\/core\/emoji\/17.0.2\/svg\/1f608.svg\" alt=\"\ud83d\ude08\" \/>\u00a0Neue Gegenspieler &amp; \u00fcberraschende Wendungen<br data-start=\"766\" data-end=\"769\" \/><img decoding=\"async\" class=\"emoji\" role=\"img\" draggable=\"false\" src=\"https:\/\/s.w.org\/images\/core\/emoji\/17.0.2\/svg\/2764.svg\" alt=\"\u2764\ufe0f\" \/>\u00a0Teamgeist, Herz &amp; Chaos<\/p>\n<p data-start=\"799\" data-end=\"890\">Ein temporeiches Animationsabenteuer f\u00fcr die ganze Familie \u2013 frech, clever und voller Spa\u00df.<\/p>\n<p data-start=\"892\" data-end=\"936\"><img decoding=\"async\" class=\"emoji\" role=\"img\" draggable=\"false\" src=\"https:\/\/s.w.org\/images\/core\/emoji\/17.0.2\/svg\/1f50a.svg\" alt=\"\ud83d\udd0a\" \/>\u00a0<strong data-start=\"895\" data-end=\"906\">Format:<\/strong>\u00a0Video\/Animation\/Familie (MP4)<\/p>\n<p data-start=\"938\" data-end=\"1087\"><img decoding=\"async\" class=\"emoji\" role=\"img\" draggable=\"false\" src=\"https:\/\/s.w.org\/images\/core\/emoji\/17.0.2\/svg\/2b07.svg\" alt=\"\u2b07\ufe0f\" \/>\u00a0Sofortiger Download f\u00fcr Handy<br data-start=\"970\" data-end=\"973\" \/><img decoding=\"async\" class=\"emoji\" role=\"img\" draggable=\"false\" src=\"https:\/\/s.w.org\/images\/core\/emoji\/17.0.2\/svg\/2b07.svg\" alt=\"\u2b07\ufe0f\" \/>\u00a0Sofortiger Download f\u00fcr PC<br data-start=\"1002\" data-end=\"1005\" \/><img decoding=\"async\" class=\"emoji\" role=\"img\" draggable=\"false\" src=\"https:\/\/s.w.org\/images\/core\/emoji\/17.0.2\/svg\/2b07.svg\" alt=\"\u2b07\ufe0f\" \/>\u00a0Sofortiger Download f\u00fcrs Tablet<br data-start=\"1039\" data-end=\"1042\" \/><img decoding=\"async\" class=\"emoji\" role=\"img\" draggable=\"false\" src=\"https:\/\/s.w.org\/images\/core\/emoji\/17.0.2\/svg\/2b07.svg\" alt=\"\u2b07\ufe0f\" \/>\u00a0Kompatibel mit allen MP4-f\u00e4higen Ger\u00e4ten<\/p>\n<p data-start=\"1089\" data-end=\"1147\" data-is-last-node=\"\" data-is-only-node=\"\"><strong data-start=\"1089\" data-end=\"1147\" data-is-last-node=\"\"><img decoding=\"async\" class=\"emoji\" role=\"img\" draggable=\"false\" src=\"https:\/\/s.w.org\/images\/core\/emoji\/17.0.2\/svg\/1f449.svg\" alt=\"\ud83d\udc49\" \/>\u00a0Einmal gekauft \u2013 jederzeit und unbegrenzt abrufbar!<\/strong><\/p>","protected":false},"excerpt":{"rendered":"<p>\u00a0Video Die Gangster Gang 2 (2025) In\u00a0\u201eDie Gangster Gang 2 (2025)\u201c\u00a0kehren Mr. Wolf, Mr. Snake, Mr. Shark, Mr. Piranha und Ms. Tarantel zur\u00fcck \u2013 doch diesmal ist alles noch chaotischer.Gerade als die ehemalige Verbrecherbande versucht, endg\u00fcltig ein ehrliches Leben zu f\u00fchren, werden sie in einen neuen, spektakul\u00e4ren Coup hineingezogen. Eine mysteri\u00f6se neue Gang zwingt die [&hellip;]<\/p>\n","protected":false},"featured_media":3113,"comment_status":"open","ping_status":"closed","template":"","meta":[],"product_brand":[],"product_cat":[54,50,52],"product_tag":[],"class_list":{"0":"post-3087","1":"product","2":"type-product","3":"status-publish","4":"has-post-thumbnail","6":"product_cat-action","7":"product_cat-aktuelle-filme-2025","8":"product_cat-comic","10":"first","11":"instock","12":"sale","13":"virtual","14":"purchasable","15":"product-type-simple"},"jetpack_sharing_enabled":true,"_links":{"self":[{"href":"https:\/\/audiobook-24.com\/en\/wp-json\/wp\/v2\/product\/3087","targetHints":{"allow":["GET"]}}],"collection":[{"href":"https:\/\/audiobook-24.com\/en\/wp-json\/wp\/v2\/product"}],"about":[{"href":"https:\/\/audiobook-24.com\/en\/wp-json\/wp\/v2\/types\/product"}],"replies":[{"embeddable":true,"href":"https:\/\/audiobook-24.com\/en\/wp-json\/wp\/v2\/comments?post=3087"}],"wp:featuredmedia":[{"embeddable":true,"href":"https:\/\/audiobook-24.com\/en\/wp-json\/wp\/v2\/media\/3113"}],"wp:attachment":[{"href":"https:\/\/audiobook-24.com\/en\/wp-json\/wp\/v2\/media?parent=3087"}],"wp:term":[{"taxonomy":"product_brand","embeddable":true,"href":"https:\/\/audiobook-24.com\/en\/wp-json\/wp\/v2\/product_brand?post=3087"},{"taxonomy":"product_cat","embeddable":true,"href":"https:\/\/audiobook-24.com\/en\/wp-json\/wp\/v2\/product_cat?post=3087"},{"taxonomy":"product_tag","embeddable":true,"href":"https:\/\/audiobook-24.com\/en\/wp-json\/wp\/v2\/product_tag?post=3087"}],"curies":[{"name":"wp","href":"https:\/\/api.w.org\/{rel}","templated":true}]}}