{"id":3086,"date":"2026-02-17T02:52:44","date_gmt":"2026-02-17T02:52:44","guid":{"rendered":"https:\/\/audiobook-24.com\/?post_type=product&#038;p=3086"},"modified":"2026-02-17T02:52:44","modified_gmt":"2026-02-17T02:52:44","slug":"%f0%9f%8e%ac-video-the-jester-2-trick-or-treat-2025","status":"publish","type":"product","link":"https:\/\/audiobook-24.com\/en\/product\/%f0%9f%8e%ac-video-the-jester-2-trick-or-treat-2025\/","title":{"rendered":"\ud83c\udfac Video The Jester 2: Trick or Treat (2025)"},"content":{"rendered":"<h2 data-start=\"0\" data-end=\"47\"><img decoding=\"async\" class=\"emoji\" role=\"img\" draggable=\"false\" src=\"https:\/\/s.w.org\/images\/core\/emoji\/17.0.2\/svg\/1f3ac.svg\" alt=\"\ud83c\udfac\" \/>\u00a0Video The Jester 2: Trick or Treat (2025)<\/h2>\n<p data-start=\"49\" data-end=\"379\"><strong data-start=\"49\" data-end=\"90\">\u201eThe Jester 2: Trick or Treat (2025)\u201c<\/strong>\u00a0bringt den albtraumhaften Killerclown zur\u00fcck \u2013 brutaler, raffinierter und unberechenbarer als je zuvor.<br data-start=\"194\" data-end=\"197\" \/>An Halloween kehrt der\u00a0<strong data-start=\"220\" data-end=\"230\">Jester<\/strong>\u00a0zur\u00fcck und verwandelt die Stadt erneut in eine B\u00fchne des Grauens.<br data-start=\"296\" data-end=\"299\" \/>Seine Spiele sind t\u00f6dlich, seine Regeln grausam \u2013 und jeder Fehler endet im Tod.<\/p>\n<p data-start=\"381\" data-end=\"626\">W\u00e4hrend die Polizei im Dunkeln tappt, versucht eine Gruppe \u00dcberlebender, das Geheimnis hinter dem Jester zu entschl\u00fcsseln und seinem makabren Spiel ein Ende zu setzen.<br data-start=\"548\" data-end=\"551\" \/>Doch je n\u00e4her sie der Wahrheit kommen, desto t\u00f6dlicher werden seine Tricks.<\/p>\n<p data-start=\"628\" data-end=\"778\">Erwartet werden:<br data-start=\"644\" data-end=\"647\" \/><img decoding=\"async\" class=\"emoji\" role=\"img\" draggable=\"false\" src=\"https:\/\/s.w.org\/images\/core\/emoji\/17.0.2\/svg\/1f921.svg\" alt=\"\ud83e\udd21\" \/>\u00a0D\u00fcsterer Slasher-Horror<br data-start=\"673\" data-end=\"676\" \/><img decoding=\"async\" class=\"emoji\" role=\"img\" draggable=\"false\" src=\"https:\/\/s.w.org\/images\/core\/emoji\/17.0.2\/svg\/1f383.svg\" alt=\"\ud83c\udf83\" \/>\u00a0Halloween-Atmosph\u00e4re pur<br data-start=\"703\" data-end=\"706\" \/><img decoding=\"async\" class=\"emoji\" role=\"img\" draggable=\"false\" src=\"https:\/\/s.w.org\/images\/core\/emoji\/17.0.2\/svg\/1f52a.svg\" alt=\"\ud83d\udd2a\" \/>\u00a0Brutale Kills &amp; perfide Spiele<br data-start=\"739\" data-end=\"742\" \/><img decoding=\"async\" class=\"emoji\" role=\"img\" draggable=\"false\" src=\"https:\/\/s.w.org\/images\/core\/emoji\/17.0.2\/svg\/1fa78.svg\" alt=\"\ud83e\ude78\" \/>\u00a0Spannung bis zum letzten Schrei<\/p>\n<p data-start=\"780\" data-end=\"867\">Ein kompromissloser Horrorfilm f\u00fcr Fans von harten Slashern und b\u00f6sem Halloween-Terror.<\/p>\n<p data-start=\"869\" data-end=\"902\"><img decoding=\"async\" class=\"emoji\" role=\"img\" draggable=\"false\" src=\"https:\/\/s.w.org\/images\/core\/emoji\/17.0.2\/svg\/1f50a.svg\" alt=\"\ud83d\udd0a\" \/>\u00a0<strong data-start=\"872\" data-end=\"883\">Format:<\/strong>\u00a0Video\/Horror (MP4)<\/p>\n<p data-start=\"904\" data-end=\"1053\"><img decoding=\"async\" class=\"emoji\" role=\"img\" draggable=\"false\" src=\"https:\/\/s.w.org\/images\/core\/emoji\/17.0.2\/svg\/2b07.svg\" alt=\"\u2b07\ufe0f\" \/>\u00a0Sofortiger Download f\u00fcr Handy<br data-start=\"936\" data-end=\"939\" \/><img decoding=\"async\" class=\"emoji\" role=\"img\" draggable=\"false\" src=\"https:\/\/s.w.org\/images\/core\/emoji\/17.0.2\/svg\/2b07.svg\" alt=\"\u2b07\ufe0f\" \/>\u00a0Sofortiger Download f\u00fcr PC<br data-start=\"968\" data-end=\"971\" \/><img decoding=\"async\" class=\"emoji\" role=\"img\" draggable=\"false\" src=\"https:\/\/s.w.org\/images\/core\/emoji\/17.0.2\/svg\/2b07.svg\" alt=\"\u2b07\ufe0f\" \/>\u00a0Sofortiger Download f\u00fcrs Tablet<br data-start=\"1005\" data-end=\"1008\" \/><img decoding=\"async\" class=\"emoji\" role=\"img\" draggable=\"false\" src=\"https:\/\/s.w.org\/images\/core\/emoji\/17.0.2\/svg\/2b07.svg\" alt=\"\u2b07\ufe0f\" \/>\u00a0Kompatibel mit allen MP4-f\u00e4higen Ger\u00e4ten<\/p>\n<p data-start=\"1055\" data-end=\"1113\" data-is-last-node=\"\" data-is-only-node=\"\"><strong data-start=\"1055\" data-end=\"1113\" data-is-last-node=\"\"><img decoding=\"async\" class=\"emoji\" role=\"img\" draggable=\"false\" src=\"https:\/\/s.w.org\/images\/core\/emoji\/17.0.2\/svg\/1f449.svg\" alt=\"\ud83d\udc49\" \/>\u00a0Einmal gekauft \u2013 jederzeit und unbegrenzt abrufbar!<\/strong><\/p>","protected":false},"excerpt":{"rendered":"<p>\u00a0Video The Jester 2: Trick or Treat (2025) \u201eThe Jester 2: Trick or Treat (2025)\u201c\u00a0bringt den albtraumhaften Killerclown zur\u00fcck \u2013 brutaler, raffinierter und unberechenbarer als je zuvor.An Halloween kehrt der\u00a0Jester\u00a0zur\u00fcck und verwandelt die Stadt erneut in eine B\u00fchne des Grauens.Seine Spiele sind t\u00f6dlich, seine Regeln grausam \u2013 und jeder Fehler endet im Tod. W\u00e4hrend die [&hellip;]<\/p>\n","protected":false},"featured_media":3134,"comment_status":"open","ping_status":"closed","template":"","meta":[],"product_brand":[],"product_cat":[50,56,55],"product_tag":[],"class_list":{"0":"post-3086","1":"product","2":"type-product","3":"status-publish","4":"has-post-thumbnail","6":"product_cat-aktuelle-filme-2025","7":"product_cat-grusel-horror","8":"product_cat-thriller","10":"first","11":"instock","12":"sale","13":"virtual","14":"purchasable","15":"product-type-simple"},"jetpack_sharing_enabled":true,"_links":{"self":[{"href":"https:\/\/audiobook-24.com\/en\/wp-json\/wp\/v2\/product\/3086","targetHints":{"allow":["GET"]}}],"collection":[{"href":"https:\/\/audiobook-24.com\/en\/wp-json\/wp\/v2\/product"}],"about":[{"href":"https:\/\/audiobook-24.com\/en\/wp-json\/wp\/v2\/types\/product"}],"replies":[{"embeddable":true,"href":"https:\/\/audiobook-24.com\/en\/wp-json\/wp\/v2\/comments?post=3086"}],"wp:featuredmedia":[{"embeddable":true,"href":"https:\/\/audiobook-24.com\/en\/wp-json\/wp\/v2\/media\/3134"}],"wp:attachment":[{"href":"https:\/\/audiobook-24.com\/en\/wp-json\/wp\/v2\/media?parent=3086"}],"wp:term":[{"taxonomy":"product_brand","embeddable":true,"href":"https:\/\/audiobook-24.com\/en\/wp-json\/wp\/v2\/product_brand?post=3086"},{"taxonomy":"product_cat","embeddable":true,"href":"https:\/\/audiobook-24.com\/en\/wp-json\/wp\/v2\/product_cat?post=3086"},{"taxonomy":"product_tag","embeddable":true,"href":"https:\/\/audiobook-24.com\/en\/wp-json\/wp\/v2\/product_tag?post=3086"}],"curies":[{"name":"wp","href":"https:\/\/api.w.org\/{rel}","templated":true}]}}