{"id":3082,"date":"2026-02-17T01:58:35","date_gmt":"2026-02-17T01:58:35","guid":{"rendered":"https:\/\/audiobook-24.com\/?post_type=product&#038;p=3082"},"modified":"2026-02-17T01:58:36","modified_gmt":"2026-02-17T01:58:36","slug":"%f0%9f%8e%ac-video-the-family-plan-2-2025","status":"publish","type":"product","link":"https:\/\/audiobook-24.com\/en\/product\/%f0%9f%8e%ac-video-the-family-plan-2-2025\/","title":{"rendered":"\ud83c\udfac Video The Family Plan 2 (2025)"},"content":{"rendered":"<h2 class=\"sr-only\"><img decoding=\"async\" class=\"emoji\" role=\"img\" draggable=\"false\" src=\"https:\/\/s.w.org\/images\/core\/emoji\/17.0.2\/svg\/1f3ac.svg\" alt=\"\ud83c\udfac\" \/>\u00a0Video The Family Plan 2 (2025)<\/h2>\n<div class=\"text-base my-auto mx-auto pb-10 [--thread-content-margin:--spacing(4)] @w-sm\/main:[--thread-content-margin:--spacing(6)] @w-lg\/main:[--thread-content-margin:--spacing(16)] px-(--thread-content-margin)\">\n<div class=\"[--thread-content-max-width:40rem] @w-lg\/main:[--thread-content-max-width:48rem] mx-auto max-w-(--thread-content-max-width) flex-1 group\/turn-messages focus-visible:outline-hidden relative flex w-full min-w-0 flex-col agent-turn\" tabindex=\"-1\">\n<div class=\"flex max-w-full flex-col grow\">\n<div class=\"min-h-8 text-message relative flex w-full flex-col items-end gap-2 text-start break-words whitespace-normal [.text-message+&amp;]:mt-1\" dir=\"auto\" data-message-author-role=\"assistant\" data-message-id=\"e129382e-7e07-4a2a-a31b-ea08701e6856\" data-message-model-slug=\"gpt-5-mini\">\n<div class=\"flex w-full flex-col gap-1 empty:hidden first:pt-[1px]\">\n<div class=\"markdown prose dark:prose-invert w-full break-words light markdown-new-styling\">\n<p data-start=\"38\" data-end=\"447\"><strong data-start=\"38\" data-end=\"68\">\u201eThe Family Plan 2 (2025)\u201c<\/strong>\u00a0setzt die actionreiche Geschichte einer scheinbar normalen Familie fort, die in Wahrheit ein Geheimagenten-Team ist.<br data-start=\"185\" data-end=\"188\" \/>Nachdem ihre Identit\u00e4t enth\u00fcllt wurde, m\u00fcssen sie erneut zusammenarbeiten, um eine weltweite Verschw\u00f6rung zu stoppen.<br data-start=\"305\" data-end=\"308\" \/>Zwischen Explosionen, Verfolgungsjagden und Hightech-Gadgets beweisen sie: Familie ist das st\u00e4rkste Team \u2013 auch unter extremen Bedingungen.<\/p>\n<p data-start=\"449\" data-end=\"639\">Erwartet werden:<br data-start=\"465\" data-end=\"468\" \/><img decoding=\"async\" class=\"emoji\" role=\"img\" draggable=\"false\" src=\"https:\/\/s.w.org\/images\/core\/emoji\/17.0.2\/svg\/1f575.svg\" alt=\"\ud83d\udd75\ufe0f\" \/>\u00a0Actionreiche Agenten-Missionen<br data-start=\"502\" data-end=\"505\" \/><img decoding=\"async\" class=\"emoji\" role=\"img\" draggable=\"false\" src=\"https:\/\/s.w.org\/images\/core\/emoji\/17.0.2\/svg\/1f4a5.svg\" alt=\"\ud83d\udca5\" \/>\u00a0Spannende Verfolgungsjagden und Explosionen<br data-start=\"551\" data-end=\"554\" \/><img decoding=\"async\" class=\"emoji\" role=\"img\" draggable=\"false\" src=\"https:\/\/s.w.org\/images\/core\/emoji\/17.0.2\/svg\/1f602.svg\" alt=\"\ud83d\ude02\" \/>\u00a0Humorvolle Familiendynamik<br data-start=\"583\" data-end=\"586\" \/><img decoding=\"async\" class=\"emoji\" role=\"img\" draggable=\"false\" src=\"https:\/\/s.w.org\/images\/core\/emoji\/17.0.2\/svg\/1f30d.svg\" alt=\"\ud83c\udf0d\" \/>\u00a0Globale Schaupl\u00e4tze und gef\u00e4hrliche Gegenspieler<\/p>\n<p data-start=\"641\" data-end=\"703\">Ein temporeicher Mix aus\u00a0<strong data-start=\"666\" data-end=\"702\">Action, Comedy und Familiendrama<\/strong>.<\/p>\n<p data-start=\"705\" data-end=\"745\"><img decoding=\"async\" class=\"emoji\" role=\"img\" draggable=\"false\" src=\"https:\/\/s.w.org\/images\/core\/emoji\/17.0.2\/svg\/1f50a.svg\" alt=\"\ud83d\udd0a\" \/>\u00a0<strong data-start=\"708\" data-end=\"719\">Format:<\/strong>\u00a0Video\/Action\/Comedy (MP4)<\/p>\n<p data-start=\"747\" data-end=\"896\"><img decoding=\"async\" class=\"emoji\" role=\"img\" draggable=\"false\" src=\"https:\/\/s.w.org\/images\/core\/emoji\/17.0.2\/svg\/2b07.svg\" alt=\"\u2b07\ufe0f\" \/>\u00a0Sofortiger Download f\u00fcr Handy<br data-start=\"779\" data-end=\"782\" \/><img decoding=\"async\" class=\"emoji\" role=\"img\" draggable=\"false\" src=\"https:\/\/s.w.org\/images\/core\/emoji\/17.0.2\/svg\/2b07.svg\" alt=\"\u2b07\ufe0f\" \/>\u00a0Sofortiger Download f\u00fcr PC<br data-start=\"811\" data-end=\"814\" \/><img decoding=\"async\" class=\"emoji\" role=\"img\" draggable=\"false\" src=\"https:\/\/s.w.org\/images\/core\/emoji\/17.0.2\/svg\/2b07.svg\" alt=\"\u2b07\ufe0f\" \/>\u00a0Sofortiger Download f\u00fcrs Tablet<br data-start=\"848\" data-end=\"851\" \/><img decoding=\"async\" class=\"emoji\" role=\"img\" draggable=\"false\" src=\"https:\/\/s.w.org\/images\/core\/emoji\/17.0.2\/svg\/2b07.svg\" alt=\"\u2b07\ufe0f\" \/>\u00a0Kompatibel mit allen MP4-f\u00e4higen Ger\u00e4ten<\/p>\n<p data-start=\"898\" data-end=\"956\" data-is-last-node=\"\" data-is-only-node=\"\"><strong data-start=\"898\" data-end=\"956\" data-is-last-node=\"\"><img decoding=\"async\" class=\"emoji\" role=\"img\" draggable=\"false\" src=\"https:\/\/s.w.org\/images\/core\/emoji\/17.0.2\/svg\/1f449.svg\" alt=\"\ud83d\udc49\" \/>\u00a0Einmal gekauft \u2013 jederzeit und unbegrenzt abrufbar<\/strong><\/p>\n<\/div>\n<\/div>\n<\/div>\n<\/div>\n<\/div>\n<\/div>\n","protected":false},"excerpt":{"rendered":"<p>\u00a0Video The Family Plan 2 (2025) \u201eThe Family Plan 2 (2025)\u201c\u00a0setzt die actionreiche Geschichte einer scheinbar normalen Familie fort, die in Wahrheit ein Geheimagenten-Team ist.Nachdem ihre Identit\u00e4t enth\u00fcllt wurde, m\u00fcssen sie erneut zusammenarbeiten, um eine weltweite Verschw\u00f6rung zu stoppen.Zwischen Explosionen, Verfolgungsjagden und Hightech-Gadgets beweisen sie: Familie ist das st\u00e4rkste Team \u2013 auch unter extremen Bedingungen. [&hellip;]<\/p>\n","protected":false},"featured_media":3101,"comment_status":"open","ping_status":"closed","template":"","meta":[],"product_brand":[],"product_cat":[54,50],"product_tag":[],"class_list":{"0":"post-3082","1":"product","2":"type-product","3":"status-publish","4":"has-post-thumbnail","6":"product_cat-action","7":"product_cat-aktuelle-filme-2025","9":"first","10":"instock","11":"sale","12":"virtual","13":"purchasable","14":"product-type-simple"},"jetpack_sharing_enabled":true,"_links":{"self":[{"href":"https:\/\/audiobook-24.com\/en\/wp-json\/wp\/v2\/product\/3082","targetHints":{"allow":["GET"]}}],"collection":[{"href":"https:\/\/audiobook-24.com\/en\/wp-json\/wp\/v2\/product"}],"about":[{"href":"https:\/\/audiobook-24.com\/en\/wp-json\/wp\/v2\/types\/product"}],"replies":[{"embeddable":true,"href":"https:\/\/audiobook-24.com\/en\/wp-json\/wp\/v2\/comments?post=3082"}],"wp:featuredmedia":[{"embeddable":true,"href":"https:\/\/audiobook-24.com\/en\/wp-json\/wp\/v2\/media\/3101"}],"wp:attachment":[{"href":"https:\/\/audiobook-24.com\/en\/wp-json\/wp\/v2\/media?parent=3082"}],"wp:term":[{"taxonomy":"product_brand","embeddable":true,"href":"https:\/\/audiobook-24.com\/en\/wp-json\/wp\/v2\/product_brand?post=3082"},{"taxonomy":"product_cat","embeddable":true,"href":"https:\/\/audiobook-24.com\/en\/wp-json\/wp\/v2\/product_cat?post=3082"},{"taxonomy":"product_tag","embeddable":true,"href":"https:\/\/audiobook-24.com\/en\/wp-json\/wp\/v2\/product_tag?post=3082"}],"curies":[{"name":"wp","href":"https:\/\/api.w.org\/{rel}","templated":true}]}}