{"id":3080,"date":"2026-02-17T01:48:37","date_gmt":"2026-02-17T01:48:37","guid":{"rendered":"https:\/\/audiobook-24.com\/?post_type=product&#038;p=3080"},"modified":"2026-02-17T01:48:37","modified_gmt":"2026-02-17T01:48:37","slug":"%f0%9f%8e%ac-video-the-running-man-2025","status":"publish","type":"product","link":"https:\/\/audiobook-24.com\/en\/product\/%f0%9f%8e%ac-video-the-running-man-2025\/","title":{"rendered":"\ud83c\udfac Video The Running Man (2025)"},"content":{"rendered":"<h2 data-start=\"0\" data-end=\"34\"><img decoding=\"async\" class=\"emoji\" role=\"img\" draggable=\"false\" src=\"https:\/\/s.w.org\/images\/core\/emoji\/17.0.2\/svg\/1f3ac.svg\" alt=\"\ud83c\udfac\" \/>\u00a0Video The Running Man (2025)<\/h2>\n<p data-start=\"36\" data-end=\"309\"><strong data-start=\"36\" data-end=\"64\">\u201eThe Running Man (2025)\u201c<\/strong>\u00a0ist eine d\u00fcstere, moderne Neuinterpretation des legend\u00e4ren Science-Fiction-Thrillers.<br data-start=\"150\" data-end=\"153\" \/>In einer nahen Zukunft kontrolliert ein totalit\u00e4res Mediensystem die Bev\u00f6lkerung durch brutale Reality-Shows. Die grausamste von allen:\u00a0<strong data-start=\"289\" data-end=\"308\">The Running Man<\/strong>.<\/p>\n<p data-start=\"311\" data-end=\"585\">Der unschuldig verurteilte\u00a0<strong data-start=\"338\" data-end=\"354\">Ben Richards<\/strong>\u00a0wird gezwungen, an der t\u00f6dlichen Show teilzunehmen.<br data-start=\"406\" data-end=\"409\" \/>Gejagt von gnadenlosen Killern, live \u00fcbertragen f\u00fcr Millionen Zuschauer, k\u00e4mpft er nicht nur ums \u00dcberleben \u2013 sondern gegen ein ganzes System aus L\u00fcgen, Manipulation und Gewalt.<\/p>\n<p data-start=\"587\" data-end=\"759\">Erwartet werden:<br data-start=\"603\" data-end=\"606\" \/><img decoding=\"async\" class=\"emoji\" role=\"img\" draggable=\"false\" src=\"https:\/\/s.w.org\/images\/core\/emoji\/17.0.2\/svg\/1f3c3.svg\" alt=\"\ud83c\udfc3\" \/>\u00a0Atemlose Verfolgungsjagden<br data-start=\"635\" data-end=\"638\" \/><img decoding=\"async\" class=\"emoji\" role=\"img\" draggable=\"false\" src=\"https:\/\/s.w.org\/images\/core\/emoji\/17.0.2\/svg\/1f4fa.svg\" alt=\"\ud83d\udcfa\" \/>\u00a0Mediensatire &amp; Gesellschaftskritik<br data-start=\"675\" data-end=\"678\" \/><img decoding=\"async\" class=\"emoji\" role=\"img\" draggable=\"false\" src=\"https:\/\/s.w.org\/images\/core\/emoji\/17.0.2\/svg\/1f52b.svg\" alt=\"\ud83d\udd2b\" \/>\u00a0Brutale Action &amp; gnadenlose J\u00e4ger<br data-start=\"714\" data-end=\"717\" \/><img decoding=\"async\" class=\"emoji\" role=\"img\" draggable=\"false\" src=\"https:\/\/s.w.org\/images\/core\/emoji\/17.0.2\/svg\/1f525.svg\" alt=\"\ud83d\udd25\" \/>\u00a0Ein Rebell gegen ein korruptes Regime<\/p>\n<p data-start=\"761\" data-end=\"843\">Ein kompromissloser Action-Sci-Fi-Thriller mit Hochspannung und aktueller Brisanz.<\/p>\n<p data-start=\"845\" data-end=\"885\"><img decoding=\"async\" class=\"emoji\" role=\"img\" draggable=\"false\" src=\"https:\/\/s.w.org\/images\/core\/emoji\/17.0.2\/svg\/1f50a.svg\" alt=\"\ud83d\udd0a\" \/>\u00a0<strong data-start=\"848\" data-end=\"859\">Format:<\/strong>\u00a0Video\/Action\/Sci-Fi (MP4)<\/p>\n<p data-start=\"887\" data-end=\"1036\"><img decoding=\"async\" class=\"emoji\" role=\"img\" draggable=\"false\" src=\"https:\/\/s.w.org\/images\/core\/emoji\/17.0.2\/svg\/2b07.svg\" alt=\"\u2b07\ufe0f\" \/>\u00a0Sofortiger Download f\u00fcr Handy<br data-start=\"919\" data-end=\"922\" \/><img decoding=\"async\" class=\"emoji\" role=\"img\" draggable=\"false\" src=\"https:\/\/s.w.org\/images\/core\/emoji\/17.0.2\/svg\/2b07.svg\" alt=\"\u2b07\ufe0f\" \/>\u00a0Sofortiger Download f\u00fcr PC<br data-start=\"951\" data-end=\"954\" \/><img decoding=\"async\" class=\"emoji\" role=\"img\" draggable=\"false\" src=\"https:\/\/s.w.org\/images\/core\/emoji\/17.0.2\/svg\/2b07.svg\" alt=\"\u2b07\ufe0f\" \/>\u00a0Sofortiger Download f\u00fcrs Tablet<br data-start=\"988\" data-end=\"991\" \/><img decoding=\"async\" class=\"emoji\" role=\"img\" draggable=\"false\" src=\"https:\/\/s.w.org\/images\/core\/emoji\/17.0.2\/svg\/2b07.svg\" alt=\"\u2b07\ufe0f\" \/>\u00a0Kompatibel mit allen MP4-f\u00e4higen Ger\u00e4ten<\/p>\n<p data-start=\"1038\" data-end=\"1096\" data-is-last-node=\"\" data-is-only-node=\"\"><strong data-start=\"1038\" data-end=\"1096\" data-is-last-node=\"\"><img decoding=\"async\" class=\"emoji\" role=\"img\" draggable=\"false\" src=\"https:\/\/s.w.org\/images\/core\/emoji\/17.0.2\/svg\/1f449.svg\" alt=\"\ud83d\udc49\" \/>\u00a0Einmal gekauft \u2013 jederzeit und unbegrenzt abrufbar!<\/strong><\/p>","protected":false},"excerpt":{"rendered":"<p>\u00a0Video The Running Man (2025) \u201eThe Running Man (2025)\u201c\u00a0ist eine d\u00fcstere, moderne Neuinterpretation des legend\u00e4ren Science-Fiction-Thrillers.In einer nahen Zukunft kontrolliert ein totalit\u00e4res Mediensystem die Bev\u00f6lkerung durch brutale Reality-Shows. Die grausamste von allen:\u00a0The Running Man. Der unschuldig verurteilte\u00a0Ben Richards\u00a0wird gezwungen, an der t\u00f6dlichen Show teilzunehmen.Gejagt von gnadenlosen Killern, live \u00fcbertragen f\u00fcr Millionen Zuschauer, k\u00e4mpft er nicht [&hellip;]<\/p>\n","protected":false},"featured_media":3081,"comment_status":"open","ping_status":"closed","template":"","meta":[],"product_brand":[],"product_cat":[54,50,55],"product_tag":[],"class_list":{"0":"post-3080","1":"product","2":"type-product","3":"status-publish","4":"has-post-thumbnail","6":"product_cat-action","7":"product_cat-aktuelle-filme-2025","8":"product_cat-thriller","10":"first","11":"instock","12":"sale","13":"virtual","14":"purchasable","15":"product-type-simple"},"jetpack_sharing_enabled":true,"_links":{"self":[{"href":"https:\/\/audiobook-24.com\/en\/wp-json\/wp\/v2\/product\/3080","targetHints":{"allow":["GET"]}}],"collection":[{"href":"https:\/\/audiobook-24.com\/en\/wp-json\/wp\/v2\/product"}],"about":[{"href":"https:\/\/audiobook-24.com\/en\/wp-json\/wp\/v2\/types\/product"}],"replies":[{"embeddable":true,"href":"https:\/\/audiobook-24.com\/en\/wp-json\/wp\/v2\/comments?post=3080"}],"wp:featuredmedia":[{"embeddable":true,"href":"https:\/\/audiobook-24.com\/en\/wp-json\/wp\/v2\/media\/3081"}],"wp:attachment":[{"href":"https:\/\/audiobook-24.com\/en\/wp-json\/wp\/v2\/media?parent=3080"}],"wp:term":[{"taxonomy":"product_brand","embeddable":true,"href":"https:\/\/audiobook-24.com\/en\/wp-json\/wp\/v2\/product_brand?post=3080"},{"taxonomy":"product_cat","embeddable":true,"href":"https:\/\/audiobook-24.com\/en\/wp-json\/wp\/v2\/product_cat?post=3080"},{"taxonomy":"product_tag","embeddable":true,"href":"https:\/\/audiobook-24.com\/en\/wp-json\/wp\/v2\/product_tag?post=3080"}],"curies":[{"name":"wp","href":"https:\/\/api.w.org\/{rel}","templated":true}]}}