{"id":3071,"date":"2026-02-17T01:30:55","date_gmt":"2026-02-17T01:30:55","guid":{"rendered":"https:\/\/audiobook-24.com\/?post_type=product&#038;p=3071"},"modified":"2026-02-17T01:30:56","modified_gmt":"2026-02-17T01:30:56","slug":"%f0%9f%8e%ac-video-die-unfassbaren-3-2025","status":"publish","type":"product","link":"https:\/\/audiobook-24.com\/en\/product\/%f0%9f%8e%ac-video-die-unfassbaren-3-2025\/","title":{"rendered":"\ud83c\udfac Video Die Unfassbaren 3 (2025)"},"content":{"rendered":"<h2 data-start=\"0\" data-end=\"36\"><img decoding=\"async\" class=\"emoji\" role=\"img\" draggable=\"false\" src=\"https:\/\/s.w.org\/images\/core\/emoji\/17.0.2\/svg\/1f3ac.svg\" alt=\"\ud83c\udfac\" \/>\u00a0Video Die Unfassbaren 3 (2025)<\/h2>\n<p data-start=\"38\" data-end=\"335\"><strong data-start=\"38\" data-end=\"68\">\u201eDie Unfassbaren 3 (2025)\u201c<\/strong>\u00a0bringt die legend\u00e4ren\u00a0<strong data-start=\"91\" data-end=\"108\">Four Horsemen<\/strong>\u00a0zur\u00fcck \u2013 mit neuen Tricks, neuen Gegnern und einem noch gr\u00f6\u00dferen Coup.<br data-start=\"179\" data-end=\"182\" \/>Diesmal geraten die Magier ins Visier einer globalen Organisation, die ihre F\u00e4higkeiten f\u00fcr ein gef\u00e4hrliches technisches Gro\u00dfprojekt missbrauchen will.<\/p>\n<p data-start=\"337\" data-end=\"522\">Erwartet werden:<br data-start=\"353\" data-end=\"356\" \/><img decoding=\"async\" class=\"emoji\" role=\"img\" draggable=\"false\" src=\"https:\/\/s.w.org\/images\/core\/emoji\/17.0.2\/svg\/1f3a9.svg\" alt=\"\ud83c\udfa9\" \/>\u00a0Spektakul\u00e4re Illusionen<br data-start=\"382\" data-end=\"385\" \/><img decoding=\"async\" class=\"emoji\" role=\"img\" draggable=\"false\" src=\"https:\/\/s.w.org\/images\/core\/emoji\/17.0.2\/svg\/26a1.svg\" alt=\"\u26a1\" \/>\u00a0Hightech-Zaubertricks<br data-start=\"408\" data-end=\"411\" \/><img decoding=\"async\" class=\"emoji\" role=\"img\" draggable=\"false\" src=\"https:\/\/s.w.org\/images\/core\/emoji\/17.0.2\/svg\/1f30d.svg\" alt=\"\ud83c\udf0d\" \/>\u00a0Internationale Schaupl\u00e4tze<br data-start=\"440\" data-end=\"443\" \/><img decoding=\"async\" class=\"emoji\" role=\"img\" draggable=\"false\" src=\"https:\/\/s.w.org\/images\/core\/emoji\/17.0.2\/svg\/1f525.svg\" alt=\"\ud83d\udd25\" \/>\u00a0\u00dcberraschende Wendungen<br data-start=\"469\" data-end=\"472\" \/><img decoding=\"async\" class=\"emoji\" role=\"img\" draggable=\"false\" src=\"https:\/\/s.w.org\/images\/core\/emoji\/17.0.2\/svg\/1f0cf.svg\" alt=\"\ud83c\udccf\" \/>\u00a0Ein neuer Mastermind, der das Spiel ver\u00e4ndert<\/p>\n<p data-start=\"524\" data-end=\"585\">Ein rasanter Mix aus Magie, Heist-Action und cleveren Twists.<\/p>\n<p data-start=\"587\" data-end=\"630\"><img decoding=\"async\" class=\"emoji\" role=\"img\" draggable=\"false\" src=\"https:\/\/s.w.org\/images\/core\/emoji\/17.0.2\/svg\/1f50a.svg\" alt=\"\ud83d\udd0a\" \/>\u00a0<strong data-start=\"590\" data-end=\"601\">Format:<\/strong>\u00a0Video\/Action &amp; Mystery (MP4)<\/p>\n<p data-start=\"632\" data-end=\"781\"><img decoding=\"async\" class=\"emoji\" role=\"img\" draggable=\"false\" src=\"https:\/\/s.w.org\/images\/core\/emoji\/17.0.2\/svg\/2b07.svg\" alt=\"\u2b07\ufe0f\" \/>\u00a0Sofortiger Download f\u00fcr Handy<br data-start=\"664\" data-end=\"667\" \/><img decoding=\"async\" class=\"emoji\" role=\"img\" draggable=\"false\" src=\"https:\/\/s.w.org\/images\/core\/emoji\/17.0.2\/svg\/2b07.svg\" alt=\"\u2b07\ufe0f\" \/>\u00a0Sofortiger Download f\u00fcr PC<br data-start=\"696\" data-end=\"699\" \/><img decoding=\"async\" class=\"emoji\" role=\"img\" draggable=\"false\" src=\"https:\/\/s.w.org\/images\/core\/emoji\/17.0.2\/svg\/2b07.svg\" alt=\"\u2b07\ufe0f\" \/>\u00a0Sofortiger Download f\u00fcrs Tablet<br data-start=\"733\" data-end=\"736\" \/><img decoding=\"async\" class=\"emoji\" role=\"img\" draggable=\"false\" src=\"https:\/\/s.w.org\/images\/core\/emoji\/17.0.2\/svg\/2b07.svg\" alt=\"\u2b07\ufe0f\" \/>\u00a0Kompatibel mit allen MP4-f\u00e4higen Ger\u00e4ten<\/p>\n<p data-start=\"783\" data-end=\"841\" data-is-last-node=\"\" data-is-only-node=\"\"><strong data-start=\"783\" data-end=\"841\" data-is-last-node=\"\"><img decoding=\"async\" class=\"emoji\" role=\"img\" draggable=\"false\" src=\"https:\/\/s.w.org\/images\/core\/emoji\/17.0.2\/svg\/1f449.svg\" alt=\"\ud83d\udc49\" \/>\u00a0Einmal gekauft \u2013 jederzeit und unbegrenzt abrufbar!<\/strong><\/p>","protected":false},"excerpt":{"rendered":"<p>\u00a0Video Die Unfassbaren 3 (2025) \u201eDie Unfassbaren 3 (2025)\u201c\u00a0bringt die legend\u00e4ren\u00a0Four Horsemen\u00a0zur\u00fcck \u2013 mit neuen Tricks, neuen Gegnern und einem noch gr\u00f6\u00dferen Coup.Diesmal geraten die Magier ins Visier einer globalen Organisation, die ihre F\u00e4higkeiten f\u00fcr ein gef\u00e4hrliches technisches Gro\u00dfprojekt missbrauchen will. Erwartet werden:\u00a0Spektakul\u00e4re Illusionen\u00a0Hightech-Zaubertricks\u00a0Internationale Schaupl\u00e4tze\u00a0\u00dcberraschende Wendungen\u00a0Ein neuer Mastermind, der das Spiel ver\u00e4ndert Ein rasanter Mix [&hellip;]<\/p>\n","protected":false},"featured_media":3076,"comment_status":"open","ping_status":"closed","template":"","meta":[],"product_brand":[],"product_cat":[54,50],"product_tag":[],"class_list":{"0":"post-3071","1":"product","2":"type-product","3":"status-publish","4":"has-post-thumbnail","6":"product_cat-action","7":"product_cat-aktuelle-filme-2025","9":"first","10":"instock","11":"sale","12":"virtual","13":"purchasable","14":"product-type-simple"},"jetpack_sharing_enabled":true,"_links":{"self":[{"href":"https:\/\/audiobook-24.com\/en\/wp-json\/wp\/v2\/product\/3071","targetHints":{"allow":["GET"]}}],"collection":[{"href":"https:\/\/audiobook-24.com\/en\/wp-json\/wp\/v2\/product"}],"about":[{"href":"https:\/\/audiobook-24.com\/en\/wp-json\/wp\/v2\/types\/product"}],"replies":[{"embeddable":true,"href":"https:\/\/audiobook-24.com\/en\/wp-json\/wp\/v2\/comments?post=3071"}],"wp:featuredmedia":[{"embeddable":true,"href":"https:\/\/audiobook-24.com\/en\/wp-json\/wp\/v2\/media\/3076"}],"wp:attachment":[{"href":"https:\/\/audiobook-24.com\/en\/wp-json\/wp\/v2\/media?parent=3071"}],"wp:term":[{"taxonomy":"product_brand","embeddable":true,"href":"https:\/\/audiobook-24.com\/en\/wp-json\/wp\/v2\/product_brand?post=3071"},{"taxonomy":"product_cat","embeddable":true,"href":"https:\/\/audiobook-24.com\/en\/wp-json\/wp\/v2\/product_cat?post=3071"},{"taxonomy":"product_tag","embeddable":true,"href":"https:\/\/audiobook-24.com\/en\/wp-json\/wp\/v2\/product_tag?post=3071"}],"curies":[{"name":"wp","href":"https:\/\/api.w.org\/{rel}","templated":true}]}}