{"id":3069,"date":"2026-02-17T01:26:24","date_gmt":"2026-02-17T01:26:24","guid":{"rendered":"https:\/\/audiobook-24.com\/?post_type=product&#038;p=3069"},"modified":"2026-02-17T01:26:24","modified_gmt":"2026-02-17T01:26:24","slug":"%f0%9f%8e%ac-video-alarum-2025","status":"publish","type":"product","link":"https:\/\/audiobook-24.com\/en\/product\/%f0%9f%8e%ac-video-alarum-2025\/","title":{"rendered":"\ud83c\udfac Video Alarum (2025)"},"content":{"rendered":"<h1 class=\"sr-only\"><img decoding=\"async\" class=\"emoji\" role=\"img\" draggable=\"false\" src=\"https:\/\/s.w.org\/images\/core\/emoji\/17.0.2\/svg\/1f3ac.svg\" alt=\"\ud83c\udfac\" \/>\u00a0Video Alarum (2025)<\/h1>\n<div class=\"text-base my-auto mx-auto pb-10 [--thread-content-margin:--spacing(4)] @w-sm\/main:[--thread-content-margin:--spacing(6)] @w-lg\/main:[--thread-content-margin:--spacing(16)] px-(--thread-content-margin)\">\n<div class=\"[--thread-content-max-width:40rem] @w-lg\/main:[--thread-content-max-width:48rem] mx-auto max-w-(--thread-content-max-width) flex-1 group\/turn-messages focus-visible:outline-hidden relative flex w-full min-w-0 flex-col agent-turn\" tabindex=\"-1\">\n<div class=\"flex max-w-full flex-col grow\">\n<div class=\"min-h-8 text-message relative flex w-full flex-col items-end gap-2 text-start break-words whitespace-normal [.text-message+&amp;]:mt-1\" dir=\"auto\" data-message-author-role=\"assistant\" data-message-id=\"81667785-e06e-46f5-9066-86f0f071920e\" data-message-model-slug=\"gpt-5-mini\">\n<div class=\"flex w-full flex-col gap-1 empty:hidden first:pt-[1px]\">\n<div class=\"markdown prose dark:prose-invert w-full break-words light markdown-new-styling\">\n<p data-start=\"27\" data-end=\"310\">In\u00a0<strong data-start=\"30\" data-end=\"49\">\u201eAlarum (2025)\u201c<\/strong>\u00a0wird eine ruhige Stadt von einer unerkl\u00e4rlichen Serie von Alarmen ersch\u00fcttert, die Panik, Chaos und mysteri\u00f6se Ereignisse ausl\u00f6sen.<br data-start=\"181\" data-end=\"184\" \/>Als die Bewohner versuchen, das Ph\u00e4nomen zu verstehen, decken sie eine dunkle Verschw\u00f6rung auf, die das Leben aller bedroht.<\/p>\n<p data-start=\"312\" data-end=\"466\">Spannung, Nervenkitzel und \u00fcberraschende Wendungen machen\u00a0<strong data-start=\"370\" data-end=\"380\">Alarum<\/strong>\u00a0zu einem intensiven Thriller voller Action und Mystery, bei dem niemand sicher ist.<\/p>\n<p data-start=\"468\" data-end=\"511\"><img decoding=\"async\" class=\"emoji\" role=\"img\" draggable=\"false\" src=\"https:\/\/s.w.org\/images\/core\/emoji\/17.0.2\/svg\/1f50a.svg\" alt=\"\ud83d\udd0a\" \/>\u00a0<strong data-start=\"471\" data-end=\"482\">Format:<\/strong>\u00a0Video\/Thriller\/Mystery (MP4)<\/p>\n<p data-start=\"513\" data-end=\"662\"><img decoding=\"async\" class=\"emoji\" role=\"img\" draggable=\"false\" src=\"https:\/\/s.w.org\/images\/core\/emoji\/17.0.2\/svg\/2b07.svg\" alt=\"\u2b07\ufe0f\" \/>\u00a0Sofortiger Download f\u00fcr Handy<br data-start=\"545\" data-end=\"548\" \/><img decoding=\"async\" class=\"emoji\" role=\"img\" draggable=\"false\" src=\"https:\/\/s.w.org\/images\/core\/emoji\/17.0.2\/svg\/2b07.svg\" alt=\"\u2b07\ufe0f\" \/>\u00a0Sofortiger Download f\u00fcr PC<br data-start=\"577\" data-end=\"580\" \/><img decoding=\"async\" class=\"emoji\" role=\"img\" draggable=\"false\" src=\"https:\/\/s.w.org\/images\/core\/emoji\/17.0.2\/svg\/2b07.svg\" alt=\"\u2b07\ufe0f\" \/>\u00a0Sofortiger Download f\u00fcrs Tablet<br data-start=\"614\" data-end=\"617\" \/><img decoding=\"async\" class=\"emoji\" role=\"img\" draggable=\"false\" src=\"https:\/\/s.w.org\/images\/core\/emoji\/17.0.2\/svg\/2b07.svg\" alt=\"\u2b07\ufe0f\" \/>\u00a0Kompatibel mit allen MP4-f\u00e4higen Ger\u00e4ten<\/p>\n<p data-start=\"664\" data-end=\"722\" data-is-last-node=\"\" data-is-only-node=\"\"><strong data-start=\"664\" data-end=\"722\" data-is-last-node=\"\"><img decoding=\"async\" class=\"emoji\" role=\"img\" draggable=\"false\" src=\"https:\/\/s.w.org\/images\/core\/emoji\/17.0.2\/svg\/1f449.svg\" alt=\"\ud83d\udc49\" \/>\u00a0Einmal gekauft \u2013 jederzeit und unbegrenzt abrufbar!<\/strong><\/p>\n<\/div>\n<\/div>\n<\/div>\n<\/div>\n<\/div>\n<\/div>\n","protected":false},"excerpt":{"rendered":"<p>\u00a0Video Alarum (2025) In\u00a0\u201eAlarum (2025)\u201c\u00a0wird eine ruhige Stadt von einer unerkl\u00e4rlichen Serie von Alarmen ersch\u00fcttert, die Panik, Chaos und mysteri\u00f6se Ereignisse ausl\u00f6sen.Als die Bewohner versuchen, das Ph\u00e4nomen zu verstehen, decken sie eine dunkle Verschw\u00f6rung auf, die das Leben aller bedroht. Spannung, Nervenkitzel und \u00fcberraschende Wendungen machen\u00a0Alarum\u00a0zu einem intensiven Thriller voller Action und Mystery, bei dem [&hellip;]<\/p>\n","protected":false},"featured_media":3075,"comment_status":"open","ping_status":"closed","template":"","meta":[],"product_brand":[],"product_cat":[54,50,55],"product_tag":[],"class_list":{"0":"post-3069","1":"product","2":"type-product","3":"status-publish","4":"has-post-thumbnail","6":"product_cat-action","7":"product_cat-aktuelle-filme-2025","8":"product_cat-thriller","10":"first","11":"instock","12":"sale","13":"virtual","14":"purchasable","15":"product-type-simple"},"jetpack_sharing_enabled":true,"_links":{"self":[{"href":"https:\/\/audiobook-24.com\/en\/wp-json\/wp\/v2\/product\/3069","targetHints":{"allow":["GET"]}}],"collection":[{"href":"https:\/\/audiobook-24.com\/en\/wp-json\/wp\/v2\/product"}],"about":[{"href":"https:\/\/audiobook-24.com\/en\/wp-json\/wp\/v2\/types\/product"}],"replies":[{"embeddable":true,"href":"https:\/\/audiobook-24.com\/en\/wp-json\/wp\/v2\/comments?post=3069"}],"wp:featuredmedia":[{"embeddable":true,"href":"https:\/\/audiobook-24.com\/en\/wp-json\/wp\/v2\/media\/3075"}],"wp:attachment":[{"href":"https:\/\/audiobook-24.com\/en\/wp-json\/wp\/v2\/media?parent=3069"}],"wp:term":[{"taxonomy":"product_brand","embeddable":true,"href":"https:\/\/audiobook-24.com\/en\/wp-json\/wp\/v2\/product_brand?post=3069"},{"taxonomy":"product_cat","embeddable":true,"href":"https:\/\/audiobook-24.com\/en\/wp-json\/wp\/v2\/product_cat?post=3069"},{"taxonomy":"product_tag","embeddable":true,"href":"https:\/\/audiobook-24.com\/en\/wp-json\/wp\/v2\/product_tag?post=3069"}],"curies":[{"name":"wp","href":"https:\/\/api.w.org\/{rel}","templated":true}]}}