{"id":3068,"date":"2026-02-17T01:17:24","date_gmt":"2026-02-17T01:17:24","guid":{"rendered":"https:\/\/audiobook-24.com\/?post_type=product&#038;p=3068"},"modified":"2026-02-17T01:17:25","modified_gmt":"2026-02-17T01:17:25","slug":"%f0%9f%8e%ac-video-project-darwin-2025","status":"publish","type":"product","link":"https:\/\/audiobook-24.com\/en\/product\/%f0%9f%8e%ac-video-project-darwin-2025\/","title":{"rendered":"\ud83c\udfac Video Project Darwin (2025)"},"content":{"rendered":"<h2 data-start=\"0\" data-end=\"33\"><img decoding=\"async\" class=\"emoji\" role=\"img\" draggable=\"false\" src=\"https:\/\/s.w.org\/images\/core\/emoji\/17.0.2\/svg\/1f3ac.svg\" alt=\"\ud83c\udfac\" \/>\u00a0Video Project Darwin (2025)<\/h2>\n<p data-start=\"35\" data-end=\"334\"><strong data-start=\"35\" data-end=\"62\">\u201eProject Darwin (2025)\u201c<\/strong>\u00a0ist ein spannender Sci-Fi-Actionthriller \u00fcber ein geheimes Regierungsprogramm, das die Evolution k\u00fcnstlich beschleunigen soll.<br data-start=\"189\" data-end=\"192\" \/>Als ein Experiment au\u00dfer Kontrolle ger\u00e4t und eine neue, unberechenbare Lebensform entsteht, beginnt ein gnadenloser Wettlauf gegen die Zeit.<\/p>\n<p data-start=\"336\" data-end=\"545\">Der Film bietet:<br data-start=\"352\" data-end=\"355\" \/><img decoding=\"async\" class=\"emoji\" role=\"img\" draggable=\"false\" src=\"https:\/\/s.w.org\/images\/core\/emoji\/17.0.2\/svg\/1f9ec.svg\" alt=\"\ud83e\uddec\" \/>\u00a0Hochspannung rund um Genetik &amp; Evolution<br data-start=\"398\" data-end=\"401\" \/><img decoding=\"async\" class=\"emoji\" role=\"img\" draggable=\"false\" src=\"https:\/\/s.w.org\/images\/core\/emoji\/17.0.2\/svg\/1f525.svg\" alt=\"\ud83d\udd25\" \/>\u00a0Actionreiche Verfolgungsjagden<br data-start=\"434\" data-end=\"437\" \/><img decoding=\"async\" class=\"emoji\" role=\"img\" draggable=\"false\" src=\"https:\/\/s.w.org\/images\/core\/emoji\/17.0.2\/svg\/1f50d.svg\" alt=\"\ud83d\udd0d\" \/>\u00a0Geheimnisse, Intrigen &amp; d\u00fcstere Laborszenen<br data-start=\"483\" data-end=\"486\" data-is-only-node=\"\" \/><img decoding=\"async\" class=\"emoji\" role=\"img\" draggable=\"false\" src=\"https:\/\/s.w.org\/images\/core\/emoji\/17.0.2\/svg\/26a1.svg\" alt=\"\u26a1\" \/>\u00a0Eine bedrohliche Kreatur, die niemand vorhergesehen hat<\/p>\n<p data-start=\"547\" data-end=\"587\"><img decoding=\"async\" class=\"emoji\" role=\"img\" draggable=\"false\" src=\"https:\/\/s.w.org\/images\/core\/emoji\/17.0.2\/svg\/1f50a.svg\" alt=\"\ud83d\udd0a\" \/>\u00a0<strong data-start=\"550\" data-end=\"561\">Format:<\/strong>\u00a0Video\/Sci-Fi Action (MP4)<\/p>\n<p data-start=\"589\" data-end=\"738\"><img decoding=\"async\" class=\"emoji\" role=\"img\" draggable=\"false\" src=\"https:\/\/s.w.org\/images\/core\/emoji\/17.0.2\/svg\/2b07.svg\" alt=\"\u2b07\ufe0f\" \/>\u00a0Sofortiger Download f\u00fcr Handy<br data-start=\"621\" data-end=\"624\" \/><img decoding=\"async\" class=\"emoji\" role=\"img\" draggable=\"false\" src=\"https:\/\/s.w.org\/images\/core\/emoji\/17.0.2\/svg\/2b07.svg\" alt=\"\u2b07\ufe0f\" \/>\u00a0Sofortiger Download f\u00fcr PC<br data-start=\"653\" data-end=\"656\" \/><img decoding=\"async\" class=\"emoji\" role=\"img\" draggable=\"false\" src=\"https:\/\/s.w.org\/images\/core\/emoji\/17.0.2\/svg\/2b07.svg\" alt=\"\u2b07\ufe0f\" \/>\u00a0Sofortiger Download f\u00fcrs Tablet<br data-start=\"690\" data-end=\"693\" \/><img decoding=\"async\" class=\"emoji\" role=\"img\" draggable=\"false\" src=\"https:\/\/s.w.org\/images\/core\/emoji\/17.0.2\/svg\/2b07.svg\" alt=\"\u2b07\ufe0f\" \/>\u00a0Kompatibel mit allen MP4-f\u00e4higen Ger\u00e4ten<\/p>\n<p data-start=\"740\" data-end=\"798\" data-is-last-node=\"\" data-is-only-node=\"\"><strong data-start=\"740\" data-end=\"798\" data-is-last-node=\"\"><img decoding=\"async\" class=\"emoji\" role=\"img\" draggable=\"false\" src=\"https:\/\/s.w.org\/images\/core\/emoji\/17.0.2\/svg\/1f449.svg\" alt=\"\ud83d\udc49\" \/>\u00a0Einmal gekauft \u2013 jederzeit und unbegrenzt abrufbar!<\/strong><\/p>","protected":false},"excerpt":{"rendered":"<p>\u00a0Video Project Darwin (2025) \u201eProject Darwin (2025)\u201c\u00a0ist ein spannender Sci-Fi-Actionthriller \u00fcber ein geheimes Regierungsprogramm, das die Evolution k\u00fcnstlich beschleunigen soll.Als ein Experiment au\u00dfer Kontrolle ger\u00e4t und eine neue, unberechenbare Lebensform entsteht, beginnt ein gnadenloser Wettlauf gegen die Zeit. Der Film bietet:\u00a0Hochspannung rund um Genetik &amp; Evolution\u00a0Actionreiche Verfolgungsjagden\u00a0Geheimnisse, Intrigen &amp; d\u00fcstere Laborszenen\u00a0Eine bedrohliche Kreatur, die niemand [&hellip;]<\/p>\n","protected":false},"featured_media":3070,"comment_status":"open","ping_status":"closed","template":"","meta":[],"product_brand":[],"product_cat":[54,50,57],"product_tag":[],"class_list":{"0":"post-3068","1":"product","2":"type-product","3":"status-publish","4":"has-post-thumbnail","6":"product_cat-action","7":"product_cat-aktuelle-filme-2025","8":"product_cat-science-fiction","10":"first","11":"instock","12":"sale","13":"virtual","14":"purchasable","15":"product-type-simple"},"jetpack_sharing_enabled":true,"_links":{"self":[{"href":"https:\/\/audiobook-24.com\/en\/wp-json\/wp\/v2\/product\/3068","targetHints":{"allow":["GET"]}}],"collection":[{"href":"https:\/\/audiobook-24.com\/en\/wp-json\/wp\/v2\/product"}],"about":[{"href":"https:\/\/audiobook-24.com\/en\/wp-json\/wp\/v2\/types\/product"}],"replies":[{"embeddable":true,"href":"https:\/\/audiobook-24.com\/en\/wp-json\/wp\/v2\/comments?post=3068"}],"wp:featuredmedia":[{"embeddable":true,"href":"https:\/\/audiobook-24.com\/en\/wp-json\/wp\/v2\/media\/3070"}],"wp:attachment":[{"href":"https:\/\/audiobook-24.com\/en\/wp-json\/wp\/v2\/media?parent=3068"}],"wp:term":[{"taxonomy":"product_brand","embeddable":true,"href":"https:\/\/audiobook-24.com\/en\/wp-json\/wp\/v2\/product_brand?post=3068"},{"taxonomy":"product_cat","embeddable":true,"href":"https:\/\/audiobook-24.com\/en\/wp-json\/wp\/v2\/product_cat?post=3068"},{"taxonomy":"product_tag","embeddable":true,"href":"https:\/\/audiobook-24.com\/en\/wp-json\/wp\/v2\/product_tag?post=3068"}],"curies":[{"name":"wp","href":"https:\/\/api.w.org\/{rel}","templated":true}]}}