{"id":3062,"date":"2026-02-16T19:51:13","date_gmt":"2026-02-16T19:51:13","guid":{"rendered":"https:\/\/audiobook-24.com\/?post_type=product&#038;p=3062"},"modified":"2026-02-16T19:51:13","modified_gmt":"2026-02-16T19:51:13","slug":"%f0%9f%8e%ac-video-die-schluempfe-der-grosse-kinofilm-2025","status":"publish","type":"product","link":"https:\/\/audiobook-24.com\/en\/product\/%f0%9f%8e%ac-video-die-schluempfe-der-grosse-kinofilm-2025\/","title":{"rendered":"\ud83c\udfac Video Die Schl\u00fcmpfe \u2013 Der gro\u00dfe Kinofilm (2025)"},"content":{"rendered":"<h2 data-start=\"0\" data-end=\"53\"><img decoding=\"async\" class=\"emoji\" role=\"img\" draggable=\"false\" src=\"https:\/\/s.w.org\/images\/core\/emoji\/17.0.2\/svg\/1f3ac.svg\" alt=\"\ud83c\udfac\" \/>\u00a0Video Die Schl\u00fcmpfe \u2013 Der gro\u00dfe Kinofilm (2025)<\/h2>\n<p data-start=\"55\" data-end=\"371\">In\u00a0<strong data-start=\"58\" data-end=\"105\">\u201eDie Schl\u00fcmpfe \u2013 Der gro\u00dfe Kinofilm (2025)\u201c<\/strong>\u00a0erwartet die blauen Kultfiguren ihr bislang gr\u00f6\u00dftes Abenteuer!<br data-start=\"168\" data-end=\"171\" \/>Als ein m\u00e4chtiges neues Artefakt entdeckt wird, das sowohl unglaubliche Kr\u00e4fte als auch gro\u00dfe Gefahren birgt, m\u00fcssen Papa Schlumpf, Schlumpfine, Clumsy und der Rest des Schlumpfdorfs zusammenhalten.<\/p>\n<p data-start=\"373\" data-end=\"595\">Doch nat\u00fcrlich ist auch der finstere\u00a0<strong data-start=\"410\" data-end=\"422\">Gargamel<\/strong>\u00a0hinter dem Artefakt her \u2013 und schon bald beginnt ein turbulentes, lustiges und magisches Rennen quer durch verzauberte W\u00e4lder, mystische Welten und schlaue Schlumpf-Fallen.<\/p>\n<p data-start=\"597\" data-end=\"690\">Ein bunter Familienfilm voller Humor, Herz und Abenteuer \u2013 perfekt f\u00fcr kleine und gro\u00dfe Fans.<\/p>\n<p data-start=\"692\" data-end=\"736\"><img decoding=\"async\" class=\"emoji\" role=\"img\" draggable=\"false\" src=\"https:\/\/s.w.org\/images\/core\/emoji\/17.0.2\/svg\/1f50a.svg\" alt=\"\ud83d\udd0a\" \/>\u00a0<strong data-start=\"695\" data-end=\"706\">Format:<\/strong>\u00a0Video\/Animation\/Familie (MP4)<\/p>\n<p data-start=\"738\" data-end=\"887\"><img decoding=\"async\" class=\"emoji\" role=\"img\" draggable=\"false\" src=\"https:\/\/s.w.org\/images\/core\/emoji\/17.0.2\/svg\/2b07.svg\" alt=\"\u2b07\ufe0f\" \/>\u00a0Sofortiger Download f\u00fcr Handy<br data-start=\"770\" data-end=\"773\" \/><img decoding=\"async\" class=\"emoji\" role=\"img\" draggable=\"false\" src=\"https:\/\/s.w.org\/images\/core\/emoji\/17.0.2\/svg\/2b07.svg\" alt=\"\u2b07\ufe0f\" \/>\u00a0Sofortiger Download f\u00fcr PC<br data-start=\"802\" data-end=\"805\" \/><img decoding=\"async\" class=\"emoji\" role=\"img\" draggable=\"false\" src=\"https:\/\/s.w.org\/images\/core\/emoji\/17.0.2\/svg\/2b07.svg\" alt=\"\u2b07\ufe0f\" \/>\u00a0Sofortiger Download f\u00fcrs Tablet<br data-start=\"839\" data-end=\"842\" \/><img decoding=\"async\" class=\"emoji\" role=\"img\" draggable=\"false\" src=\"https:\/\/s.w.org\/images\/core\/emoji\/17.0.2\/svg\/2b07.svg\" alt=\"\u2b07\ufe0f\" \/>\u00a0Kompatibel mit allen MP4-f\u00e4higen Ger\u00e4ten<\/p>\n<p data-start=\"889\" data-end=\"947\" data-is-last-node=\"\" data-is-only-node=\"\"><strong data-start=\"889\" data-end=\"947\" data-is-last-node=\"\"><img decoding=\"async\" class=\"emoji\" role=\"img\" draggable=\"false\" src=\"https:\/\/s.w.org\/images\/core\/emoji\/17.0.2\/svg\/1f449.svg\" alt=\"\ud83d\udc49\" \/>\u00a0Einmal gekauft \u2013 jederzeit und unbegrenzt abrufbar!<\/strong><\/p>","protected":false},"excerpt":{"rendered":"<p>\u00a0Video Die Schl\u00fcmpfe \u2013 Der gro\u00dfe Kinofilm (2025) In\u00a0\u201eDie Schl\u00fcmpfe \u2013 Der gro\u00dfe Kinofilm (2025)\u201c\u00a0erwartet die blauen Kultfiguren ihr bislang gr\u00f6\u00dftes Abenteuer!Als ein m\u00e4chtiges neues Artefakt entdeckt wird, das sowohl unglaubliche Kr\u00e4fte als auch gro\u00dfe Gefahren birgt, m\u00fcssen Papa Schlumpf, Schlumpfine, Clumsy und der Rest des Schlumpfdorfs zusammenhalten. Doch nat\u00fcrlich ist auch der finstere\u00a0Gargamel\u00a0hinter dem [&hellip;]<\/p>\n","protected":false},"featured_media":3064,"comment_status":"open","ping_status":"closed","template":"","meta":[],"product_brand":[],"product_cat":[50,52],"product_tag":[],"class_list":{"0":"post-3062","1":"product","2":"type-product","3":"status-publish","4":"has-post-thumbnail","6":"product_cat-aktuelle-filme-2025","7":"product_cat-comic","9":"first","10":"instock","11":"sale","12":"virtual","13":"purchasable","14":"product-type-simple"},"jetpack_sharing_enabled":true,"_links":{"self":[{"href":"https:\/\/audiobook-24.com\/en\/wp-json\/wp\/v2\/product\/3062","targetHints":{"allow":["GET"]}}],"collection":[{"href":"https:\/\/audiobook-24.com\/en\/wp-json\/wp\/v2\/product"}],"about":[{"href":"https:\/\/audiobook-24.com\/en\/wp-json\/wp\/v2\/types\/product"}],"replies":[{"embeddable":true,"href":"https:\/\/audiobook-24.com\/en\/wp-json\/wp\/v2\/comments?post=3062"}],"wp:featuredmedia":[{"embeddable":true,"href":"https:\/\/audiobook-24.com\/en\/wp-json\/wp\/v2\/media\/3064"}],"wp:attachment":[{"href":"https:\/\/audiobook-24.com\/en\/wp-json\/wp\/v2\/media?parent=3062"}],"wp:term":[{"taxonomy":"product_brand","embeddable":true,"href":"https:\/\/audiobook-24.com\/en\/wp-json\/wp\/v2\/product_brand?post=3062"},{"taxonomy":"product_cat","embeddable":true,"href":"https:\/\/audiobook-24.com\/en\/wp-json\/wp\/v2\/product_cat?post=3062"},{"taxonomy":"product_tag","embeddable":true,"href":"https:\/\/audiobook-24.com\/en\/wp-json\/wp\/v2\/product_tag?post=3062"}],"curies":[{"name":"wp","href":"https:\/\/api.w.org\/{rel}","templated":true}]}}