{"id":3060,"date":"2026-02-16T19:55:57","date_gmt":"2026-02-16T19:55:57","guid":{"rendered":"https:\/\/audiobook-24.com\/?post_type=product&#038;p=3060"},"modified":"2026-02-16T19:55:59","modified_gmt":"2026-02-16T19:55:59","slug":"%f0%9f%8e%ac-video-die-drei-fragezeichen-und-der-karpatenhund-2025","status":"publish","type":"product","link":"https:\/\/audiobook-24.com\/en\/product\/%f0%9f%8e%ac-video-die-drei-fragezeichen-und-der-karpatenhund-2025\/","title":{"rendered":"\ud83c\udfac Video Die drei Fragezeichen und der Karpatenhund (2025)"},"content":{"rendered":"<h2 data-start=\"0\" data-end=\"61\"><img decoding=\"async\" class=\"emoji\" role=\"img\" draggable=\"false\" src=\"https:\/\/s.w.org\/images\/core\/emoji\/17.0.2\/svg\/1f3ac.svg\" alt=\"\ud83c\udfac\" \/>\u00a0Video Die drei Fragezeichen und der Karpatenhund (2025)<\/h2>\n<p data-start=\"63\" data-end=\"377\">In\u00a0<strong data-start=\"66\" data-end=\"121\">\u201eDie drei Fragezeichen und der Karpatenhund (2025)\u201c<\/strong>\u00a0geraten Justus, Peter und Bob in einen ihrer unheimlichsten F\u00e4lle.<br data-start=\"188\" data-end=\"191\" \/>Ein geheimnisvoller Edelstein, der sagenumwoben\u00a0<em data-start=\"239\" data-end=\"253\">Karpatenhund<\/em>, scheint einen Fluch zu tragen \u2013 denn pl\u00f6tzlich h\u00e4ufen sich Einbr\u00fcche, unerkl\u00e4rliche Erscheinungen und n\u00e4chtliche Angriffe.<\/p>\n<p data-start=\"379\" data-end=\"577\">Die Spur f\u00fchrt die drei Detektive in eine Welt aus<br data-start=\"429\" data-end=\"432\" \/><img decoding=\"async\" class=\"emoji\" role=\"img\" draggable=\"false\" src=\"https:\/\/s.w.org\/images\/core\/emoji\/17.0.2\/svg\/1f575-fe0f-200d-2642-fe0f.svg\" alt=\"\ud83d\udd75\ufe0f\u200d\u2642\ufe0f\" \/>\u00a0mysteri\u00f6sen T\u00e4terprofilen<br data-start=\"464\" data-end=\"467\" \/><img decoding=\"async\" class=\"emoji\" role=\"img\" draggable=\"false\" src=\"https:\/\/s.w.org\/images\/core\/emoji\/17.0.2\/svg\/1f52e.svg\" alt=\"\ud83d\udd2e\" \/>\u00a0unheimlichen Legenden<br data-start=\"491\" data-end=\"494\" \/><img decoding=\"async\" class=\"emoji\" role=\"img\" draggable=\"false\" src=\"https:\/\/s.w.org\/images\/core\/emoji\/17.0.2\/svg\/1f3da.svg\" alt=\"\ud83c\udfda\ufe0f\" \/>\u00a0dunklen Geheimnissen<br data-start=\"518\" data-end=\"521\" \/><img decoding=\"async\" class=\"emoji\" role=\"img\" draggable=\"false\" src=\"https:\/\/s.w.org\/images\/core\/emoji\/17.0.2\/svg\/1f48e.svg\" alt=\"\ud83d\udc8e\" \/>\u00a0und einem R\u00e4tsel, das sie bis an ihre Grenzen bringt.<\/p>\n<p data-start=\"579\" data-end=\"686\">Der Klassiker als moderne, filmische Neuinterpretation \u2013 spannend, atmosph\u00e4risch und voller \u00dcberraschungen.<\/p>\n<p data-start=\"688\" data-end=\"733\"><img decoding=\"async\" class=\"emoji\" role=\"img\" draggable=\"false\" src=\"https:\/\/s.w.org\/images\/core\/emoji\/17.0.2\/svg\/1f50a.svg\" alt=\"\ud83d\udd0a\" \/>\u00a0<strong data-start=\"691\" data-end=\"702\">Format:<\/strong>\u00a0Video\/Abenteuer\/Detektiv (MP4)<\/p>\n<p data-start=\"735\" data-end=\"886\"><img decoding=\"async\" class=\"emoji\" role=\"img\" draggable=\"false\" src=\"https:\/\/s.w.org\/images\/core\/emoji\/17.0.2\/svg\/2b07.svg\" alt=\"\u2b07\ufe0f\" \/>\u00a0Sofortiger Download f\u00fcr Handy<br data-start=\"767\" data-end=\"770\" \/><img decoding=\"async\" class=\"emoji\" role=\"img\" draggable=\"false\" src=\"https:\/\/s.w.org\/images\/core\/emoji\/17.0.2\/svg\/2b07.svg\" alt=\"\u2b07\ufe0f\" \/>\u00a0Sofortiger Download f\u00fcr PC<br data-start=\"799\" data-end=\"802\" \/><img decoding=\"async\" class=\"emoji\" role=\"img\" draggable=\"false\" src=\"https:\/\/s.w.org\/images\/core\/emoji\/17.0.2\/svg\/2b07.svg\" alt=\"\u2b07\ufe0f\" \/>\u00a0Sofortiger Download f\u00fcrs Tablet<br data-start=\"836\" data-end=\"839\" \/><img decoding=\"async\" class=\"emoji\" role=\"img\" draggable=\"false\" src=\"https:\/\/s.w.org\/images\/core\/emoji\/17.0.2\/svg\/2b07.svg\" alt=\"\u2b07\ufe0f\" \/>\u00a0Funktioniert auf allen MP4-f\u00e4higen Ger\u00e4ten<\/p>","protected":false},"excerpt":{"rendered":"<p>\u00a0Video Die drei Fragezeichen und der Karpatenhund (2025) In\u00a0\u201eDie drei Fragezeichen und der Karpatenhund (2025)\u201c\u00a0geraten Justus, Peter und Bob in einen ihrer unheimlichsten F\u00e4lle.Ein geheimnisvoller Edelstein, der sagenumwoben\u00a0Karpatenhund, scheint einen Fluch zu tragen \u2013 denn pl\u00f6tzlich h\u00e4ufen sich Einbr\u00fcche, unerkl\u00e4rliche Erscheinungen und n\u00e4chtliche Angriffe. Die Spur f\u00fchrt die drei Detektive in eine Welt aus\u00a0mysteri\u00f6sen T\u00e4terprofilen\u00a0unheimlichen [&hellip;]<\/p>\n","protected":false},"featured_media":3066,"comment_status":"open","ping_status":"closed","template":"","meta":[],"product_brand":[],"product_cat":[54,50],"product_tag":[],"class_list":{"0":"post-3060","1":"product","2":"type-product","3":"status-publish","4":"has-post-thumbnail","6":"product_cat-action","7":"product_cat-aktuelle-filme-2025","9":"first","10":"instock","11":"sale","12":"virtual","13":"purchasable","14":"product-type-simple"},"jetpack_sharing_enabled":true,"_links":{"self":[{"href":"https:\/\/audiobook-24.com\/en\/wp-json\/wp\/v2\/product\/3060","targetHints":{"allow":["GET"]}}],"collection":[{"href":"https:\/\/audiobook-24.com\/en\/wp-json\/wp\/v2\/product"}],"about":[{"href":"https:\/\/audiobook-24.com\/en\/wp-json\/wp\/v2\/types\/product"}],"replies":[{"embeddable":true,"href":"https:\/\/audiobook-24.com\/en\/wp-json\/wp\/v2\/comments?post=3060"}],"wp:featuredmedia":[{"embeddable":true,"href":"https:\/\/audiobook-24.com\/en\/wp-json\/wp\/v2\/media\/3066"}],"wp:attachment":[{"href":"https:\/\/audiobook-24.com\/en\/wp-json\/wp\/v2\/media?parent=3060"}],"wp:term":[{"taxonomy":"product_brand","embeddable":true,"href":"https:\/\/audiobook-24.com\/en\/wp-json\/wp\/v2\/product_brand?post=3060"},{"taxonomy":"product_cat","embeddable":true,"href":"https:\/\/audiobook-24.com\/en\/wp-json\/wp\/v2\/product_cat?post=3060"},{"taxonomy":"product_tag","embeddable":true,"href":"https:\/\/audiobook-24.com\/en\/wp-json\/wp\/v2\/product_tag?post=3060"}],"curies":[{"name":"wp","href":"https:\/\/api.w.org\/{rel}","templated":true}]}}