{"id":3059,"date":"2026-02-16T19:57:41","date_gmt":"2026-02-16T19:57:41","guid":{"rendered":"https:\/\/audiobook-24.com\/?post_type=product&#038;p=3059"},"modified":"2026-02-16T19:57:41","modified_gmt":"2026-02-16T19:57:41","slug":"%f0%9f%8e%ac-video-caramelo-2025","status":"publish","type":"product","link":"https:\/\/audiobook-24.com\/en\/product\/%f0%9f%8e%ac-video-caramelo-2025\/","title":{"rendered":"\ud83c\udfac Video Caramelo (2025)"},"content":{"rendered":"<h2 data-start=\"0\" data-end=\"27\"><img decoding=\"async\" class=\"emoji\" role=\"img\" draggable=\"false\" src=\"https:\/\/s.w.org\/images\/core\/emoji\/17.0.2\/svg\/1f3ac.svg\" alt=\"\ud83c\udfac\" \/>\u00a0Video Caramelo (2025)<\/h2>\n<p data-start=\"29\" data-end=\"323\"><strong data-start=\"29\" data-end=\"50\">\u201eCaramelo (2025)\u201c<\/strong>\u00a0erz\u00e4hlt die bewegende Geschichte eines jungen Stra\u00dfenk\u00fcnstlers, der in einer pulsierenden Gro\u00dfstadt um seinen Traum k\u00e4mpft.<br data-start=\"174\" data-end=\"177\" \/>Zwischen Musik, Freundschaft, Verrat und Hoffnung versucht Caramelo, seinen Platz in einer Welt zu finden, die ihm st\u00e4ndig Steine in den Weg legt.<\/p>\n<p data-start=\"325\" data-end=\"447\">Der Film verbindet<br data-start=\"343\" data-end=\"346\" \/><img decoding=\"async\" class=\"emoji\" role=\"img\" draggable=\"false\" src=\"https:\/\/s.w.org\/images\/core\/emoji\/17.0.2\/svg\/1f3b5.svg\" alt=\"\ud83c\udfb5\" \/>\u00a0mitrei\u00dfende Musik<br data-start=\"366\" data-end=\"369\" \/><img decoding=\"async\" class=\"emoji\" role=\"img\" draggable=\"false\" src=\"https:\/\/s.w.org\/images\/core\/emoji\/17.0.2\/svg\/1f306.svg\" alt=\"\ud83c\udf06\" \/>\u00a0urbane Atmosph\u00e4re<br data-start=\"389\" data-end=\"392\" \/><img decoding=\"async\" class=\"emoji\" role=\"img\" draggable=\"false\" src=\"https:\/\/s.w.org\/images\/core\/emoji\/17.0.2\/svg\/2764.svg\" alt=\"\u2764\ufe0f\" \/>\u00a0emotionales Drama<br data-start=\"412\" data-end=\"415\" \/><img decoding=\"async\" class=\"emoji\" role=\"img\" draggable=\"false\" src=\"https:\/\/s.w.org\/images\/core\/emoji\/17.0.2\/svg\/1f525.svg\" alt=\"\ud83d\udd25\" \/>\u00a0und starke Charaktermomente<\/p>\n<p data-start=\"449\" data-end=\"530\">Ein intensives Gro\u00dfstadt-Drama \u00fcber Mut, Leidenschaft und den Preis der Freiheit.<\/p>\n<p data-start=\"532\" data-end=\"564\"><img decoding=\"async\" class=\"emoji\" role=\"img\" draggable=\"false\" src=\"https:\/\/s.w.org\/images\/core\/emoji\/17.0.2\/svg\/1f50a.svg\" alt=\"\ud83d\udd0a\" \/>\u00a0<strong data-start=\"535\" data-end=\"546\">Format:<\/strong>\u00a0Video\/Drama (MP4)<\/p>\n<p data-start=\"566\" data-end=\"717\"><img decoding=\"async\" class=\"emoji\" role=\"img\" draggable=\"false\" src=\"https:\/\/s.w.org\/images\/core\/emoji\/17.0.2\/svg\/2b07.svg\" alt=\"\u2b07\ufe0f\" \/>\u00a0Sofortiger Download f\u00fcr Handy<br data-start=\"598\" data-end=\"601\" \/><img decoding=\"async\" class=\"emoji\" role=\"img\" draggable=\"false\" src=\"https:\/\/s.w.org\/images\/core\/emoji\/17.0.2\/svg\/2b07.svg\" alt=\"\u2b07\ufe0f\" \/>\u00a0Sofortiger Download f\u00fcr PC<br data-start=\"630\" data-end=\"633\" \/><img decoding=\"async\" class=\"emoji\" role=\"img\" draggable=\"false\" src=\"https:\/\/s.w.org\/images\/core\/emoji\/17.0.2\/svg\/2b07.svg\" alt=\"\u2b07\ufe0f\" \/>\u00a0Sofortiger Download f\u00fcrs Tablet<br data-start=\"667\" data-end=\"670\" \/><img decoding=\"async\" class=\"emoji\" role=\"img\" draggable=\"false\" src=\"https:\/\/s.w.org\/images\/core\/emoji\/17.0.2\/svg\/2b07.svg\" alt=\"\u2b07\ufe0f\" \/>\u00a0Funktioniert auf allen MP4-f\u00e4higen Ger\u00e4ten<\/p>\n<p data-start=\"719\" data-end=\"777\" data-is-last-node=\"\" data-is-only-node=\"\"><strong data-start=\"719\" data-end=\"777\" data-is-last-node=\"\"><img decoding=\"async\" class=\"emoji\" role=\"img\" draggable=\"false\" src=\"https:\/\/s.w.org\/images\/core\/emoji\/17.0.2\/svg\/1f449.svg\" alt=\"\ud83d\udc49\" \/>\u00a0Einmal gekauft \u2013 jederzeit und unbegrenzt abrufbar!<\/strong><\/p>","protected":false},"excerpt":{"rendered":"<p>\u00a0Video Caramelo (2025) \u201eCaramelo (2025)\u201c\u00a0erz\u00e4hlt die bewegende Geschichte eines jungen Stra\u00dfenk\u00fcnstlers, der in einer pulsierenden Gro\u00dfstadt um seinen Traum k\u00e4mpft.Zwischen Musik, Freundschaft, Verrat und Hoffnung versucht Caramelo, seinen Platz in einer Welt zu finden, die ihm st\u00e4ndig Steine in den Weg legt. Der Film verbindet\u00a0mitrei\u00dfende Musik\u00a0urbane Atmosph\u00e4re\u00a0emotionales Drama\u00a0und starke Charaktermomente Ein intensives Gro\u00dfstadt-Drama \u00fcber Mut, [&hellip;]<\/p>\n","protected":false},"featured_media":3067,"comment_status":"open","ping_status":"closed","template":"","meta":[],"product_brand":[],"product_cat":[50,53],"product_tag":[],"class_list":{"0":"post-3059","1":"product","2":"type-product","3":"status-publish","4":"has-post-thumbnail","6":"product_cat-aktuelle-filme-2025","7":"product_cat-walt-disney","9":"first","10":"instock","11":"sale","12":"virtual","13":"purchasable","14":"product-type-simple"},"jetpack_sharing_enabled":true,"_links":{"self":[{"href":"https:\/\/audiobook-24.com\/en\/wp-json\/wp\/v2\/product\/3059","targetHints":{"allow":["GET"]}}],"collection":[{"href":"https:\/\/audiobook-24.com\/en\/wp-json\/wp\/v2\/product"}],"about":[{"href":"https:\/\/audiobook-24.com\/en\/wp-json\/wp\/v2\/types\/product"}],"replies":[{"embeddable":true,"href":"https:\/\/audiobook-24.com\/en\/wp-json\/wp\/v2\/comments?post=3059"}],"wp:featuredmedia":[{"embeddable":true,"href":"https:\/\/audiobook-24.com\/en\/wp-json\/wp\/v2\/media\/3067"}],"wp:attachment":[{"href":"https:\/\/audiobook-24.com\/en\/wp-json\/wp\/v2\/media?parent=3059"}],"wp:term":[{"taxonomy":"product_brand","embeddable":true,"href":"https:\/\/audiobook-24.com\/en\/wp-json\/wp\/v2\/product_brand?post=3059"},{"taxonomy":"product_cat","embeddable":true,"href":"https:\/\/audiobook-24.com\/en\/wp-json\/wp\/v2\/product_cat?post=3059"},{"taxonomy":"product_tag","embeddable":true,"href":"https:\/\/audiobook-24.com\/en\/wp-json\/wp\/v2\/product_tag?post=3059"}],"curies":[{"name":"wp","href":"https:\/\/api.w.org\/{rel}","templated":true}]}}