{"id":3048,"date":"2026-02-16T19:49:35","date_gmt":"2026-02-16T19:49:35","guid":{"rendered":"https:\/\/audiobook-24.com\/?post_type=product&#038;p=3048"},"modified":"2026-02-16T19:49:35","modified_gmt":"2026-02-16T19:49:35","slug":"%f0%9f%8e%ac-video-downtown-abbey-das-grosse-finale-2025","status":"publish","type":"product","link":"https:\/\/audiobook-24.com\/en\/product\/%f0%9f%8e%ac-video-downtown-abbey-das-grosse-finale-2025\/","title":{"rendered":"\ud83c\udfac Video Downtown Abbey \u2013 Das gro\u00dfe Finale (2025)"},"content":{"rendered":"<h2 data-start=\"0\" data-end=\"52\"><img decoding=\"async\" class=\"emoji\" role=\"img\" draggable=\"false\" src=\"https:\/\/s.w.org\/images\/core\/emoji\/17.0.2\/svg\/1f3ac.svg\" alt=\"\ud83c\udfac\" \/>\u00a0Video Downtown Abbey \u2013 Das gro\u00dfe Finale (2025)<\/h2>\n<p data-start=\"54\" data-end=\"391\">In\u00a0<strong data-start=\"57\" data-end=\"103\">\u201eDowntown Abbey \u2013 Das gro\u00dfe Finale (2025)\u201c<\/strong>\u00a0erreicht die epische Geschichte der Crawley-Familie ihren emotionalen H\u00f6hepunkt.<br data-start=\"184\" data-end=\"187\" \/>W\u00e4hrend sich alte Konflikte kl\u00e4ren, neue Wege eingeschlagen werden und die Zukunft des Anwesens auf dem Spiel steht, erleben Fans ein letztes, gro\u00dfes Kapitel voller Eleganz, Gef\u00fchl und zeitloser Dramatik.<\/p>\n<p data-start=\"393\" data-end=\"570\">Liebe, Verlust, Intrigen und \u00fcberraschende Wendungen verweben sich zu einem w\u00fcrdigen Abschluss, der die Welt von Downtown Abbey noch einmal in all ihrer Pracht erstrahlen l\u00e4sst.<\/p>\n<p data-start=\"572\" data-end=\"613\"><img decoding=\"async\" class=\"emoji\" role=\"img\" draggable=\"false\" src=\"https:\/\/s.w.org\/images\/core\/emoji\/17.0.2\/svg\/1f50a.svg\" alt=\"\ud83d\udd0a\" \/>\u00a0<strong data-start=\"575\" data-end=\"586\">Format:<\/strong>\u00a0Video\/Drama\/Historie (MP4)<\/p>\n<p data-start=\"615\" data-end=\"764\"><img decoding=\"async\" class=\"emoji\" role=\"img\" draggable=\"false\" src=\"https:\/\/s.w.org\/images\/core\/emoji\/17.0.2\/svg\/2b07.svg\" alt=\"\u2b07\ufe0f\" \/>\u00a0Sofortiger Download f\u00fcr Handy<br data-start=\"647\" data-end=\"650\" \/><img decoding=\"async\" class=\"emoji\" role=\"img\" draggable=\"false\" src=\"https:\/\/s.w.org\/images\/core\/emoji\/17.0.2\/svg\/2b07.svg\" alt=\"\u2b07\ufe0f\" \/>\u00a0Sofortiger Download f\u00fcr PC<br data-start=\"679\" data-end=\"682\" \/><img decoding=\"async\" class=\"emoji\" role=\"img\" draggable=\"false\" src=\"https:\/\/s.w.org\/images\/core\/emoji\/17.0.2\/svg\/2b07.svg\" alt=\"\u2b07\ufe0f\" \/>\u00a0Sofortiger Download f\u00fcrs Tablet<br data-start=\"716\" data-end=\"719\" \/><img decoding=\"async\" class=\"emoji\" role=\"img\" draggable=\"false\" src=\"https:\/\/s.w.org\/images\/core\/emoji\/17.0.2\/svg\/2b07.svg\" alt=\"\u2b07\ufe0f\" \/>\u00a0Kompatibel mit allen MP4-f\u00e4higen Ger\u00e4ten<\/p>\n<p data-start=\"766\" data-end=\"824\" data-is-last-node=\"\" data-is-only-node=\"\"><strong data-start=\"766\" data-end=\"824\" data-is-last-node=\"\"><img decoding=\"async\" class=\"emoji\" role=\"img\" draggable=\"false\" src=\"https:\/\/s.w.org\/images\/core\/emoji\/17.0.2\/svg\/1f449.svg\" alt=\"\ud83d\udc49\" \/>\u00a0Einmal gekauft \u2013 jederzeit und unbegrenzt abrufbar!<\/strong><\/p>","protected":false},"excerpt":{"rendered":"<p>\u00a0Video Downtown Abbey \u2013 Das gro\u00dfe Finale (2025) In\u00a0\u201eDowntown Abbey \u2013 Das gro\u00dfe Finale (2025)\u201c\u00a0erreicht die epische Geschichte der Crawley-Familie ihren emotionalen H\u00f6hepunkt.W\u00e4hrend sich alte Konflikte kl\u00e4ren, neue Wege eingeschlagen werden und die Zukunft des Anwesens auf dem Spiel steht, erleben Fans ein letztes, gro\u00dfes Kapitel voller Eleganz, Gef\u00fchl und zeitloser Dramatik. Liebe, Verlust, Intrigen [&hellip;]<\/p>\n","protected":false},"featured_media":3063,"comment_status":"open","ping_status":"closed","template":"","meta":[],"product_brand":[],"product_cat":[50],"product_tag":[],"class_list":{"0":"post-3048","1":"product","2":"type-product","3":"status-publish","4":"has-post-thumbnail","6":"product_cat-aktuelle-filme-2025","8":"first","9":"instock","10":"sale","11":"virtual","12":"purchasable","13":"product-type-simple"},"jetpack_sharing_enabled":true,"_links":{"self":[{"href":"https:\/\/audiobook-24.com\/en\/wp-json\/wp\/v2\/product\/3048","targetHints":{"allow":["GET"]}}],"collection":[{"href":"https:\/\/audiobook-24.com\/en\/wp-json\/wp\/v2\/product"}],"about":[{"href":"https:\/\/audiobook-24.com\/en\/wp-json\/wp\/v2\/types\/product"}],"replies":[{"embeddable":true,"href":"https:\/\/audiobook-24.com\/en\/wp-json\/wp\/v2\/comments?post=3048"}],"wp:featuredmedia":[{"embeddable":true,"href":"https:\/\/audiobook-24.com\/en\/wp-json\/wp\/v2\/media\/3063"}],"wp:attachment":[{"href":"https:\/\/audiobook-24.com\/en\/wp-json\/wp\/v2\/media?parent=3048"}],"wp:term":[{"taxonomy":"product_brand","embeddable":true,"href":"https:\/\/audiobook-24.com\/en\/wp-json\/wp\/v2\/product_brand?post=3048"},{"taxonomy":"product_cat","embeddable":true,"href":"https:\/\/audiobook-24.com\/en\/wp-json\/wp\/v2\/product_cat?post=3048"},{"taxonomy":"product_tag","embeddable":true,"href":"https:\/\/audiobook-24.com\/en\/wp-json\/wp\/v2\/product_tag?post=3048"}],"curies":[{"name":"wp","href":"https:\/\/api.w.org\/{rel}","templated":true}]}}