{"id":3036,"date":"2026-02-16T15:10:29","date_gmt":"2026-02-16T15:10:29","guid":{"rendered":"https:\/\/audiobook-24.com\/?post_type=product&#038;p=3036"},"modified":"2026-02-16T15:10:33","modified_gmt":"2026-02-16T15:10:33","slug":"%f0%9f%8e%ac-video-die-schule-der-magischen-tiere-4-2025-german","status":"publish","type":"product","link":"https:\/\/audiobook-24.com\/en\/product\/%f0%9f%8e%ac-video-die-schule-der-magischen-tiere-4-2025-german\/","title":{"rendered":"\ud83c\udfac Video Die Schule der magischen Tiere 4 (2025) \u2013 German"},"content":{"rendered":"<p data-start=\"0\" data-end=\"61\"><img decoding=\"async\" class=\"emoji\" role=\"img\" draggable=\"false\" src=\"https:\/\/s.w.org\/images\/core\/emoji\/17.0.2\/svg\/1f3ac.svg\" alt=\"\ud83c\udfac\" \/>\u00a0<strong data-start=\"3\" data-end=\"61\">Video Die Schule der magischen Tiere 4 (2025) \u2013 German<\/strong><\/p>\n<p data-start=\"63\" data-end=\"419\">\u201e<strong data-start=\"64\" data-end=\"107\">Die Schule der magischen Tiere 4 (2025)<\/strong>\u201c bringt die beliebten magischen Abenteuer zur\u00fcck und entf\u00fchrt erneut in eine Welt voller Freundschaft, Fantasie und wichtiger Lebenslektionen.<br data-start=\"250\" data-end=\"253\" \/>An der Wintersteinschule warten neue Herausforderungen, spannende Geheimnisse und magische Momente, die zeigen, wie wertvoll Zusammenhalt und Vertrauen wirklich sind.<\/p>\n<p data-start=\"421\" data-end=\"656\">Mit viel Herz, Humor und liebevoll inszenierter Magie begeistert der Film kleine wie gro\u00dfe Zuschauer.<br data-start=\"522\" data-end=\"525\" \/>Zwischen Schulalltag, magischen Tieren und neuen Pr\u00fcfungen erleben die Kinder ein Abenteuer, das Mut macht und zum Tr\u00e4umen einl\u00e4dt.<\/p>\n<p data-start=\"658\" data-end=\"719\">Ein zauberhaftes Familienabenteuer voller W\u00e4rme und Fantasie.<\/p>\n<p data-start=\"721\" data-end=\"909\"><strong data-start=\"721\" data-end=\"741\">Erwartet werden:<\/strong><br \/>\n<img decoding=\"async\" class=\"emoji\" role=\"img\" draggable=\"false\" src=\"https:\/\/s.w.org\/images\/core\/emoji\/17.0.2\/svg\/1f98a.svg\" alt=\"\ud83e\udd8a\" \/>\u00a0Magische Tiere &amp; neue \u00dcberraschungen<br data-start=\"781\" data-end=\"784\" \/><img decoding=\"async\" class=\"emoji\" role=\"img\" draggable=\"false\" src=\"https:\/\/s.w.org\/images\/core\/emoji\/17.0.2\/svg\/2728.svg\" alt=\"\u2728\" \/>\u00a0Fantasievolle Abenteuer &amp; herzerw\u00e4rmende Momente<br data-start=\"834\" data-end=\"837\" \/><img decoding=\"async\" class=\"emoji\" role=\"img\" draggable=\"false\" src=\"https:\/\/s.w.org\/images\/core\/emoji\/17.0.2\/svg\/1f602.svg\" alt=\"\ud83d\ude02\" \/>\u00a0Humor, Freundschaft &amp; Schulchaos<br data-start=\"872\" data-end=\"875\" \/><img decoding=\"async\" class=\"emoji\" role=\"img\" draggable=\"false\" src=\"https:\/\/s.w.org\/images\/core\/emoji\/17.0.2\/svg\/1f91d.svg\" alt=\"\ud83e\udd1d\" \/>\u00a0Teamgeist, Mut &amp; Zusammenhalt<\/p>\n<p data-start=\"911\" data-end=\"980\">Der perfekte Film f\u00fcr die ganze Familie und Fans der beliebten Reihe.<\/p>\n<p data-start=\"982\" data-end=\"1047\"><img decoding=\"async\" class=\"emoji\" role=\"img\" draggable=\"false\" src=\"https:\/\/s.w.org\/images\/core\/emoji\/17.0.2\/svg\/1f50a.svg\" alt=\"\ud83d\udd0a\" \/>\u00a0<strong data-start=\"985\" data-end=\"996\">Format:<\/strong>\u00a0Video \/ Film \/ Familie \/ Abenteuer \/ Fantasy (MP4)<\/p>\n<p data-start=\"1049\" data-end=\"1198\"><img decoding=\"async\" class=\"emoji\" role=\"img\" draggable=\"false\" src=\"https:\/\/s.w.org\/images\/core\/emoji\/17.0.2\/svg\/2b07.svg\" alt=\"\u2b07\ufe0f\" \/>\u00a0Sofortiger Download f\u00fcr Handy<br data-start=\"1081\" data-end=\"1084\" \/><img decoding=\"async\" class=\"emoji\" role=\"img\" draggable=\"false\" src=\"https:\/\/s.w.org\/images\/core\/emoji\/17.0.2\/svg\/2b07.svg\" alt=\"\u2b07\ufe0f\" \/>\u00a0Sofortiger Download f\u00fcr PC<br data-start=\"1113\" data-end=\"1116\" \/><img decoding=\"async\" class=\"emoji\" role=\"img\" draggable=\"false\" src=\"https:\/\/s.w.org\/images\/core\/emoji\/17.0.2\/svg\/2b07.svg\" alt=\"\u2b07\ufe0f\" \/>\u00a0Sofortiger Download f\u00fcrs Tablet<br data-start=\"1150\" data-end=\"1153\" \/><img decoding=\"async\" class=\"emoji\" role=\"img\" draggable=\"false\" src=\"https:\/\/s.w.org\/images\/core\/emoji\/17.0.2\/svg\/2b07.svg\" alt=\"\u2b07\ufe0f\" \/>\u00a0Kompatibel mit allen MP4-f\u00e4higen Ger\u00e4ten<\/p>\n<p data-start=\"1200\" data-end=\"1240\" data-is-last-node=\"\" data-is-only-node=\"\"><strong data-start=\"1200\" data-end=\"1240\" data-is-last-node=\"\"><img decoding=\"async\" class=\"emoji\" role=\"img\" draggable=\"false\" src=\"https:\/\/s.w.org\/images\/core\/emoji\/17.0.2\/svg\/1f449.svg\" alt=\"\ud83d\udc49\" \/>\u00a0Einmal gekauft \u2013 f\u00fcr immer deins<\/strong><\/p>","protected":false},"excerpt":{"rendered":"<p>\u00a0Video Die Schule der magischen Tiere 4 (2025) \u2013 German \u201eDie Schule der magischen Tiere 4 (2025)\u201c bringt die beliebten magischen Abenteuer zur\u00fcck und entf\u00fchrt erneut in eine Welt voller Freundschaft, Fantasie und wichtiger Lebenslektionen.An der Wintersteinschule warten neue Herausforderungen, spannende Geheimnisse und magische Momente, die zeigen, wie wertvoll Zusammenhalt und Vertrauen wirklich sind. Mit [&hellip;]<\/p>\n","protected":false},"featured_media":3039,"comment_status":"open","ping_status":"closed","template":"","meta":[],"product_brand":[],"product_cat":[50],"product_tag":[],"class_list":{"0":"post-3036","1":"product","2":"type-product","3":"status-publish","4":"has-post-thumbnail","6":"product_cat-aktuelle-filme-2025","8":"first","9":"instock","10":"sale","11":"virtual","12":"purchasable","13":"product-type-simple"},"jetpack_sharing_enabled":true,"_links":{"self":[{"href":"https:\/\/audiobook-24.com\/en\/wp-json\/wp\/v2\/product\/3036","targetHints":{"allow":["GET"]}}],"collection":[{"href":"https:\/\/audiobook-24.com\/en\/wp-json\/wp\/v2\/product"}],"about":[{"href":"https:\/\/audiobook-24.com\/en\/wp-json\/wp\/v2\/types\/product"}],"replies":[{"embeddable":true,"href":"https:\/\/audiobook-24.com\/en\/wp-json\/wp\/v2\/comments?post=3036"}],"wp:featuredmedia":[{"embeddable":true,"href":"https:\/\/audiobook-24.com\/en\/wp-json\/wp\/v2\/media\/3039"}],"wp:attachment":[{"href":"https:\/\/audiobook-24.com\/en\/wp-json\/wp\/v2\/media?parent=3036"}],"wp:term":[{"taxonomy":"product_brand","embeddable":true,"href":"https:\/\/audiobook-24.com\/en\/wp-json\/wp\/v2\/product_brand?post=3036"},{"taxonomy":"product_cat","embeddable":true,"href":"https:\/\/audiobook-24.com\/en\/wp-json\/wp\/v2\/product_cat?post=3036"},{"taxonomy":"product_tag","embeddable":true,"href":"https:\/\/audiobook-24.com\/en\/wp-json\/wp\/v2\/product_tag?post=3036"}],"curies":[{"name":"wp","href":"https:\/\/api.w.org\/{rel}","templated":true}]}}