{"id":3034,"date":"2026-02-16T15:17:10","date_gmt":"2026-02-16T15:17:10","guid":{"rendered":"https:\/\/audiobook-24.com\/?post_type=product&#038;p=3034"},"modified":"2026-02-16T15:17:11","modified_gmt":"2026-02-16T15:17:11","slug":"%f0%9f%8e%ac-video-ganzer-halber-bruder-2025-german","status":"publish","type":"product","link":"https:\/\/audiobook-24.com\/en\/product\/%f0%9f%8e%ac-video-ganzer-halber-bruder-2025-german\/","title":{"rendered":"\ud83c\udfac Video Ganzer halber Bruder (2025) \u2013 German"},"content":{"rendered":"<p data-start=\"0\" data-end=\"49\"><img decoding=\"async\" class=\"emoji\" role=\"img\" draggable=\"false\" src=\"https:\/\/s.w.org\/images\/core\/emoji\/17.0.2\/svg\/1f3ac.svg\" alt=\"\ud83c\udfac\" \/>\u00a0<strong data-start=\"3\" data-end=\"49\">Video Ganzer halber Bruder (2025) \u2013 German<\/strong><\/p>\n<p data-start=\"51\" data-end=\"419\">\u201e<strong data-start=\"52\" data-end=\"83\">Ganzer halber Bruder (2025)<\/strong>\u201c ist eine warmherzige Kom\u00f6die \u00fcber Familie, Zusammenhalt und das Chaos, das entsteht, wenn zwei v\u00f6llig unterschiedliche Welten aufeinanderprallen.<br data-start=\"230\" data-end=\"233\" \/>Ein unerwartetes Wiedersehen stellt das Leben zweier Halbbr\u00fcder komplett auf den Kopf \u2013 und zwingt sie dazu, sich mit Vergangenheit, Verantwortung und neuen Gef\u00fchlen auseinanderzusetzen.<\/p>\n<p data-start=\"421\" data-end=\"724\">Mit viel Humor, ehrlichen Momenten und liebevoller Leichtigkeit erz\u00e4hlt der Film von N\u00e4he, Reibung und der Erkenntnis, dass Familie manchmal genau dort beginnt, wo man sie am wenigsten erwartet.<br data-start=\"615\" data-end=\"618\" \/>Zwischen Missverst\u00e4ndnissen und Ann\u00e4herung entsteht eine Geschichte, die zum Lachen und Mitf\u00fchlen einl\u00e4dt.<\/p>\n<p data-start=\"726\" data-end=\"771\">Eine charmante Kom\u00f6die mit Herz und Tiefgang.<\/p>\n<p data-start=\"773\" data-end=\"974\"><strong data-start=\"773\" data-end=\"793\">Erwartet werden:<\/strong><br \/>\n<img decoding=\"async\" class=\"emoji\" role=\"img\" draggable=\"false\" src=\"https:\/\/s.w.org\/images\/core\/emoji\/17.0.2\/svg\/1f602.svg\" alt=\"\ud83d\ude02\" \/>\u00a0Humorvolle Situationen &amp; famili\u00e4re Reibung<br data-start=\"839\" data-end=\"842\" \/><img decoding=\"async\" class=\"emoji\" role=\"img\" draggable=\"false\" src=\"https:\/\/s.w.org\/images\/core\/emoji\/17.0.2\/svg\/1f468-200d-1f466.svg\" alt=\"\ud83d\udc68\u200d\ud83d\udc66\" \/>\u00a0Emotionale Entwicklung &amp; ehrliche Momente<br data-start=\"889\" data-end=\"892\" \/><img decoding=\"async\" class=\"emoji\" role=\"img\" draggable=\"false\" src=\"https:\/\/s.w.org\/images\/core\/emoji\/17.0.2\/svg\/1f91d.svg\" alt=\"\ud83e\udd1d\" \/>\u00a0Zusammenhalt, Akzeptanz &amp; neue Perspektiven<br data-start=\"938\" data-end=\"941\" \/><img decoding=\"async\" class=\"emoji\" role=\"img\" draggable=\"false\" src=\"https:\/\/s.w.org\/images\/core\/emoji\/17.0.2\/svg\/2728.svg\" alt=\"\u2728\" \/>\u00a0Leichte Unterhaltung mit Herz<\/p>\n<p data-start=\"976\" data-end=\"1049\">Ein unterhaltsames Filmerlebnis f\u00fcr alle, die Kom\u00f6dien mit Gef\u00fchl lieben.<\/p>\n<p data-start=\"1051\" data-end=\"1104\"><img decoding=\"async\" class=\"emoji\" role=\"img\" draggable=\"false\" src=\"https:\/\/s.w.org\/images\/core\/emoji\/17.0.2\/svg\/1f50a.svg\" alt=\"\ud83d\udd0a\" \/>\u00a0<strong data-start=\"1054\" data-end=\"1065\">Format:<\/strong>\u00a0Video \/ Film \/ Kom\u00f6die \/ Familie (MP4)<\/p>\n<p data-start=\"1106\" data-end=\"1255\"><img decoding=\"async\" class=\"emoji\" role=\"img\" draggable=\"false\" src=\"https:\/\/s.w.org\/images\/core\/emoji\/17.0.2\/svg\/2b07.svg\" alt=\"\u2b07\ufe0f\" \/>\u00a0Sofortiger Download f\u00fcr Handy<br data-start=\"1138\" data-end=\"1141\" \/><img decoding=\"async\" class=\"emoji\" role=\"img\" draggable=\"false\" src=\"https:\/\/s.w.org\/images\/core\/emoji\/17.0.2\/svg\/2b07.svg\" alt=\"\u2b07\ufe0f\" \/>\u00a0Sofortiger Download f\u00fcr PC<br data-start=\"1170\" data-end=\"1173\" \/><img decoding=\"async\" class=\"emoji\" role=\"img\" draggable=\"false\" src=\"https:\/\/s.w.org\/images\/core\/emoji\/17.0.2\/svg\/2b07.svg\" alt=\"\u2b07\ufe0f\" \/>\u00a0Sofortiger Download f\u00fcrs Tablet<br data-start=\"1207\" data-end=\"1210\" \/><img decoding=\"async\" class=\"emoji\" role=\"img\" draggable=\"false\" src=\"https:\/\/s.w.org\/images\/core\/emoji\/17.0.2\/svg\/2b07.svg\" alt=\"\u2b07\ufe0f\" \/>\u00a0Kompatibel mit allen MP4-f\u00e4higen Ger\u00e4ten<\/p>\n<p data-start=\"1257\" data-end=\"1297\" data-is-last-node=\"\" data-is-only-node=\"\"><strong data-start=\"1257\" data-end=\"1297\" data-is-last-node=\"\"><img decoding=\"async\" class=\"emoji\" role=\"img\" draggable=\"false\" src=\"https:\/\/s.w.org\/images\/core\/emoji\/17.0.2\/svg\/1f449.svg\" alt=\"\ud83d\udc49\" \/>\u00a0Einmal gekauft \u2013 f\u00fcr immer deins!<\/strong><\/p>","protected":false},"excerpt":{"rendered":"<p>\u00a0Video Ganzer halber Bruder (2025) \u2013 German \u201eGanzer halber Bruder (2025)\u201c ist eine warmherzige Kom\u00f6die \u00fcber Familie, Zusammenhalt und das Chaos, das entsteht, wenn zwei v\u00f6llig unterschiedliche Welten aufeinanderprallen.Ein unerwartetes Wiedersehen stellt das Leben zweier Halbbr\u00fcder komplett auf den Kopf \u2013 und zwingt sie dazu, sich mit Vergangenheit, Verantwortung und neuen Gef\u00fchlen auseinanderzusetzen. Mit viel [&hellip;]<\/p>\n","protected":false},"featured_media":3041,"comment_status":"open","ping_status":"closed","template":"","meta":[],"product_brand":[],"product_cat":[50],"product_tag":[],"class_list":{"0":"post-3034","1":"product","2":"type-product","3":"status-publish","4":"has-post-thumbnail","6":"product_cat-aktuelle-filme-2025","8":"first","9":"instock","10":"sale","11":"virtual","12":"purchasable","13":"product-type-simple"},"jetpack_sharing_enabled":true,"_links":{"self":[{"href":"https:\/\/audiobook-24.com\/en\/wp-json\/wp\/v2\/product\/3034","targetHints":{"allow":["GET"]}}],"collection":[{"href":"https:\/\/audiobook-24.com\/en\/wp-json\/wp\/v2\/product"}],"about":[{"href":"https:\/\/audiobook-24.com\/en\/wp-json\/wp\/v2\/types\/product"}],"replies":[{"embeddable":true,"href":"https:\/\/audiobook-24.com\/en\/wp-json\/wp\/v2\/comments?post=3034"}],"wp:featuredmedia":[{"embeddable":true,"href":"https:\/\/audiobook-24.com\/en\/wp-json\/wp\/v2\/media\/3041"}],"wp:attachment":[{"href":"https:\/\/audiobook-24.com\/en\/wp-json\/wp\/v2\/media?parent=3034"}],"wp:term":[{"taxonomy":"product_brand","embeddable":true,"href":"https:\/\/audiobook-24.com\/en\/wp-json\/wp\/v2\/product_brand?post=3034"},{"taxonomy":"product_cat","embeddable":true,"href":"https:\/\/audiobook-24.com\/en\/wp-json\/wp\/v2\/product_cat?post=3034"},{"taxonomy":"product_tag","embeddable":true,"href":"https:\/\/audiobook-24.com\/en\/wp-json\/wp\/v2\/product_tag?post=3034"}],"curies":[{"name":"wp","href":"https:\/\/api.w.org\/{rel}","templated":true}]}}