{"id":3032,"date":"2026-02-16T15:24:06","date_gmt":"2026-02-16T15:24:06","guid":{"rendered":"https:\/\/audiobook-24.com\/?post_type=product&#038;p=3032"},"modified":"2026-02-16T15:24:08","modified_gmt":"2026-02-16T15:24:08","slug":"%f0%9f%8e%ac-video-jay-kelly-2025","status":"publish","type":"product","link":"https:\/\/audiobook-24.com\/en\/product\/%f0%9f%8e%ac-video-jay-kelly-2025\/","title":{"rendered":"\ud83c\udfac Video Jay Kelly (2025)"},"content":{"rendered":"<h2 data-start=\"0\" data-end=\"28\"><img decoding=\"async\" class=\"emoji\" role=\"img\" draggable=\"false\" src=\"https:\/\/s.w.org\/images\/core\/emoji\/17.0.2\/svg\/1f3ac.svg\" alt=\"\ud83c\udfac\" \/>\u00a0Video Jay Kelly (2025)<\/h2>\n<p data-start=\"30\" data-end=\"410\">In\u00a0<strong data-start=\"33\" data-end=\"55\">\u201eJay Kelly (2025)\u201c<\/strong>\u00a0steht ein unscheinbarer junger Mann pl\u00f6tzlich im Zentrum einer gef\u00e4hrlichen Verschw\u00f6rung.<br data-start=\"145\" data-end=\"148\" \/>Als Jay zuf\u00e4llig in den Besitz brisanter Informationen ger\u00e4t, wird er von m\u00e4chtigen Gegnern gejagt und muss fliehen. W\u00e4hrend er versucht herauszufinden, wem er trauen kann, entdeckt er, dass seine eigene Vergangenheit dunklere Geheimnisse birgt, als er je ahnte.<\/p>\n<p data-start=\"412\" data-end=\"598\">Der Film verbindet\u00a0<strong data-start=\"431\" data-end=\"465\">actionreiche Verfolgungsjagden<\/strong>,\u00a0<strong data-start=\"467\" data-end=\"483\">Nervenkitzel<\/strong>,\u00a0<strong data-start=\"485\" data-end=\"508\">technische Intrigen<\/strong>\u00a0und ein starkes Charakterdrama zu einem intensiven Thriller, der bis zum Schluss fesselt.<\/p>\n<p data-start=\"600\" data-end=\"642\"><img decoding=\"async\" class=\"emoji\" role=\"img\" draggable=\"false\" src=\"https:\/\/s.w.org\/images\/core\/emoji\/17.0.2\/svg\/1f50a.svg\" alt=\"\ud83d\udd0a\" \/>\u00a0<strong data-start=\"603\" data-end=\"614\">Format:<\/strong>\u00a0Video\/Thriller\/Action (MP4)<\/p>\n<p data-start=\"644\" data-end=\"793\"><img decoding=\"async\" class=\"emoji\" role=\"img\" draggable=\"false\" src=\"https:\/\/s.w.org\/images\/core\/emoji\/17.0.2\/svg\/2b07.svg\" alt=\"\u2b07\ufe0f\" \/>\u00a0Sofortiger Download f\u00fcr Handy<br data-start=\"676\" data-end=\"679\" \/><img decoding=\"async\" class=\"emoji\" role=\"img\" draggable=\"false\" src=\"https:\/\/s.w.org\/images\/core\/emoji\/17.0.2\/svg\/2b07.svg\" alt=\"\u2b07\ufe0f\" \/>\u00a0Sofortiger Download f\u00fcr PC<br data-start=\"708\" data-end=\"711\" \/><img decoding=\"async\" class=\"emoji\" role=\"img\" draggable=\"false\" src=\"https:\/\/s.w.org\/images\/core\/emoji\/17.0.2\/svg\/2b07.svg\" alt=\"\u2b07\ufe0f\" \/>\u00a0Sofortiger Download f\u00fcrs Tablet<br data-start=\"745\" data-end=\"748\" \/><img decoding=\"async\" class=\"emoji\" role=\"img\" draggable=\"false\" src=\"https:\/\/s.w.org\/images\/core\/emoji\/17.0.2\/svg\/2b07.svg\" alt=\"\u2b07\ufe0f\" \/>\u00a0Kompatibel mit allen MP4-f\u00e4higen Ger\u00e4ten<\/p>\n<p data-start=\"795\" data-end=\"853\" data-is-last-node=\"\" data-is-only-node=\"\"><strong data-start=\"795\" data-end=\"853\" data-is-last-node=\"\"><img decoding=\"async\" class=\"emoji\" role=\"img\" draggable=\"false\" src=\"https:\/\/s.w.org\/images\/core\/emoji\/17.0.2\/svg\/1f449.svg\" alt=\"\ud83d\udc49\" \/>\u00a0Einmal gekauft \u2013 jederzeit und unbegrenzt abrufbar!<\/strong><\/p>","protected":false},"excerpt":{"rendered":"<p>\u00a0Video Jay Kelly (2025) In\u00a0\u201eJay Kelly (2025)\u201c\u00a0steht ein unscheinbarer junger Mann pl\u00f6tzlich im Zentrum einer gef\u00e4hrlichen Verschw\u00f6rung.Als Jay zuf\u00e4llig in den Besitz brisanter Informationen ger\u00e4t, wird er von m\u00e4chtigen Gegnern gejagt und muss fliehen. W\u00e4hrend er versucht herauszufinden, wem er trauen kann, entdeckt er, dass seine eigene Vergangenheit dunklere Geheimnisse birgt, als er je ahnte. [&hellip;]<\/p>\n","protected":false},"featured_media":3043,"comment_status":"open","ping_status":"closed","template":"","meta":[],"product_brand":[],"product_cat":[54,50,55],"product_tag":[],"class_list":{"0":"post-3032","1":"product","2":"type-product","3":"status-publish","4":"has-post-thumbnail","6":"product_cat-action","7":"product_cat-aktuelle-filme-2025","8":"product_cat-thriller","10":"first","11":"instock","12":"sale","13":"virtual","14":"purchasable","15":"product-type-simple"},"jetpack_sharing_enabled":true,"_links":{"self":[{"href":"https:\/\/audiobook-24.com\/en\/wp-json\/wp\/v2\/product\/3032","targetHints":{"allow":["GET"]}}],"collection":[{"href":"https:\/\/audiobook-24.com\/en\/wp-json\/wp\/v2\/product"}],"about":[{"href":"https:\/\/audiobook-24.com\/en\/wp-json\/wp\/v2\/types\/product"}],"replies":[{"embeddable":true,"href":"https:\/\/audiobook-24.com\/en\/wp-json\/wp\/v2\/comments?post=3032"}],"wp:featuredmedia":[{"embeddable":true,"href":"https:\/\/audiobook-24.com\/en\/wp-json\/wp\/v2\/media\/3043"}],"wp:attachment":[{"href":"https:\/\/audiobook-24.com\/en\/wp-json\/wp\/v2\/media?parent=3032"}],"wp:term":[{"taxonomy":"product_brand","embeddable":true,"href":"https:\/\/audiobook-24.com\/en\/wp-json\/wp\/v2\/product_brand?post=3032"},{"taxonomy":"product_cat","embeddable":true,"href":"https:\/\/audiobook-24.com\/en\/wp-json\/wp\/v2\/product_cat?post=3032"},{"taxonomy":"product_tag","embeddable":true,"href":"https:\/\/audiobook-24.com\/en\/wp-json\/wp\/v2\/product_tag?post=3032"}],"curies":[{"name":"wp","href":"https:\/\/api.w.org\/{rel}","templated":true}]}}