{"id":3031,"date":"2026-02-16T15:25:38","date_gmt":"2026-02-16T15:25:38","guid":{"rendered":"https:\/\/audiobook-24.com\/?post_type=product&#038;p=3031"},"modified":"2026-02-16T15:25:38","modified_gmt":"2026-02-16T15:25:38","slug":"%f0%9f%8e%ac-video-henry-danger-der-film-2025","status":"publish","type":"product","link":"https:\/\/audiobook-24.com\/en\/product\/%f0%9f%8e%ac-video-henry-danger-der-film-2025\/","title":{"rendered":"\ud83c\udfac Video Henry Danger \u2013 Der Film (2025)"},"content":{"rendered":"<h2 data-start=\"0\" data-end=\"42\"><img decoding=\"async\" class=\"emoji\" role=\"img\" draggable=\"false\" src=\"https:\/\/s.w.org\/images\/core\/emoji\/17.0.2\/svg\/1f3ac.svg\" alt=\"\ud83c\udfac\" \/>\u00a0Video Henry Danger \u2013 Der Film (2025)<\/h2>\n<p data-start=\"44\" data-end=\"402\">In\u00a0<strong data-start=\"47\" data-end=\"83\">\u201eHenry Danger \u2013 Der Film (2025)\u201c<\/strong>\u00a0kehren Henry Hart und Captain Man f\u00fcr ein brandneues Abenteuer zur\u00fcck!<br data-start=\"154\" data-end=\"157\" \/>Als ein m\u00e4chtiger neuer Superschurke auftaucht und Swellview bedroht, muss Henry erneut in seine Rolle als Kid Danger schl\u00fcpfen. Doch dieses Mal steht mehr auf dem Spiel als je zuvor:<br data-start=\"340\" data-end=\"343\" \/>Die Stadt, seine Freunde \u2013 und sogar seine Geheimidentit\u00e4t.<\/p>\n<p data-start=\"404\" data-end=\"581\">Mit rasanten Action-Szenen, witzigen Momenten und jeder Menge Superhelden-Stimmung bietet der Film ein aufregendes Abenteuer f\u00fcr Fans der Serie und neue Zuschauer gleicherma\u00dfen.<\/p>\n<p data-start=\"583\" data-end=\"633\"><img decoding=\"async\" class=\"emoji\" role=\"img\" draggable=\"false\" src=\"https:\/\/s.w.org\/images\/core\/emoji\/17.0.2\/svg\/1f50a.svg\" alt=\"\ud83d\udd0a\" \/>\u00a0<strong data-start=\"586\" data-end=\"597\">Format:<\/strong>\u00a0Video\/Action\/Comedy\/Superheld (MP4)<\/p>\n<p data-start=\"635\" data-end=\"784\"><img decoding=\"async\" class=\"emoji\" role=\"img\" draggable=\"false\" src=\"https:\/\/s.w.org\/images\/core\/emoji\/17.0.2\/svg\/2b07.svg\" alt=\"\u2b07\ufe0f\" \/>\u00a0Sofortiger Download f\u00fcr Handy<br data-start=\"667\" data-end=\"670\" \/><img decoding=\"async\" class=\"emoji\" role=\"img\" draggable=\"false\" src=\"https:\/\/s.w.org\/images\/core\/emoji\/17.0.2\/svg\/2b07.svg\" alt=\"\u2b07\ufe0f\" \/>\u00a0Sofortiger Download f\u00fcr PC<br data-start=\"699\" data-end=\"702\" \/><img decoding=\"async\" class=\"emoji\" role=\"img\" draggable=\"false\" src=\"https:\/\/s.w.org\/images\/core\/emoji\/17.0.2\/svg\/2b07.svg\" alt=\"\u2b07\ufe0f\" \/>\u00a0Sofortiger Download f\u00fcrs Tablet<br data-start=\"736\" data-end=\"739\" \/><img decoding=\"async\" class=\"emoji\" role=\"img\" draggable=\"false\" src=\"https:\/\/s.w.org\/images\/core\/emoji\/17.0.2\/svg\/2b07.svg\" alt=\"\u2b07\ufe0f\" \/>\u00a0Kompatibel mit allen MP4-f\u00e4higen Ger\u00e4ten<\/p>\n<p data-start=\"786\" data-end=\"844\" data-is-last-node=\"\" data-is-only-node=\"\"><strong data-start=\"786\" data-end=\"844\" data-is-last-node=\"\"><img decoding=\"async\" class=\"emoji\" role=\"img\" draggable=\"false\" src=\"https:\/\/s.w.org\/images\/core\/emoji\/17.0.2\/svg\/1f449.svg\" alt=\"\ud83d\udc49\" \/>\u00a0Einmal gekauft \u2013 jederzeit und unbegrenzt abrufbar!<\/strong><\/p>","protected":false},"excerpt":{"rendered":"<p>\u00a0Video Henry Danger \u2013 Der Film (2025) In\u00a0\u201eHenry Danger \u2013 Der Film (2025)\u201c\u00a0kehren Henry Hart und Captain Man f\u00fcr ein brandneues Abenteuer zur\u00fcck!Als ein m\u00e4chtiger neuer Superschurke auftaucht und Swellview bedroht, muss Henry erneut in seine Rolle als Kid Danger schl\u00fcpfen. Doch dieses Mal steht mehr auf dem Spiel als je zuvor:Die Stadt, seine Freunde [&hellip;]<\/p>\n","protected":false},"featured_media":3044,"comment_status":"open","ping_status":"closed","template":"","meta":[],"product_brand":[],"product_cat":[54,50],"product_tag":[],"class_list":{"0":"post-3031","1":"product","2":"type-product","3":"status-publish","4":"has-post-thumbnail","6":"product_cat-action","7":"product_cat-aktuelle-filme-2025","9":"first","10":"instock","11":"sale","12":"virtual","13":"purchasable","14":"product-type-simple"},"jetpack_sharing_enabled":true,"_links":{"self":[{"href":"https:\/\/audiobook-24.com\/en\/wp-json\/wp\/v2\/product\/3031","targetHints":{"allow":["GET"]}}],"collection":[{"href":"https:\/\/audiobook-24.com\/en\/wp-json\/wp\/v2\/product"}],"about":[{"href":"https:\/\/audiobook-24.com\/en\/wp-json\/wp\/v2\/types\/product"}],"replies":[{"embeddable":true,"href":"https:\/\/audiobook-24.com\/en\/wp-json\/wp\/v2\/comments?post=3031"}],"wp:featuredmedia":[{"embeddable":true,"href":"https:\/\/audiobook-24.com\/en\/wp-json\/wp\/v2\/media\/3044"}],"wp:attachment":[{"href":"https:\/\/audiobook-24.com\/en\/wp-json\/wp\/v2\/media?parent=3031"}],"wp:term":[{"taxonomy":"product_brand","embeddable":true,"href":"https:\/\/audiobook-24.com\/en\/wp-json\/wp\/v2\/product_brand?post=3031"},{"taxonomy":"product_cat","embeddable":true,"href":"https:\/\/audiobook-24.com\/en\/wp-json\/wp\/v2\/product_cat?post=3031"},{"taxonomy":"product_tag","embeddable":true,"href":"https:\/\/audiobook-24.com\/en\/wp-json\/wp\/v2\/product_tag?post=3031"}],"curies":[{"name":"wp","href":"https:\/\/api.w.org\/{rel}","templated":true}]}}