{"id":3025,"date":"2026-02-16T15:05:29","date_gmt":"2026-02-16T15:05:29","guid":{"rendered":"https:\/\/audiobook-24.com\/?post_type=product&#038;p=3025"},"modified":"2026-02-16T15:05:31","modified_gmt":"2026-02-16T15:05:31","slug":"%f0%9f%8e%ac-video-ice-road-2-vengeance-2025","status":"publish","type":"product","link":"https:\/\/audiobook-24.com\/en\/product\/%f0%9f%8e%ac-video-ice-road-2-vengeance-2025\/","title":{"rendered":"\ud83c\udfac Video Ice Road 2 \u2013 Vengeance (2025)"},"content":{"rendered":"<h2 data-start=\"0\" data-end=\"41\"><img decoding=\"async\" class=\"emoji\" role=\"img\" draggable=\"false\" src=\"https:\/\/s.w.org\/images\/core\/emoji\/17.0.2\/svg\/1f3ac.svg\" alt=\"\ud83c\udfac\" \/>\u00a0Video Ice Road 2 \u2013 Vengeance (2025)<\/h2>\n<p data-start=\"43\" data-end=\"500\">In\u00a0<strong data-start=\"46\" data-end=\"81\">\u201eIce Road 2 \u2013 Vengeance (2025)\u201c<\/strong>\u00a0kehrt der hartgesottene Trucker\u00a0<strong data-start=\"114\" data-end=\"129\">Mike McCann<\/strong>\u00a0zur\u00fcck \u2013 und diesmal ist der Kampf pers\u00f6nlicher denn je.<br data-start=\"186\" data-end=\"189\" \/>Als ein geliebter Mensch entf\u00fchrt wird, f\u00fchrt die Spur Mike in die eisigen, lebensfeindlichen Regionen des Himalaya. Dort muss er sich nicht nur gegen brutale S\u00f6ldner behaupten, sondern auch gegen die t\u00f6dlichen Naturgewalten:<br data-start=\"414\" data-end=\"417\" \/>Einst\u00fcrzende Eisstra\u00dfen, Lawinen, Gletscherspalten und unberechenbare Schneest\u00fcrme.<\/p>\n<p data-start=\"502\" data-end=\"750\">Was beginnt wie eine Rettungsmission, wird schnell zu einem gnadenlosen\u00a0<strong data-start=\"574\" data-end=\"621\">Kampf um Rache, Gerechtigkeit und \u00dcberleben<\/strong>.<br data-start=\"622\" data-end=\"625\" \/>Packende Action, klaustrophobische Spannung und eiskalte Nerven machen die Fortsetzung zu einem adrenalingeladenen Abenteuer.<\/p>\n<p data-start=\"752\" data-end=\"794\"><img decoding=\"async\" class=\"emoji\" role=\"img\" draggable=\"false\" src=\"https:\/\/s.w.org\/images\/core\/emoji\/17.0.2\/svg\/1f50a.svg\" alt=\"\ud83d\udd0a\" \/>\u00a0<strong data-start=\"755\" data-end=\"766\">Format:<\/strong>\u00a0Video\/Action\/Thriller (MP4)<\/p>\n<p data-start=\"796\" data-end=\"945\"><img decoding=\"async\" class=\"emoji\" role=\"img\" draggable=\"false\" src=\"https:\/\/s.w.org\/images\/core\/emoji\/17.0.2\/svg\/2b07.svg\" alt=\"\u2b07\ufe0f\" \/>\u00a0Sofortiger Download f\u00fcr Handy<br data-start=\"828\" data-end=\"831\" \/><img decoding=\"async\" class=\"emoji\" role=\"img\" draggable=\"false\" src=\"https:\/\/s.w.org\/images\/core\/emoji\/17.0.2\/svg\/2b07.svg\" alt=\"\u2b07\ufe0f\" \/>\u00a0Sofortiger Download f\u00fcr PC<br data-start=\"860\" data-end=\"863\" \/><img decoding=\"async\" class=\"emoji\" role=\"img\" draggable=\"false\" src=\"https:\/\/s.w.org\/images\/core\/emoji\/17.0.2\/svg\/2b07.svg\" alt=\"\u2b07\ufe0f\" \/>\u00a0Sofortiger Download f\u00fcrs Tablet<br data-start=\"897\" data-end=\"900\" \/><img decoding=\"async\" class=\"emoji\" role=\"img\" draggable=\"false\" src=\"https:\/\/s.w.org\/images\/core\/emoji\/17.0.2\/svg\/2b07.svg\" alt=\"\u2b07\ufe0f\" \/>\u00a0Kompatibel mit allen MP4-f\u00e4higen Ger\u00e4ten<\/p>\n<p data-start=\"947\" data-end=\"1005\" data-is-last-node=\"\" data-is-only-node=\"\"><strong data-start=\"947\" data-end=\"1005\" data-is-last-node=\"\"><img decoding=\"async\" class=\"emoji\" role=\"img\" draggable=\"false\" src=\"https:\/\/s.w.org\/images\/core\/emoji\/17.0.2\/svg\/1f449.svg\" alt=\"\ud83d\udc49\" \/>\u00a0Einmal gekauft \u2013 jederzeit und unbegrenzt abrufbar!<\/strong><\/p>","protected":false},"excerpt":{"rendered":"<p>\u00a0Video Ice Road 2 \u2013 Vengeance (2025) In\u00a0\u201eIce Road 2 \u2013 Vengeance (2025)\u201c\u00a0kehrt der hartgesottene Trucker\u00a0Mike McCann\u00a0zur\u00fcck \u2013 und diesmal ist der Kampf pers\u00f6nlicher denn je.Als ein geliebter Mensch entf\u00fchrt wird, f\u00fchrt die Spur Mike in die eisigen, lebensfeindlichen Regionen des Himalaya. Dort muss er sich nicht nur gegen brutale S\u00f6ldner behaupten, sondern auch gegen [&hellip;]<\/p>\n","protected":false},"featured_media":3030,"comment_status":"open","ping_status":"closed","template":"","meta":[],"product_brand":[],"product_cat":[54,50,55],"product_tag":[],"class_list":{"0":"post-3025","1":"product","2":"type-product","3":"status-publish","4":"has-post-thumbnail","6":"product_cat-action","7":"product_cat-aktuelle-filme-2025","8":"product_cat-thriller","10":"first","11":"instock","12":"sale","13":"virtual","14":"purchasable","15":"product-type-simple"},"jetpack_sharing_enabled":true,"_links":{"self":[{"href":"https:\/\/audiobook-24.com\/en\/wp-json\/wp\/v2\/product\/3025","targetHints":{"allow":["GET"]}}],"collection":[{"href":"https:\/\/audiobook-24.com\/en\/wp-json\/wp\/v2\/product"}],"about":[{"href":"https:\/\/audiobook-24.com\/en\/wp-json\/wp\/v2\/types\/product"}],"replies":[{"embeddable":true,"href":"https:\/\/audiobook-24.com\/en\/wp-json\/wp\/v2\/comments?post=3025"}],"wp:featuredmedia":[{"embeddable":true,"href":"https:\/\/audiobook-24.com\/en\/wp-json\/wp\/v2\/media\/3030"}],"wp:attachment":[{"href":"https:\/\/audiobook-24.com\/en\/wp-json\/wp\/v2\/media?parent=3025"}],"wp:term":[{"taxonomy":"product_brand","embeddable":true,"href":"https:\/\/audiobook-24.com\/en\/wp-json\/wp\/v2\/product_brand?post=3025"},{"taxonomy":"product_cat","embeddable":true,"href":"https:\/\/audiobook-24.com\/en\/wp-json\/wp\/v2\/product_cat?post=3025"},{"taxonomy":"product_tag","embeddable":true,"href":"https:\/\/audiobook-24.com\/en\/wp-json\/wp\/v2\/product_tag?post=3025"}],"curies":[{"name":"wp","href":"https:\/\/api.w.org\/{rel}","templated":true}]}}