{"id":3024,"date":"2026-02-16T15:02:13","date_gmt":"2026-02-16T15:02:13","guid":{"rendered":"https:\/\/audiobook-24.com\/?post_type=product&#038;p=3024"},"modified":"2026-02-16T15:02:13","modified_gmt":"2026-02-16T15:02:13","slug":"%f0%9f%8e%ac-video-jingle-bell-heist-der-grosse-weihnachtsraub-2025","status":"publish","type":"product","link":"https:\/\/audiobook-24.com\/en\/product\/%f0%9f%8e%ac-video-jingle-bell-heist-der-grosse-weihnachtsraub-2025\/","title":{"rendered":"\ud83c\udfac Video Jingle Bell Heist \u2013 Der gro\u00dfe Weihnachtsraub (2025)"},"content":{"rendered":"<h2 data-start=\"0\" data-end=\"63\"><img decoding=\"async\" class=\"emoji\" role=\"img\" draggable=\"false\" src=\"https:\/\/s.w.org\/images\/core\/emoji\/17.0.2\/svg\/1f3ac.svg\" alt=\"\ud83c\udfac\" \/>\u00a0Video Jingle Bell Heist \u2013 Der gro\u00dfe Weihnachtsraub (2025)<\/h2>\n<p data-start=\"65\" data-end=\"386\">In\u00a0<strong data-start=\"68\" data-end=\"125\">\u201eJingle Bell Heist \u2013 Der gro\u00dfe Weihnachtsraub (2025)\u201c<\/strong>\u00a0schmiedet eine chaotisch-liebenswerte Diebestruppe einen v\u00f6llig verr\u00fcckten Plan:<br data-start=\"206\" data-end=\"209\" \/>Sie wollen den\u00a0<em data-start=\"224\" data-end=\"261\">gr\u00f6\u00dften Weihnachtsraub aller Zeiten<\/em>\u00a0durchziehen \u2013 mitten im festlichen Trubel, zwischen blinkenden Lichtern, Weihnachtsm\u00e4rkten und \u00fcberf\u00fcllten Shopping-Centern.<\/p>\n<p data-start=\"388\" data-end=\"696\">Doch was als cleverer Coup beginnt, entwickelt sich schnell zu einem turbulenten Weihnachtschaos voller Missgeschicke, Verwechslungen und unerwarteter Wendungen.<br data-start=\"549\" data-end=\"552\" \/>Humor, Spannung und Weihnachtsmagie treffen aufeinander und machen den Film zu einer perfekten Mischung aus Heist-Action und festlicher Kom\u00f6die.<\/p>\n<p data-start=\"698\" data-end=\"749\"><img decoding=\"async\" class=\"emoji\" role=\"img\" draggable=\"false\" src=\"https:\/\/s.w.org\/images\/core\/emoji\/17.0.2\/svg\/1f50a.svg\" alt=\"\ud83d\udd0a\" \/>\u00a0<strong data-start=\"701\" data-end=\"712\">Format:<\/strong>\u00a0Video\/Weihnachts-Kom\u00f6die\/Heist (MP4)<\/p>\n<p data-start=\"751\" data-end=\"900\"><img decoding=\"async\" class=\"emoji\" role=\"img\" draggable=\"false\" src=\"https:\/\/s.w.org\/images\/core\/emoji\/17.0.2\/svg\/2b07.svg\" alt=\"\u2b07\ufe0f\" \/>\u00a0Sofortiger Download f\u00fcr Handy<br data-start=\"783\" data-end=\"786\" \/><img decoding=\"async\" class=\"emoji\" role=\"img\" draggable=\"false\" src=\"https:\/\/s.w.org\/images\/core\/emoji\/17.0.2\/svg\/2b07.svg\" alt=\"\u2b07\ufe0f\" \/>\u00a0Sofortiger Download f\u00fcr PC<br data-start=\"815\" data-end=\"818\" \/><img decoding=\"async\" class=\"emoji\" role=\"img\" draggable=\"false\" src=\"https:\/\/s.w.org\/images\/core\/emoji\/17.0.2\/svg\/2b07.svg\" alt=\"\u2b07\ufe0f\" \/>\u00a0Sofortiger Download f\u00fcrs Tablet<br data-start=\"852\" data-end=\"855\" \/><img decoding=\"async\" class=\"emoji\" role=\"img\" draggable=\"false\" src=\"https:\/\/s.w.org\/images\/core\/emoji\/17.0.2\/svg\/2b07.svg\" alt=\"\u2b07\ufe0f\" \/>\u00a0Kompatibel mit allen MP4-f\u00e4higen Ger\u00e4ten<\/p>\n<p data-start=\"902\" data-end=\"960\" data-is-last-node=\"\" data-is-only-node=\"\"><strong data-start=\"902\" data-end=\"960\" data-is-last-node=\"\"><img decoding=\"async\" class=\"emoji\" role=\"img\" draggable=\"false\" src=\"https:\/\/s.w.org\/images\/core\/emoji\/17.0.2\/svg\/1f449.svg\" alt=\"\ud83d\udc49\" \/>\u00a0Einmal gekauft \u2013 jederzeit und unbegrenzt abrufbar!<\/strong><\/p>","protected":false},"excerpt":{"rendered":"<p>\u00a0Video Jingle Bell Heist \u2013 Der gro\u00dfe Weihnachtsraub (2025) In\u00a0\u201eJingle Bell Heist \u2013 Der gro\u00dfe Weihnachtsraub (2025)\u201c\u00a0schmiedet eine chaotisch-liebenswerte Diebestruppe einen v\u00f6llig verr\u00fcckten Plan:Sie wollen den\u00a0gr\u00f6\u00dften Weihnachtsraub aller Zeiten\u00a0durchziehen \u2013 mitten im festlichen Trubel, zwischen blinkenden Lichtern, Weihnachtsm\u00e4rkten und \u00fcberf\u00fcllten Shopping-Centern. Doch was als cleverer Coup beginnt, entwickelt sich schnell zu einem turbulenten Weihnachtschaos voller [&hellip;]<\/p>\n","protected":false},"featured_media":3029,"comment_status":"open","ping_status":"closed","template":"","meta":[],"product_brand":[],"product_cat":[50],"product_tag":[],"class_list":{"0":"post-3024","1":"product","2":"type-product","3":"status-publish","4":"has-post-thumbnail","6":"product_cat-aktuelle-filme-2025","8":"first","9":"instock","10":"sale","11":"virtual","12":"purchasable","13":"product-type-simple"},"jetpack_sharing_enabled":true,"_links":{"self":[{"href":"https:\/\/audiobook-24.com\/en\/wp-json\/wp\/v2\/product\/3024","targetHints":{"allow":["GET"]}}],"collection":[{"href":"https:\/\/audiobook-24.com\/en\/wp-json\/wp\/v2\/product"}],"about":[{"href":"https:\/\/audiobook-24.com\/en\/wp-json\/wp\/v2\/types\/product"}],"replies":[{"embeddable":true,"href":"https:\/\/audiobook-24.com\/en\/wp-json\/wp\/v2\/comments?post=3024"}],"wp:featuredmedia":[{"embeddable":true,"href":"https:\/\/audiobook-24.com\/en\/wp-json\/wp\/v2\/media\/3029"}],"wp:attachment":[{"href":"https:\/\/audiobook-24.com\/en\/wp-json\/wp\/v2\/media?parent=3024"}],"wp:term":[{"taxonomy":"product_brand","embeddable":true,"href":"https:\/\/audiobook-24.com\/en\/wp-json\/wp\/v2\/product_brand?post=3024"},{"taxonomy":"product_cat","embeddable":true,"href":"https:\/\/audiobook-24.com\/en\/wp-json\/wp\/v2\/product_cat?post=3024"},{"taxonomy":"product_tag","embeddable":true,"href":"https:\/\/audiobook-24.com\/en\/wp-json\/wp\/v2\/product_tag?post=3024"}],"curies":[{"name":"wp","href":"https:\/\/api.w.org\/{rel}","templated":true}]}}