{"id":3004,"date":"2026-02-16T06:12:27","date_gmt":"2026-02-16T06:12:27","guid":{"rendered":"https:\/\/audiobook-24.com\/?post_type=product&#038;p=3004"},"modified":"2026-02-16T06:12:28","modified_gmt":"2026-02-16T06:12:28","slug":"%f0%9f%8e%ac-video-noise-hoerst-du-es-auch-2025","status":"publish","type":"product","link":"https:\/\/audiobook-24.com\/en\/product\/%f0%9f%8e%ac-video-noise-hoerst-du-es-auch-2025\/","title":{"rendered":"\ud83c\udfac Video Noise \u2013 H\u00f6rst du es auch (2025)"},"content":{"rendered":"<h2 data-start=\"0\" data-end=\"45\"><img decoding=\"async\" class=\"emoji\" role=\"img\" draggable=\"false\" src=\"https:\/\/s.w.org\/images\/core\/emoji\/17.0.2\/svg\/1f3ac.svg\" alt=\"\ud83c\udfac\" \/>\u00a0Video Noise \u2013 H\u00f6rst du es auch (2025)<\/h2>\n<p data-start=\"47\" data-end=\"347\">In\u00a0<strong data-start=\"50\" data-end=\"87\">\u201eNoise \u2013 H\u00f6rst du es auch (2025)\u201c<\/strong>\u00a0wird eine kleine Stadt von unheimlichen, mysteri\u00f6sen Ger\u00e4uschen heimgesucht, die niemand erkl\u00e4ren kann.<br data-start=\"191\" data-end=\"194\" \/>Als die Bewohner zunehmend paranoid werden und die Ger\u00e4usche eskalieren, muss eine Gruppe mutiger Protagonisten das R\u00e4tsel l\u00f6sen, bevor es zu sp\u00e4t ist.<\/p>\n<p data-start=\"349\" data-end=\"512\">Spannung, psychologischer Horror und \u00fcberraschende Wendungen machen diesen Thriller zu einem fesselnden Erlebnis f\u00fcr Fans von Mystery und \u00fcbernat\u00fcrlichem Grusel.<\/p>\n<p data-start=\"514\" data-end=\"558\"><img decoding=\"async\" class=\"emoji\" role=\"img\" draggable=\"false\" src=\"https:\/\/s.w.org\/images\/core\/emoji\/17.0.2\/svg\/1f50a.svg\" alt=\"\ud83d\udd0a\" \/>\u00a0<strong data-start=\"517\" data-end=\"528\">Format:<\/strong>\u00a0Video\/Horror\/Thriller (MP4)<\/p>\n<p data-start=\"560\" data-end=\"709\"><img decoding=\"async\" class=\"emoji\" role=\"img\" draggable=\"false\" src=\"https:\/\/s.w.org\/images\/core\/emoji\/17.0.2\/svg\/2b07.svg\" alt=\"\u2b07\ufe0f\" \/>\u00a0Sofortiger Download f\u00fcr Handy<br data-start=\"592\" data-end=\"595\" \/><img decoding=\"async\" class=\"emoji\" role=\"img\" draggable=\"false\" src=\"https:\/\/s.w.org\/images\/core\/emoji\/17.0.2\/svg\/2b07.svg\" alt=\"\u2b07\ufe0f\" \/>\u00a0Sofortiger Download f\u00fcr PC<br data-start=\"624\" data-end=\"627\" \/><img decoding=\"async\" class=\"emoji\" role=\"img\" draggable=\"false\" src=\"https:\/\/s.w.org\/images\/core\/emoji\/17.0.2\/svg\/2b07.svg\" alt=\"\u2b07\ufe0f\" \/>\u00a0Sofortiger Download f\u00fcrs Tablet<br data-start=\"661\" data-end=\"664\" \/><img decoding=\"async\" class=\"emoji\" role=\"img\" draggable=\"false\" src=\"https:\/\/s.w.org\/images\/core\/emoji\/17.0.2\/svg\/2b07.svg\" alt=\"\u2b07\ufe0f\" \/>\u00a0Kompatibel mit allen MP4-f\u00e4higen Ger\u00e4ten<\/p>\n<p data-start=\"711\" data-end=\"769\" data-is-last-node=\"\" data-is-only-node=\"\"><strong data-start=\"711\" data-end=\"769\" data-is-last-node=\"\"><img decoding=\"async\" class=\"emoji\" role=\"img\" draggable=\"false\" src=\"https:\/\/s.w.org\/images\/core\/emoji\/17.0.2\/svg\/1f449.svg\" alt=\"\ud83d\udc49\" \/>\u00a0Einmal gekauft \u2013 jederzeit und unbegrenzt abrufbar!<\/strong><\/p>","protected":false},"excerpt":{"rendered":"<p>\u00a0Video Noise \u2013 H\u00f6rst du es auch (2025) In\u00a0\u201eNoise \u2013 H\u00f6rst du es auch (2025)\u201c\u00a0wird eine kleine Stadt von unheimlichen, mysteri\u00f6sen Ger\u00e4uschen heimgesucht, die niemand erkl\u00e4ren kann.Als die Bewohner zunehmend paranoid werden und die Ger\u00e4usche eskalieren, muss eine Gruppe mutiger Protagonisten das R\u00e4tsel l\u00f6sen, bevor es zu sp\u00e4t ist. Spannung, psychologischer Horror und \u00fcberraschende Wendungen [&hellip;]<\/p>\n","protected":false},"featured_media":3013,"comment_status":"open","ping_status":"closed","template":"","meta":[],"product_brand":[],"product_cat":[50,56,55],"product_tag":[],"class_list":{"0":"post-3004","1":"product","2":"type-product","3":"status-publish","4":"has-post-thumbnail","6":"product_cat-aktuelle-filme-2025","7":"product_cat-grusel-horror","8":"product_cat-thriller","10":"first","11":"instock","12":"sale","13":"virtual","14":"purchasable","15":"product-type-simple"},"jetpack_sharing_enabled":true,"_links":{"self":[{"href":"https:\/\/audiobook-24.com\/en\/wp-json\/wp\/v2\/product\/3004","targetHints":{"allow":["GET"]}}],"collection":[{"href":"https:\/\/audiobook-24.com\/en\/wp-json\/wp\/v2\/product"}],"about":[{"href":"https:\/\/audiobook-24.com\/en\/wp-json\/wp\/v2\/types\/product"}],"replies":[{"embeddable":true,"href":"https:\/\/audiobook-24.com\/en\/wp-json\/wp\/v2\/comments?post=3004"}],"wp:featuredmedia":[{"embeddable":true,"href":"https:\/\/audiobook-24.com\/en\/wp-json\/wp\/v2\/media\/3013"}],"wp:attachment":[{"href":"https:\/\/audiobook-24.com\/en\/wp-json\/wp\/v2\/media?parent=3004"}],"wp:term":[{"taxonomy":"product_brand","embeddable":true,"href":"https:\/\/audiobook-24.com\/en\/wp-json\/wp\/v2\/product_brand?post=3004"},{"taxonomy":"product_cat","embeddable":true,"href":"https:\/\/audiobook-24.com\/en\/wp-json\/wp\/v2\/product_cat?post=3004"},{"taxonomy":"product_tag","embeddable":true,"href":"https:\/\/audiobook-24.com\/en\/wp-json\/wp\/v2\/product_tag?post=3004"}],"curies":[{"name":"wp","href":"https:\/\/api.w.org\/{rel}","templated":true}]}}