{"id":3003,"date":"2026-02-16T06:14:17","date_gmt":"2026-02-16T06:14:17","guid":{"rendered":"https:\/\/audiobook-24.com\/?post_type=product&#038;p=3003"},"modified":"2026-02-16T06:14:18","modified_gmt":"2026-02-16T06:14:18","slug":"%f0%9f%8e%ac-video-omniscient-reader-the-prophecy-2025","status":"publish","type":"product","link":"https:\/\/audiobook-24.com\/en\/product\/%f0%9f%8e%ac-video-omniscient-reader-the-prophecy-2025\/","title":{"rendered":"\ud83c\udfac Video Omniscient Reader \u2013 The Prophecy (2025)"},"content":{"rendered":"<h2 class=\"sr-only\"><strong><img decoding=\"async\" class=\"emoji\" role=\"img\" draggable=\"false\" src=\"https:\/\/s.w.org\/images\/core\/emoji\/17.0.2\/svg\/1f3ac.svg\" alt=\"\ud83c\udfac\" \/>\u00a0Video Omniscient Reader \u2013 The Prophecy (2025)<\/strong><\/h2>\n<div class=\"text-base my-auto mx-auto pb-10 [--thread-content-margin:--spacing(4)] @w-sm\/main:[--thread-content-margin:--spacing(6)] @w-lg\/main:[--thread-content-margin:--spacing(16)] px-(--thread-content-margin)\">\n<div class=\"[--thread-content-max-width:40rem] @w-lg\/main:[--thread-content-max-width:48rem] mx-auto max-w-(--thread-content-max-width) flex-1 group\/turn-messages focus-visible:outline-hidden relative flex w-full min-w-0 flex-col agent-turn\" tabindex=\"-1\">\n<div class=\"flex max-w-full flex-col grow\">\n<div class=\"min-h-8 text-message relative flex w-full flex-col items-end gap-2 text-start break-words whitespace-normal [.text-message+&amp;]:mt-1\" dir=\"auto\" data-message-author-role=\"assistant\" data-message-id=\"468fe688-8753-4fb8-bc69-837258647140\" data-message-model-slug=\"gpt-5-mini\">\n<div class=\"flex w-full flex-col gap-1 empty:hidden first:pt-[1px]\">\n<div class=\"markdown prose dark:prose-invert w-full break-words light markdown-new-styling\">\n<p data-start=\"55\" data-end=\"413\">In\u00a0<strong data-start=\"58\" data-end=\"103\">\u201eOmniscient Reader \u2013 The Prophecy (2025)\u201c<\/strong>\u00a0wird die Welt von unvorstellbaren Katastrophen und \u00fcbernat\u00fcrlichen Ereignissen ersch\u00fcttert, wie sie nur aus einem Buch bekannt sind.<br data-start=\"236\" data-end=\"239\" \/>Ein einzelner Leser erkennt, dass die Prophezeiungen seines Romans Realit\u00e4t werden \u2013 und er ist der Einzige, der die kommenden Ereignisse vorhersagen und beeinflussen kann.<\/p>\n<p data-start=\"415\" data-end=\"644\">Mit cleveren Wendungen, packender Action und dramatischen Enth\u00fcllungen k\u00e4mpft er darum, Schicksal, Chaos und das \u00dcberleben der Menschheit zu steuern. Ein episches Abenteuer voller Spannung, Strategie und \u00fcbernat\u00fcrlicher Kr\u00e4fte.<\/p>\n<p data-start=\"646\" data-end=\"689\"><img decoding=\"async\" class=\"emoji\" role=\"img\" draggable=\"false\" src=\"https:\/\/s.w.org\/images\/core\/emoji\/17.0.2\/svg\/1f50a.svg\" alt=\"\ud83d\udd0a\" \/>\u00a0<strong data-start=\"649\" data-end=\"660\">Format:<\/strong>\u00a0Video\/Action\/Fantasy (MP4)<\/p>\n<p data-start=\"691\" data-end=\"840\"><img decoding=\"async\" class=\"emoji\" role=\"img\" draggable=\"false\" src=\"https:\/\/s.w.org\/images\/core\/emoji\/17.0.2\/svg\/2b07.svg\" alt=\"\u2b07\ufe0f\" \/>\u00a0Sofortiger Download f\u00fcr Handy<br data-start=\"723\" data-end=\"726\" \/><img decoding=\"async\" class=\"emoji\" role=\"img\" draggable=\"false\" src=\"https:\/\/s.w.org\/images\/core\/emoji\/17.0.2\/svg\/2b07.svg\" alt=\"\u2b07\ufe0f\" \/>\u00a0Sofortiger Download f\u00fcr PC<br data-start=\"755\" data-end=\"758\" \/><img decoding=\"async\" class=\"emoji\" role=\"img\" draggable=\"false\" src=\"https:\/\/s.w.org\/images\/core\/emoji\/17.0.2\/svg\/2b07.svg\" alt=\"\u2b07\ufe0f\" \/>\u00a0Sofortiger Download f\u00fcrs Tablet<br data-start=\"792\" data-end=\"795\" \/><img decoding=\"async\" class=\"emoji\" role=\"img\" draggable=\"false\" src=\"https:\/\/s.w.org\/images\/core\/emoji\/17.0.2\/svg\/2b07.svg\" alt=\"\u2b07\ufe0f\" \/>\u00a0Kompatibel mit allen MP4-f\u00e4higen Ger\u00e4ten<\/p>\n<p data-start=\"842\" data-end=\"900\" data-is-last-node=\"\" data-is-only-node=\"\"><strong data-start=\"842\" data-end=\"900\" data-is-last-node=\"\"><img decoding=\"async\" class=\"emoji\" role=\"img\" draggable=\"false\" src=\"https:\/\/s.w.org\/images\/core\/emoji\/17.0.2\/svg\/1f449.svg\" alt=\"\ud83d\udc49\" \/>\u00a0Einmal gekauft \u2013 jederzeit und unbegrenzt abrufbar!<\/strong><\/p>\n<\/div>\n<\/div>\n<\/div>\n<\/div>\n<\/div>\n<\/div>\n","protected":false},"excerpt":{"rendered":"<p>\u00a0Video Omniscient Reader \u2013 The Prophecy (2025) In\u00a0\u201eOmniscient Reader \u2013 The Prophecy (2025)\u201c\u00a0wird die Welt von unvorstellbaren Katastrophen und \u00fcbernat\u00fcrlichen Ereignissen ersch\u00fcttert, wie sie nur aus einem Buch bekannt sind.Ein einzelner Leser erkennt, dass die Prophezeiungen seines Romans Realit\u00e4t werden \u2013 und er ist der Einzige, der die kommenden Ereignisse vorhersagen und beeinflussen kann. Mit [&hellip;]<\/p>\n","protected":false},"featured_media":3014,"comment_status":"open","ping_status":"closed","template":"","meta":[],"product_brand":[],"product_cat":[54,50,57],"product_tag":[],"class_list":{"0":"post-3003","1":"product","2":"type-product","3":"status-publish","4":"has-post-thumbnail","6":"product_cat-action","7":"product_cat-aktuelle-filme-2025","8":"product_cat-science-fiction","10":"first","11":"instock","12":"sale","13":"virtual","14":"purchasable","15":"product-type-simple"},"jetpack_sharing_enabled":true,"_links":{"self":[{"href":"https:\/\/audiobook-24.com\/en\/wp-json\/wp\/v2\/product\/3003","targetHints":{"allow":["GET"]}}],"collection":[{"href":"https:\/\/audiobook-24.com\/en\/wp-json\/wp\/v2\/product"}],"about":[{"href":"https:\/\/audiobook-24.com\/en\/wp-json\/wp\/v2\/types\/product"}],"replies":[{"embeddable":true,"href":"https:\/\/audiobook-24.com\/en\/wp-json\/wp\/v2\/comments?post=3003"}],"wp:featuredmedia":[{"embeddable":true,"href":"https:\/\/audiobook-24.com\/en\/wp-json\/wp\/v2\/media\/3014"}],"wp:attachment":[{"href":"https:\/\/audiobook-24.com\/en\/wp-json\/wp\/v2\/media?parent=3003"}],"wp:term":[{"taxonomy":"product_brand","embeddable":true,"href":"https:\/\/audiobook-24.com\/en\/wp-json\/wp\/v2\/product_brand?post=3003"},{"taxonomy":"product_cat","embeddable":true,"href":"https:\/\/audiobook-24.com\/en\/wp-json\/wp\/v2\/product_cat?post=3003"},{"taxonomy":"product_tag","embeddable":true,"href":"https:\/\/audiobook-24.com\/en\/wp-json\/wp\/v2\/product_tag?post=3003"}],"curies":[{"name":"wp","href":"https:\/\/api.w.org\/{rel}","templated":true}]}}