{"id":3002,"date":"2026-02-16T06:18:11","date_gmt":"2026-02-16T06:18:11","guid":{"rendered":"https:\/\/audiobook-24.com\/?post_type=product&#038;p=3002"},"modified":"2026-02-16T06:18:11","modified_gmt":"2026-02-16T06:18:11","slug":"%f0%9f%8e%ac-video-die-hand-an-der-wiege-2025","status":"publish","type":"product","link":"https:\/\/audiobook-24.com\/en\/product\/%f0%9f%8e%ac-video-die-hand-an-der-wiege-2025\/","title":{"rendered":"\ud83c\udfac Video Die Hand an der Wiege (2025)"},"content":{"rendered":"<h2 data-start=\"0\" data-end=\"42\"><img decoding=\"async\" class=\"emoji\" role=\"img\" draggable=\"false\" src=\"https:\/\/s.w.org\/images\/core\/emoji\/17.0.2\/svg\/1f3ac.svg\" alt=\"\ud83c\udfac\" \/>\u00a0Video Die Hand an der Wiege (2025)<\/h2>\n<p data-start=\"44\" data-end=\"358\">In\u00a0<strong data-start=\"47\" data-end=\"81\">\u201eDie Hand an der Wiege (2025)\u201c<\/strong>\u00a0wird eine scheinbar normale Familie von einer mysteri\u00f6sen und bedrohlichen Nanny heimgesucht.<br data-start=\"175\" data-end=\"178\" \/>Als sie nach und nach die Kontrolle \u00fcber das Haus und das Leben der Familie \u00fcbernimmt, beginnt ein nervenaufreibender Kampf um Vertrauen, Sicherheit und das \u00dcberleben der Kinder.<\/p>\n<p data-start=\"360\" data-end=\"495\">Spannung, psychologischer Horror und \u00fcberraschende Wendungen machen diesen Thriller zu einem fesselnden Erlebnis voller Nervenkitzel.<\/p>\n<p data-start=\"497\" data-end=\"541\"><img decoding=\"async\" class=\"emoji\" role=\"img\" draggable=\"false\" src=\"https:\/\/s.w.org\/images\/core\/emoji\/17.0.2\/svg\/1f50a.svg\" alt=\"\ud83d\udd0a\" \/>\u00a0<strong data-start=\"500\" data-end=\"511\">Format:<\/strong>\u00a0Video\/Thriller\/Horror (MP4)<\/p>\n<p data-start=\"543\" data-end=\"692\"><img decoding=\"async\" class=\"emoji\" role=\"img\" draggable=\"false\" src=\"https:\/\/s.w.org\/images\/core\/emoji\/17.0.2\/svg\/2b07.svg\" alt=\"\u2b07\ufe0f\" \/>\u00a0Sofortiger Download f\u00fcr Handy<br data-start=\"575\" data-end=\"578\" \/><img decoding=\"async\" class=\"emoji\" role=\"img\" draggable=\"false\" src=\"https:\/\/s.w.org\/images\/core\/emoji\/17.0.2\/svg\/2b07.svg\" alt=\"\u2b07\ufe0f\" \/>\u00a0Sofortiger Download f\u00fcr PC<br data-start=\"607\" data-end=\"610\" \/><img decoding=\"async\" class=\"emoji\" role=\"img\" draggable=\"false\" src=\"https:\/\/s.w.org\/images\/core\/emoji\/17.0.2\/svg\/2b07.svg\" alt=\"\u2b07\ufe0f\" \/>\u00a0Sofortiger Download f\u00fcrs Tablet<br data-start=\"644\" data-end=\"647\" \/><img decoding=\"async\" class=\"emoji\" role=\"img\" draggable=\"false\" src=\"https:\/\/s.w.org\/images\/core\/emoji\/17.0.2\/svg\/2b07.svg\" alt=\"\u2b07\ufe0f\" \/>\u00a0Kompatibel mit allen MP4-f\u00e4higen Ger\u00e4ten<\/p>\n<p data-start=\"694\" data-end=\"752\" data-is-last-node=\"\" data-is-only-node=\"\"><strong data-start=\"694\" data-end=\"752\" data-is-last-node=\"\"><img decoding=\"async\" class=\"emoji\" role=\"img\" draggable=\"false\" src=\"https:\/\/s.w.org\/images\/core\/emoji\/17.0.2\/svg\/1f449.svg\" alt=\"\ud83d\udc49\" \/>\u00a0Einmal gekauft \u2013 jederzeit und unbegrenzt abrufbar!<\/strong><\/p>","protected":false},"excerpt":{"rendered":"<p>\u00a0Video Die Hand an der Wiege (2025) In\u00a0\u201eDie Hand an der Wiege (2025)\u201c\u00a0wird eine scheinbar normale Familie von einer mysteri\u00f6sen und bedrohlichen Nanny heimgesucht.Als sie nach und nach die Kontrolle \u00fcber das Haus und das Leben der Familie \u00fcbernimmt, beginnt ein nervenaufreibender Kampf um Vertrauen, Sicherheit und das \u00dcberleben der Kinder. Spannung, psychologischer Horror und [&hellip;]<\/p>\n","protected":false},"featured_media":3015,"comment_status":"open","ping_status":"closed","template":"","meta":[],"product_brand":[],"product_cat":[50,56,55],"product_tag":[],"class_list":{"0":"post-3002","1":"product","2":"type-product","3":"status-publish","4":"has-post-thumbnail","6":"product_cat-aktuelle-filme-2025","7":"product_cat-grusel-horror","8":"product_cat-thriller","10":"first","11":"instock","12":"sale","13":"virtual","14":"purchasable","15":"product-type-simple"},"jetpack_sharing_enabled":true,"_links":{"self":[{"href":"https:\/\/audiobook-24.com\/en\/wp-json\/wp\/v2\/product\/3002","targetHints":{"allow":["GET"]}}],"collection":[{"href":"https:\/\/audiobook-24.com\/en\/wp-json\/wp\/v2\/product"}],"about":[{"href":"https:\/\/audiobook-24.com\/en\/wp-json\/wp\/v2\/types\/product"}],"replies":[{"embeddable":true,"href":"https:\/\/audiobook-24.com\/en\/wp-json\/wp\/v2\/comments?post=3002"}],"wp:featuredmedia":[{"embeddable":true,"href":"https:\/\/audiobook-24.com\/en\/wp-json\/wp\/v2\/media\/3015"}],"wp:attachment":[{"href":"https:\/\/audiobook-24.com\/en\/wp-json\/wp\/v2\/media?parent=3002"}],"wp:term":[{"taxonomy":"product_brand","embeddable":true,"href":"https:\/\/audiobook-24.com\/en\/wp-json\/wp\/v2\/product_brand?post=3002"},{"taxonomy":"product_cat","embeddable":true,"href":"https:\/\/audiobook-24.com\/en\/wp-json\/wp\/v2\/product_cat?post=3002"},{"taxonomy":"product_tag","embeddable":true,"href":"https:\/\/audiobook-24.com\/en\/wp-json\/wp\/v2\/product_tag?post=3002"}],"curies":[{"name":"wp","href":"https:\/\/api.w.org\/{rel}","templated":true}]}}