{"id":3001,"date":"2026-02-16T06:20:54","date_gmt":"2026-02-16T06:20:54","guid":{"rendered":"https:\/\/audiobook-24.com\/?post_type=product&#038;p=3001"},"modified":"2026-02-16T06:20:54","modified_gmt":"2026-02-16T06:20:54","slug":"%f0%9f%8e%ac-video-dracula-die-auferstehung-2025","status":"publish","type":"product","link":"https:\/\/audiobook-24.com\/en\/product\/%f0%9f%8e%ac-video-dracula-die-auferstehung-2025\/","title":{"rendered":"\ud83c\udfac Video Dracula \u2013 Die Auferstehung (2025)"},"content":{"rendered":"<h2 data-start=\"0\" data-end=\"47\"><img decoding=\"async\" class=\"emoji\" role=\"img\" draggable=\"false\" src=\"https:\/\/s.w.org\/images\/core\/emoji\/17.0.2\/svg\/1f3ac.svg\" alt=\"\ud83c\udfac\" \/>\u00a0Video Dracula \u2013 Die Auferstehung (2025)<\/h2>\n<p data-start=\"49\" data-end=\"351\">In\u00a0<strong data-start=\"52\" data-end=\"91\">\u201eDracula \u2013 Die Auferstehung (2025)\u201c<\/strong>\u00a0kehrt der legend\u00e4re Vampir zur\u00fcck, um Schrecken und Chaos \u00fcber die Menschheit zu bringen.<br data-start=\"181\" data-end=\"184\" \/>Als eine Gruppe mutiger Helden versucht, Draculas finstere Pl\u00e4ne zu stoppen, geraten sie in ein Netz aus dunklen M\u00e4chten, Blutritualen und unheimlichen Geheimnissen.<\/p>\n<p data-start=\"353\" data-end=\"519\">Spannung, Horror und d\u00fcstere Atmosph\u00e4re vereinen sich in einem packenden Thriller, der klassische Vampirlegenden mit moderner Action und Effekten neu interpretiert.<\/p>\n<p data-start=\"521\" data-end=\"565\"><img decoding=\"async\" class=\"emoji\" role=\"img\" draggable=\"false\" src=\"https:\/\/s.w.org\/images\/core\/emoji\/17.0.2\/svg\/1f50a.svg\" alt=\"\ud83d\udd0a\" \/>\u00a0<strong data-start=\"524\" data-end=\"535\">Format:<\/strong>\u00a0Video\/Horror\/Thriller (MP4)<\/p>\n<p data-start=\"567\" data-end=\"716\"><img decoding=\"async\" class=\"emoji\" role=\"img\" draggable=\"false\" src=\"https:\/\/s.w.org\/images\/core\/emoji\/17.0.2\/svg\/2b07.svg\" alt=\"\u2b07\ufe0f\" \/>\u00a0Sofortiger Download f\u00fcr Handy<br data-start=\"599\" data-end=\"602\" \/><img decoding=\"async\" class=\"emoji\" role=\"img\" draggable=\"false\" src=\"https:\/\/s.w.org\/images\/core\/emoji\/17.0.2\/svg\/2b07.svg\" alt=\"\u2b07\ufe0f\" \/>\u00a0Sofortiger Download f\u00fcr PC<br data-start=\"631\" data-end=\"634\" \/><img decoding=\"async\" class=\"emoji\" role=\"img\" draggable=\"false\" src=\"https:\/\/s.w.org\/images\/core\/emoji\/17.0.2\/svg\/2b07.svg\" alt=\"\u2b07\ufe0f\" \/>\u00a0Sofortiger Download f\u00fcrs Tablet<br data-start=\"668\" data-end=\"671\" \/><img decoding=\"async\" class=\"emoji\" role=\"img\" draggable=\"false\" src=\"https:\/\/s.w.org\/images\/core\/emoji\/17.0.2\/svg\/2b07.svg\" alt=\"\u2b07\ufe0f\" \/>\u00a0Kompatibel mit allen MP4-f\u00e4higen Ger\u00e4ten<\/p>\n<p data-start=\"718\" data-end=\"776\" data-is-last-node=\"\" data-is-only-node=\"\"><strong data-start=\"718\" data-end=\"776\" data-is-last-node=\"\"><img decoding=\"async\" class=\"emoji\" role=\"img\" draggable=\"false\" src=\"https:\/\/s.w.org\/images\/core\/emoji\/17.0.2\/svg\/1f449.svg\" alt=\"\ud83d\udc49\" \/>\u00a0Einmal gekauft \u2013 jederzeit und unbegrenzt abrufbar!<\/strong><\/p>","protected":false},"excerpt":{"rendered":"<p>\u00a0Video Dracula \u2013 Die Auferstehung (2025) In\u00a0\u201eDracula \u2013 Die Auferstehung (2025)\u201c\u00a0kehrt der legend\u00e4re Vampir zur\u00fcck, um Schrecken und Chaos \u00fcber die Menschheit zu bringen.Als eine Gruppe mutiger Helden versucht, Draculas finstere Pl\u00e4ne zu stoppen, geraten sie in ein Netz aus dunklen M\u00e4chten, Blutritualen und unheimlichen Geheimnissen. Spannung, Horror und d\u00fcstere Atmosph\u00e4re vereinen sich in einem [&hellip;]<\/p>\n","protected":false},"featured_media":3016,"comment_status":"open","ping_status":"closed","template":"","meta":[],"product_brand":[],"product_cat":[50,56,55],"product_tag":[],"class_list":{"0":"post-3001","1":"product","2":"type-product","3":"status-publish","4":"has-post-thumbnail","6":"product_cat-aktuelle-filme-2025","7":"product_cat-grusel-horror","8":"product_cat-thriller","10":"first","11":"instock","12":"sale","13":"virtual","14":"purchasable","15":"product-type-simple"},"jetpack_sharing_enabled":true,"_links":{"self":[{"href":"https:\/\/audiobook-24.com\/en\/wp-json\/wp\/v2\/product\/3001","targetHints":{"allow":["GET"]}}],"collection":[{"href":"https:\/\/audiobook-24.com\/en\/wp-json\/wp\/v2\/product"}],"about":[{"href":"https:\/\/audiobook-24.com\/en\/wp-json\/wp\/v2\/types\/product"}],"replies":[{"embeddable":true,"href":"https:\/\/audiobook-24.com\/en\/wp-json\/wp\/v2\/comments?post=3001"}],"wp:featuredmedia":[{"embeddable":true,"href":"https:\/\/audiobook-24.com\/en\/wp-json\/wp\/v2\/media\/3016"}],"wp:attachment":[{"href":"https:\/\/audiobook-24.com\/en\/wp-json\/wp\/v2\/media?parent=3001"}],"wp:term":[{"taxonomy":"product_brand","embeddable":true,"href":"https:\/\/audiobook-24.com\/en\/wp-json\/wp\/v2\/product_brand?post=3001"},{"taxonomy":"product_cat","embeddable":true,"href":"https:\/\/audiobook-24.com\/en\/wp-json\/wp\/v2\/product_cat?post=3001"},{"taxonomy":"product_tag","embeddable":true,"href":"https:\/\/audiobook-24.com\/en\/wp-json\/wp\/v2\/product_tag?post=3001"}],"curies":[{"name":"wp","href":"https:\/\/api.w.org\/{rel}","templated":true}]}}