{"id":3000,"date":"2026-02-16T06:23:27","date_gmt":"2026-02-16T06:23:27","guid":{"rendered":"https:\/\/audiobook-24.com\/?post_type=product&#038;p=3000"},"modified":"2026-02-16T06:23:28","modified_gmt":"2026-02-16T06:23:28","slug":"%f0%9f%8e%ac-video-frankenstein-2025","status":"publish","type":"product","link":"https:\/\/audiobook-24.com\/en\/product\/%f0%9f%8e%ac-video-frankenstein-2025\/","title":{"rendered":"\ud83c\udfac Video Frankenstein (2025)"},"content":{"rendered":"<h2 data-start=\"0\" data-end=\"33\"><img decoding=\"async\" class=\"emoji\" role=\"img\" draggable=\"false\" src=\"https:\/\/s.w.org\/images\/core\/emoji\/17.0.2\/svg\/1f3ac.svg\" alt=\"\ud83c\udfac\" \/>\u00a0Video Frankenstein (2025)<\/h2>\n<p data-start=\"35\" data-end=\"280\">In\u00a0<strong data-start=\"38\" data-end=\"63\">\u201eFrankenstein (2025)\u201c<\/strong>\u00a0wird die klassische Geschichte des ber\u00fchmten Wissenschaftlers neu interpretiert: Dr. Frankenstein erschafft erneut ein Wesen aus Leichenteilen, doch dieses Mal mit modernen Methoden und gef\u00e4hrlicheren Konsequenzen.<\/p>\n<p data-start=\"282\" data-end=\"532\">Als das Monster sich seiner eigenen Existenz bewusst wird, entbrennt ein Kampf zwischen Sch\u00f6pfer und Gesch\u00f6pf, Moral und Wissenschaft. Spannung, d\u00fcstere Atmosph\u00e4re und dramatische Wendungen machen diesen Horror-Thriller zu einem modernen Klassiker.<\/p>\n<p data-start=\"534\" data-end=\"578\"><img decoding=\"async\" class=\"emoji\" role=\"img\" draggable=\"false\" src=\"https:\/\/s.w.org\/images\/core\/emoji\/17.0.2\/svg\/1f50a.svg\" alt=\"\ud83d\udd0a\" \/>\u00a0<strong data-start=\"537\" data-end=\"548\">Format:<\/strong>\u00a0Video\/Horror\/Thriller (MP4)<\/p>\n<p data-start=\"580\" data-end=\"729\"><img decoding=\"async\" class=\"emoji\" role=\"img\" draggable=\"false\" src=\"https:\/\/s.w.org\/images\/core\/emoji\/17.0.2\/svg\/2b07.svg\" alt=\"\u2b07\ufe0f\" \/>\u00a0Sofortiger Download f\u00fcr Handy<br data-start=\"612\" data-end=\"615\" \/><img decoding=\"async\" class=\"emoji\" role=\"img\" draggable=\"false\" src=\"https:\/\/s.w.org\/images\/core\/emoji\/17.0.2\/svg\/2b07.svg\" alt=\"\u2b07\ufe0f\" \/>\u00a0Sofortiger Download f\u00fcr PC<br data-start=\"644\" data-end=\"647\" \/><img decoding=\"async\" class=\"emoji\" role=\"img\" draggable=\"false\" src=\"https:\/\/s.w.org\/images\/core\/emoji\/17.0.2\/svg\/2b07.svg\" alt=\"\u2b07\ufe0f\" \/>\u00a0Sofortiger Download f\u00fcrs Tablet<br data-start=\"681\" data-end=\"684\" \/><img decoding=\"async\" class=\"emoji\" role=\"img\" draggable=\"false\" src=\"https:\/\/s.w.org\/images\/core\/emoji\/17.0.2\/svg\/2b07.svg\" alt=\"\u2b07\ufe0f\" \/>\u00a0Kompatibel mit allen MP4-f\u00e4higen Ger\u00e4ten<\/p>\n<p data-start=\"731\" data-end=\"789\" data-is-last-node=\"\" data-is-only-node=\"\"><strong data-start=\"731\" data-end=\"789\" data-is-last-node=\"\"><img decoding=\"async\" class=\"emoji\" role=\"img\" draggable=\"false\" src=\"https:\/\/s.w.org\/images\/core\/emoji\/17.0.2\/svg\/1f449.svg\" alt=\"\ud83d\udc49\" \/>\u00a0Einmal gekauft \u2013 jederzeit und unbegrenzt abrufbar!<\/strong><\/p>","protected":false},"excerpt":{"rendered":"<p>\u00a0Video Frankenstein (2025) In\u00a0\u201eFrankenstein (2025)\u201c\u00a0wird die klassische Geschichte des ber\u00fchmten Wissenschaftlers neu interpretiert: Dr. Frankenstein erschafft erneut ein Wesen aus Leichenteilen, doch dieses Mal mit modernen Methoden und gef\u00e4hrlicheren Konsequenzen. Als das Monster sich seiner eigenen Existenz bewusst wird, entbrennt ein Kampf zwischen Sch\u00f6pfer und Gesch\u00f6pf, Moral und Wissenschaft. Spannung, d\u00fcstere Atmosph\u00e4re und dramatische Wendungen [&hellip;]<\/p>\n","protected":false},"featured_media":3017,"comment_status":"open","ping_status":"closed","template":"","meta":[],"product_brand":[],"product_cat":[50,56,55],"product_tag":[],"class_list":{"0":"post-3000","1":"product","2":"type-product","3":"status-publish","4":"has-post-thumbnail","6":"product_cat-aktuelle-filme-2025","7":"product_cat-grusel-horror","8":"product_cat-thriller","10":"first","11":"instock","12":"sale","13":"virtual","14":"purchasable","15":"product-type-simple"},"jetpack_sharing_enabled":true,"_links":{"self":[{"href":"https:\/\/audiobook-24.com\/en\/wp-json\/wp\/v2\/product\/3000","targetHints":{"allow":["GET"]}}],"collection":[{"href":"https:\/\/audiobook-24.com\/en\/wp-json\/wp\/v2\/product"}],"about":[{"href":"https:\/\/audiobook-24.com\/en\/wp-json\/wp\/v2\/types\/product"}],"replies":[{"embeddable":true,"href":"https:\/\/audiobook-24.com\/en\/wp-json\/wp\/v2\/comments?post=3000"}],"wp:featuredmedia":[{"embeddable":true,"href":"https:\/\/audiobook-24.com\/en\/wp-json\/wp\/v2\/media\/3017"}],"wp:attachment":[{"href":"https:\/\/audiobook-24.com\/en\/wp-json\/wp\/v2\/media?parent=3000"}],"wp:term":[{"taxonomy":"product_brand","embeddable":true,"href":"https:\/\/audiobook-24.com\/en\/wp-json\/wp\/v2\/product_brand?post=3000"},{"taxonomy":"product_cat","embeddable":true,"href":"https:\/\/audiobook-24.com\/en\/wp-json\/wp\/v2\/product_cat?post=3000"},{"taxonomy":"product_tag","embeddable":true,"href":"https:\/\/audiobook-24.com\/en\/wp-json\/wp\/v2\/product_tag?post=3000"}],"curies":[{"name":"wp","href":"https:\/\/api.w.org\/{rel}","templated":true}]}}