{"id":2999,"date":"2026-02-16T06:24:59","date_gmt":"2026-02-16T06:24:59","guid":{"rendered":"https:\/\/audiobook-24.com\/?post_type=product&#038;p=2999"},"modified":"2026-02-16T06:24:59","modified_gmt":"2026-02-16T06:24:59","slug":"%f0%9f%8e%ac-video-flight-risk-2025","status":"publish","type":"product","link":"https:\/\/audiobook-24.com\/en\/product\/%f0%9f%8e%ac-video-flight-risk-2025\/","title":{"rendered":"\ud83c\udfac Video Flight Risk (2025)"},"content":{"rendered":"<h2 data-start=\"0\" data-end=\"32\"><img decoding=\"async\" class=\"emoji\" role=\"img\" draggable=\"false\" src=\"https:\/\/s.w.org\/images\/core\/emoji\/17.0.2\/svg\/1f3ac.svg\" alt=\"\ud83c\udfac\" \/>\u00a0Video Flight Risk (2025)<\/h2>\n<p data-start=\"34\" data-end=\"338\">In\u00a0<strong data-start=\"37\" data-end=\"61\">\u201eFlight Risk (2025)\u201c<\/strong>\u00a0ger\u00e4t ein gew\u00f6hnlicher Flug in einen Albtraum, als ein Passagier inmitten des Flugs eine t\u00f6dliche Bedrohung darstellt.<br data-start=\"180\" data-end=\"183\" \/>Piloten, Crew und Passagiere m\u00fcssen schnell handeln, um das Flugzeug zu retten, w\u00e4hrend Spannung, Gefahr und Nervenkitzel auf h\u00f6chstem Niveau eskalieren.<\/p>\n<p data-start=\"340\" data-end=\"451\">Ein actionreicher Thriller voller \u00fcberraschender Wendungen, intensiver Situationen und packender Flug-Action.<\/p>\n<p data-start=\"453\" data-end=\"497\"><img decoding=\"async\" class=\"emoji\" role=\"img\" draggable=\"false\" src=\"https:\/\/s.w.org\/images\/core\/emoji\/17.0.2\/svg\/1f50a.svg\" alt=\"\ud83d\udd0a\" \/>\u00a0<strong data-start=\"456\" data-end=\"467\">Format:<\/strong>\u00a0Video\/Action\/Thriller (MP4)<\/p>\n<p data-start=\"499\" data-end=\"648\"><img decoding=\"async\" class=\"emoji\" role=\"img\" draggable=\"false\" src=\"https:\/\/s.w.org\/images\/core\/emoji\/17.0.2\/svg\/2b07.svg\" alt=\"\u2b07\ufe0f\" \/>\u00a0Sofortiger Download f\u00fcr Handy<br data-start=\"531\" data-end=\"534\" \/><img decoding=\"async\" class=\"emoji\" role=\"img\" draggable=\"false\" src=\"https:\/\/s.w.org\/images\/core\/emoji\/17.0.2\/svg\/2b07.svg\" alt=\"\u2b07\ufe0f\" \/>\u00a0Sofortiger Download f\u00fcr PC<br data-start=\"563\" data-end=\"566\" \/><img decoding=\"async\" class=\"emoji\" role=\"img\" draggable=\"false\" src=\"https:\/\/s.w.org\/images\/core\/emoji\/17.0.2\/svg\/2b07.svg\" alt=\"\u2b07\ufe0f\" \/>\u00a0Sofortiger Download f\u00fcrs Tablet<br data-start=\"600\" data-end=\"603\" \/><img decoding=\"async\" class=\"emoji\" role=\"img\" draggable=\"false\" src=\"https:\/\/s.w.org\/images\/core\/emoji\/17.0.2\/svg\/2b07.svg\" alt=\"\u2b07\ufe0f\" \/>\u00a0Kompatibel mit allen MP4-f\u00e4higen Ger\u00e4ten<\/p>\n<p data-start=\"650\" data-end=\"708\" data-is-last-node=\"\" data-is-only-node=\"\"><strong data-start=\"650\" data-end=\"708\" data-is-last-node=\"\"><img decoding=\"async\" class=\"emoji\" role=\"img\" draggable=\"false\" src=\"https:\/\/s.w.org\/images\/core\/emoji\/17.0.2\/svg\/1f449.svg\" alt=\"\ud83d\udc49\" \/>\u00a0Einmal gekauft \u2013 jederzeit und unbegrenzt abrufbar!<\/strong><\/p>","protected":false},"excerpt":{"rendered":"<p>\u00a0Video Flight Risk (2025) In\u00a0\u201eFlight Risk (2025)\u201c\u00a0ger\u00e4t ein gew\u00f6hnlicher Flug in einen Albtraum, als ein Passagier inmitten des Flugs eine t\u00f6dliche Bedrohung darstellt.Piloten, Crew und Passagiere m\u00fcssen schnell handeln, um das Flugzeug zu retten, w\u00e4hrend Spannung, Gefahr und Nervenkitzel auf h\u00f6chstem Niveau eskalieren. Ein actionreicher Thriller voller \u00fcberraschender Wendungen, intensiver Situationen und packender Flug-Action. \u00a0Format:\u00a0Video\/Action\/Thriller [&hellip;]<\/p>\n","protected":false},"featured_media":3018,"comment_status":"open","ping_status":"closed","template":"","meta":[],"product_brand":[],"product_cat":[54,50,55],"product_tag":[],"class_list":{"0":"post-2999","1":"product","2":"type-product","3":"status-publish","4":"has-post-thumbnail","6":"product_cat-action","7":"product_cat-aktuelle-filme-2025","8":"product_cat-thriller","10":"first","11":"instock","12":"shipping-taxable","13":"product-type-simple"},"jetpack_sharing_enabled":true,"_links":{"self":[{"href":"https:\/\/audiobook-24.com\/en\/wp-json\/wp\/v2\/product\/2999","targetHints":{"allow":["GET"]}}],"collection":[{"href":"https:\/\/audiobook-24.com\/en\/wp-json\/wp\/v2\/product"}],"about":[{"href":"https:\/\/audiobook-24.com\/en\/wp-json\/wp\/v2\/types\/product"}],"replies":[{"embeddable":true,"href":"https:\/\/audiobook-24.com\/en\/wp-json\/wp\/v2\/comments?post=2999"}],"wp:featuredmedia":[{"embeddable":true,"href":"https:\/\/audiobook-24.com\/en\/wp-json\/wp\/v2\/media\/3018"}],"wp:attachment":[{"href":"https:\/\/audiobook-24.com\/en\/wp-json\/wp\/v2\/media?parent=2999"}],"wp:term":[{"taxonomy":"product_brand","embeddable":true,"href":"https:\/\/audiobook-24.com\/en\/wp-json\/wp\/v2\/product_brand?post=2999"},{"taxonomy":"product_cat","embeddable":true,"href":"https:\/\/audiobook-24.com\/en\/wp-json\/wp\/v2\/product_cat?post=2999"},{"taxonomy":"product_tag","embeddable":true,"href":"https:\/\/audiobook-24.com\/en\/wp-json\/wp\/v2\/product_tag?post=2999"}],"curies":[{"name":"wp","href":"https:\/\/api.w.org\/{rel}","templated":true}]}}